{"id":36134,"date":"2021-07-09T10:19:35","date_gmt":"2021-07-09T09:19:35","guid":{"rendered":"https:\/\/ozonetech.com\/?page_id=36134"},"modified":"2024-10-10T11:21:36","modified_gmt":"2024-10-10T09:21:36","slug":"rena-tellus-massgeschneiderte-ozonsysteme","status":"publish","type":"page","link":"https:\/\/ozonetech.com\/de\/systeme-dienstleistungen\/wasseraufbereitung\/rena-tellus-massgeschneiderte-ozonsysteme\/","title":{"rendered":"RENA Tellus &#8211; Ma\u00dfgeschneiderte Ozonsysteme"},"content":{"rendered":"\n<section\n    class=\"block hero hero--regular\"\n    style=\"background-image: url('https:\/\/ozonetech.com\/wp-content\/uploads\/2021\/03\/rena-tellus-1600x484.jpg'); --hero-opacity: 0.3\"\n>\n\n    <div class=\"container-fluid\">\n\n        <div class=\"content editor_content\">\n                         \n                <h2 class='h2'>RENA Tellus &#8211; Ma\u00dfgeschneiderte Ozonsysteme<\/h2>            \n                    <\/div>\n\n            <\/div>\n<\/section>\n\n\n<section class=\"component component_breadcrumbs\">\n\t<div class=\"container-fluid\">\n  \t<\/div>\n<\/section>\n\n\n\n\n\n\n\n\n<section\n    id=\"\"\n    class=\"block content-block\"\n\tstyle=\"--cb-bg: white; --cb-content: #000; padding-top: 30px; padding-bottom: 30px;\"\n>\n    \n\n<div class=\"container-fluid editor_content content content--narrow\">\n    <div class=\"row\">\n        <div class=\"col-12 editor_content\">\n            <h1 style=\"text-align: left;\">RENA Tellus ist ein schl\u00fcsselfertiges, ma\u00dfgefertigtes Ozonbehandlungssystem mit einer gro\u00dfen Kapazit\u00e4t<\/h1>\n<h3>Einf\u00fchrung des RENA Tellus<\/h3>\n<p class=\"preamble\">Ozonetech f\u00fchrt das Segment RENA Tellus ein &#8211; ma\u00dfgeschneiderte Ozonbehandlungssysteme f\u00fcr Gro\u00dfanlagen. Zus\u00e4tzlich zu unseren Ozon- und Ozon-AOP-Systemen RENA Vivo und Vitro entwickelt Ozonetech kundenspezifische Ozonbehandlungssysteme f\u00fcr gro\u00dfe Mengen.<\/p>\n<p>Das Tellus-Segment ist an die spezifischen Bed\u00fcrfnisse und Anforderungen unserer Kunden angepasst. RENA Tellus-Systeme werden typischerweise auf der Grundlage unserer Pilotprojekte f\u00fcr Industrieabw\u00e4sser konzipiert, unserer Beratungsleistungen zur Ermittlung der spezifischen Reinigungsbed\u00fcrfnisse unserer Kunden. Siehe Bild unten.<\/p>\n<p>Siehe Abbildung unten:<\/p>\n<p><img loading=\"lazy\" decoding=\"async\" class=\"aligncenter wp-image-22706 size-large\" src=\"https:\/\/ozonetech.com\/wp-content\/uploads\/2021\/03\/rena-tellus-ozonetech-1024x621.jpg\" alt=\"Ozonetech RENA Tellus Ozone System\" width=\"1024\" height=\"621\" srcset=\"https:\/\/ozonetech.com\/wp-content\/uploads\/2021\/03\/rena-tellus-ozonetech-1024x621.jpg 1024w, https:\/\/ozonetech.com\/wp-content\/uploads\/2021\/03\/rena-tellus-ozonetech-300x182.jpg 300w, https:\/\/ozonetech.com\/wp-content\/uploads\/2021\/03\/rena-tellus-ozonetech-768x465.jpg 768w, https:\/\/ozonetech.com\/wp-content\/uploads\/2021\/03\/rena-tellus-ozonetech.jpg 1500w\" sizes=\"auto, (max-width: 1024px) 100vw, 1024px\" \/><\/p>\n<p>Die Kapazit\u00e4t des RENA Tellus-Segments deckt ein breites Spektrum an Behandlungsanforderungen ab, typischerweise 1-500 m<sup>3<\/sup>\/Tag mit unterschiedlichen Abwasser-CSB- und BSB-Konzentrationen von bis zu 1000-2000 mg\/L. Wir entwickeln unsere Produkte auch so, dass andere kritische Parameter wie Tr\u00fcbung, TOC und spezifische Substanzen und Mikroverunreinigungen entfernt oder reduziert werden.<\/p>\n<p>Unsere kundenspezifischen Designs beinhalten immer wichtige Ergebnisse, um eine Behandlung mit h\u00f6chstm\u00f6glicher Effizienz zu erreichen. Dazu geh\u00f6ren ein hochkonzentriertes Sauerstoffversorgungssystem, kompakte, wassergek\u00fchlte Hochleistungs-Ozongeneratoren, Ozoneinspritzmechanismen und modernste Steuerungen f\u00fcr eine vollst\u00e4ndige Leistungs\u00fcberwachung und -status. Wir liefern auch ma\u00dfgeschneiderte Reaktions- und Kontaktbeh\u00e4lter, um eine einwandfreie Reaktionskinetik basierend auf den Eigenschaften der behandelten Abwasserstr\u00f6me zu erm\u00f6glichen. Jedes System kann f\u00fcr die Online-Messung von gel\u00f6stem Ozon, pH-Wert, Temperatur und Oxidationspotenzial ausgelegt werden.<\/p>\n        <\/div>\n    <\/div>\n<\/div>\n\n\n<div class=\"container-fluid editor_content content content--narrow\">\n    <div class=\"row\">\n        <div class=\"col-md-6\">\n            <h4>RENA Tellus X<\/h4>\n<p>Die X-Serie des Tellus-Segments charakterisiert unsere Systeme auf Ozonbasis als Hauptbehandlungsmittel. Das bedeutet, dass Ozon die wichtigste Technologie ist, f\u00fcr die die Systeme entwickelt wurden und die den gr\u00f6\u00dften Teil oder die gesamte Reduzierung der lebenswichtigen messbaren Behandlungswerte liefert.<\/p>\n        <\/div>\n        <div class=\"col-md-6\">\n            <h4>RENA Tellus Y<\/h4>\n<p>Die Y-Serie basiert auf unserem einzigartigen katalytischen Advanced Oxidation Process (AOP). Ozon ist nach wie vor die Grundlage f\u00fcr diese hochwirksame Behandlungsmethode, die jedoch im gro\u00dfen industriellen Ma\u00dfstab entwickelt wurde. RENA Tellus Y ist unser ma\u00dfgeschneidertes System, das auf dem Segment RENA Vitro basiert.<\/p>\n        <\/div>\n    <\/div>\n<\/div><\/section>\n\n\n\n\n\n\n<section\n    id=\"\"\n    class=\"block content-block\"\n\tstyle=\"--cb-bg: white; --cb-content: #000; padding-top: 30px; padding-bottom: 30px;\"\n>\n    \n\n<div class=\"container-fluid editor_content content content--narrow\">\n    <div class=\"row\">\n        <div class=\"col-12 editor_content\">\n            <h3>\u00dcbersicht \u00fcber Merkmale und Leistungen<\/h3>\n<p>Die folgende Tabelle unterscheidet und verdeutlicht die wesentlichen Merkmale unseres Tellus-Segments.<\/p>\n<p style=\"text-align: left;\"><em>Wichtigste Merkmale der RENA Tellus X- und Y-Serie.<\/em><\/p>\n        <\/div>\n    <\/div>\n<\/div>\n\n<div class=\"container-fluid editor_content\">\n    <div class=\"row\">\n        <div class=\"col-12 editor_content table-wrapper \" style=\"--table-text-color-header: #FFFFFF; --table-text-color-rows: #000000; --table-background-color-header: #5f5f5f; --table-background-color-rows-even: #efefef; --table-background-color-rows-odd: #dfdfdf; \">\n                            \n<table id=\"tablepress-37\" class=\"tablepress tablepress-id-37\" aria-describedby=\"tablepress-37-description\">\n<thead>\n<tr class=\"row-1\">\n\t<th class=\"column-1\">Merkmal<\/th><th class=\"column-2\">X-serie<\/th><th class=\"column-3\">Y-serie<\/th>\n<\/tr>\n<\/thead>\n<tbody class=\"row-striping\">\n<tr class=\"row-2\">\n\t<td class=\"column-1\">Prim\u00e4rbehandlungstechnologie<\/td><td class=\"column-2\">Ozon<\/td><td class=\"column-3\">Ozon-AOP (Advanced Oxidation Process)<\/td>\n<\/tr>\n<tr class=\"row-3\">\n\t<td class=\"column-1\">Pollutant concentration (CSB)<\/td><td class=\"column-2\">4000 mg\/L<\/td><td class=\"column-3\">8000 mg\/L<\/td>\n<\/tr>\n<tr class=\"row-4\">\n\t<td class=\"column-1\">Reaktions- und Pufferbeh\u00e4lter<\/td><td class=\"column-2\">3-40 m<sup>3<\/sup><\/td><td class=\"column-3\">3-20 m<sup>3<\/sup><\/td>\n<\/tr>\n<tr class=\"row-5\">\n\t<td class=\"column-1\">Katalytische Behandlung<\/td><td class=\"column-2\">Nein<\/td><td class=\"column-3\">Ja<\/td>\n<\/tr>\n<tr class=\"row-6\">\n\t<td class=\"column-1\">Sauerstoffversorgungssystem<\/td><td class=\"column-2\">Immer<\/td><td class=\"column-3\">Immer<\/td>\n<\/tr>\n<tr class=\"row-7\">\n\t<td class=\"column-1\">Prozesssteuerung mit Human-Machine-Interface<\/td><td class=\"column-2\">Immer<\/td><td class=\"column-3\">Immer<\/td>\n<\/tr>\n<tr class=\"row-8\">\n\t<td class=\"column-1\">Vor- und Nachbehandlungsverfahren (falls erforderlich)<\/td><td class=\"column-2\">pH-Anpassung, F\u00e4llung<\/td><td class=\"column-3\">UV, Kohlefilter, pH-Anpassung, katalytische Reaktion, F\u00e4llung<\/td>\n<\/tr>\n<tr class=\"row-9\">\n\t<td class=\"column-1\">Schaumsammelsystem<\/td><td class=\"column-2\">Bei Bedarf<\/td><td class=\"column-3\">Ja<\/td>\n<\/tr>\n<tr class=\"row-10\">\n\t<td class=\"column-1\">Verbindungen zu externem SCADA<\/td><td class=\"column-2\">Ja<\/td><td class=\"column-3\">Ja<\/td>\n<\/tr>\n<tr class=\"row-11\">\n\t<td class=\"column-1\">Ozoneinspritzmechanismus<\/td><td class=\"column-2\">Immer<\/td><td class=\"column-3\">Immer<\/td>\n<\/tr>\n<tr class=\"row-12\">\n\t<td class=\"column-1\">Integriertes K\u00fchlsystem<\/td><td class=\"column-2\">Ja<\/td><td class=\"column-3\">Ja<\/td>\n<\/tr>\n<tr class=\"row-13\">\n\t<td class=\"column-1\">Integrierte Luftkompressoren<\/td><td class=\"column-2\">Auf Anfrage<\/td><td class=\"column-3\">Auf Anfrage<\/td>\n<\/tr>\n<tr class=\"row-14\">\n\t<td class=\"column-1\">Hochleistungsozonger\u00e4te<\/td><td class=\"column-2\">Immer<\/td><td class=\"column-3\">Immer<\/td>\n<\/tr>\n<\/tbody>\n<\/table>\n<span id=\"tablepress-37-description\" class=\"tablepress-table-description tablepress-table-description-id-37\"><\/span>\n<!-- #tablepress-37 from cache -->                                <\/div>\n    <\/div>\n<\/div>\n<\/section>\n","protected":false},"excerpt":{"rendered":"","protected":false},"author":21,"featured_media":0,"parent":36129,"menu_order":0,"comment_status":"closed","ping_status":"closed","template":"","meta":{"_acf_changed":false,"_seopress_robots_primary_cat":"","_seopress_titles_title":"","_seopress_titles_desc":"Das RENA Tellus-Segment \u2013 Ein ma\u00dfgefertigtes Ozonbehandlungssystem f\u00fcr Einrichtungen im gro\u00dfen Ma\u00dfstab basiert auf unseren industriellen Abwasserpilotprojekten.","_seopress_robots_index":"","inline_featured_image":false,"footnotes":""},"class_list":["post-36134","page","type-page","status-publish","hentry"],"acf":[],"_links":{"self":[{"href":"https:\/\/ozonetech.com\/de\/wp-json\/wp\/v2\/pages\/36134","targetHints":{"allow":["GET"]}}],"collection":[{"href":"https:\/\/ozonetech.com\/de\/wp-json\/wp\/v2\/pages"}],"about":[{"href":"https:\/\/ozonetech.com\/de\/wp-json\/wp\/v2\/types\/page"}],"author":[{"embeddable":true,"href":"https:\/\/ozonetech.com\/de\/wp-json\/wp\/v2\/users\/21"}],"replies":[{"embeddable":true,"href":"https:\/\/ozonetech.com\/de\/wp-json\/wp\/v2\/comments?post=36134"}],"version-history":[{"count":8,"href":"https:\/\/ozonetech.com\/de\/wp-json\/wp\/v2\/pages\/36134\/revisions"}],"predecessor-version":[{"id":40894,"href":"https:\/\/ozonetech.com\/de\/wp-json\/wp\/v2\/pages\/36134\/revisions\/40894"}],"up":[{"embeddable":true,"href":"https:\/\/ozonetech.com\/de\/wp-json\/wp\/v2\/pages\/36129"}],"wp:attachment":[{"href":"https:\/\/ozonetech.com\/de\/wp-json\/wp\/v2\/media?parent=36134"}],"curies":[{"name":"wp","href":"https:\/\/api.w.org\/{rel}","templated":true}]}}