{"id":36119,"date":"2021-07-09T10:07:02","date_gmt":"2021-07-09T09:07:02","guid":{"rendered":"https:\/\/ozonetech.com\/?page_id=36119"},"modified":"2024-11-07T08:34:47","modified_gmt":"2024-11-07T07:34:47","slug":"rena-kitchen-solutions","status":"publish","type":"page","link":"https:\/\/ozonetech.com\/de\/systeme-dienstleistungen\/kuechenabluft\/rena-kitchen-solutions\/","title":{"rendered":"RENA Kitchen Solutions"},"content":{"rendered":"\n<section\n    class=\"block hero hero--regular\"\n    style=\"background-image: url('https:\/\/ozonetech.com\/wp-content\/uploads\/2021\/03\/rena-kitchen-solutions-1600x484.jpg'); --hero-opacity: 0.3\"\n>\n\n    <div class=\"container-fluid\">\n\n        <div class=\"content editor_content\">\n                         \n                <h2 class='h2'>RENA Kitchen Solutions <\/h2>            \n                    <\/div>\n\n            <\/div>\n<\/section>\n\n\n<section class=\"component component_breadcrumbs\">\n\t<div class=\"container-fluid\">\n  \t<\/div>\n<\/section>\n\n\n<section\n    id=\"\"\n    class=\"block content-block\"\n\tstyle=\"--cb-bg: white; --cb-content: #000; padding-top: 30px; padding-bottom: 30px;\"\n>\n    \n\n<div class=\"container-fluid editor_content content content--narrow\">\n    <div class=\"row\">\n        <div class=\"col-12 editor_content\">\n            <h1>Der wirksamste und nachhaltigste Weg, Abluft aus Gro\u00dfk\u00fcchen aufzubereiten<\/h1>\n<p class=\"preamble\">RENA ist unsere leistungsst\u00e4rkste Systeml\u00f6sung. Es wurde f\u00fcr kommerzielle K\u00fcchen und Restaurants mit einer gro\u00dfen oder mehreren separaten Abzugshauben entwickelt. Die Einzelteile werden auf einer rostfreien Stahlplatte montiert, entweder direkt im Anschluss an die K\u00fcche oder weiter entfernt in einem benachbarten Raum.<\/p>\n<h3 style=\"text-align: center;\"><\/h3>\n<p style=\"text-align: center;\"><img loading=\"lazy\" decoding=\"async\" class=\"aligncenter wp-image-38056 size-large\" src=\"https:\/\/ozonetech.com\/wp-content\/uploads\/2021\/08\/RENA-detalj-DE-1-1024x683.png\" alt=\"\" width=\"1024\" height=\"683\" srcset=\"https:\/\/ozonetech.com\/wp-content\/uploads\/2021\/08\/RENA-detalj-DE-1-1024x683.png 1024w, https:\/\/ozonetech.com\/wp-content\/uploads\/2021\/08\/RENA-detalj-DE-1-300x200.png 300w, https:\/\/ozonetech.com\/wp-content\/uploads\/2021\/08\/RENA-detalj-DE-1-768x512.png 768w, https:\/\/ozonetech.com\/wp-content\/uploads\/2021\/08\/RENA-detalj-DE-1.png 1500w\" sizes=\"auto, (max-width: 1024px) 100vw, 1024px\" \/><\/p>\n<p>Der Sicherheitsgrad ist hoch. Bei au\u00dfergew\u00f6hnlichen Zwischenf\u00e4llen schaltet sich die Ozonproduktion ab. Das System wird von au\u00dferhalb \u00fcberwacht und Alarme werden direkt an unser Service Center geleitet, welches das System reparieren und wieder in Betrieb nehmen kann.<\/p>\n<p>Die Ozonbehandlung birgt viele Vorteile. Durch die Reduzierung von Fettablagerungen in K\u00fcchensch\u00e4chten wird die Brandsicherheit erh\u00f6ht. Mit einer verbesserten Brandsicherheit k\u00f6nnen in den Sch\u00e4chten kosteng\u00fcnstigere Materialien als Edelstahl verwendet werden. Ger\u00fcche in der nach Au\u00dfen abgegebenen Abluft werden deutlich reduziert. Wenn der Fettgehalt in der Abluft reduziert wird, kann die Energie aus der Abluft wieder r\u00fcckgewonnen werden. Heizkosten k\u00f6nnen durch Energier\u00fcckgewinnung um bis zu 80 % reduziert werden.<\/p>\n<p>Die RENA-K\u00fcchenl\u00f6sungen weisen sehr geringe Betriebskosten auf und die Wartungsanforderungen sind minimal. Das Rohmaterial (Umgebungsluft) ist kostenlos. Es muss nichts gekauft, transportiert oder gemanagt werden. Sie vermeiden bewegliche Teile, mechanische Reinigung, F\u00fcllungen, Abf\u00e4lle und R\u00fcckst\u00e4nde.<\/p>\n<p>Ozonreinigung ist eine effiziente und zuverl\u00e4ssige Methode, um Abluftsch\u00e4chte in kommerziellen K\u00fcchen und Restaurants zu behandeln. Sie wurde bereits von tausenden Eigent\u00fcmern, Gemeinden, kommerziellen K\u00fcchen und Restaurants weltweit entdeckt.<\/p>\n        <\/div>\n    <\/div>\n<\/div>\n\n\n\n<div class=\"container-fluid editor_content content content--narrow\">\n    <div class=\"row\">\n        <div class=\"col-12 editor_content\">\n            <h3>Technische Spezifikationen<\/h3>\n<p>Unsere RENA-L\u00f6sungen werden mit trockenem, puren Sauerstoff gespeist und fl\u00fcssiggek\u00fchlt. Es ist eine sehr effiziente und verl\u00e4ssliche Technologie zur Ozonproduktion. Tag f\u00fcr Tag, Jahr f\u00fcr Jahr bleibt die Reinigungskapazit\u00e4t konstant. Die Ozonproduktion ist stufenlos anpassbar und einfach zu \u00e4ndern, falls n\u00f6tig.<\/p>\n<p>Ein einziges RENA-System kann genug Ozon f\u00fcr mehrere Abzugshauben, hohe Luftfl\u00fcsse und hohe Fettanreicherungen produzieren.<\/p>\n<p>RENA ist in sieben Modellen f\u00fcr unterschiedliche Luftfl\u00fcsse erh\u00e4ltlich. Die Ozonsystemkomponenten werden auf rostfreie Stahlplatten montiert und erleichtern so die Installation.<\/p>\n        <\/div>\n    <\/div>\n<\/div>\n\n<div class=\"container-fluid editor_content\">\n    <div class=\"row\">\n        <div class=\"col-12 editor_content table-wrapper \" style=\"--table-text-color-header: #FFFFFF; --table-text-color-rows: #000000; --table-background-color-header: #5f5f5f; --table-background-color-rows-even: #efefef; --table-background-color-rows-odd: #dfdfdf; \">\n                            \n<table id=\"tablepress-280\" class=\"tablepress tablepress-id-280 tbody-has-connected-cells\" aria-describedby=\"tablepress-280-description\">\n<thead>\n<tr class=\"row-1\">\n\t<th colspan=\"2\" class=\"column-1\"><strong>Ozon-Produktion<\/strong><\/th>\n<\/tr>\n<\/thead>\n<tbody class=\"row-striping\">\n<tr class=\"row-2\">\n\t<td class=\"column-1\">Verteilung<\/td><td class=\"column-2\">Die Ozonmenge kann auf jede Abzugshaube individuell verteilt werden<\/td>\n<\/tr>\n<tr class=\"row-3\">\n\t<td colspan=\"2\" class=\"column-1\"><strong>K\u00fchltechnologie<\/strong><\/td>\n<\/tr>\n<tr class=\"row-4\">\n\t<td class=\"column-1\">Fl\u00fcssigk\u00fchlung<\/td><td class=\"column-2\">Leitungswasser\/geschlossenes K\u00fchlsystem<\/td>\n<\/tr>\n<tr class=\"row-5\">\n\t<td colspan=\"2\" class=\"column-1\"><strong>Ozonsystem<\/strong><\/td>\n<\/tr>\n<tr class=\"row-6\">\n\t<td class=\"column-1\">Gr\u00f6\u00dfe horizontal (B x H x T)<\/td><td class=\"column-2\">970 x 750 x 265 mm<\/td>\n<\/tr>\n<tr class=\"row-7\">\n\t<td class=\"column-1\">Gr\u00f6\u00dfe vertikal (B x H x T)<\/td><td class=\"column-2\">695 x 1100 x 265 mm<\/td>\n<\/tr>\n<tr class=\"row-8\">\n\t<td class=\"column-1\">Schallpegel<\/td><td class=\"column-2\"><50 dBA<\/td>\n<\/tr>\n<\/tbody>\n<\/table>\n<span id=\"tablepress-280-description\" class=\"tablepress-table-description tablepress-table-description-id-280\"><\/span>\n<!-- #tablepress-280 from cache -->                                <\/div>\n    <\/div>\n<\/div>\n\n\n<div class=\"container-fluid editor_content content content--narrow\">\n    <div class=\"row\">\n        <div class=\"col-12 editor_content\">\n            <p><em>Erfahren Sie weitere Informationen in unserer <a href=\"https:\/\/ozonetech.com\/wp-content\/uploads\/2020\/12\/Brochure-RENA-Kitchen-Solutions-overview-v1.2-EN-web.pdf\">Brosch\u00fcre<\/a> und finden Sie das richtige Model f\u00fcr Ihre Einrichtung.<\/em><\/p>\n        <\/div>\n    <\/div>\n<\/div>\n\n\n\n<div class=\"container-fluid editor_content content content--narrower\">\n    <div class=\"row\">\n        <div class=\"col-12 editor_content\">\n            <p>&nbsp;<\/p>\n<h2>Angebot anfordern<\/h2>\n        <\/div>\n    <\/div>\n<\/div>\n\n\n\n<div class=\"container-fluid editor_content content content--narrow\">\n    <div class=\"row\">\n        <div class=\"col-12 editor_content\">\n            <p><!-- SharpSpring Form for RENA Kitchen Solutions Quotation DE --><br \/>\n<script type=\"text\/javascript\">\n    var ss_form = {'account': 'MzawMDE3MzI2BwA', 'formID': 'SzQ0NzW3NEnWTTMzT9I1SUlK1bUwNTXStUhKNTKyMDBJNrIwBAA'};\n    ss_form.width = '100%';\n    ss_form.domain = 'app-3QNJA1Z2XY.marketingautomation.services';\n    ss_form.hidden = {'field_400000003544067': 'Ozonetech.com'};\n    \/\/ ss_form.target_id = 'target'; \/\/ Optional parameter: forms will be placed inside the element with the specified id\n    \/\/ ss_form.polling = true; \/\/ Optional parameter: set to true ONLY if your page loads dynamically and the id needs to be polled continually.\n<\/script><br \/>\n<script type=\"text\/javascript\" src=\"https:\/\/koi-3QNJA1Z2XY.marketingautomation.services\/client\/form.js?ver=2.0.1\"><\/script><\/p>\n        <\/div>\n    <\/div>\n<\/div>\n\n<\/section>\n","protected":false},"excerpt":{"rendered":"","protected":false},"author":21,"featured_media":0,"parent":36115,"menu_order":0,"comment_status":"closed","ping_status":"closed","template":"","meta":{"_acf_changed":false,"_seopress_robots_primary_cat":"","_seopress_titles_title":"","_seopress_titles_desc":"RENA ist unsere leistungsst\u00e4rkste Systeml\u00f6sung. Es wurde f\u00fcr kommerzielle K\u00fcchen und Restaurants mit einer gro\u00dfen oder mehreren separaten Abzugshauben entwickelt.","_seopress_robots_index":"","inline_featured_image":false,"footnotes":""},"class_list":["post-36119","page","type-page","status-publish","hentry"],"acf":[],"_links":{"self":[{"href":"https:\/\/ozonetech.com\/de\/wp-json\/wp\/v2\/pages\/36119","targetHints":{"allow":["GET"]}}],"collection":[{"href":"https:\/\/ozonetech.com\/de\/wp-json\/wp\/v2\/pages"}],"about":[{"href":"https:\/\/ozonetech.com\/de\/wp-json\/wp\/v2\/types\/page"}],"author":[{"embeddable":true,"href":"https:\/\/ozonetech.com\/de\/wp-json\/wp\/v2\/users\/21"}],"replies":[{"embeddable":true,"href":"https:\/\/ozonetech.com\/de\/wp-json\/wp\/v2\/comments?post=36119"}],"version-history":[{"count":21,"href":"https:\/\/ozonetech.com\/de\/wp-json\/wp\/v2\/pages\/36119\/revisions"}],"predecessor-version":[{"id":42032,"href":"https:\/\/ozonetech.com\/de\/wp-json\/wp\/v2\/pages\/36119\/revisions\/42032"}],"up":[{"embeddable":true,"href":"https:\/\/ozonetech.com\/de\/wp-json\/wp\/v2\/pages\/36115"}],"wp:attachment":[{"href":"https:\/\/ozonetech.com\/de\/wp-json\/wp\/v2\/media?parent=36119"}],"curies":[{"name":"wp","href":"https:\/\/api.w.org\/{rel}","templated":true}]}}