{"id":36115,"date":"2021-07-09T09:52:00","date_gmt":"2021-07-09T08:52:00","guid":{"rendered":"https:\/\/ozonetech.com\/?page_id=36115"},"modified":"2024-10-10T11:31:40","modified_gmt":"2024-10-10T09:31:40","slug":"kuechenabluft","status":"publish","type":"page","link":"https:\/\/ozonetech.com\/de\/systeme-dienstleistungen\/kuechenabluft\/","title":{"rendered":"K\u00fcchenabluft"},"content":{"rendered":"\n<section\n    class=\"block hero hero--regular\"\n    style=\"background-image: url('https:\/\/ozonetech.com\/wp-content\/uploads\/2021\/03\/kitchen-exhaust-2-1600x484.jpg'); --hero-opacity: 0.3\"\n>\n\n    <div class=\"container-fluid\">\n\n        <div class=\"content editor_content\">\n                         \n                <h2 class='h2'>K\u00fcchenabluft<\/h2>            \n                    <\/div>\n\n            <\/div>\n<\/section>\n\n\n<section class=\"component component_breadcrumbs\">\n\t<div class=\"container-fluid\">\n  \t<\/div>\n<\/section>\n\n\n<section\n    id=\"\"\n    class=\"block content-block\"\n\tstyle=\"--cb-bg: #fff; --cb-content: #000; \"\n>\n    \n\n<div class=\"container-fluid editor_content content content--narrow\">\n    <div class=\"row\">\n        <div class=\"col-12 editor_content\">\n            <h1>Die effizientesten L\u00f6sungen und Systeme zur Aufbereitung der K\u00fcchenabluft<\/h1>\n<p class=\"preamble\">Restaurants und Gro\u00dfk\u00fcchen, die mit Fritteusen, Grillplatten, Grillern und Woks ausgestattet sind, setzen viele Fettverbindungen zusammen mit der Abluft frei. Fettige Abluft erh\u00f6ht das Brandrisiko und Verstopfungen des W\u00e4rmetauschers erheblich und verursacht verschiedene Geruchsprobleme in der Umgebung der Gro\u00dfk\u00fcche.<\/p>\n<p>Solche Probleme erfordern hoch effiziente und zuverl\u00e4ssige Luftaufbereitungssysteme.<\/p>\n<p>RENA Kitchen Solutions von Ozonetech ist ein Hochleistungs-Ozonsystem f\u00fcr die Aufbereitung der K\u00fcchenabluft und die richtige L\u00f6sung f\u00fcr die Aufgabe. Das System verbessert die Brandsicherheit signifikant, verhindert die Verbreitung von \u00fcblen Ger\u00fcchen, optimiert die W\u00e4rmer\u00fcckgewinnung, senkt die Betriebskosten und reduziert die Umweltauswirkungen des Betriebs.<\/p>\n<div id=\"attachment_27958\" style=\"width: 1034px\" class=\"wp-caption aligncenter\"><img loading=\"lazy\" decoding=\"async\" aria-describedby=\"caption-attachment-27958\" class=\"wp-image-27958 size-large\" src=\"https:\/\/ozonetech.com\/wp-content\/uploads\/2021\/03\/rena-kitchen-solutions-2-1024x886.jpg\" alt=\"\" width=\"1024\" height=\"886\" srcset=\"https:\/\/ozonetech.com\/wp-content\/uploads\/2021\/03\/rena-kitchen-solutions-2-1024x886.jpg 1024w, https:\/\/ozonetech.com\/wp-content\/uploads\/2021\/03\/rena-kitchen-solutions-2-300x260.jpg 300w, https:\/\/ozonetech.com\/wp-content\/uploads\/2021\/03\/rena-kitchen-solutions-2-768x665.jpg 768w, https:\/\/ozonetech.com\/wp-content\/uploads\/2021\/03\/rena-kitchen-solutions-2.jpg 1500w\" sizes=\"auto, (max-width: 1024px) 100vw, 1024px\" \/><p id=\"caption-attachment-27958\" class=\"wp-caption-text\"><em>RENA-Gro\u00dfk\u00fcchenl\u00f6sungen<\/em><\/p><\/div>\n<p>&nbsp;<\/p>\n<p>Wir empfehlen, hier mehr \u00fcber die Vorteile der Abluftaufbereitung in Gro\u00dfk\u00fcchen mit Hochleistungs-Ozonl\u00f6sungen zu lesen.<\/p>\n<p>Die RENA K\u00fcchenl\u00f6sungen von Ozonetech erf\u00fcllen alle aktuellen Bestimmungen und die neusten Industriestandards. Weitere Informationen zu den aktuellen Standards und Bestimmungen finden Sie hier.<\/p>\n<p>Lesen Sie nachstehend mehr \u00fcber unsere innovativen Aufbereitungsl\u00f6sungen f\u00fcr Abluft von Gro\u00dfk\u00fcchen, mit einem oder mehreren Abzugshauben:<\/p>\n        <\/div>\n    <\/div>\n<\/div>\n\n<\/section>\n\n\n\n<section class=\"block landing-page-grid\" style=\"--grid-bg: #fff; --grid-link: #5f5f5f; --grid-content: #000;\">\n\n    <div class=\"container-fluid grid\">\n\n                \n                    <div class=\"grid__list\">\n                                    <a class=\"item\" href=\"https:\/\/ozonetech.com\/de\/systeme-dienstleistungen\/kuechenabluft\/rena-kitchen-solutions\/\" target=\"\">\n                        <span class=\"item__overlay\"><\/span>\n                        <span\n                            class=\"item__background-image\"\n                            style=\"background-image: url('https:\/\/ozonetech.com\/wp-content\/uploads\/2021\/03\/rena-kitchen-solutions-1.jpg');\"\n                        ><\/span>\n                        \n                        <span class=\"item__content\">\n                            <figure class=\"item__content--icon\">\n                                                            <\/figure>\n\n                            <span class=\"item__content--link\">\n                                <span>RENA-K\u00fcchenl\u00f6sungen<\/span><svg version=\"1.1\" id=\"Layer_1\" xmlns=\"http:\/\/www.w3.org\/2000\/svg\" x=\"0\" y=\"0\" viewBox=\"0 0 25 21.76\" xml:space=\"preserve\"><path fill=\"#FF691C\" d=\"M12.17 1.45l1.11-1.1c.46-.47 1.22-.47 1.68 0l9.69 9.68c.47.46.47 1.22 0 1.68l-9.69 9.69c-.46.47-1.22.47-1.68 0l-1.11-1.11c-.47-.47-.46-1.23.01-1.7l.01-.01 6-5.72h-17c-.66 0-1.2-.53-1.2-1.19v-1.6c0-.66.53-1.2 1.19-1.2h17.01l-6-5.72c-.48-.45-.5-1.2-.05-1.68.01 0 .02-.01.03-.02z\"\/><\/svg>                            <\/span>\n                        <\/span>\n                    <\/a>\n                            <\/div>\n            <\/div>\n\n<\/section>","protected":false},"excerpt":{"rendered":"","protected":false},"author":21,"featured_media":0,"parent":36075,"menu_order":0,"comment_status":"closed","ping_status":"closed","template":"","meta":{"_acf_changed":false,"_seopress_robots_primary_cat":"","_seopress_titles_title":"","_seopress_titles_desc":"Ozonetech stellt Hochleistungs-Ozonsystem f\u00fcr die Aufbereitung der K\u00fcchenabluft her und liefert die richtige L\u00f6sung f\u00fcr die Aufgabe.","_seopress_robots_index":"","inline_featured_image":false,"footnotes":""},"class_list":["post-36115","page","type-page","status-publish","hentry"],"acf":[],"_links":{"self":[{"href":"https:\/\/ozonetech.com\/de\/wp-json\/wp\/v2\/pages\/36115","targetHints":{"allow":["GET"]}}],"collection":[{"href":"https:\/\/ozonetech.com\/de\/wp-json\/wp\/v2\/pages"}],"about":[{"href":"https:\/\/ozonetech.com\/de\/wp-json\/wp\/v2\/types\/page"}],"author":[{"embeddable":true,"href":"https:\/\/ozonetech.com\/de\/wp-json\/wp\/v2\/users\/21"}],"replies":[{"embeddable":true,"href":"https:\/\/ozonetech.com\/de\/wp-json\/wp\/v2\/comments?post=36115"}],"version-history":[{"count":8,"href":"https:\/\/ozonetech.com\/de\/wp-json\/wp\/v2\/pages\/36115\/revisions"}],"predecessor-version":[{"id":40942,"href":"https:\/\/ozonetech.com\/de\/wp-json\/wp\/v2\/pages\/36115\/revisions\/40942"}],"up":[{"embeddable":true,"href":"https:\/\/ozonetech.com\/de\/wp-json\/wp\/v2\/pages\/36075"}],"wp:attachment":[{"href":"https:\/\/ozonetech.com\/de\/wp-json\/wp\/v2\/media?parent=36115"}],"curies":[{"name":"wp","href":"https:\/\/api.w.org\/{rel}","templated":true}]}}