{"id":36107,"date":"2021-07-09T09:46:28","date_gmt":"2021-07-09T08:46:28","guid":{"rendered":"https:\/\/ozonetech.com\/?page_id=36107"},"modified":"2024-10-10T11:10:59","modified_gmt":"2024-10-10T09:10:59","slug":"massgeschneiderte-pilotprojekte-zur-luftreinhaltung","status":"publish","type":"page","link":"https:\/\/ozonetech.com\/de\/systeme-dienstleistungen\/luftaufbereitung\/massgeschneiderte-pilotprojekte-zur-luftreinhaltung\/","title":{"rendered":"Ma\u00dfgeschneiderte Pilotprojekte zur Luftreinhaltung"},"content":{"rendered":"\n<section\n    class=\"block hero hero--regular\"\n    style=\"background-image: url('https:\/\/ozonetech.com\/wp-content\/uploads\/2021\/03\/industrial-air-pilot-1-1600x484.jpg'); --hero-opacity: 0.3\"\n>\n\n    <div class=\"container-fluid\">\n\n        <div class=\"content editor_content\">\n                         \n                <h2 class='h2'>Ma\u00dfgeschneiderte Pilotprojekte zur Luftreinhaltung<\/h2>            \n                    <\/div>\n\n            <\/div>\n<\/section>\n\n\n<section class=\"component component_breadcrumbs\">\n\t<div class=\"container-fluid\">\n  \t<\/div>\n<\/section>\n\n\n<section\n    id=\"\"\n    class=\"block content-block\"\n\tstyle=\"--cb-bg: white; --cb-content: #000; padding-top: 30px; padding-bottom: 30px;\"\n>\n    \n\n<div class=\"container-fluid editor_content content content--narrow\">\n    <div class=\"row\">\n        <div class=\"col-12 editor_content\">\n            <h1>Pilottests sind der ideale erste Schritt f\u00fcr die Perfektionierung der Luftaufbereitungsl\u00f6sungen<\/h1>\n<p class=\"preamble\">Die effektive Behandlung von industriellen Luftemissionen ist eine sehr anspruchsvolle Aufgabe. Jeder Prozess ist einzigartig, ebenso wie die Emissionen, die aus dem Stapel kommen. Es ist leicht zu verstehen, dass ein einziges Produkt nicht jeden Fall l\u00f6sen kann, insbesondere bei gro\u00dfen Luftstr\u00f6men mit hohen Anforderungen. Durch eine Prozessuntersuchung und -optimierung k\u00f6nnen gro\u00dfe Einsparungen erzielt werden, ohne das Risiko von suboptimalen oder nicht effektiven L\u00f6sungen.<\/p>\n<p>Eigene Pilotversuche sind der optimale Weg, um das Design einer komplexen Luftreinigungsl\u00f6sung zu verbessern. Die Feldbedingungen k\u00f6nnen reproduziert werden und bieten die f\u00fcr Labortests typischen Vorteile, wie niedrige Kosten und gut kontrollierbare Bedingungen.<\/p>\n        <\/div>\n    <\/div>\n<\/div>\n\n\n\n<div class=\"container-fluid editor_content content content--narrow\">\n    <div class=\"row\">\n        <div class=\"col-12 editor_content\">\n            <h3>Unsere L\u00f6sung<\/h3>\n<p>In unserem Werk in Stockholm sind wir stolz darauf, \u00fcber eine der modernsten Testanlagen zur Bewertung von Pilotl\u00f6sungen f\u00fcr industrielle Luftanwendungensf\u00e4lle zu verf\u00fcgen. Es kann verschiedene Bedingungen, die f\u00fcr viele industrielle F\u00e4lle repr\u00e4sentativ sind, mit den fortschrittlichsten Oxidationsverfahren in einem modularen Ansatz testen. Die drei vielversprechendsten Oxidationstechnologien sind im Pilotprojekt enthalten.<\/p>\n        <\/div>\n    <\/div>\n<\/div>\n\n\n<div class=\"container-fluid editor_content content content--narrow\">\n    <div class=\"row\">\n        <div class=\"col-md-6\">\n            <h3><img loading=\"lazy\" decoding=\"async\" class=\"alignleft wp-image-22304 size-medium\" src=\"https:\/\/ozonetech.com\/wp-content\/uploads\/2021\/03\/ozonation-300x212.jpg\" alt=\"\" width=\"300\" height=\"212\" srcset=\"https:\/\/ozonetech.com\/wp-content\/uploads\/2021\/03\/ozonation-300x212.jpg 300w, https:\/\/ozonetech.com\/wp-content\/uploads\/2021\/03\/ozonation.jpg 425w\" sizes=\"auto, (max-width: 300px) 100vw, 300px\" \/><\/h3>\n<p>&nbsp;<\/p>\n<h4><\/h4>\n<h4><\/h4>\n<h4><\/h4>\n<h4><\/h4>\n<p><strong>Ozonierung<\/strong><\/p>\n<p><em>Oxidation durch Ozon.<\/em><\/p>\n        <\/div>\n        <div class=\"col-md-6\">\n            <h4><img loading=\"lazy\" decoding=\"async\" class=\"alignleft wp-image-22294 size-medium\" src=\"https:\/\/ozonetech.com\/wp-content\/uploads\/2021\/03\/advanced-oxidation-process-300x212.jpg\" alt=\"\" width=\"300\" height=\"212\" srcset=\"https:\/\/ozonetech.com\/wp-content\/uploads\/2021\/03\/advanced-oxidation-process-300x212.jpg 300w, https:\/\/ozonetech.com\/wp-content\/uploads\/2021\/03\/advanced-oxidation-process.jpg 425w\" sizes=\"auto, (max-width: 300px) 100vw, 300px\" \/><\/h4>\n<h4><\/h4>\n<h4><\/h4>\n<h4><\/h4>\n<h4><\/h4>\n<h4><\/h4>\n<p><strong>Advanced Oxidation Process (AOP)<\/strong><\/p>\n<p><em>Oxidation \u00fcber Hydroxylradikale.<\/em><\/p>\n        <\/div>\n    <\/div>\n<\/div>\n<div class=\"container-fluid editor_content content content--narrow\">\n    <div class=\"row\">\n        <div class=\"col-md-6\">\n            <h3><img loading=\"lazy\" decoding=\"async\" class=\"alignnone size-medium wp-image-22299\" src=\"https:\/\/ozonetech.com\/wp-content\/uploads\/2021\/03\/catalytic-oxidation-300x212.jpg\" alt=\"\" width=\"300\" height=\"212\" srcset=\"https:\/\/ozonetech.com\/wp-content\/uploads\/2021\/03\/catalytic-oxidation-300x212.jpg 300w, https:\/\/ozonetech.com\/wp-content\/uploads\/2021\/03\/catalytic-oxidation.jpg 425w\" sizes=\"auto, (max-width: 300px) 100vw, 300px\" \/><\/h3>\n<p><strong>Katalytische Oxidation<\/strong><\/p>\n<p><em>Oxidation \u00fcber Katalysatoren und Ozon.<\/em><\/p>\n        <\/div>\n        <div class=\"col-md-6\">\n            <p>&nbsp;<\/p>\n<p>&nbsp;<\/p>\n<p>Jede Behandlungsstufe kann entweder einzeln oder in Kombination mit den anderen angewendet werden, wobei die Prozesssynergien getestet werden.<\/p>\n        <\/div>\n    <\/div>\n<\/div>\n\n<div class=\"container-fluid editor_content content content--narrow\">\n    <div class=\"row\">\n        <div class=\"col-12 editor_content\">\n            <h3>Unsere Methode<\/h3>\n<p>WWir k\u00fcmmern uns in Zusammenarbeit mit unseren Kunden um alle Schritte der Untersuchung. Unsere Methode folgt den folgenden f\u00fcnf Schritten.<\/p>\n<h2 style=\"text-align: center;\"><img loading=\"lazy\" decoding=\"async\" class=\"aligncenter wp-image-38041 size-large\" src=\"https:\/\/ozonetech.com\/wp-content\/uploads\/2021\/08\/our-method-DE-1024x568.png\" alt=\"\" width=\"1024\" height=\"568\" srcset=\"https:\/\/ozonetech.com\/wp-content\/uploads\/2021\/08\/our-method-DE-1024x568.png 1024w, https:\/\/ozonetech.com\/wp-content\/uploads\/2021\/08\/our-method-DE-300x166.png 300w, https:\/\/ozonetech.com\/wp-content\/uploads\/2021\/08\/our-method-DE-768x426.png 768w, https:\/\/ozonetech.com\/wp-content\/uploads\/2021\/08\/our-method-DE.png 1501w\" sizes=\"auto, (max-width: 1024px) 100vw, 1024px\" \/><\/h2>\n        <\/div>\n    <\/div>\n<\/div>\n\n<\/section>\n\n\n\n<section\n    id=\"\"\n    class=\"block content-block\"\n\tstyle=\"--cb-bg: #fff; --cb-content: #000; \"\n>\n    \n<div class=\"container-fluid editor_content content content--narrow\">\n    <div class=\"row\">\n        <div class=\"col-md-6\">\n            <h4>1. Analyse<\/h4>\n<p>Wir analysieren die Luftemissionen des realen Industriefalls. Mit modernsten Ger\u00e4ten k\u00f6nnen wir selbst schw\u00e4chste Spuren von Schadstoffen erkennen. Ob VOC, H2S, Ammoniak oder Partikel, wir haben das richtige Messger\u00e4t f\u00fcr alle Messbereiche.<\/p>\n<p>Die Kenntnis der Schadstoffkonzentration ist eine grundlegende Voraussetzung sowohl f\u00fcr die Durchf\u00fchrung der Pilotversuche als auch f\u00fcr die Konzeption der Komplettl\u00f6sung.<\/p>\n        <\/div>\n        <div class=\"col-md-6\">\n            <h4>2. Aufbau<\/h4>\n<p>Auf Basis der Luftanalyse bilden wir die Feldbedingungen in unseren hauseigenen Anlagen ab. Der Luftstrom wird repr\u00e4sentativ eingestellt, wobei auch die Feuchte- und Temperaturwerte ber\u00fccksichtigt werden. Anschlie\u00dfend f\u00fchren wir die Luftschadstoffe aus einem Gasgemisch zu, das speziell mit der gleichen Art von Verbindungen wie im realen Fall hergestellt wurde.<\/p>\n<p>Vor jedem Test nehmen wir das System in Betrieb und \u00fcberpr\u00fcfen die einwandfreie Funktion jeder Komponente.<\/p>\n        <\/div>\n    <\/div>\n<\/div>\n<div class=\"container-fluid editor_content content content--narrow\">\n    <div class=\"row\">\n        <div class=\"col-md-6\">\n            <h4>3. Test<\/h4>\n<p>Dieser Schritt ist der Kern unserer Methode. Wir k\u00f6nnen eine gro\u00dfe Anzahl von Experimenten durchf\u00fchren und die Leistung jeder Technologie im Verh\u00e4ltnis zu den anderen bewerten. Besonderes Augenmerk wird auf die Anforderungen des Kunden und die Prozesskosteneffizienz gelegt. Da der Pilotversuch zum Entwurf einer Komplettl\u00f6sung f\u00fchren kann, ber\u00fccksichtigen wir auch die Kosten f\u00fcr die Investition und den Betrieb einer eventuellen Anlage.<\/p>\n        <\/div>\n        <div class=\"col-md-6\">\n            <h4>4. Bericht<\/h4>\n<p>Alle bis zu diesem Schritt gesammelten Informationen werden verarbeitet und in einem professionellen Bericht dargestellt. Die Wirkung jeder Behandlungstechnologie &#8211; Ozonierung, AOP oder Katalyse &#8211; wird klar bewertet und zeigt, wie die Anforderungen des Kunden erf\u00fcllt werden k\u00f6nnen. Der Bericht enth\u00e4lt relevante Schlussfolgerungen, die die Pilotstudie verallgemeinern und auf den realen industriellen Fall zur\u00fcckf\u00fchren.<\/p>\n        <\/div>\n    <\/div>\n<\/div>\n<div class=\"container-fluid editor_content content content--narrow\">\n    <div class=\"row\">\n        <div class=\"col-md-6\">\n            <h4>5. Angebot<\/h4>\n<p>Auf Wunsch unserer Kunden legen wir einen L\u00f6sungsvorschlag f\u00fcr die Industrieanlage bei. Mit den Ergebnissen der Pilotstudie wird die Auslegung des kompletten Reinigungssystems einfacher, da viele wichtige Variablen w\u00e4hrend der Experimente untersucht werden. Dadurch wird jeder Parameter des Systems fein abgestimmt und erf\u00fcllt die Anforderungen mit den niedrigsten Investitions- und Betriebskosten.<\/p>\n<p>Wir sind zuversichtlich, dass wir halten werden, was wir versprechen, da wir die vorgeschlagene L\u00f6sung bereits getestet haben.<\/p>\n        <\/div>\n        <div class=\"col-md-6\">\n                    <\/div>\n    <\/div>\n<\/div><\/section>\n\n\n\n<section\n    id=\"\"\n    class=\"block content-block\"\n\tstyle=\"--cb-bg: #e6e6e6; --cb-content: #000; padding-top: 30px; padding-bottom: 30px;\"\n>\n    \n\n<div class=\"container-fluid editor_content content content--narrow\">\n    <div class=\"row\">\n        <div class=\"col-12 editor_content\">\n            <h3>Anwendungsbereiche und Industrien<\/h3>\n<p>Wir haben den Pr\u00fcfstand f\u00fcr ein breites Anwendungsspektrum konzipiert. Wir k\u00f6nnen die Geruchsbeseitigung sowie die Beseitigung spezifischer gasf\u00f6rmiger Schadstoffe wie VOC, NH3 oder H2S. Wir haben auch die M\u00f6glichkeit, Desinfektionsanwendungen zu testen und die Log-Reduktion von Probenbakterien auf Luft oder Oberfl\u00e4chen zu bewerten. Auf Wunsch sind wir auch f\u00fcr ma\u00dfgeschneiderte Projekte offen.<\/p>\n<p>Mit den Pilotversuchen k\u00f6nnen wir Luftprobleme f\u00fcr viele Branchen l\u00f6sen, siehe einige Beispiele unten.<\/p>\n        <\/div>\n    <\/div>\n<\/div>\n\n<\/section>\n\n\n\n<section class=\"block landing-page-grid\" style=\"--grid-bg: #e6e6e6; --grid-link: #5f5f5f; --grid-content: #000;\">\n\n    <div class=\"container-fluid grid\">\n\n                \n                    <div class=\"grid__list\">\n                                    <a class=\"item\" href=\"https:\/\/mellifiq.com\/markets\/biogas-plants\/\" target=\"_blank\">\n                        <span class=\"item__overlay\"><\/span>\n                        <span\n                            class=\"item__background-image\"\n                            style=\"background-image: url('https:\/\/ozonetech.com\/wp-content\/uploads\/2021\/03\/biogas-plant.jpg');\"\n                        ><\/span>\n                        \n                        <span class=\"item__content\">\n                            <figure class=\"item__content--icon\">\n                                                            <\/figure>\n\n                            <span class=\"item__content--link\">\n                                <span>Biogas<\/span><svg version=\"1.1\" id=\"Layer_1\" xmlns=\"http:\/\/www.w3.org\/2000\/svg\" x=\"0\" y=\"0\" viewBox=\"0 0 25 21.76\" xml:space=\"preserve\"><path fill=\"#FF691C\" d=\"M12.17 1.45l1.11-1.1c.46-.47 1.22-.47 1.68 0l9.69 9.68c.47.46.47 1.22 0 1.68l-9.69 9.69c-.46.47-1.22.47-1.68 0l-1.11-1.11c-.47-.47-.46-1.23.01-1.7l.01-.01 6-5.72h-17c-.66 0-1.2-.53-1.2-1.19v-1.6c0-.66.53-1.2 1.19-1.2h17.01l-6-5.72c-.48-.45-.5-1.2-.05-1.68.01 0 .02-.01.03-.02z\"\/><\/svg>                            <\/span>\n                        <\/span>\n                    <\/a>\n                                    <a class=\"item\" href=\"https:\/\/mellifiq.com\/markets\/dairy-production\/\" target=\"_blank\">\n                        <span class=\"item__overlay\"><\/span>\n                        <span\n                            class=\"item__background-image\"\n                            style=\"background-image: url('https:\/\/ozonetech.com\/wp-content\/uploads\/2021\/03\/Diary-production.jpg');\"\n                        ><\/span>\n                        \n                        <span class=\"item__content\">\n                            <figure class=\"item__content--icon\">\n                                                            <\/figure>\n\n                            <span class=\"item__content--link\">\n                                <span>Molkereiwirtschaft<\/span><svg version=\"1.1\" id=\"Layer_1\" xmlns=\"http:\/\/www.w3.org\/2000\/svg\" x=\"0\" y=\"0\" viewBox=\"0 0 25 21.76\" xml:space=\"preserve\"><path fill=\"#FF691C\" d=\"M12.17 1.45l1.11-1.1c.46-.47 1.22-.47 1.68 0l9.69 9.68c.47.46.47 1.22 0 1.68l-9.69 9.69c-.46.47-1.22.47-1.68 0l-1.11-1.11c-.47-.47-.46-1.23.01-1.7l.01-.01 6-5.72h-17c-.66 0-1.2-.53-1.2-1.19v-1.6c0-.66.53-1.2 1.19-1.2h17.01l-6-5.72c-.48-.45-.5-1.2-.05-1.68.01 0 .02-.01.03-.02z\"\/><\/svg>                            <\/span>\n                        <\/span>\n                    <\/a>\n                                    <a class=\"item\" href=\"https:\/\/mellifiq.com\/markets\/food-and-beverage-production\/\" target=\"_blank\">\n                        <span class=\"item__overlay\"><\/span>\n                        <span\n                            class=\"item__background-image\"\n                            style=\"background-image: url('https:\/\/ozonetech.com\/wp-content\/uploads\/2021\/03\/food-production.jpg');\"\n                        ><\/span>\n                        \n                        <span class=\"item__content\">\n                            <figure class=\"item__content--icon\">\n                                                            <\/figure>\n\n                            <span class=\"item__content--link\">\n                                <span>Lebensmittelverarbeitung<\/span><svg version=\"1.1\" id=\"Layer_1\" xmlns=\"http:\/\/www.w3.org\/2000\/svg\" x=\"0\" y=\"0\" viewBox=\"0 0 25 21.76\" xml:space=\"preserve\"><path fill=\"#FF691C\" d=\"M12.17 1.45l1.11-1.1c.46-.47 1.22-.47 1.68 0l9.69 9.68c.47.46.47 1.22 0 1.68l-9.69 9.69c-.46.47-1.22.47-1.68 0l-1.11-1.11c-.47-.47-.46-1.23.01-1.7l.01-.01 6-5.72h-17c-.66 0-1.2-.53-1.2-1.19v-1.6c0-.66.53-1.2 1.19-1.2h17.01l-6-5.72c-.48-.45-.5-1.2-.05-1.68.01 0 .02-.01.03-.02z\"\/><\/svg>                            <\/span>\n                        <\/span>\n                    <\/a>\n                                    <a class=\"item\" href=\"https:\/\/mellifiq.com\/markets\/commercial-kitchens\/\" target=\"\">\n                        <span class=\"item__overlay\"><\/span>\n                        <span\n                            class=\"item__background-image\"\n                            style=\"background-image: url('https:\/\/ozonetech.com\/wp-content\/uploads\/2021\/03\/commercial-kitchen-1.jpg');\"\n                        ><\/span>\n                        \n                        <span class=\"item__content\">\n                            <figure class=\"item__content--icon\">\n                                                            <\/figure>\n\n                            <span class=\"item__content--link\">\n                                <span>K\u00fcchenabz\u00fcge<\/span><svg version=\"1.1\" id=\"Layer_1\" xmlns=\"http:\/\/www.w3.org\/2000\/svg\" x=\"0\" y=\"0\" viewBox=\"0 0 25 21.76\" xml:space=\"preserve\"><path fill=\"#FF691C\" d=\"M12.17 1.45l1.11-1.1c.46-.47 1.22-.47 1.68 0l9.69 9.68c.47.46.47 1.22 0 1.68l-9.69 9.69c-.46.47-1.22.47-1.68 0l-1.11-1.11c-.47-.47-.46-1.23.01-1.7l.01-.01 6-5.72h-17c-.66 0-1.2-.53-1.2-1.19v-1.6c0-.66.53-1.2 1.19-1.2h17.01l-6-5.72c-.48-.45-.5-1.2-.05-1.68.01 0 .02-.01.03-.02z\"\/><\/svg>                            <\/span>\n                        <\/span>\n                    <\/a>\n                            <\/div>\n            <\/div>\n\n<\/section>","protected":false},"excerpt":{"rendered":"","protected":false},"author":21,"featured_media":0,"parent":36079,"menu_order":0,"comment_status":"closed","ping_status":"closed","template":"","meta":{"_acf_changed":false,"_seopress_robots_primary_cat":"","_seopress_titles_title":"","_seopress_titles_desc":"Wir sind stolz, einen der fortschrittlichsten Tests\u00e4tze f\u00fcr die Bewertung von Pilotl\u00f6sungen f\u00fcr industrielle F\u00e4lle in der Luftaufbereitung zu haben.","_seopress_robots_index":"","inline_featured_image":false,"footnotes":""},"class_list":["post-36107","page","type-page","status-publish","hentry"],"acf":[],"_links":{"self":[{"href":"https:\/\/ozonetech.com\/de\/wp-json\/wp\/v2\/pages\/36107","targetHints":{"allow":["GET"]}}],"collection":[{"href":"https:\/\/ozonetech.com\/de\/wp-json\/wp\/v2\/pages"}],"about":[{"href":"https:\/\/ozonetech.com\/de\/wp-json\/wp\/v2\/types\/page"}],"author":[{"embeddable":true,"href":"https:\/\/ozonetech.com\/de\/wp-json\/wp\/v2\/users\/21"}],"replies":[{"embeddable":true,"href":"https:\/\/ozonetech.com\/de\/wp-json\/wp\/v2\/comments?post=36107"}],"version-history":[{"count":8,"href":"https:\/\/ozonetech.com\/de\/wp-json\/wp\/v2\/pages\/36107\/revisions"}],"predecessor-version":[{"id":40849,"href":"https:\/\/ozonetech.com\/de\/wp-json\/wp\/v2\/pages\/36107\/revisions\/40849"}],"up":[{"embeddable":true,"href":"https:\/\/ozonetech.com\/de\/wp-json\/wp\/v2\/pages\/36079"}],"wp:attachment":[{"href":"https:\/\/ozonetech.com\/de\/wp-json\/wp\/v2\/media?parent=36107"}],"curies":[{"name":"wp","href":"https:\/\/api.w.org\/{rel}","templated":true}]}}