{"id":36099,"date":"2021-07-09T09:12:33","date_gmt":"2021-07-09T08:12:33","guid":{"rendered":"https:\/\/ozonetech.com\/?page_id=36099"},"modified":"2024-10-10T11:00:17","modified_gmt":"2024-10-10T09:00:17","slug":"ozonvernichtungssystem-contra","status":"publish","type":"page","link":"https:\/\/ozonetech.com\/de\/systeme-dienstleistungen\/luftaufbereitung\/ozonvernichtungssystem-contra\/","title":{"rendered":"Ozonvernichtungssystem &#8211; Contra"},"content":{"rendered":"\n<section\n    class=\"block hero hero--regular\"\n    style=\"background-image: url('https:\/\/ozonetech.com\/wp-content\/uploads\/2021\/03\/contra-1600x484.jpg'); --hero-opacity: 0.3\"\n>\n\n    <div class=\"container-fluid\">\n\n        <div class=\"content editor_content\">\n                         \n                <h2 class='h2'>Ozonvernichtungssystem <\/h2>            \n                    <\/div>\n\n            <\/div>\n<\/section>\n\n\n<section class=\"component component_breadcrumbs\">\n\t<div class=\"container-fluid\">\n  \t<\/div>\n<\/section>\n\n\n<section\n    id=\"\"\n    class=\"block content-block\"\n\tstyle=\"--cb-bg: white; --cb-content: #000; padding-top: 30px; padding-bottom: 30px;\"\n>\n    \n\n<div class=\"container-fluid editor_content content content--narrow\">\n    <div class=\"row\">\n        <div class=\"col-12 editor_content\">\n            <h1>Effizienter Abbau von \u00fcbersch\u00fcssigem Ozon<\/h1>\n<p class=\"preamble\">Wir wissen, dass Ozon ein sehr starkes Molek\u00fcl ist, das f\u00fcr viele Anwendungen in der Luft- und Wasseraufbereitung geeignet ist. Nach der Behandlung kann jedoch noch eine hohe Ozonkonzentration vorhanden sein, die eine Zerst\u00f6rung des Ozons erfordert. Wir haben eine innovative L\u00f6sung zur Zerst\u00f6rung hoher Ozonbelastungen entwickelt: das Contra Ozonvernichtungssystem.<\/p>\n<p>Eine verbliebene hohe Ozonkonzentration kann bei der Wasseranwendung nach der Injektion in die Wasserphase verbleiben. Auch wenn wir modernste Technologien zur Maximierung der Wasseraufl\u00f6sung einsetzen, bleibt ein Teil des Ozons ungel\u00f6st. Der Contra ist perfekt f\u00fcr gro\u00dfe Wasseranwendungen, bei denen eine hohe Ozonmenge verwendet wird. Hohe Ozonkonzentrationen finden sich auch in Luftanwendungen wie der Desinfektion gro\u00dfer Volumina.<\/p>\n        <\/div>\n    <\/div>\n<\/div>\n\n\n\n<div class=\"container-fluid editor_content content content--narrow\">\n    <div class=\"row\">\n        <div class=\"col-12 editor_content\">\n            <h3>Systemlayout<\/h3>\n<p>Das Contra ist ein Komplettsystem f\u00fcr die Ozonzerst\u00f6rung, welches auf einer Palette mit Standard EUR Standfl\u00e4che montiert ist. Das System besteht aus mehreren Teilen, basierend auf dem Wunsch des Kunden, wie unten gezeigt.<\/p>\n        <\/div>\n    <\/div>\n<\/div>\n\n\n<div class=\"container-fluid content content--narrow\">\n    <div class=\"row\">\n        <div class=\"col-md-6 order-1 editor_content \">\n            <p>Wenn der Ozonstrom besonders feucht ist, wird ein Tropfenabscheider mit einem Sp\u00fclventil f\u00fcr das Kondensat installiert. Der Tropfenabscheider entfernt Wassertr\u00f6pfchen, die unter \u00fcbers\u00e4ttigten Bedingungen vorhanden sind. Da Kondensation im System vermieden werden muss, wird eine Heizung zur Erh\u00f6hung der Temperatur um 10 &#8211; 15 \u00b0C gem\u00e4\u00df den Materialempfehlungen installiert. Die Temperatur vor und nach dem Heizger\u00e4t wird \u00fcberwacht, um die Leistung des Ger\u00e4tes \u00fcber ein Bedienfeld zu regeln. Dar\u00fcber hinaus kann das System einen Drucksensor zur Berechnung der Druckverluste \u00fcber dem Bett beinhalten. Ein Ozonsensor kann auch zur kontinuierlichen \u00dcberwachung der Austrittskonzentration installiert werden. Das System wird durch einen Ventilator zur Regelung des Luftvolumens erg\u00e4nzt. Der Sollwert des Luftstroms wird kontinuierlich \u00fcberwacht und konstant gehalten, indem die Leistung des Ventilators \u00fcber einen Schaltschrank eingestellt wird.<\/p>\n<p>Basierend auf dem zu behandelnden Volumenstrom haben wir vier L\u00f6sungen entwickelt, um uns an Ihre Bed\u00fcrfnisse anzupassen.<\/p>\n        <\/div>\n        <div class=\"col-md-6 order-2 editor_content d-flex justify-content-center\">\n                                            <figure class=\"side-image wp-caption\">\n                    <img loading=\"lazy\" decoding=\"async\" width=\"425\" height=\"432\" src=\"https:\/\/ozonetech.com\/wp-content\/uploads\/2021\/03\/Ozone-destruction-system-Contra-2.png\" class=\"attachment-full size-full\" alt=\"\" srcset=\"https:\/\/ozonetech.com\/wp-content\/uploads\/2021\/03\/Ozone-destruction-system-Contra-2.png 425w, https:\/\/ozonetech.com\/wp-content\/uploads\/2021\/03\/Ozone-destruction-system-Contra-2-295x300.png 295w\" sizes=\"auto, (max-width: 425px) 100vw, 425px\" \/>                                            <p class=\"wp-caption-text\">\n                            Ozone Destruction System &#8211; Contra.                        <\/p>\n                                    <\/figure>\n                    <\/div>\n    <\/div>\n<\/div>\n<div class=\"container-fluid editor_content\">\n    <div class=\"row\">\n        <div class=\"col-12 editor_content table-wrapper \" style=\"--table-text-color-header: #FFFFFF; --table-text-color-rows: #000000; --table-background-color-header: #5f5f5f; --table-background-color-rows-even: #efefef; --table-background-color-rows-odd: #dfdfdf; \">\n                            \n<table id=\"tablepress-272\" class=\"tablepress tablepress-id-272\" aria-describedby=\"tablepress-272-description\">\n<thead>\n<tr class=\"row-1\">\n\t<th class=\"column-1\">Modell<\/th><th class=\"column-2\">Max. Kapazit\u00e4t<\/th><th class=\"column-3\">Max. Ozonkonzentration<\/th>\n<\/tr>\n<\/thead>\n<tbody class=\"row-striping\">\n<tr class=\"row-2\">\n\t<td class=\"column-1\">Contra \u2013 50<\/td><td class=\"column-2\">50 m<sup>3<\/sup>\/h<\/td><td class=\"column-3\">300 g\/m<sup>3<\/sup><\/td>\n<\/tr>\n<tr class=\"row-3\">\n\t<td class=\"column-1\">Contra \u2013 150<\/td><td class=\"column-2\">150 m<sup>3<\/sup>\/h<\/td><td class=\"column-3\">300 g\/m<sup>3<\/sup><\/td>\n<\/tr>\n<tr class=\"row-4\">\n\t<td class=\"column-1\">Contra \u2013 300<\/td><td class=\"column-2\">300 m<sup>3<\/sup>\/h<\/td><td class=\"column-3\">300 g\/m<sup>3<\/sup><\/td>\n<\/tr>\n<tr class=\"row-5\">\n\t<td class=\"column-1\">Contra \u2013 500<\/td><td class=\"column-2\">500 m<sup>3<\/sup>\/h<\/td><td class=\"column-3\">300 g\/m<sup>3<\/sup><\/td>\n<\/tr>\n<\/tbody>\n<\/table>\n<span id=\"tablepress-272-description\" class=\"tablepress-table-description tablepress-table-description-id-272\"><\/span>\n<!-- #tablepress-272 from cache -->                                <\/div>\n    <\/div>\n<\/div>\n\n\n<div class=\"container-fluid editor_content content content--narrow\">\n    <div class=\"row\">\n        <div class=\"col-12 editor_content\">\n            <h3>Ozonvernichtungsmaterial<\/h3>\n<p>Das f\u00fcr die Ozonzerst\u00f6rung verwendete Material ist ein speziell f\u00fcr diesen Zweck entwickelter Katalysator. Es ist das gleiche Material aus unserer Produktreihe OD 100-5000. Der Katalysator gew\u00e4hrleistet eine Ozonaustrittskonzentration von 0,1 ppm, unabh\u00e4ngig von der Einlasskonzentration. Das Materialbett ist von einem Modul aus Edelstahl 316 L umgeben, komplett mit Armaturen\/Verbindungen und katalytischem Material. Bei Bedarf kann das Katalysatormaterial durch \u00d6ffnen des Geh\u00e4usemoduls leicht ausgetauscht werden.<\/p>\n<p><strong>Hinweis:<\/strong> Feuchtigkeit, Staub, Partikel usw. k\u00f6nnen die Lebensdauer des Katalysators negativ beeinflussen. Katalysatorgifte wie Schwefelverbindungen, NOx und Kohlenwasserstoffe k\u00f6nnen irreversible Sch\u00e4den am Katalysator verursachen.<\/p>\n<h3>Anwendungsbereiche<\/h3>\n<ul>\n<li>Gro\u00dfe Wasseraufbereitungsanwendungen, wie z.B. Trinkwasseraufbereitung und CSB &amp; BSB Behandlung<\/li>\n<li>Ozonanwendungen f\u00fcr die Luftreinhaltung<\/li>\n<\/ul>\n<h3 style=\"line-height: 39.2px;\">Vorteile<\/h3>\n<ul>\n<li>Effektive Ozonvernichtung unter 0,1 ppm<\/li>\n<li>Vernichtung unabh\u00e4ngig von der Einlasskonzentration<\/li>\n<li>Komplettsystem f\u00fcr ein breites Spektrum an Str\u00f6men<\/li>\n<li>Geringer Platzbedarf: eine Standard-Europalette<\/li>\n<li>Robuste L\u00f6sung mit geringem Wartungsaufwand<\/li>\n<li>Modularer Aufbau, flexible Konfiguration<\/li>\n<\/ul>\n        <\/div>\n    <\/div>\n<\/div>\n\n<\/section>\n\n\n\n<section\n    id=\"\"\n    class=\"block content-block\"\n\tstyle=\"--cb-bg: white; --cb-content: #000; padding-top: 30px; padding-bottom: 30px;\"\n>\n    <div class=\"container-fluid editor_content\">\n    <div class=\"row\">\n        <div class=\"col-12 editor_content table-wrapper \" style=\"--table-text-color-header: #FFFFFF; --table-text-color-rows: #000000; --table-background-color-header: #5f5f5f; --table-background-color-rows-even: #efefef; --table-background-color-rows-odd: #dfdfdf; \">\n                            \n<table id=\"tablepress-273\" class=\"tablepress tablepress-id-273 tbody-has-connected-cells\" aria-describedby=\"tablepress-273-description\">\n<thead>\n<tr class=\"row-1\">\n\t<th colspan=\"2\" class=\"column-1\"><strong>Technische Spezifikationen<\/strong><\/th>\n<\/tr>\n<\/thead>\n<tbody class=\"row-striping\">\n<tr class=\"row-2\">\n\t<td colspan=\"2\" class=\"column-1\"><strong>Spezifikationen des Ozonvernichtungssystems<\/strong><\/td>\n<\/tr>\n<tr class=\"row-3\">\n\t<td class=\"column-1\">Ozon-Luftdurchfluss<\/td><td class=\"column-2\">0 \u2013 50 m<sup>3<\/sup>\/h  \u2013  Contra \u2013 50<br \/>\n0 \u2013 150 m<sup>3<\/sup>\/h \u2013 Contra \u2013 150<br \/>\n0 \u2013 300 m<sup>3<\/sup>\/h \u2013 Contra \u2013 300<br \/>\n0 \u2013 500 m<sup>3<\/sup>\/h \u2013 Contra \u2013 500<\/td>\n<\/tr>\n<tr class=\"row-4\">\n\t<td class=\"column-1\">Ozonaustrittskonzentration<\/td><td class=\"column-2\">0.1 ppm<\/td>\n<\/tr>\n<tr class=\"row-5\">\n\t<td class=\"column-1\">Temperatur<\/td><td class=\"column-2\">0 \u2013 80 \u00b0C<\/td>\n<\/tr>\n<tr class=\"row-6\">\n\t<td class=\"column-1\">Relative Luftfeuchtigkeit<\/td><td class=\"column-2\">0 \u2013 100 % RH<\/td>\n<\/tr>\n<tr class=\"row-7\">\n\t<td class=\"column-1\">Katalysatorumh\u00fcllungsmaterial<\/td><td class=\"column-2\">Edelstahl 316 L<\/td>\n<\/tr>\n<\/tbody>\n<\/table>\n<span id=\"tablepress-273-description\" class=\"tablepress-table-description tablepress-table-description-id-273\"><\/span>\n<!-- #tablepress-273 from cache -->                                <\/div>\n    <\/div>\n<\/div>\n<div class=\"container-fluid editor_content\">\n    <div class=\"row\">\n        <div class=\"col-12 editor_content table-wrapper \" style=\"--table-text-color-header: #FFFFFF; --table-text-color-rows: #000000; --table-background-color-header: #5f5f5f; --table-background-color-rows-even: #efefef; --table-background-color-rows-odd: #dfdfdf; \">\n                            \n<table id=\"tablepress-274\" class=\"tablepress tablepress-id-274\" aria-describedby=\"tablepress-274-description\">\n<thead>\n<tr class=\"row-1\">\n\t<th colspan=\"2\" class=\"column-1\"><strong>Liste der Komponenten<\/strong><\/th>\n<\/tr>\n<\/thead>\n<tbody class=\"row-striping\">\n<tr class=\"row-2\">\n\t<td class=\"column-1\"><strong>Komponente<\/strong><\/td><td class=\"column-2\"><strong>Beschreibung<\/strong><\/td>\n<\/tr>\n<tr class=\"row-3\">\n\t<td class=\"column-1\">Katalysatormodul<\/td><td class=\"column-2\">SS 316 L Modul zum Umh\u00fcllen des Katalysatormaterials. Das Modul ist f\u00fcr eine benutzerfreundliche Wartung und den Austausch des Materials ausgelegt, falls erforderlich.<\/td>\n<\/tr>\n<tr class=\"row-4\">\n\t<td class=\"column-1\">Katalysatorbett<\/td><td class=\"column-2\">Ozonvernichtungskatalysator<\/td>\n<\/tr>\n<tr class=\"row-5\">\n\t<td class=\"column-1\">Rohrleitungen<\/td><td class=\"column-2\">Die verwendeten Rohrleitungen verbinden die Teile des Systems miteinander sowie mit dem Prozessstrom. Es stehen verschiedene Arten von Anschl\u00fcssen zur Verf\u00fcgung.<\/td>\n<\/tr>\n<tr class=\"row-6\">\n\t<td class=\"column-1\">L\u00fcfter<\/td><td class=\"column-2\">L\u00fcfter, um gew\u00fcnschten Luftvolumenstrom zu erreichen.<\/td>\n<\/tr>\n<tr class=\"row-7\">\n\t<td class=\"column-1\">Steuerungssystem<\/td><td class=\"column-2\">Steuersystem zum Regeln der Leistung des Ventilators, wobei ein konstanter Sollwert f\u00fcr den Luftvolumenstrom eingehalten wird.<\/td>\n<\/tr>\n<\/tbody>\n<\/table>\n<span id=\"tablepress-274-description\" class=\"tablepress-table-description tablepress-table-description-id-274\"><\/span>\n<!-- #tablepress-274 from cache -->                                <\/div>\n    <\/div>\n<\/div>\n<div class=\"container-fluid editor_content\">\n    <div class=\"row\">\n        <div class=\"col-12 editor_content table-wrapper \" style=\"--table-text-color-header: #FFFFFF; --table-text-color-rows: #000000; --table-background-color-header: #5f5f5f; --table-background-color-rows-even: #efefef; --table-background-color-rows-odd: #dfdfdf; \">\n                            \n<table id=\"tablepress-274-no-2\" class=\"tablepress tablepress-id-274\" aria-describedby=\"tablepress-274-no-2-description\">\n<thead>\n<tr class=\"row-1\">\n\t<th colspan=\"2\" class=\"column-1\"><strong>Liste der Komponenten<\/strong><\/th>\n<\/tr>\n<\/thead>\n<tbody class=\"row-striping\">\n<tr class=\"row-2\">\n\t<td class=\"column-1\"><strong>Komponente<\/strong><\/td><td class=\"column-2\"><strong>Beschreibung<\/strong><\/td>\n<\/tr>\n<tr class=\"row-3\">\n\t<td class=\"column-1\">Katalysatormodul<\/td><td class=\"column-2\">SS 316 L Modul zum Umh\u00fcllen des Katalysatormaterials. Das Modul ist f\u00fcr eine benutzerfreundliche Wartung und den Austausch des Materials ausgelegt, falls erforderlich.<\/td>\n<\/tr>\n<tr class=\"row-4\">\n\t<td class=\"column-1\">Katalysatorbett<\/td><td class=\"column-2\">Ozonvernichtungskatalysator<\/td>\n<\/tr>\n<tr class=\"row-5\">\n\t<td class=\"column-1\">Rohrleitungen<\/td><td class=\"column-2\">Die verwendeten Rohrleitungen verbinden die Teile des Systems miteinander sowie mit dem Prozessstrom. Es stehen verschiedene Arten von Anschl\u00fcssen zur Verf\u00fcgung.<\/td>\n<\/tr>\n<tr class=\"row-6\">\n\t<td class=\"column-1\">L\u00fcfter<\/td><td class=\"column-2\">L\u00fcfter, um gew\u00fcnschten Luftvolumenstrom zu erreichen.<\/td>\n<\/tr>\n<tr class=\"row-7\">\n\t<td class=\"column-1\">Steuerungssystem<\/td><td class=\"column-2\">Steuersystem zum Regeln der Leistung des Ventilators, wobei ein konstanter Sollwert f\u00fcr den Luftvolumenstrom eingehalten wird.<\/td>\n<\/tr>\n<\/tbody>\n<\/table>\n<span id=\"tablepress-274-no-2-description\" class=\"tablepress-table-description tablepress-table-description-id-274\"><\/span>\n<!-- #tablepress-274-no-2 from cache -->                                <\/div>\n    <\/div>\n<\/div>\n\n\n<div class=\"container-fluid editor_content content content--narrow\">\n    <div class=\"row\">\n        <div class=\"col-12 editor_content\">\n            <p><em>Weitere Informationen zu unseren kleineren Anlagen zur Ozonvernichtung finden Sie auf unserer Produktseite Ozonvernichter.<\/em><\/p>\n        <\/div>\n    <\/div>\n<\/div>\n\n<\/section>\n","protected":false},"excerpt":{"rendered":"","protected":false},"author":21,"featured_media":0,"parent":36079,"menu_order":0,"comment_status":"closed","ping_status":"closed","template":"","meta":{"_acf_changed":false,"_seopress_robots_primary_cat":"","_seopress_titles_title":"","_seopress_titles_desc":"Das Gegenst\u00fcck ist eine Gesamtl\u00f6sung f\u00fcr den Ozonabbau, die nach Kundenwunsch auf einer Palette mit EUR-Stellfl\u00e4che befestigt wird.","_seopress_robots_index":"","inline_featured_image":false,"footnotes":""},"class_list":["post-36099","page","type-page","status-publish","hentry"],"acf":[],"_links":{"self":[{"href":"https:\/\/ozonetech.com\/de\/wp-json\/wp\/v2\/pages\/36099","targetHints":{"allow":["GET"]}}],"collection":[{"href":"https:\/\/ozonetech.com\/de\/wp-json\/wp\/v2\/pages"}],"about":[{"href":"https:\/\/ozonetech.com\/de\/wp-json\/wp\/v2\/types\/page"}],"author":[{"embeddable":true,"href":"https:\/\/ozonetech.com\/de\/wp-json\/wp\/v2\/users\/21"}],"replies":[{"embeddable":true,"href":"https:\/\/ozonetech.com\/de\/wp-json\/wp\/v2\/comments?post=36099"}],"version-history":[{"count":10,"href":"https:\/\/ozonetech.com\/de\/wp-json\/wp\/v2\/pages\/36099\/revisions"}],"predecessor-version":[{"id":40794,"href":"https:\/\/ozonetech.com\/de\/wp-json\/wp\/v2\/pages\/36099\/revisions\/40794"}],"up":[{"embeddable":true,"href":"https:\/\/ozonetech.com\/de\/wp-json\/wp\/v2\/pages\/36079"}],"wp:attachment":[{"href":"https:\/\/ozonetech.com\/de\/wp-json\/wp\/v2\/media?parent=36099"}],"curies":[{"name":"wp","href":"https:\/\/api.w.org\/{rel}","templated":true}]}}