{"id":36091,"date":"2021-07-09T09:05:10","date_gmt":"2021-07-09T08:05:10","guid":{"rendered":"https:\/\/ozonetech.com\/?page_id=36091"},"modified":"2024-10-10T11:08:03","modified_gmt":"2024-10-10T09:08:03","slug":"cfd-simulationsservice","status":"publish","type":"page","link":"https:\/\/ozonetech.com\/de\/systeme-dienstleistungen\/luftaufbereitung\/cfd-simulationsservice\/","title":{"rendered":"CFD-Simulationsservice"},"content":{"rendered":"\n<section\n    class=\"block hero hero--regular\"\n    style=\"background-image: url('https:\/\/ozonetech.com\/wp-content\/uploads\/2021\/03\/Streamlines-2-1600x484.jpg'); --hero-opacity: 0.3\"\n>\n\n    <div class=\"container-fluid\">\n\n        <div class=\"content editor_content\">\n                         \n                <h2 class='h2'>CFD-Simulationsservice<\/h2>            \n                    <\/div>\n\n            <\/div>\n<\/section>\n\n\n<section class=\"component component_breadcrumbs\">\n\t<div class=\"container-fluid\">\n  \t<\/div>\n<\/section>\n\n\n<section\n    id=\"\"\n    class=\"block content-block\"\n\tstyle=\"--cb-bg: white; --cb-content: #000; padding-top: 30px; padding-bottom: 30px;\"\n>\n    \n\n<div class=\"container-fluid editor_content content content--narrow\">\n    <div class=\"row\">\n        <div class=\"col-12 editor_content\">\n            <h1>Effizienter Abbau von \u00fcbersch\u00fcssigem Ozon<\/h1>\n<p class=\"preamble\">Computational Fluid Dynamics (CFD) ist ein Sammelbegriff f\u00fcr Gleichungssysteme, die zur Vorhersage von Str\u00f6mungsrichtung, Geschwindigkeit und Turbulenz eines Gas- oder Fl\u00fcssigkeitsstroms verwendet werden.<\/p>\n<p>Wir wissen, dass Ozon ein sehr starkes Molek\u00fcl ist, das f\u00fcr viele Anwendungen in der Luft- und Wasseraufbereitung geeignet ist. Nach der Behandlung kann jedoch noch eine hohe Ozonkonzentration vorhanden sein, die eine Zerst\u00f6rung des Ozons erfordert. Wir haben eine innovative L\u00f6sung zur Zerst\u00f6rung hoher Ozonbelastungen entwickelt: das Contra Ozonvernichtungssystem.<\/p>\n        <\/div>\n    <\/div>\n<\/div>\n\n\n\n<div class=\"container-fluid editor_content content content--narrow\">\n    <div class=\"row\">\n        <div class=\"col-12 editor_content\">\n            <h3>Die Realit\u00e4t ist nicht ideal!<\/h3>\n<p>Es ist leicht anzunehmen, dass ideale Bedingungen in Prozessstr\u00f6men und Anlagen herrschen, aber in vielen F\u00e4llen sind nicht-ideale Bedingungen f\u00fcr gro\u00dfe Abweichungen zwischen Berechnung und Realit\u00e4t verantwortlich, insbesondere im industriellen Ma\u00dfstab.<\/p>\n<p>Vorteile von CFD-Simulationen:<\/p>\n<ul>\n<li>Erzielen Sie das bestm\u00f6gliche Ergebnis &#8211; sparen Sie Geld und Aufwand, indem Sie Konstruktionsfehler nicht ausgleichen m\u00fcssen!<\/li>\n<li>Vorhersage schlechter Mischbedingungen oder stagnierender Zonen, die zu unerwarteter Verschlechterung der Effizienz oder Korrosion f\u00fchren k\u00f6nnen.<\/li>\n<li>Stellen Sie eine gute Positionierung der Injektion sicher &#8211; machen Sie das Beste aus Ihrer Ozonl\u00f6sung.<\/li>\n<li>Koppeln Sie CFD mit anderen Ph\u00e4nomenen, um eine optimale W\u00e4rme\u00fcbertragung, K\u00fchlung, Reaktionsleistung und Verwendung von Filtern zu gew\u00e4hrleisten.<\/li>\n<\/ul>\n<p>Das Sch\u00f6ne an Simulationen ist, dass sie so einfach oder komplex durchgef\u00fchrt werden k\u00f6nnen, wie Sie es w\u00fcnschen, wir bieten Simulationen an, die von einfach und schnell bis gro\u00df und komplex reichen, je nach Ihrem Problem. Wir empfehlen eine beliebige Kombination der Dienstleistungen:<\/p>\n<ul>\n<li>Str\u00f6mungsmusteranalyse &#8211; Untersuchen Sie, wie sich die Str\u00f6mung verteilt.<\/li>\n<li>Durchfluss durch Mischanlagen &#8211; Ist die Mischleistung ausreichend?<\/li>\n<li>Konzentrationsprofilstudie &#8211; Maximierung der Mischeffizienz, Reduzierung von Korrosion<\/li>\n<li>W\u00e4rme\u00fcbertragungsanalyse &#8211; Holen Sie das Beste aus Ihrem W\u00e4rmer\u00fcckgewinnungssystem heraus und vermeiden Sie kritische Temperaturen.<\/li>\n<li>Reaktionstechnik &#8211; Modellieren Sie chemische Reaktionen in Anlagen, die in Verbindung mit der W\u00e4rme\u00fcbertragung auch Informationen \u00fcber die bei Reaktionen entstehende W\u00e4rme liefern.<\/li>\n<li>Mehrphasige Systeme &#8211; Simulieren Sie Blasen in Wasser, Blasen in Ger\u00e4ten und mit Stoffaustausch- und Gleichgewichtsberechnungen k\u00f6nnen Sie die Ozonl\u00f6sung in Wasser sch\u00e4tzen.<\/li>\n<\/ul>\n<p>Lesen Sie mehr \u00fcber unseren Arbeitsprozess, oder <a href=\"https:\/\/ozonetech.com\/contact\/\">kontaktieren Sie uns<\/a> bei spezifischen Fragen.<\/p>\n        <\/div>\n    <\/div>\n<\/div>\n\n<\/section>\n","protected":false},"excerpt":{"rendered":"","protected":false},"author":21,"featured_media":0,"parent":36079,"menu_order":0,"comment_status":"closed","ping_status":"closed","template":"","meta":{"_acf_changed":false,"_seopress_robots_primary_cat":"","_seopress_titles_title":"","_seopress_titles_desc":"Ozonetech liefert Technikl\u00f6sungen auf dem neusten Stand, wir gehen den extra Schritt und bieten fortschrittliche CFD-Simulationen als Teil unseres Verfahrens an.","_seopress_robots_index":"","inline_featured_image":false,"footnotes":""},"class_list":["post-36091","page","type-page","status-publish","hentry"],"acf":[],"_links":{"self":[{"href":"https:\/\/ozonetech.com\/de\/wp-json\/wp\/v2\/pages\/36091","targetHints":{"allow":["GET"]}}],"collection":[{"href":"https:\/\/ozonetech.com\/de\/wp-json\/wp\/v2\/pages"}],"about":[{"href":"https:\/\/ozonetech.com\/de\/wp-json\/wp\/v2\/types\/page"}],"author":[{"embeddable":true,"href":"https:\/\/ozonetech.com\/de\/wp-json\/wp\/v2\/users\/21"}],"replies":[{"embeddable":true,"href":"https:\/\/ozonetech.com\/de\/wp-json\/wp\/v2\/comments?post=36091"}],"version-history":[{"count":9,"href":"https:\/\/ozonetech.com\/de\/wp-json\/wp\/v2\/pages\/36091\/revisions"}],"predecessor-version":[{"id":40834,"href":"https:\/\/ozonetech.com\/de\/wp-json\/wp\/v2\/pages\/36091\/revisions\/40834"}],"up":[{"embeddable":true,"href":"https:\/\/ozonetech.com\/de\/wp-json\/wp\/v2\/pages\/36079"}],"wp:attachment":[{"href":"https:\/\/ozonetech.com\/de\/wp-json\/wp\/v2\/media?parent=36091"}],"curies":[{"name":"wp","href":"https:\/\/api.w.org\/{rel}","templated":true}]}}