{"id":36087,"date":"2021-07-09T09:00:46","date_gmt":"2021-07-09T08:00:46","guid":{"rendered":"https:\/\/ozonetech.com\/?page_id=36087"},"modified":"2024-10-10T11:04:32","modified_gmt":"2024-10-10T09:04:32","slug":"luft-und-geruchsanalyse","status":"publish","type":"page","link":"https:\/\/ozonetech.com\/de\/systeme-dienstleistungen\/luftaufbereitung\/luft-und-geruchsanalyse\/","title":{"rendered":"Luft- und Geruchsanalyse"},"content":{"rendered":"\n<section\n    class=\"block hero hero--regular\"\n    style=\"background-image: url('https:\/\/ozonetech.com\/wp-content\/uploads\/2021\/03\/air-odor-anlysis-1600x484.jpg'); --hero-opacity: 0.3\"\n>\n\n    <div class=\"container-fluid\">\n\n        <div class=\"content editor_content\">\n                         \n                <h2 class='h2'>Luft- und Geruchsanalyse<\/h2>            \n                    <\/div>\n\n            <\/div>\n<\/section>\n\n\n<section class=\"component component_breadcrumbs\">\n\t<div class=\"container-fluid\">\n  \t<\/div>\n<\/section>\n\n\n<section\n    id=\"\"\n    class=\"block content-block\"\n\tstyle=\"--cb-bg: white; --cb-content: #000; padding-top: 30px; padding-bottom: 30px;\"\n>\n    \n\n<div class=\"container-fluid editor_content content content--narrow\">\n    <div class=\"row\">\n        <div class=\"col-12 editor_content\">\n            <h1>Fortschrittliche wissenschaftliche Analyse der Luft- und Geruchszusammensetzung<\/h1>\n<p class=\"preamble\">Die Behandlung von Luftproblemen, insbesondere von Ger\u00fcchen, ist eine gro\u00dfe Herausforderung. Ein Teil der Herausforderung liegt in den Unsicherheiten der zu reinigenden Luft. Um dieses Problem zu l\u00f6sen, bieten wir Luftanalysen zum besseren Verst\u00e4ndnis der Luftverh\u00e4ltnisse und ein wirklich ma\u00dfgeschneidertes Ozonsystem an.<\/p>\n<p>Da unsere Anwendungen sehr vielf\u00e4ltig sind, bieten wir viele Analysen zur Identifizierung und Quantifizierung der Luftschadstoffe an. Wir f\u00fchren die Analysen sowohl intern als auch in Zusammenarbeit mit zertifizierten unabh\u00e4ngigen Partnern durch, basierend auf den W\u00fcnschen des Kunden. Wir sind stets bestrebt, die h\u00f6chstm\u00f6gliche Genauigkeit unserer Analysen zu erreichen, daher verwenden wir modernste Instrumente, die mit modernsten Technologien ausgestattet sind.<\/p>\n        <\/div>\n    <\/div>\n<\/div>\n\n\n\n<div class=\"container-fluid editor_content content content--narrow\">\n    <div class=\"row\">\n        <div class=\"col-12 editor_content\">\n            <h3>Analysierte Luftvariablen<\/h3>\n<p>Nachfolgend finden Sie eine Liste der g\u00e4ngigsten analysierten Variablen, entsprechend unseren Anwendungen.<\/p>\n<p><em>Es sind andere Analysearten verf\u00fcgbar, f\u00fcr n\u00e4here Informationen <a href=\"https:\/\/ozonetech.com\/contact\/\">kontaktieren Sie uns<\/a> bitte.<\/em><\/p>\n        <\/div>\n    <\/div>\n<\/div>\n\n\n<div class=\"container-fluid editor_content content content--narrow\">\n    <div class=\"row\">\n        <div class=\"col-md-6\">\n            <h4>Konzentration der Luftverbindungen<\/h4>\n<ul>\n<li>H<sub>2<\/sub>S<\/li>\n<li>Fl\u00fcchtige organische Verbindungen &#8211; VOC (Konzentration mit FID und Identifizierung mit GC-MS)<\/li>\n<li>Ozon<\/li>\n<li>NH<sub>3<\/sub><\/li>\n<li>Thiole<\/li>\n<li>Methan<\/li>\n<li>NOx<\/li>\n<\/ul>\n        <\/div>\n        <div class=\"col-md-6\">\n            <h4>Prozessbedingungen<\/h4>\n<ul>\n<li>Luftfeuchtigkeit<\/li>\n<li>Temperatur<\/li>\n<li>Volumenstrom<\/li>\n<li>Druck und Druckabf\u00e4lle<\/li>\n<\/ul>\n        <\/div>\n    <\/div>\n<\/div>\n\n<div class=\"container-fluid editor_content content content--narrow\">\n    <div class=\"row\">\n        <div class=\"col-12 editor_content\">\n            <h3>Geruchsanalyse<\/h3>\n<p>Die Geruchswerte sind am schwierigsten zu messen, da es kein elektronisches Ger\u00e4t gibt, das genaue Messungen liefert. Jeder einzelne &#8222;Geruch&#8220; ist eine komplexe Mischung aus verschiedenen Arten von Verbindungen. Wenn diese Mischung die Rezeptoren in der menschlichen Nase erreicht, hat jede Verbindung eine andere Interaktion mit den Rezeptoren. Einige Verbindungen werden bereits bei ppb (parts-per-billion) Konzentrationen nachgewiesen, w\u00e4hrend andere v\u00f6llig geruchlos sind. Dar\u00fcber hinaus sollte die hedonische Geruchswirkung der Probe ber\u00fccksichtigt werden, da er die Geruchsmessung beeinflussen kann. Die hedonische Geruchswirkung ist ein Indikator daf\u00fcr, wie angenehm ein bestimmter Geruch im Vergleich zu anderen ist. W\u00e4hrend ein intensiver, aber angenehmer Geruch toleriert werden kann, muss oft eine kleine, aber unangenehme Geruchsquelle behandelt werden.<\/p>\n<h2 style=\"text-align: center;\"><img loading=\"lazy\" decoding=\"async\" class=\"aligncenter wp-image-22042 size-large\" src=\"https:\/\/ozonetech.com\/wp-content\/uploads\/2021\/03\/Smell-flower-1024x683.jpg\" alt=\"\" width=\"1024\" height=\"683\" srcset=\"https:\/\/ozonetech.com\/wp-content\/uploads\/2021\/03\/Smell-flower-1024x683.jpg 1024w, https:\/\/ozonetech.com\/wp-content\/uploads\/2021\/03\/Smell-flower-300x200.jpg 300w, https:\/\/ozonetech.com\/wp-content\/uploads\/2021\/03\/Smell-flower-768x512.jpg 768w, https:\/\/ozonetech.com\/wp-content\/uploads\/2021\/03\/Smell-flower.jpg 1500w\" sizes=\"auto, (max-width: 1024px) 100vw, 1024px\" \/><\/h2>\n<p>Nur aus dem, was vorgestellt wurde, l\u00e4sst sich ersehen, dass eine korrekte Geruchsmessung sehr komplex ist. Es gibt jedoch noch weitergehende Aspekte zu ber\u00fccksichtigen, wie z.B. &#8222;\u00dcberdeckungseffekte&#8220; und die &#8222;Nasenerm\u00fcdung&#8220;.<\/p>\n<p>Um den Geruch genau zu messen, haben wir zwei Alternativen entwickelt. Die erste Alternative ist ein Berechnungswerkzeug, das die Konzentration und Geruchsaktivit\u00e4t der Verbindungen ber\u00fccksichtigt, was zu einer Vorhersage der Geruchswerte f\u00fcr das gesamte Luftgemisch f\u00fchrt. Mit unserem Tool kann eine gute Genauigkeit der Geruchswerte erreicht werden, mit relevanten Vergleichen zwischen verschiedenen F\u00e4llen (z.B. mit und ohne Ozonbehandlung).<\/p>\n<p>Unsere zweite Alternative ist eine eigentliche Geruchsmessung, zertifiziert nach der Norm EN 13725:2003 f\u00fcr die Geruchsanalyse. Da kein Instrument die menschliche Nase ersetzen kann, wird die Analyse von einer Gruppe von Assessoren durchgef\u00fchrt, die die Probe in verschiedenen Verd\u00fcnnungen riechen. Die Pr\u00fcfer stellen fest, ob eine bestimmte Verd\u00fcnnung noch einen Geruchsgehalt aufweist, und bestimmen so den Geruchswert der Probe. Diese Messung wird in Zusammenarbeit mit unseren unabh\u00e4ngigen Partnern durchgef\u00fchrt.<\/p>\n        <\/div>\n    <\/div>\n<\/div>\n\n\n\n<div class=\"container-fluid editor_content content content--narrow\">\n    <div class=\"row\">\n        <div class=\"col-12 editor_content\">\n            <h3>Bericht und Systemkonzept<\/h3>\n<p>Nach der Luft- und Geruchsanalyse werden wir einen professionellen Bericht mit relevanten Schlussfolgerungen zur Luftverschmutzung erstellen. Zusammen mit dem Analysebericht k\u00f6nnen wir eine L\u00f6sung f\u00fcr die Luftreinigung anbieten. Das Design des Systems und die Beschreibung der Komponenten werden in unserem Vorschlag vorgestellt. Das System nutzt die Analyseergebnisse und die Kundenanforderung, um eine f\u00fcr jeden Fall ma\u00dfgeschneiderte L\u00f6sung zu entwickeln.<\/p>\n        <\/div>\n    <\/div>\n<\/div>\n\n<\/section>\n","protected":false},"excerpt":{"rendered":"","protected":false},"author":21,"featured_media":0,"parent":36079,"menu_order":0,"comment_status":"closed","ping_status":"closed","template":"","meta":{"_acf_changed":false,"_seopress_robots_primary_cat":"","_seopress_titles_title":"","_seopress_titles_desc":"Wir bieten Analysen intern und\/oder in Zusammenarbeit mit zertifizierten Partnern an, die darauf abzielen Luftverunreinigungen zu identifizieren und zu quantifizieren.","_seopress_robots_index":"","inline_featured_image":false,"footnotes":""},"class_list":["post-36087","page","type-page","status-publish","hentry"],"acf":[],"_links":{"self":[{"href":"https:\/\/ozonetech.com\/de\/wp-json\/wp\/v2\/pages\/36087","targetHints":{"allow":["GET"]}}],"collection":[{"href":"https:\/\/ozonetech.com\/de\/wp-json\/wp\/v2\/pages"}],"about":[{"href":"https:\/\/ozonetech.com\/de\/wp-json\/wp\/v2\/types\/page"}],"author":[{"embeddable":true,"href":"https:\/\/ozonetech.com\/de\/wp-json\/wp\/v2\/users\/21"}],"replies":[{"embeddable":true,"href":"https:\/\/ozonetech.com\/de\/wp-json\/wp\/v2\/comments?post=36087"}],"version-history":[{"count":13,"href":"https:\/\/ozonetech.com\/de\/wp-json\/wp\/v2\/pages\/36087\/revisions"}],"predecessor-version":[{"id":40819,"href":"https:\/\/ozonetech.com\/de\/wp-json\/wp\/v2\/pages\/36087\/revisions\/40819"}],"up":[{"embeddable":true,"href":"https:\/\/ozonetech.com\/de\/wp-json\/wp\/v2\/pages\/36079"}],"wp:attachment":[{"href":"https:\/\/ozonetech.com\/de\/wp-json\/wp\/v2\/media?parent=36087"}],"curies":[{"name":"wp","href":"https:\/\/api.w.org\/{rel}","templated":true}]}}