{"id":36079,"date":"2021-07-09T08:54:02","date_gmt":"2021-07-09T07:54:02","guid":{"rendered":"https:\/\/ozonetech.com\/?page_id=36079"},"modified":"2024-10-10T10:56:21","modified_gmt":"2024-10-10T08:56:21","slug":"luftaufbereitung","status":"publish","type":"page","link":"https:\/\/ozonetech.com\/de\/systeme-dienstleistungen\/luftaufbereitung\/","title":{"rendered":"Luftaufbereitung"},"content":{"rendered":"\n<section\n    class=\"block hero hero--regular\"\n    style=\"background-image: url('https:\/\/ozonetech.com\/wp-content\/uploads\/2021\/03\/tailored-pilot-projects-for-air-treatment-2-1600x484.jpg'); --hero-opacity: 0\"\n>\n\n    <div class=\"container-fluid\">\n\n        <div class=\"content editor_content\">\n                         \n                <h2 class='h2'>Luftaufbereitung<\/h2>            \n                    <\/div>\n\n            <\/div>\n<\/section>\n\n\n<section class=\"component component_breadcrumbs\">\n\t<div class=\"container-fluid\">\n  \t<\/div>\n<\/section>\n\n\n<section\n    id=\"\"\n    class=\"block content-block\"\n\tstyle=\"--cb-bg: #fff; --cb-content: #000; \"\n>\n    \n\n<div class=\"container-fluid editor_content content content--narrow\">\n    <div class=\"row\">\n        <div class=\"col-12 editor_content\">\n            <h1>Die effizientesten L\u00f6sungen und Systeme f\u00fcr die Luftaufbereitung<\/h1>\n<p class=\"preamble\">Ozonetech ist eine weltweit bekannte innovative Marke, die eine vollst\u00e4ndiges Sortiment an hochmodernen Luftaufbereitungsl\u00f6sungen und Systemen in verschiedenen Industrie- und Versorgungsunternehmen anbietet.<\/p>\n<p>Wir haben \u00fcber 40 Jahre lang Erfahrung und Know-How angesammelt in der Planung, Herstellung und Abnahme von fortschrittlichen Ozon- und Oxidierungsl\u00f6sungen und -systemen, um die wirksamsten und nachhaltigsten Anwendungen f\u00fcr die Luft zu entwickeln, die nicht nur die Probleme unserer Kunden l\u00f6sen, sondern auch einen echten Gesch\u00e4ftswert sowie eine niedrigere Umweltbelastung durch ihr Gesch\u00e4ft schaffen. Unser Ansatz ist es, das Problem immer durch die Einf\u00fchrung einer nachhaltigen L\u00f6sung zu l\u00f6sen, unabh\u00e4ngig vom Problem, der Anwendung und der Branche.<\/p>\n<p>Wir Konzipieren unsere L\u00f6sungen, um alle Formen von organischen und anorganischen Mikroverschmutzungen, wie Fett, Aerosole, Geruchssubstanzen, sich in der Luft befindlichen Krankheitserreger und viele andere Schadstoffe in der Luft bedeutend zu reduzieren und in den meisten F\u00e4llen vollst\u00e4ndig zu entfernen.<\/p>\n<p>Unser Plug-and-Play L\u00f6sungen und Systeme basieren auf der Ozonoxidation und auf der Technologie des fortgeschrittenen Oxidationsvorgangs (AOP), was den Bedarf an Chemikalien vollst\u00e4ndig beseitigt und dadurch die Betriebs- und Wartungskosten reduziert.<\/p>\n<p><img loading=\"lazy\" decoding=\"async\" class=\"aligncenter wp-image-38033 size-large\" src=\"https:\/\/ozonetech.com\/wp-content\/uploads\/2021\/08\/air-treatment-steps-DE-1024x410.png\" alt=\"\" width=\"1024\" height=\"410\" srcset=\"https:\/\/ozonetech.com\/wp-content\/uploads\/2021\/08\/air-treatment-steps-DE-1024x410.png 1024w, https:\/\/ozonetech.com\/wp-content\/uploads\/2021\/08\/air-treatment-steps-DE-300x120.png 300w, https:\/\/ozonetech.com\/wp-content\/uploads\/2021\/08\/air-treatment-steps-DE-768x307.png 768w, https:\/\/ozonetech.com\/wp-content\/uploads\/2021\/08\/air-treatment-steps-DE.png 1500w\" sizes=\"auto, (max-width: 1024px) 100vw, 1024px\" \/><\/p>\n<p>Erfahren Sie mehr \u00fcber unsere schl\u00fcsselfertigen Systeme und L\u00f6sungen und wie sie Ihnen helfen k\u00f6nnen, Ihre Luftprobleme zu kontrollieren:<\/p>\n        <\/div>\n    <\/div>\n<\/div>\n\n<\/section>\n\n\n\n<section class=\"block landing-page-grid\" style=\"--grid-bg: #fff; --grid-link: #5f5f5f; --grid-content: #000000;\">\n\n    <div class=\"container-fluid grid\">\n\n                \n                    <div class=\"grid__list\">\n                                    <a class=\"item\" href=\"https:\/\/ozonetech.com\/de\/systeme-dienstleistungen\/luftaufbereitung\/rena-pro-ozonsysteme\/\" target=\"\">\n                        <span class=\"item__overlay\"><\/span>\n                        <span\n                            class=\"item__background-image\"\n                            style=\"background-image: url('https:\/\/ozonetech.com\/wp-content\/uploads\/2021\/03\/rena-pro-systems-3.jpg');\"\n                        ><\/span>\n                        \n                        <span class=\"item__content\">\n                            <figure class=\"item__content--icon\">\n                                                            <\/figure>\n\n                            <span class=\"item__content--link\">\n                                <span>RENA Pro Ozonsysteme<\/span><svg version=\"1.1\" id=\"Layer_1\" xmlns=\"http:\/\/www.w3.org\/2000\/svg\" x=\"0\" y=\"0\" viewBox=\"0 0 25 21.76\" xml:space=\"preserve\"><path fill=\"#FF691C\" d=\"M12.17 1.45l1.11-1.1c.46-.47 1.22-.47 1.68 0l9.69 9.68c.47.46.47 1.22 0 1.68l-9.69 9.69c-.46.47-1.22.47-1.68 0l-1.11-1.11c-.47-.47-.46-1.23.01-1.7l.01-.01 6-5.72h-17c-.66 0-1.2-.53-1.2-1.19v-1.6c0-.66.53-1.2 1.19-1.2h17.01l-6-5.72c-.48-.45-.5-1.2-.05-1.68.01 0 .02-.01.03-.02z\"\/><\/svg>                            <\/span>\n                        <\/span>\n                    <\/a>\n                                    <a class=\"item\" href=\"https:\/\/ozonetech.com\/de\/systeme-dienstleistungen\/luftaufbereitung\/ozonvernichtungssystem-contra\/\" target=\"\">\n                        <span class=\"item__overlay\"><\/span>\n                        <span\n                            class=\"item__background-image\"\n                            style=\"background-image: url('https:\/\/ozonetech.com\/wp-content\/uploads\/2021\/03\/ozone-destruction-1.jpg');\"\n                        ><\/span>\n                        \n                        <span class=\"item__content\">\n                            <figure class=\"item__content--icon\">\n                                                            <\/figure>\n\n                            <span class=\"item__content--link\">\n                                <span>Ozon-Abbausystem<\/span><svg version=\"1.1\" id=\"Layer_1\" xmlns=\"http:\/\/www.w3.org\/2000\/svg\" x=\"0\" y=\"0\" viewBox=\"0 0 25 21.76\" xml:space=\"preserve\"><path fill=\"#FF691C\" d=\"M12.17 1.45l1.11-1.1c.46-.47 1.22-.47 1.68 0l9.69 9.68c.47.46.47 1.22 0 1.68l-9.69 9.69c-.46.47-1.22.47-1.68 0l-1.11-1.11c-.47-.47-.46-1.23.01-1.7l.01-.01 6-5.72h-17c-.66 0-1.2-.53-1.2-1.19v-1.6c0-.66.53-1.2 1.19-1.2h17.01l-6-5.72c-.48-.45-.5-1.2-.05-1.68.01 0 .02-.01.03-.02z\"\/><\/svg>                            <\/span>\n                        <\/span>\n                    <\/a>\n                                    <a class=\"item\" href=\"https:\/\/ozonetech.com\/de\/systeme-dienstleistungen\/luftaufbereitung\/luft-und-geruchsanalyse\/\" target=\"\">\n                        <span class=\"item__overlay\"><\/span>\n                        <span\n                            class=\"item__background-image\"\n                            style=\"background-image: url('https:\/\/ozonetech.com\/wp-content\/uploads\/2021\/03\/air-analysis.jpg');\"\n                        ><\/span>\n                        \n                        <span class=\"item__content\">\n                            <figure class=\"item__content--icon\">\n                                                            <\/figure>\n\n                            <span class=\"item__content--link\">\n                                <span>Luft- und Geruchsanalyse<\/span><svg version=\"1.1\" id=\"Layer_1\" xmlns=\"http:\/\/www.w3.org\/2000\/svg\" x=\"0\" y=\"0\" viewBox=\"0 0 25 21.76\" xml:space=\"preserve\"><path fill=\"#FF691C\" d=\"M12.17 1.45l1.11-1.1c.46-.47 1.22-.47 1.68 0l9.69 9.68c.47.46.47 1.22 0 1.68l-9.69 9.69c-.46.47-1.22.47-1.68 0l-1.11-1.11c-.47-.47-.46-1.23.01-1.7l.01-.01 6-5.72h-17c-.66 0-1.2-.53-1.2-1.19v-1.6c0-.66.53-1.2 1.19-1.2h17.01l-6-5.72c-.48-.45-.5-1.2-.05-1.68.01 0 .02-.01.03-.02z\"\/><\/svg>                            <\/span>\n                        <\/span>\n                    <\/a>\n                                    <a class=\"item\" href=\"https:\/\/ozonetech.com\/de\/systeme-dienstleistungen\/luftaufbereitung\/cfd-simulationsservice\/\" target=\"\">\n                        <span class=\"item__overlay\"><\/span>\n                        <span\n                            class=\"item__background-image\"\n                            style=\"background-image: url('https:\/\/ozonetech.com\/wp-content\/uploads\/2021\/03\/streamline-cfd-1.jpg');\"\n                        ><\/span>\n                        \n                        <span class=\"item__content\">\n                            <figure class=\"item__content--icon\">\n                                                            <\/figure>\n\n                            <span class=\"item__content--link\">\n                                <span>CFD-Simulationsservice<\/span><svg version=\"1.1\" id=\"Layer_1\" xmlns=\"http:\/\/www.w3.org\/2000\/svg\" x=\"0\" y=\"0\" viewBox=\"0 0 25 21.76\" xml:space=\"preserve\"><path fill=\"#FF691C\" d=\"M12.17 1.45l1.11-1.1c.46-.47 1.22-.47 1.68 0l9.69 9.68c.47.46.47 1.22 0 1.68l-9.69 9.69c-.46.47-1.22.47-1.68 0l-1.11-1.11c-.47-.47-.46-1.23.01-1.7l.01-.01 6-5.72h-17c-.66 0-1.2-.53-1.2-1.19v-1.6c0-.66.53-1.2 1.19-1.2h17.01l-6-5.72c-.48-.45-.5-1.2-.05-1.68.01 0 .02-.01.03-.02z\"\/><\/svg>                            <\/span>\n                        <\/span>\n                    <\/a>\n                                    <a class=\"item\" href=\"https:\/\/ozonetech.com\/de\/systeme-dienstleistungen\/luftaufbereitung\/massgeschneiderte-pilotprojekte-zur-luftreinhaltung\/\" target=\"\">\n                        <span class=\"item__overlay\"><\/span>\n                        <span\n                            class=\"item__background-image\"\n                            style=\"background-image: url('https:\/\/ozonetech.com\/wp-content\/uploads\/2021\/03\/industrial-air-pilot-2.jpg');\"\n                        ><\/span>\n                        \n                        <span class=\"item__content\">\n                            <figure class=\"item__content--icon\">\n                                                            <\/figure>\n\n                            <span class=\"item__content--link\">\n                                <span>Ma\u00dfgeschneiderte Pilotprojekte<\/span><svg version=\"1.1\" id=\"Layer_1\" xmlns=\"http:\/\/www.w3.org\/2000\/svg\" x=\"0\" y=\"0\" viewBox=\"0 0 25 21.76\" xml:space=\"preserve\"><path fill=\"#FF691C\" d=\"M12.17 1.45l1.11-1.1c.46-.47 1.22-.47 1.68 0l9.69 9.68c.47.46.47 1.22 0 1.68l-9.69 9.69c-.46.47-1.22.47-1.68 0l-1.11-1.11c-.47-.47-.46-1.23.01-1.7l.01-.01 6-5.72h-17c-.66 0-1.2-.53-1.2-1.19v-1.6c0-.66.53-1.2 1.19-1.2h17.01l-6-5.72c-.48-.45-.5-1.2-.05-1.68.01 0 .02-.01.03-.02z\"\/><\/svg>                            <\/span>\n                        <\/span>\n                    <\/a>\n                            <\/div>\n            <\/div>\n\n<\/section>","protected":false},"excerpt":{"rendered":"","protected":false},"author":21,"featured_media":0,"parent":36075,"menu_order":0,"comment_status":"closed","ping_status":"closed","template":"","meta":{"_acf_changed":false,"_seopress_robots_primary_cat":"","_seopress_titles_title":"","_seopress_titles_desc":"Unsere einsatzbereiten L\u00f6sungen und Systeme f\u00fcr die Luftaufbereitung basieren auf den Technologien von Ozon und AOP und verringern die Betriebskosten signifikant.","_seopress_robots_index":"","inline_featured_image":false,"footnotes":""},"class_list":["post-36079","page","type-page","status-publish","hentry"],"acf":[],"_links":{"self":[{"href":"https:\/\/ozonetech.com\/de\/wp-json\/wp\/v2\/pages\/36079","targetHints":{"allow":["GET"]}}],"collection":[{"href":"https:\/\/ozonetech.com\/de\/wp-json\/wp\/v2\/pages"}],"about":[{"href":"https:\/\/ozonetech.com\/de\/wp-json\/wp\/v2\/types\/page"}],"author":[{"embeddable":true,"href":"https:\/\/ozonetech.com\/de\/wp-json\/wp\/v2\/users\/21"}],"replies":[{"embeddable":true,"href":"https:\/\/ozonetech.com\/de\/wp-json\/wp\/v2\/comments?post=36079"}],"version-history":[{"count":17,"href":"https:\/\/ozonetech.com\/de\/wp-json\/wp\/v2\/pages\/36079\/revisions"}],"predecessor-version":[{"id":40770,"href":"https:\/\/ozonetech.com\/de\/wp-json\/wp\/v2\/pages\/36079\/revisions\/40770"}],"up":[{"embeddable":true,"href":"https:\/\/ozonetech.com\/de\/wp-json\/wp\/v2\/pages\/36075"}],"wp:attachment":[{"href":"https:\/\/ozonetech.com\/de\/wp-json\/wp\/v2\/media?parent=36079"}],"curies":[{"name":"wp","href":"https:\/\/api.w.org\/{rel}","templated":true}]}}