{"id":36075,"date":"2021-07-09T08:49:04","date_gmt":"2021-07-09T07:49:04","guid":{"rendered":"https:\/\/ozonetech.com\/?page_id=36075"},"modified":"2024-10-10T10:53:10","modified_gmt":"2024-10-10T08:53:10","slug":"systeme-dienstleistungen","status":"publish","type":"page","link":"https:\/\/ozonetech.com\/de\/systeme-dienstleistungen\/","title":{"rendered":"Systeme &#038; Dienstleistungen"},"content":{"rendered":"\n<section\n    class=\"block hero hero--regular\"\n    style=\"background-image: url('https:\/\/ozonetech.com\/wp-content\/uploads\/2021\/03\/close-up-ozonetech-container-1-1600x484.jpg'); --hero-opacity: 0.3\"\n>\n\n    <div class=\"container-fluid\">\n\n        <div class=\"content editor_content\">\n                         \n                <h2 class='h2'>Systeme &#038; Dienstleistungen<\/h2>            \n                    <\/div>\n\n            <\/div>\n<\/section>\n\n\n<section class=\"component component_breadcrumbs\">\n\t<div class=\"container-fluid\">\n  \t<\/div>\n<\/section>\n\n\n<section\n    id=\"\"\n    class=\"block content-block\"\n\tstyle=\"--cb-bg: #fff; --cb-content: #000; \"\n>\n    \n\n<div class=\"container-fluid editor_content content content--narrow\">\n    <div class=\"row\">\n        <div class=\"col-12 editor_content\">\n            <h1>Ozonetech das SMARTOZONE\u2122 Designkonzept<\/h1>\n<h4 style=\"text-align: left;\">SMARTOZONE\u2122<\/h4>\n<p style=\"text-align: left;\">Wir haben unsere gesamte Erfahrung und unser Know-How von vier Jahrzehnten Gestaltung, Herstellung und Inbetriebnahme von fortgeschrittenen Ozonsystemen und L\u00f6sungen f\u00fcr eine Vielzahl von Anwendungen zusammengestellt und in ein fortschrittliches und trotzdem benutzerfreundliches Design verpackt \u2013 Dem SMARTOZONE\u2122 Designkonzept.<\/p>\n<p style=\"text-align: left;\">Das SMARTOZONE\u2122 kombiniert Einfallsreichtum bei der Technik, neuste Technologie, viele Jahre an Erfahrung und ein benutzerfreundliches Gesamtdesign.<\/p>\n<p style=\"text-align: left;\">Die L\u00f6sungen und Systeme von Ozonetech sind entsprechend dem SMARTOZONE\u2122-Konzept gestaltet, um den ultimativ optimierten Ertrag hinsichtlich der Behandlungseffizienz sowie den Betriebs- und Gesamtnutzungskosten zu liefern.<\/p>\n<p style=\"text-align: left;\">Bitte lesen Sie nachstehend mehr zu den vielf\u00e4ltigen Anwendungen unserer SMARTOZONE\u2122-L\u00f6sungen und wie sie in Ihrer Branche eingesetzt werden k\u00f6nnen:<\/p>\n<h3 style=\"text-align: left;\">L\u00f6sungen abgestimmt auf die striktesten Anforderungen und Bestimmungen<\/h3>\n<p style=\"text-align: left;\">Die Luft- und Wasseraufbereitung ist eine komplexe Aufgabe mit einzigartigen Merkmalen, die besondere R\u00fccksicht erfordern, um die Umweltbestimmungen oder Unternehmensrichtlinien einzuhalten. Wir verstehen, dass unsere Kunden ma\u00dfgefertigte L\u00f6sungen brauchen und bieten ma\u00dfst\u00e4bliche Aufbereitungssysteme basierend auf unseren Projekten im Pilot-Ma\u00dfstab mit Hilfe unsere internen Erfahrung und Piloteinrichtungen an.<\/p>\n<p style=\"text-align: left;\">Wir bauen unsere Wasser- und Luftaufbereitungssysteme auf einer starken Grundlage von hochqualitativen Produkten. Wir bieten Ozonsysteme und Advanced Oxidation Process (AOP) L\u00f6sungen in kleinem und gro\u00dfem Ma\u00dfstab, zur effizienten Reinigung und Desinfektion von komplexen Herausforderungen in der Luft- und Wasseraufbereitung, an.<\/p>\n<p style=\"text-align: left;\">Unsere Plug-and-Play L\u00f6sungen und Systeme basieren auf der Ozonoxidation und des fortschrittlichen Oxidationsvorgangs (AOP) und beseitigen vollst\u00e4ndig den Bedarf an umweltsch\u00e4dlichen Chemikalien und verringern nicht nur die Betriebs- und Wartungskosten sondern auch negative Umwelteinfl\u00fcsse.<\/p>\n        <\/div>\n    <\/div>\n<\/div>\n\n<\/section>\n\n\n\n<section class=\"block landing-page-grid\" style=\"--grid-bg: #fff; --grid-link: #5f5f5f; --grid-content: #000;\">\n\n    <div class=\"container-fluid grid\">\n\n                \n                    <div class=\"grid__list\">\n                                    <a class=\"item\" href=\"https:\/\/ozonetech.com\/de\/systeme-dienstleistungen\/luftaufbereitung\/\" target=\"\">\n                        <span class=\"item__overlay\"><\/span>\n                        <span\n                            class=\"item__background-image\"\n                            style=\"background-image: url('https:\/\/ozonetech.com\/wp-content\/uploads\/2021\/03\/tailored-pilot-projects-1.jpg');\"\n                        ><\/span>\n                        \n                        <span class=\"item__content\">\n                            <figure class=\"item__content--icon\">\n                                                            <\/figure>\n\n                            <span class=\"item__content--link\">\n                                <span>Luftaufbereitung<\/span><svg version=\"1.1\" id=\"Layer_1\" xmlns=\"http:\/\/www.w3.org\/2000\/svg\" x=\"0\" y=\"0\" viewBox=\"0 0 25 21.76\" xml:space=\"preserve\"><path fill=\"#FF691C\" d=\"M12.17 1.45l1.11-1.1c.46-.47 1.22-.47 1.68 0l9.69 9.68c.47.46.47 1.22 0 1.68l-9.69 9.69c-.46.47-1.22.47-1.68 0l-1.11-1.11c-.47-.47-.46-1.23.01-1.7l.01-.01 6-5.72h-17c-.66 0-1.2-.53-1.2-1.19v-1.6c0-.66.53-1.2 1.19-1.2h17.01l-6-5.72c-.48-.45-.5-1.2-.05-1.68.01 0 .02-.01.03-.02z\"\/><\/svg>                            <\/span>\n                        <\/span>\n                    <\/a>\n                                    <a class=\"item\" href=\"https:\/\/ozonetech.com\/de\/systeme-dienstleistungen\/wasseraufbereitung\/\" target=\"\">\n                        <span class=\"item__overlay\"><\/span>\n                        <span\n                            class=\"item__background-image\"\n                            style=\"background-image: url('https:\/\/ozonetech.com\/wp-content\/uploads\/2021\/03\/wastewater-treatment-ozone-1.jpg');\"\n                        ><\/span>\n                        \n                        <span class=\"item__content\">\n                            <figure class=\"item__content--icon\">\n                                                            <\/figure>\n\n                            <span class=\"item__content--link\">\n                                <span>Wasseraufbereitung<\/span><svg version=\"1.1\" id=\"Layer_1\" xmlns=\"http:\/\/www.w3.org\/2000\/svg\" x=\"0\" y=\"0\" viewBox=\"0 0 25 21.76\" xml:space=\"preserve\"><path fill=\"#FF691C\" d=\"M12.17 1.45l1.11-1.1c.46-.47 1.22-.47 1.68 0l9.69 9.68c.47.46.47 1.22 0 1.68l-9.69 9.69c-.46.47-1.22.47-1.68 0l-1.11-1.11c-.47-.47-.46-1.23.01-1.7l.01-.01 6-5.72h-17c-.66 0-1.2-.53-1.2-1.19v-1.6c0-.66.53-1.2 1.19-1.2h17.01l-6-5.72c-.48-.45-.5-1.2-.05-1.68.01 0 .02-.01.03-.02z\"\/><\/svg>                            <\/span>\n                        <\/span>\n                    <\/a>\n                                    <a class=\"item\" href=\"https:\/\/ozonetech.com\/de\/systeme-dienstleistungen\/kuechenabluft\/\" target=\"\">\n                        <span class=\"item__overlay\"><\/span>\n                        <span\n                            class=\"item__background-image\"\n                            style=\"background-image: url('https:\/\/ozonetech.com\/wp-content\/uploads\/2021\/03\/kitchen-exhaust-3.jpg');\"\n                        ><\/span>\n                        \n                        <span class=\"item__content\">\n                            <figure class=\"item__content--icon\">\n                                                            <\/figure>\n\n                            <span class=\"item__content--link\">\n                                <span>K\u00fcchenabluft<\/span><svg version=\"1.1\" id=\"Layer_1\" xmlns=\"http:\/\/www.w3.org\/2000\/svg\" x=\"0\" y=\"0\" viewBox=\"0 0 25 21.76\" xml:space=\"preserve\"><path fill=\"#FF691C\" d=\"M12.17 1.45l1.11-1.1c.46-.47 1.22-.47 1.68 0l9.69 9.68c.47.46.47 1.22 0 1.68l-9.69 9.69c-.46.47-1.22.47-1.68 0l-1.11-1.11c-.47-.47-.46-1.23.01-1.7l.01-.01 6-5.72h-17c-.66 0-1.2-.53-1.2-1.19v-1.6c0-.66.53-1.2 1.19-1.2h17.01l-6-5.72c-.48-.45-.5-1.2-.05-1.68.01 0 .02-.01.03-.02z\"\/><\/svg>                            <\/span>\n                        <\/span>\n                    <\/a>\n                            <\/div>\n            <\/div>\n\n<\/section>","protected":false},"excerpt":{"rendered":"","protected":false},"author":21,"featured_media":0,"parent":0,"menu_order":0,"comment_status":"closed","ping_status":"closed","template":"","meta":{"_acf_changed":false,"_seopress_robots_primary_cat":"","_seopress_titles_title":"","_seopress_titles_desc":"Wir bauen L\u00f6sungen und Systeme angepasst an die striktesten Anforderungen und Bestimmungen, basierend auf Ozon- und fortschrittlicher Oxidationstechnologie.","_seopress_robots_index":"","inline_featured_image":false,"footnotes":""},"class_list":["post-36075","page","type-page","status-publish","hentry"],"acf":[],"_links":{"self":[{"href":"https:\/\/ozonetech.com\/de\/wp-json\/wp\/v2\/pages\/36075","targetHints":{"allow":["GET"]}}],"collection":[{"href":"https:\/\/ozonetech.com\/de\/wp-json\/wp\/v2\/pages"}],"about":[{"href":"https:\/\/ozonetech.com\/de\/wp-json\/wp\/v2\/types\/page"}],"author":[{"embeddable":true,"href":"https:\/\/ozonetech.com\/de\/wp-json\/wp\/v2\/users\/21"}],"replies":[{"embeddable":true,"href":"https:\/\/ozonetech.com\/de\/wp-json\/wp\/v2\/comments?post=36075"}],"version-history":[{"count":8,"href":"https:\/\/ozonetech.com\/de\/wp-json\/wp\/v2\/pages\/36075\/revisions"}],"predecessor-version":[{"id":40752,"href":"https:\/\/ozonetech.com\/de\/wp-json\/wp\/v2\/pages\/36075\/revisions\/40752"}],"wp:attachment":[{"href":"https:\/\/ozonetech.com\/de\/wp-json\/wp\/v2\/media?parent=36075"}],"curies":[{"name":"wp","href":"https:\/\/api.w.org\/{rel}","templated":true}]}}