{"id":36058,"date":"2021-07-09T08:33:10","date_gmt":"2021-07-09T07:33:10","guid":{"rendered":"https:\/\/ozonetech.com\/?page_id=36058"},"modified":"2025-06-19T08:23:46","modified_gmt":"2025-06-19T06:23:46","slug":"sensoren-uberwachungsgerate","status":"publish","type":"page","link":"https:\/\/ozonetech.com\/de\/produkte\/sensoren-uberwachungsgerate\/","title":{"rendered":"Sensoren &#038; \u00dcberwachungsger\u00e4te"},"content":{"rendered":"\n<section\n    class=\"block hero hero--regular\"\n    style=\"background-image: url('https:\/\/ozonetech.com\/wp-content\/uploads\/2021\/03\/sensors-and-monitors-1600x484.jpg'); --hero-opacity: 0.3\"\n>\n\n    <div class=\"container-fluid\">\n\n        <div class=\"content editor_content\">\n                         \n                <h2 class='h2'>Sensoren &#038; \u00dcberwachungsger\u00e4te<\/h2>            \n                    <\/div>\n\n            <\/div>\n<\/section>\n\n\n<section class=\"component component_breadcrumbs\">\n\t<div class=\"container-fluid\">\n  \t<\/div>\n<\/section>\n\n\n<section\n    id=\"\"\n    class=\"block content-block\"\n\tstyle=\"--cb-bg: light-gray; --cb-content: #000; padding-top: 30px; padding-bottom: 30px;\"\n>\n    \n\n<div class=\"container-fluid editor_content content content--narrow\">\n    <div class=\"row\">\n        <div class=\"col-12 editor_content\">\n            <h1>Ein vollst\u00e4ndiges Sortiment von eigenst\u00e4ndigen und eingebauten Ozonsensoren- und Monitoren<\/h1>\n<div class=\"pane-content\">\n<div class=\"field field-name-body field-type-text-with-summary field-label-hidden\">\n<div class=\"field-items\">\n<div class=\"field-item even\">\n<p class=\"preamble\">Ozontech bietet eine Reihe von sorgf\u00e4ltig ausgew\u00e4hlten hochwertigen Ozon\u00fcberwachungsger\u00e4ten und Ozonsensoren an, die entweder unabh\u00e4ngig voneinander betrieben oder in unsere Generatoren integriert werden k\u00f6nnen. Unsere Ozon\u00fcberwachungsger\u00e4te bieten eine kontinuierliche Echtzeit\u00fcberwachung mit hoher Zuverl\u00e4ssigkeit und einfacher Bedienung. Sie sind leicht zu warten und zu kalibrieren, um einen stabilen und genauen Betrieb zu gew\u00e4hrleisten. Viele der Sensoren und Monitore verf\u00fcgen \u00fcber digitale und analoge E\/A mit einer RS 232-Schnittstelle.<\/p>\n<p>&nbsp;<\/p>\n<\/div>\n<\/div>\n<\/div>\n<\/div>\n        <\/div>\n    <\/div>\n<\/div>\n\n<div class=\"container-fluid editor_content\">\n    <div class=\"row\">\n        <div class=\"col-12 editor_content table-wrapper \" style=\"--table-text-color-header: #FFFFFF; --table-text-color-rows: #000000; --table-background-color-header: #5f5f5f; --table-background-color-rows-even: #efefef; --table-background-color-rows-odd: #dfdfdf; \">\n                            \n<table id=\"tablepress-255\" class=\"tablepress tablepress-id-255\" aria-describedby=\"tablepress-255-description\">\n<thead>\n<tr class=\"row-1\">\n\t<th colspan=\"4\" class=\"column-1\">Ozon\u00fcberwachungsger\u00e4te<\/th>\n<\/tr>\n<\/thead>\n<tbody class=\"row-striping\">\n<tr class=\"row-2\">\n\t<td class=\"column-1\"><strong>Modell<\/strong><\/td><td class=\"column-2\"><strong>Bereich (min\/max)<\/strong><\/td><td class=\"column-3\"><strong>Anwendung(s)<\/strong><\/td><td class=\"column-4\"><strong>PDF<\/strong><\/td>\n<\/tr>\n<tr class=\"row-3\">\n\t<td class=\"column-1\">Ozonanalysator BMT 964<\/td><td class=\"column-2\">0-600 g\/Nm<sup>3<\/sup><\/td><td class=\"column-3\">Hoher Bereich; Ozongenerator<\/td><td class=\"column-4\"><a target=\"blank\" href=\"https:\/\/ozonetech.com\/wp-content\/uploads\/2020\/12\/Datasheet-Ozone-Analyzer-BMT-964-EN-2.0-web.pdf\" rel=\"noopener\">Datenblatt<\/a><\/td>\n<\/tr>\n<tr class=\"row-4\">\n\t<td class=\"column-1\">Ozonanalysator BMT 964 BT<\/td><td class=\"column-2\">0-600 g\/Nm<sup>3<\/sup><\/td><td class=\"column-3\">Hoher Bereich; Bench Top<\/td><td class=\"column-4\"><a target=\"blank\" href=\"https:\/\/ozonetech.com\/wp-content\/uploads\/2020\/12\/Datasheet-Ozone-Analyzer-BMT-964-BT-EN-v.2.0-web.pdf\" rel=\"noopener\">Datenblatt<\/a><\/td>\n<\/tr>\n<tr class=\"row-5\">\n\t<td class=\"column-1\">Ozon\u00fcberwachungsger\u00e4t BMT 932<\/td><td class=\"column-2\">0-250 ppm<\/td><td class=\"column-3\">Niedriger Bereich; Sicherheit<\/td><td class=\"column-4\"><a target=\"blank\" href=\"https:\/\/ozonetech.com\/wp-content\/uploads\/2020\/12\/Datasheet-Ozone-Monitor-BMT-932-EN-v.2.0-web.pdf\" rel=\"noopener\">Datenblatt<\/a><\/td>\n<\/tr>\n<tr class=\"row-6\">\n\t<td class=\"column-1\">Ozon\u00fcberwachungsger\u00e4t API 465H<\/td><td class=\"column-2\">05 wt% \/ 0-20 wt%<\/td><td class=\"column-3\">Hoher Bereich; Ozongenerator<\/td><td class=\"column-4\"><a target=\"blank\" href=\"https:\/\/ozonetech.com\/wp-content\/uploads\/2020\/12\/Datasheet-Ozone-Monitor-API-465H-EN-v.2.0.pdf\" rel=\"noopener\">Datenblatt<\/a><\/td>\n<\/tr>\n<tr class=\"row-7\">\n\t<td class=\"column-1\">Ozonanalysator API 465L<\/td><td class=\"column-2\">0-1 ppm\/0-500 ppm<\/td><td class=\"column-3\">Niedriger Bereich; Sicherheit; Prozess<\/td><td class=\"column-4\"><a target=\"blank\" href=\"https:\/\/ozonetech.com\/wp-content\/uploads\/2020\/12\/Datasheet-Ozone-Analyzer-API-465L-EN-v.2.0-web.pdf\" rel=\"noopener\">Datenblatt<\/a><\/td>\n<\/tr>\n<tr class=\"row-8\">\n\t<td class=\"column-1\">Ozon\u00fcberwachungsger\u00e4t API 452<\/td><td class=\"column-2\">0-5 wt% \/ 0-20 wt%<\/td><td class=\"column-3\">Ozongeneratoreffizienz\/-kontrolle<\/td><td class=\"column-4\"><a target=\"blank\" href=\"https:\/\/ozonetech.com\/wp-content\/uploads\/2020\/12\/Datasheet-Ozone-Sensor-API-452-EN-v.2.0-web.pdf\" rel=\"noopener\">Datenblatt<\/a><\/td>\n<\/tr>\n<tr class=\"row-9\">\n\t<td class=\"column-1\">Ozon\u00fcberwachungsger\u00e4t API 454<\/td><td class=\"column-2\">0-5 wt% \/ 0-20 wt%<\/td><td class=\"column-3\">Ozongeneratoreffizienz\/-kontrolle<\/td><td class=\"column-4\"><a target=\"blank\" href=\"https:\/\/ozonetech.com\/wp-content\/uploads\/2020\/12\/Datasheet-Ozone-Monitor-API-454-EN-v.2.0-web.pdf\" rel=\"noopener\">Datenblatt<\/a><\/td>\n<\/tr>\n<\/tbody>\n<\/table>\n<span id=\"tablepress-255-description\" class=\"tablepress-table-description tablepress-table-description-id-255\"><\/span>\n<!-- #tablepress-255 from cache -->                                <\/div>\n    <\/div>\n<\/div>\n<div class=\"container-fluid editor_content\">\n    <div class=\"row\">\n        <div class=\"col-12 editor_content table-wrapper \" style=\"--table-text-color-header: #FFFFFF; --table-text-color-rows: #000000; --table-background-color-header: #5f5f5f; --table-background-color-rows-even: #efefef; --table-background-color-rows-odd: #dfdfdf; \">\n                            \n<table id=\"tablepress-256\" class=\"tablepress tablepress-id-256\" aria-describedby=\"tablepress-256-description\">\n<thead>\n<tr class=\"row-1\">\n\t<th colspan=\"4\" class=\"column-1\">Ozon- und Sauerstoffsensoren<br \/>\n<\/th>\n<\/tr>\n<\/thead>\n<tbody class=\"row-striping\">\n<tr class=\"row-2\">\n\t<td class=\"column-1\"><strong>Modell<\/strong><\/td><td class=\"column-2\"><strong>Gas<\/strong><\/td><td class=\"column-3\"><strong>Bereich<\/strong><\/td><td class=\"column-4\"><strong>PDF<\/strong><\/td>\n<\/tr>\n<tr class=\"row-3\">\n\t<td class=\"column-1\">Ozonsensor Series 200<\/td><td class=\"column-2\">O<sub>3<\/sub><\/td><td class=\"column-3\">0-0.05\/0.15\/0.5\/10 ppm<\/td><td class=\"column-4\"><a target=\"blank\" href=\"https:\/\/ozonetech.com\/wp-content\/uploads\/2020\/12\/Datasheet-Portable-Ozone-Monitor-Series-200-EN-v.2.0-web.pdf\" rel=\"noopener\">Datenblatt<\/a><\/td>\n<\/tr>\n<tr class=\"row-4\">\n\t<td class=\"column-1\">Ozonsensor Series 300<\/td><td class=\"column-2\">O<sub>3<\/sub><\/td><td class=\"column-3\">0-0.05\/0.15\/0.5\/10 ppm<\/td><td class=\"column-4\"><a target=\"blank\" href=\"https:\/\/ozonetech.com\/wp-content\/uploads\/2020\/12\/Datasheet-Portable-Ozone-Monitor-Series-300-EN-v.2.0-web.pdf\" rel=\"noopener\">Datenblatt<\/a><\/td>\n<\/tr>\n<tr class=\"row-5\">\n\t<td class=\"column-1\">Ozonsensor Series 500<\/td><td class=\"column-2\">O<sub>3<\/sub><\/td><td class=\"column-3\">0-0.05\/0.15\/0.5\/10 ppm<\/td><td class=\"column-4\"><a target=\"blank\" href=\"https:\/\/ozonetech.com\/wp-content\/uploads\/2020\/12\/Datasheet-Portable-Ozone-Monitor-Series-500-EN-v.2.0-web.pdf\" rel=\"noopener\">Datenblatt<\/a><\/td>\n<\/tr>\n<tr class=\"row-6\">\n\t<td class=\"column-1\">Ozonsensor Series 900<\/td><td class=\"column-2\">O<sub>3<\/sub><\/td><td class=\"column-3\">0-0.05\/0.15\/0.5\/10 ppm<\/td><td class=\"column-4\"><a target=\"blank\" href=\"https:\/\/ozonetech.com\/wp-content\/uploads\/2020\/12\/Datasheet-Ozone-Monitor-Series-900-930-EN-v.2.0-web.pdf\" rel=\"noopener\">Datenblatt<\/a><\/td>\n<\/tr>\n<tr class=\"row-7\">\n\t<td class=\"column-1\">Ozonsensor Series 930<\/td><td class=\"column-2\">O<sub>3<\/sub><\/td><td class=\"column-3\">0-0.15\/0.5\/10 ppm<\/td><td class=\"column-4\"><a target=\"blank\" href=\"https:\/\/ozonetech.com\/wp-content\/uploads\/2020\/12\/Datasheet-Ozone-Monitor-Series-900-930-EN-v.2.0-web.pdf\" rel=\"noopener\">Datenblatt<\/a><\/td>\n<\/tr>\n<tr class=\"row-8\">\n\t<td class=\"column-1\">Ozonsensor SM50<\/td><td class=\"column-2\">O<sub>3<\/sub><\/td><td class=\"column-3\">0-0.15\/0.5\/10 ppm<\/td><td class=\"column-4\"><a target=\"blank\" href=\"https:\/\/ozonetech.com\/wp-content\/uploads\/2020\/12\/Datasheet-Ozone-Sensor-Module-SM50-EN-v.2.0-web.pdf\" rel=\"noopener\">Datenblatt<\/a><\/td>\n<\/tr>\n<tr class=\"row-9\">\n\t<td class=\"column-1\">Ozonsensor SM70<\/td><td class=\"column-2\">O<sub>3<\/sub><\/td><td class=\"column-3\">0-0.15\/0.5\/10 ppm<\/td><td class=\"column-4\"><a target=\"blank\" href=\"https:\/\/ozonetech.com\/wp-content\/uploads\/2020\/12\/Datasheet-Ozone-Monitor-SM70-EN-v.2.0-web.pdf\" rel=\"noopener\">Datenblatt<\/a><\/td>\n<\/tr>\n<tr class=\"row-10\">\n\t<td class=\"column-1\">Ozonsensor modul SM-7\/SM-EC<\/td><td class=\"column-2\">O<sub>3<\/sub><\/td><td class=\"column-3\">0.03-20 ppm\/0.08-50 ppm<\/td><td class=\"column-4\"><a target=\"blank\" href=\"https:\/\/ozonetech.com\/wp-content\/uploads\/2020\/12\/Datasheet-Ozone-Sensor-Module-SM7-SMEC-EN-v.2.0-web.pdf\" rel=\"noopener\">Datenblatt<\/a><\/td>\n<\/tr>\n<\/tbody>\n<\/table>\n<span id=\"tablepress-256-description\" class=\"tablepress-table-description tablepress-table-description-id-256\"><\/span>\n<!-- #tablepress-256 from cache -->                                <\/div>\n    <\/div>\n<\/div>\n<div class=\"container-fluid editor_content\">\n    <div class=\"row\">\n        <div class=\"col-12 editor_content table-wrapper \" style=\"--table-text-color-header: #FFFFFF; --table-text-color-rows: #000000; --table-background-color-header: #5f5f5f; --table-background-color-rows-even: #efefef; --table-background-color-rows-odd: #dfdfdf; \">\n                            \n<table id=\"tablepress-257\" class=\"tablepress tablepress-id-257\" aria-describedby=\"tablepress-257-description\">\n<thead>\n<tr class=\"row-1\">\n\t<th colspan=\"4\" class=\"column-1\">Sensoren und Steuerger\u00e4te f\u00fcr gel\u00f6ste Gase<\/th>\n<\/tr>\n<\/thead>\n<tbody class=\"row-striping\">\n<tr class=\"row-2\">\n\t<td class=\"column-1\"><strong>Modell<\/strong><\/td><td class=\"column-2\"><strong>Gas<\/strong><\/td><td class=\"column-3\"><strong>Bereich<\/strong><\/td><td class=\"column-4\"><strong>PDF<\/strong><\/td>\n<\/tr>\n<tr class=\"row-3\">\n\t<td class=\"column-1\">Ozonsensor BMT 964 AQ\/HF<\/td><td class=\"column-2\">O<sub>3<\/sub><\/td><td class=\"column-3\"> 10, 50, 100, 150 mg\/L<\/td><td class=\"column-4\"><a target=\"blank\" href=\"https:\/\/ozonetech.com\/wp-content\/uploads\/2020\/12\/Datasheet-Ozone-Sensor-BMT-964-AQHF-EN-v.2.0-web.pdf\" rel=\"noopener\">Datenblatt<\/a><\/td>\n<\/tr>\n<tr class=\"row-4\">\n\t<td class=\"column-1\">Measuring Cell<\/td><td class=\"column-2\">O<sub>3<\/sub>, ClO<sub>2<\/sub>, HOCl, OCl, Cl<sub>2<\/sub><\/td><td class=\"column-3\"> 0-0.5\/0-2.0\/0-5\/0-10 mg\/L<\/td><td class=\"column-4\"><a target=\"blank\" href=\"https:\/\/ozonetech.com\/wp-content\/uploads\/2020\/12\/Datasheet-Measuring-Cell-EN-v.2.0-web.pdf\" rel=\"noopener\">Datenblatt<\/a><\/td>\n<\/tr>\n<tr class=\"row-5\">\n\t<td class=\"column-1\">pH &amp; Redox Electrodes<\/td><td class=\"column-2\">&#8211;<\/td><td class=\"column-3\">&#8211;<\/td><td class=\"column-4\"><a target=\"blank\" href=\"https:\/\/ozonetech.com\/wp-content\/uploads\/2020\/12\/Datasheet-pHRd-electrodes-EN-v.2.0-web.pdf\" rel=\"noopener\">Datenblatt<\/a><\/td>\n<\/tr>\n<tr class=\"row-6\">\n\t<td class=\"column-1\">pH &amp; Redox Transmitter<\/td><td class=\"column-2\">&#8211;<\/td><td class=\"column-3\">&#8211;<\/td><td class=\"column-4\"><a target=\"blank\" href=\"https:\/\/ozonetech.com\/wp-content\/uploads\/2020\/12\/Datasheet-pH-Redox-Transmitter-EN-v.2.0.pdf\" rel=\"noopener\">Datenblatt<\/a><\/td>\n<\/tr>\n<\/tbody>\n<\/table>\n<span id=\"tablepress-257-description\" class=\"tablepress-table-description tablepress-table-description-id-257\"><\/span>\n<!-- #tablepress-257 from cache -->                                <\/div>\n    <\/div>\n<\/div>\n<div class=\"container-fluid editor_content\">\n    <div class=\"row\">\n        <div class=\"col-12 editor_content table-wrapper \" style=\"--table-text-color-header: #FFFFFF; --table-text-color-rows: #000000; --table-background-color-header: #5f5f5f; --table-background-color-rows-even: #efefef; --table-background-color-rows-odd: #dfdfdf; \">\n                            \n<table id=\"tablepress-258\" class=\"tablepress tablepress-id-258\">\n<thead>\n<tr class=\"row-1\">\n\t<th colspan=\"5\" class=\"column-1\"><strong>Eingestellte Produkte<\/strong><\/th>\n<\/tr>\n<\/thead>\n<tbody class=\"row-striping\">\n<tr class=\"row-2\">\n\t<td class=\"column-1\"><strong>Modell<\/strong><\/td><td class=\"column-2\"><strong>Gas<\/strong><\/td><td class=\"column-3\"><strong>Bereich<\/strong><\/td><td class=\"column-4\"><strong>Beschreibung<\/strong><\/td><td class=\"column-5\"><strong>PDF<\/strong><\/td>\n<\/tr>\n<tr class=\"row-3\">\n\t<td class=\"column-1\">Ozon\u00fcberwachungsger\u00e4t Serie 940<\/td><td class=\"column-2\">O<sub>3<\/sub><\/td><td class=\"column-3\">0-0.5 \/ 20 \/ 50 ppm <\/td><td class=\"column-4\">Niedriger Bereich; Prozess; Station\u00e4r<\/td><td class=\"column-5\"><a target=\"blank\" href=\"https:\/\/ozonetech.com\/wp-content\/uploads\/2021\/03\/Datasheet-Ozone-Monitor-Series-940-EN_web.pdf\" rel=\"noopener\">Datenblatt<\/a><\/td>\n<\/tr>\n<tr class=\"row-4\">\n\t<td class=\"column-1\">Ozon\u00fcberwachungsger\u00e4t UV-1<\/td><td class=\"column-2\">O<sub>3<\/sub><\/td><td class=\"column-3\">0-200 ppm<\/td><td class=\"column-4\">Niedriger Bereich; Ozongenerator<\/td><td class=\"column-5\"><a target=\"blank\" href=\"https:\/\/ozonetech.com\/wp-content\/uploads\/2021\/03\/Datasheet-Ozone-Monitor-UV-1-EN_web.pdf\" rel=\"noopener\">Datenblatt<\/a><\/td>\n<\/tr>\n<tr class=\"row-5\">\n\t<td class=\"column-1\">Ozonanalysator API 450<\/td><td class=\"column-2\">O<sub>3<\/sub><\/td><td class=\"column-3\">0-1 ppm \/ 0-1000 ppm<\/td><td class=\"column-4\">Umgebungssicherheits\u00fcberwachung<\/td><td class=\"column-5\"><a target=\"blank\" href=\"https:\/\/ozonetech.com\/wp-content\/uploads\/2021\/03\/Datasheet-Ozone-Analyzer-API-450-v1.0-EN-web.pdf\" rel=\"noopener\">Datenblatt<\/a><\/td>\n<\/tr>\n<tr class=\"row-6\">\n\t<td class=\"column-1\">Ozonanalysator API 450H<\/td><td class=\"column-2\">O<sub>3<\/sub><\/td><td class=\"column-3\">0-5\/15\/20% w\/w<\/td><td class=\"column-4\">Hoher Bereich; Ozongenerator<\/td><td class=\"column-5\"><a target=\"blank\" href=\"https:\/\/ozonetech.com\/wp-content\/uploads\/2021\/03\/Datasheet-Ozone-Analyzer-API-450H-v1.0-EN-web.pdf\" rel=\"noopener\">Datenblatt<\/a><\/td>\n<\/tr>\n<tr class=\"row-7\">\n\t<td class=\"column-1\">Ozon\u00fcberwachungsger\u00e4t API 460L<\/td><td class=\"column-2\">O<sub>3<\/sub><\/td><td class=\"column-3\">0-1 ppm\/0-500 ppm<\/td><td class=\"column-4\">Niedriger Bereich; Forschung; Sicherheit<\/td><td class=\"column-5\"><a target=\"blank\" href=\"https:\/\/ozonetech.com\/wp-content\/uploads\/2021\/03\/Datasheet-Ozone-Monitor-API-460L-v1.0-EN-web.pdf\" rel=\"noopener\">Datenblatt<\/a><\/td>\n<\/tr>\n<tr class=\"row-8\">\n\t<td class=\"column-1\">Ozon\u00fcberwachungsger\u00e4t API 460M<\/td><td class=\"column-2\">O<sub>3<\/sub><\/td><td class=\"column-3\">0-1000 ppm\/ 0-5 %<\/td><td class=\"column-4\">Mittlerer Bereich; Kontaktkammer<\/td><td class=\"column-5\"><a target=\"blank\" href=\"https:\/\/ozonetech.com\/wp-content\/uploads\/2021\/03\/Datasheet-Ozone-Monitor-API-460M-v1.0-EN-web.pdf\" rel=\"noopener\">Datenblatt<\/a><\/td>\n<\/tr>\n<tr class=\"row-9\">\n\t<td class=\"column-1\">Ozon\u00fcberwachungsger\u00e4t API 460H<\/td><td class=\"column-2\">O<sub>3<\/sub><\/td><td class=\"column-3\"> 05 wt% \/ 0-20 wt%<\/td><td class=\"column-4\">Hoher Bereich; Ozongenerator<\/td><td class=\"column-5\"><a target=\"blank\" href=\"https:\/\/ozonetech.com\/wp-content\/uploads\/2021\/03\/Datasheet-Ozone-Monitor-API-460H-v1.0-EN-web.pdf\" rel=\"noopener\">Datenblatt<\/a><\/td>\n<\/tr>\n<tr class=\"row-10\">\n\t<td class=\"column-1\">Ozonsensor OS1X<\/td><td class=\"column-2\">O<sub>3<\/sub><\/td><td class=\"column-3\">0.03-0.1 ppm<\/td><td class=\"column-4\">&#8211;<\/td><td class=\"column-5\"><a target=\"blank\" href=\"https:\/\/ozonetech.com\/wp-content\/uploads\/2021\/03\/Datasheet-Ozone-sensor-EN-v.2.0-web.pdf\" rel=\"noopener\">Datenblatt<\/a><\/td>\n<\/tr>\n<tr class=\"row-11\">\n\t<td class=\"column-1\">Ozonsensor OZ0020<\/td><td class=\"column-2\">O<sub>3<\/sub><\/td><td class=\"column-3\">&#8211;<\/td><td class=\"column-4\">&#8211;<\/td><td class=\"column-5\"><a target=\"blank\" href=\"https:\/\/ozonetech.com\/wp-content\/uploads\/2021\/03\/Datasheet-Ozone-sensor-OZ0020-EN-v.2.0-web.pdf\" rel=\"noopener\">Datenblatt<\/a><\/td>\n<\/tr>\n<tr class=\"row-12\">\n\t<td class=\"column-1\">Universalsteuerung ME5090<\/td><td class=\"column-2\">O<sub>3<\/sub><\/td><td class=\"column-3\">&#8211;<\/td><td class=\"column-4\">&#8211;<\/td><td class=\"column-5\"><a target=\"blank\" href=\"https:\/\/ozonetech.com\/wp-content\/uploads\/2021\/03\/Datasheet-Ozone-sensor-ME5090-EN-v.2.0-web.pdf\" rel=\"noopener\">Datenblatt<\/a><\/td>\n<\/tr>\n<tr class=\"row-13\">\n\t<td class=\"column-1\">Sauerstoffsensor OS-100<\/td><td class=\"column-2\">O<sub>2<\/sub><\/td><td class=\"column-3\">0-100 %<\/td><td class=\"column-4\">&#8211;<\/td><td class=\"column-5\">N\/A<\/td>\n<\/tr>\n<tr class=\"row-14\">\n\t<td class=\"column-1\">Ozonsensor C30ZX<\/td><td class=\"column-2\">O<sub>3<\/sub><\/td><td class=\"column-3\">0.02-0.3 ppm<\/td><td class=\"column-4\">&#8211;<\/td><td class=\"column-5\"><a target=\"blank\" href=\"https:\/\/ozonetech.com\/wp-content\/uploads\/2020\/12\/Datasheet-Ozone-Sensor-C30ZX-EN-v.2.0-web.pdf\" rel=\"noopener\">Datenblatt<\/a><\/td>\n<\/tr>\n<tr class=\"row-15\">\n\t<td class=\"column-1\">Ozonsensor EZ-1X<\/td><td class=\"column-2\">O<sub>3<\/sub><\/td><td class=\"column-3\">0.03-20 ppm\/0.08-50 ppm<\/td><td class=\"column-4\">&#8211;<\/td><td class=\"column-5\"><a target=\"blank\" href=\"https:\/\/ozonetech.com\/wp-content\/uploads\/2020\/12\/Datasheet-Ozone-Sensor-EZ1X-EN-v.2.0-web.pdf\" rel=\"noopener\">Datenblatt<\/a><\/td>\n<\/tr>\n<tr class=\"row-16\">\n\t<td class=\"column-1\">Ozon\u00fcberwachungsger\u00e4t DO3<\/td><td class=\"column-2\">O<sub>3<\/sub><\/td><td class=\"column-3\">0.00-2.00 mg\/L<\/td><td class=\"column-4\"><\/td><td class=\"column-5\"><a target=\"blank\" href=\"https:\/\/ozonetech.com\/wp-content\/uploads\/2020\/12\/Datasheet-Dissolved-Ozone-Monitor-DO3-EN-v.2.0-web.pdf\" rel=\"noopener\">Datenblatt<\/a><\/td>\n<\/tr>\n<\/tbody>\n<\/table>\n<!-- #tablepress-258 from cache -->                                <\/div>\n    <\/div>\n<\/div>\n\n\n<div class=\"container-fluid editor_content content content--narrower\">\n    <div class=\"row\">\n        <div class=\"col-12 editor_content\">\n            <p>&nbsp;<\/p>\n<h2>Angebot anfordern<\/h2>\n        <\/div>\n    <\/div>\n<\/div>\n\n\n\n<div class=\"container-fluid editor_content content content--narrow\">\n    <div class=\"row\">\n        <div class=\"col-12 editor_content\">\n            <p><!-- SharpSpring Form for Sensors & monitors Quotation EN --><br \/>\n<script type=\"text\/javascript\">\n    var ss_form = {'account': 'MzawMDE3MzI2BwA', 'formID': 'BcEBDQAwCAMwRUsYPPvQA_dv4W3blVvCsgLHXrSToK5ejE4MPw'};\n    ss_form.width = '100%';\n    ss_form.domain = 'app-3QNJA1Z2XY.marketingautomation.services';\n    ss_form.hidden = {'field_400000003544067': 'Ozonetech.com'};\n    ss_form.target_id = 'target'; \/\/ Optional parameter: forms will be placed inside the element with the specified id\n    \/\/ ss_form.polling = true; \/\/ Optional parameter: set to true ONLY if your page loads dynamically and the id needs to be polled continually.\n<\/script><br \/>\n<script type=\"text\/javascript\" src=\"https:\/\/koi-3QNJA1Z2XY.marketingautomation.services\/client\/form.js?ver=2.0.1\"><\/script><\/p>\n<div id=\"target\"><\/div>\n        <\/div>\n    <\/div>\n<\/div>\n\n<\/section>\n","protected":false},"excerpt":{"rendered":"","protected":false},"author":21,"featured_media":0,"parent":35981,"menu_order":0,"comment_status":"closed","ping_status":"closed","template":"","meta":{"_acf_changed":false,"_seopress_robots_primary_cat":"","_seopress_titles_title":"","_seopress_titles_desc":"Ozonetech bietet hochqualitative Ozonmonitore- und Sensoren, die entweder unabh\u00e4ngig oder in unsere Generatoren eingebaut betrieben werden k\u00f6nnen.","_seopress_robots_index":"","inline_featured_image":false,"footnotes":""},"class_list":["post-36058","page","type-page","status-publish","hentry"],"acf":[],"_links":{"self":[{"href":"https:\/\/ozonetech.com\/de\/wp-json\/wp\/v2\/pages\/36058","targetHints":{"allow":["GET"]}}],"collection":[{"href":"https:\/\/ozonetech.com\/de\/wp-json\/wp\/v2\/pages"}],"about":[{"href":"https:\/\/ozonetech.com\/de\/wp-json\/wp\/v2\/types\/page"}],"author":[{"embeddable":true,"href":"https:\/\/ozonetech.com\/de\/wp-json\/wp\/v2\/users\/21"}],"replies":[{"embeddable":true,"href":"https:\/\/ozonetech.com\/de\/wp-json\/wp\/v2\/comments?post=36058"}],"version-history":[{"count":12,"href":"https:\/\/ozonetech.com\/de\/wp-json\/wp\/v2\/pages\/36058\/revisions"}],"predecessor-version":[{"id":42585,"href":"https:\/\/ozonetech.com\/de\/wp-json\/wp\/v2\/pages\/36058\/revisions\/42585"}],"up":[{"embeddable":true,"href":"https:\/\/ozonetech.com\/de\/wp-json\/wp\/v2\/pages\/35981"}],"wp:attachment":[{"href":"https:\/\/ozonetech.com\/de\/wp-json\/wp\/v2\/media?parent=36058"}],"curies":[{"name":"wp","href":"https:\/\/api.w.org\/{rel}","templated":true}]}}