{"id":36053,"date":"2021-07-09T08:30:52","date_gmt":"2021-07-09T07:30:52","guid":{"rendered":"https:\/\/ozonetech.com\/?page_id=36053"},"modified":"2024-10-11T09:48:17","modified_gmt":"2024-10-11T07:48:17","slug":"ozontechnologie","status":"publish","type":"page","link":"https:\/\/ozonetech.com\/de\/produkte\/ozontechnologie\/","title":{"rendered":"Ozontechnologie"},"content":{"rendered":"\n<section\n    class=\"block hero hero--regular\"\n    style=\"background-image: url('https:\/\/ozonetech.com\/wp-content\/uploads\/2021\/03\/ozone-technology-4-1600x484.jpg'); --hero-opacity: 0.4\"\n>\n\n    <div class=\"container-fluid\">\n\n        <div class=\"content editor_content\">\n                         \n                <h1 class='h1'>Ozontechnologie<\/h1>            \n                    <\/div>\n\n            <\/div>\n<\/section>\n\n\n<section class=\"component component_breadcrumbs\">\n\t<div class=\"container-fluid\">\n  \t<\/div>\n<\/section>\n\n\n<section\n    id=\"\"\n    class=\"block content-block\"\n\tstyle=\"--cb-bg: white; --cb-content: #000; padding-top: 30px; padding-bottom: 30px;\"\n>\n    \n\n<div class=\"container-fluid editor_content content content--narrow\">\n    <div class=\"row\">\n        <div class=\"col-12 editor_content\">\n            <h1>Effiziente Methoden der Ozonherstellung<\/h1>\n<p class=\"preamble\">Die einzigartige Generatortechnologie von Ozonetech Systems ist patentiert und basiert auf der Verwendung von Corona-Entladung und Keramikplatten. Jedes Erzeugungselement besteht aus zwei parallelen Keramikplatten, 100 mm x 150 mm, die die Corona-Entladung enthalten.<\/p>\n<p>In den Baureihen ICT und DCT ist jedes Erzeugungselement wassergek\u00fchlt und erzeugt je nach Art des K\u00fchlsystems zwischen 20 &#8211; 40 g\/h. Der Druck des Speisegases liegt normalerweise zwischen 1 &#8211; 3 bar.<\/p>\n<p><strong>Die Vorteile der Technologie sind:<\/strong><\/p>\n<ul>\n<li>Ultrakompaktes Design und geringes Gewicht<\/li>\n<li>Hoher Ausgangsdruck<\/li>\n<li>Hohe Konzentration<\/li>\n<li>Geringer Sauerstoff- und Energieverbrauch<\/li>\n<li>Niedriger Ger\u00e4uschpegel<\/li>\n<\/ul>\n<p>Neben den praktischen Eigenschaften von Gr\u00f6\u00dfe und Gewicht, die eine einfache Integration und Mobilit\u00e4t erm\u00f6glichen, sind Konzentration und Ausgangsdruck des Ozongases entscheidende Parameter, die oft nicht vollst\u00e4ndig bewertet werden.<\/p>\n<p>Sowohl Druck als auch Konzentration stehen in direktem Zusammenhang mit der Menge an Ozon, die in Wasser gel\u00f6st werden kann, was wiederum in direktem Zusammenhang mit der Wirksamkeit des Ozons als oxidierende Substanz steht.<\/p>\n<p>Durch die Verdoppelung der Ozonkonzentration verdoppelt sich auch der maximale Gehalt an gel\u00f6stem Ozon etwa. Als Beispiel kann ein 40 g\/h Generator mit einer Konzentration von 6 Gew.-% oft durch einen 20 g\/h mit 12 Gew.-% Generator ersetzt werden. Die gleiche Beziehung gilt f\u00fcr den Druck.<\/p>\n<p>Ein effizienter Hochkonzentrationsgenerator verbraucht auch weniger Sauerstoff und Energie im Vergleich zu einer niedrigen Konzentration. Alles in allem ist es entscheidend, die oben genannten Faktoren bei der Ermittlung der Investitions- und Betriebskosten gr\u00fcndlich zu bewerten und die beste Generatorauswahl zu treffen.<\/p>\n<p>Z\u00f6gern Sie nicht, <a href=\"https:\/\/ozonetech.com\/contact\/\">uns zu kontaktieren<\/a>, wenn Sie Hilfe ben\u00f6tigen!<\/p>\n        <\/div>\n    <\/div>\n<\/div>\n\n<\/section>\n","protected":false},"excerpt":{"rendered":"","protected":false},"author":21,"featured_media":0,"parent":35981,"menu_order":0,"comment_status":"closed","ping_status":"closed","template":"","meta":{"_acf_changed":false,"_seopress_robots_primary_cat":"","_seopress_titles_title":"","_seopress_titles_desc":"Die einzigartige von Ozonetech patentierte Generatortechnologie basiert auf Koronaentladung und Keramikplatten.","_seopress_robots_index":"","inline_featured_image":false,"footnotes":""},"class_list":["post-36053","page","type-page","status-publish","hentry"],"acf":[],"_links":{"self":[{"href":"https:\/\/ozonetech.com\/de\/wp-json\/wp\/v2\/pages\/36053","targetHints":{"allow":["GET"]}}],"collection":[{"href":"https:\/\/ozonetech.com\/de\/wp-json\/wp\/v2\/pages"}],"about":[{"href":"https:\/\/ozonetech.com\/de\/wp-json\/wp\/v2\/types\/page"}],"author":[{"embeddable":true,"href":"https:\/\/ozonetech.com\/de\/wp-json\/wp\/v2\/users\/21"}],"replies":[{"embeddable":true,"href":"https:\/\/ozonetech.com\/de\/wp-json\/wp\/v2\/comments?post=36053"}],"version-history":[{"count":7,"href":"https:\/\/ozonetech.com\/de\/wp-json\/wp\/v2\/pages\/36053\/revisions"}],"predecessor-version":[{"id":41150,"href":"https:\/\/ozonetech.com\/de\/wp-json\/wp\/v2\/pages\/36053\/revisions\/41150"}],"up":[{"embeddable":true,"href":"https:\/\/ozonetech.com\/de\/wp-json\/wp\/v2\/pages\/35981"}],"wp:attachment":[{"href":"https:\/\/ozonetech.com\/de\/wp-json\/wp\/v2\/media?parent=36053"}],"curies":[{"name":"wp","href":"https:\/\/api.w.org\/{rel}","templated":true}]}}