{"id":36047,"date":"2021-07-09T08:21:48","date_gmt":"2021-07-09T07:21:48","guid":{"rendered":"https:\/\/ozonetech.com\/?page_id=36047"},"modified":"2024-10-11T09:29:12","modified_gmt":"2024-10-11T07:29:12","slug":"ict-serie","status":"publish","type":"page","link":"https:\/\/ozonetech.com\/de\/produkte\/ozongeneratoren\/ict-serie\/","title":{"rendered":"ICT-Serie"},"content":{"rendered":"\n<section\n    class=\"block hero hero--regular\"\n    style=\"background-image: url('https:\/\/ozonetech.com\/wp-content\/uploads\/2021\/03\/ict-series-1-1600x484.jpg'); --hero-opacity: 0.3\"\n>\n\n    <div class=\"container-fluid\">\n\n        <div class=\"content editor_content\">\n                         \n                <h2 class='h2'>ICT-Serie<\/h2>            \n                    <\/div>\n\n            <\/div>\n<\/section>\n\n\n<section class=\"component component_breadcrumbs\">\n\t<div class=\"container-fluid\">\n  \t<\/div>\n<\/section>\n\n\n<section\n    id=\"\"\n    class=\"block content-block\"\n\tstyle=\"--cb-bg: white; --cb-content: #000; padding-top: 30px; padding-bottom: 30px;\"\n>\n    \n\n<div class=\"container-fluid editor_content content content--narrow\">\n    <div class=\"row\">\n        <div class=\"col-12 editor_content\">\n            <h1 style=\"text-align: left;\">ICT-Serie, die effizientesten und zuverl\u00e4ssigsten Ozongeneratoren auf dem Markt<\/h1>\n<p class=\"preamble\">Die Ozongeneratoren der ICT-Serie sind in einem Edelstahlschrank installiert. An der Unterseite befinden sich die Anschl\u00fcsse f\u00fcr Sauerstoff, Ozon und K\u00fchlwasser, sowie die elektrischen Anschl\u00fcsse mit Schnellkupplungen. Die Steuereinheit liest alle wesentlichen Systemparameter aus und gibt \u00fcber die Relais und die LED-Anzeige Alarm, wenn einer der Parameter au\u00dferhalb des Sicherheitsbereichs liegt. Optional kann der Generator an eine externe Steuereinheit angeschlossen werden, um erweiterte Funktionen zu erm\u00f6glichen.<\/p>\n<p>&nbsp;<\/p>\n        <\/div>\n    <\/div>\n<\/div>\n\n\n<div class=\"container-fluid content content--narrow\">\n    <div class=\"row\">\n        <div class=\"col-md-6 order-1 editor_content \">\n            <h3>Eigenschaften<\/h3>\n<ul>\n<li>Hohe Ozonkonzentration<\/li>\n<li>Kompaktes Design<\/li>\n<li>Regulierbare Ozonproduktion (20 &#8211; 100 %)<\/li>\n<li>Eingebauter LED-Alarm und Alarmrelais f\u00fcr kritische Systemparameter<\/li>\n<li>Schnellkupplungen f\u00fcr alle elektrischen Anschl\u00fcsse<\/li>\n<li>Niedriger Ger\u00e4uschpegel<\/li>\n<li>4-20 mA steuerbar (optional)<\/li>\n<li>CE-gepr\u00fcft<\/li>\n<\/ul>\n        <\/div>\n        <div class=\"col-md-6 order-2 editor_content d-flex justify-content-center\">\n                                            <figure class=\"side-image \">\n                    <img loading=\"lazy\" decoding=\"async\" width=\"256\" height=\"309\" src=\"https:\/\/ozonetech.com\/wp-content\/uploads\/2021\/03\/ict-120-ozonetech.png\" class=\"attachment-full size-full\" alt=\"\" srcset=\"https:\/\/ozonetech.com\/wp-content\/uploads\/2021\/03\/ict-120-ozonetech.png 256w, https:\/\/ozonetech.com\/wp-content\/uploads\/2021\/03\/ict-120-ozonetech-249x300.png 249w\" sizes=\"auto, (max-width: 256px) 100vw, 256px\" \/>                                    <\/figure>\n                    <\/div>\n    <\/div>\n<\/div>\n\n\n<div class=\"container-fluid editor_content content content--narrow\">\n    <div class=\"row\">\n        <div class=\"col-12 editor_content\">\n            <p>&nbsp;<\/p>\n<p>Um detaillierte Informationen zu erhalten, klicken Sie auf eines der folgenden Produkte.<\/p>\n        <\/div>\n    <\/div>\n<\/div>\n\n<div class=\"container-fluid editor_content\">\n    <div class=\"row\">\n        <div class=\"col-12 editor_content table-wrapper \" style=\"--table-text-color-header: #FFFFFF; --table-text-color-rows: #000000; --table-background-color-header: #5f5f5f; --table-background-color-rows-even: #efefef; --table-background-color-rows-odd: #dfdfdf; \">\n                            \n<table id=\"tablepress-254\" class=\"tablepress tablepress-id-254\" aria-describedby=\"tablepress-254-description\">\n<thead>\n<tr class=\"row-1\">\n\t<th class=\"column-1\">Modell<\/th><th class=\"column-2\">Produktion (max)<\/th><th class=\"column-3\">Max. Konz.<\/th><th class=\"column-4\">Nennkonz.<\/th><th class=\"column-5\">Abmessungen (HxWxD)<\/th><th class=\"column-6\">Gewicht<\/th><th class=\"column-7\">PDF<\/th>\n<\/tr>\n<\/thead>\n<tbody class=\"row-striping\">\n<tr class=\"row-2\">\n\t<td class=\"column-1\">ICT-05<\/td><td class=\"column-2\">5 g\/h<\/td><td class=\"column-3\">240 g\/Nm<sup>3<sup><\/td><td class=\"column-4\">140 g\/Nm<sup>3<sup><\/td><td class=\"column-5\">300x200x155 mm<\/td><td class=\"column-6\">8.5 kg<\/td><td class=\"column-7\"><a target=\"blank\" href=\"https:\/\/ozonetech.com\/wp-content\/uploads\/2021\/03\/Datasheet-Ozone-Generators-ICT-05-10-EN-v.2.0-web.pdf\" rel=\"noopener\">Datenblatt<\/a><\/td>\n<\/tr>\n<tr class=\"row-3\">\n\t<td class=\"column-1\">ICT-05 Lab<\/td><td class=\"column-2\">5 g\/h<\/td><td class=\"column-3\">240 g\/Nm<sup>3<sup><\/td><td class=\"column-4\">140 g\/Nm<sup>3<sup><\/td><td class=\"column-5\">300x200x155 mm<\/td><td class=\"column-6\">8.5 kg<\/td><td class=\"column-7\"><a target=\"blank\" href=\"https:\/\/ozonetech.com\/wp-content\/uploads\/2021\/03\/Datasheet-Ozone-Generators-ICT-05-10-EN-v.2.0-web.pdf\" rel=\"noopener\">Datenblatt<\/a><\/td>\n<\/tr>\n<tr class=\"row-4\">\n\t<td class=\"column-1\">ICT-10<\/td><td class=\"column-2\">10 g\/h<\/td><td class=\"column-3\">240 g\/Nm<sup>3<sup><\/td><td class=\"column-4\">70 g\/Nm<sup>3<sup><\/td><td class=\"column-5\">300x200x155 mm<\/td><td class=\"column-6\">8.5 kg<\/td><td class=\"column-7\"><a href=\"https:\/\/ozonetech.com\/wp-content\/uploads\/2021\/03\/Datasheet-Ozone-Generators-ICT-05-10-EN-v.2.0-web.pdf\">Datenblatt<\/a><\/td>\n<\/tr>\n<tr class=\"row-5\">\n\t<td class=\"column-1\">ICT-20<\/td><td class=\"column-2\">20 g\/h<\/td><td class=\"column-3\">240 g\/Nm<sup>3<sup><\/td><td class=\"column-4\">135 g\/Nm<sup>3<sup><\/td><td class=\"column-5\">400x400x200 mm<\/td><td class=\"column-6\">21 kg<\/td><td class=\"column-7\"><a target=\"blank\" href=\"https:\/\/ozonetech.com\/wp-content\/uploads\/2020\/12\/Datasheet-Ozone-Generators-ICT-20-500-EN-v.2.0.pdf\" rel=\"noopener\">Datenblatt<\/a><\/td>\n<\/tr>\n<tr class=\"row-6\">\n\t<td class=\"column-1\">ICT-40<\/td><td class=\"column-2\">40 g\/h<\/td><td class=\"column-3\">240 g\/Nm<sup>3<sup><\/td><td class=\"column-4\">135 g\/Nm<sup>3<sup><\/td><td class=\"column-5\">400x400x200 mm<\/td><td class=\"column-6\">22 kg<\/td><td class=\"column-7\"><a target=\"blank\" href=\"https:\/\/ozonetech.com\/wp-content\/uploads\/2020\/12\/Datasheet-Ozone-Generators-ICT-20-500-EN-v.2.0.pdf\" rel=\"noopener\">Datenblatt<\/a><\/td>\n<\/tr>\n<tr class=\"row-7\">\n\t<td class=\"column-1\">ICT-60<\/td><td class=\"column-2\">60 g\/h<\/td><td class=\"column-3\">240 g\/Nm<sup>3<sup><\/td><td class=\"column-4\">135 g\/Nm<sup>3<sup><\/td><td class=\"column-5\">400x400x200 mm<\/td><td class=\"column-6\">23 kg<\/td><td class=\"column-7\"><a target=\"blank\" href=\"https:\/\/ozonetech.com\/wp-content\/uploads\/2020\/12\/Datasheet-Ozone-Generators-ICT-20-500-EN-v.2.0.pdf\" rel=\"noopener\">Datenblatt<\/a><\/td>\n<\/tr>\n<tr class=\"row-8\">\n\t<td class=\"column-1\">ICT-80<\/td><td class=\"column-2\">80 g\/h<\/td><td class=\"column-3\">240 g\/Nm<sup>3<sup><\/td><td class=\"column-4\">135 g\/Nm<sup>3<sup><\/td><td class=\"column-5\">400x400x200 mm<\/td><td class=\"column-6\">26 kg<\/td><td class=\"column-7\"><a target=\"blank\" href=\"https:\/\/ozonetech.com\/wp-content\/uploads\/2020\/12\/Datasheet-Ozone-Generators-ICT-20-500-EN-v.2.0.pdf\" rel=\"noopener\">Datenblatt<\/a><\/td>\n<\/tr>\n<tr class=\"row-9\">\n\t<td class=\"column-1\">ICT-100<\/td><td class=\"column-2\">100 g\/h<\/td><td class=\"column-3\">240 g\/Nm<sup>3<sup><\/td><td class=\"column-4\">135 g\/Nm<sup>3<sup><\/td><td class=\"column-5\">400x400x200 mm<\/td><td class=\"column-6\">27 kg<\/td><td class=\"column-7\"><a target=\"blank\" href=\"https:\/\/ozonetech.com\/wp-content\/uploads\/2020\/12\/Datasheet-Ozone-Generators-ICT-20-500-EN-v.2.0.pdf\" rel=\"noopener\">Datenblatt<\/a><\/td>\n<\/tr>\n<tr class=\"row-10\">\n\t<td class=\"column-1\">ICT-120<\/td><td class=\"column-2\">120 g\/h<\/td><td class=\"column-3\">240 g\/Nm<sup>3<sup><\/td><td class=\"column-4\">135 g\/Nm<sup>3<sup><\/td><td class=\"column-5\">400x400x200 mm<\/td><td class=\"column-6\">28 kg<\/td><td class=\"column-7\"><a target=\"blank\" href=\"https:\/\/ozonetech.com\/wp-content\/uploads\/2020\/12\/Datasheet-Ozone-Generators-ICT-20-500-EN-v.2.0.pdf\" rel=\"noopener\">Datenblatt<\/a><\/td>\n<\/tr>\n<tr class=\"row-11\">\n\t<td class=\"column-1\">ICT-500<\/td><td class=\"column-2\">500 g\/h<\/td><td class=\"column-3\">240 g\/Nm<sup>3<sup><\/td><td class=\"column-4\">135 g\/Nm<sup>3<sup><\/td><td class=\"column-5\">1000x1000x400 mm<\/td><td class=\"column-6\">102 kg<\/td><td class=\"column-7\"><a target=\"blank\" href=\"https:\/\/ozonetech.com\/wp-content\/uploads\/2020\/12\/Datasheet-Ozone-Generators-ICT-20-500-EN-v.2.0.pdf\" rel=\"noopener\">Datenblatt<\/a><\/td>\n<\/tr>\n<\/tbody>\n<\/table>\n<span id=\"tablepress-254-description\" class=\"tablepress-table-description tablepress-table-description-id-254\">ICT ozone generator series have also been (and still are) sold and marketed under the brand Water Maid\u2122, or WM series, since 1993.<\/span>\n<!-- #tablepress-254 from cache -->                                <\/div>\n    <\/div>\n<\/div>\n<\/section>\n\n\n\n<section\n    id=\"form\"\n    class=\"block content-block\"\n\tstyle=\"--cb-bg: #fff; --cb-content: #000; \"\n>\n    \n\n<div class=\"container-fluid editor_content content content--narrow\">\n    <div class=\"row\">\n        <div class=\"col-12 editor_content\">\n            <h2>Angebot anfordern<\/h2>\n        <\/div>\n    <\/div>\n<\/div>\n\n\n\n<div class=\"container-fluid editor_content content content--narrow\">\n    <div class=\"row\">\n        <div class=\"col-12 editor_content\">\n            <p><!-- SharpSpring Form for ICT Quotation DE --><br \/>\n<script type=\"text\/javascript\">\n    var ss_form = {'account': 'MzawMDE3MzI2BwA', 'formID': 'szA1TrU0TjPXtbA0TdM1MTVI1E0yNzLWNUoztDS1NLJMTTI3BwA'};\n    ss_form.width = '100%';\n    ss_form.domain = 'app-3QNJA1Z2XY.marketingautomation.services';\n    \/\/ ss_form.hidden = {'field_id': 'value'}; \/\/ Modify this for sending hidden variables, or overriding values\n    \/\/ ss_form.target_id = 'target'; \/\/ Optional parameter: forms will be placed inside the element with the specified id\n    \/\/ ss_form.polling = true; \/\/ Optional parameter: set to true ONLY if your page loads dynamically and the id needs to be polled continually.\n<\/script><br \/>\n<script type=\"text\/javascript\" src=\"https:\/\/koi-3QNJA1Z2XY.marketingautomation.services\/client\/form.js?ver=2.0.1\"><\/script><\/p>\n        <\/div>\n    <\/div>\n<\/div>\n\n<\/section>\n","protected":false},"excerpt":{"rendered":"","protected":false},"author":21,"featured_media":0,"parent":36025,"menu_order":0,"comment_status":"closed","ping_status":"closed","template":"","meta":{"_acf_changed":false,"_seopress_robots_primary_cat":"","_seopress_titles_title":"","_seopress_titles_desc":"Die Ozongeneratorserie ICT sind in ein Edelstahlgeh\u00e4use mit Anschl\u00fcssen f\u00fcr Sauerstoff, Ozon und K\u00fchlwasser an der Unterseite eingebaut.","_seopress_robots_index":"","inline_featured_image":false,"footnotes":""},"class_list":["post-36047","page","type-page","status-publish","hentry"],"acf":[],"_links":{"self":[{"href":"https:\/\/ozonetech.com\/de\/wp-json\/wp\/v2\/pages\/36047","targetHints":{"allow":["GET"]}}],"collection":[{"href":"https:\/\/ozonetech.com\/de\/wp-json\/wp\/v2\/pages"}],"about":[{"href":"https:\/\/ozonetech.com\/de\/wp-json\/wp\/v2\/types\/page"}],"author":[{"embeddable":true,"href":"https:\/\/ozonetech.com\/de\/wp-json\/wp\/v2\/users\/21"}],"replies":[{"embeddable":true,"href":"https:\/\/ozonetech.com\/de\/wp-json\/wp\/v2\/comments?post=36047"}],"version-history":[{"count":14,"href":"https:\/\/ozonetech.com\/de\/wp-json\/wp\/v2\/pages\/36047\/revisions"}],"predecessor-version":[{"id":41039,"href":"https:\/\/ozonetech.com\/de\/wp-json\/wp\/v2\/pages\/36047\/revisions\/41039"}],"up":[{"embeddable":true,"href":"https:\/\/ozonetech.com\/de\/wp-json\/wp\/v2\/pages\/36025"}],"wp:attachment":[{"href":"https:\/\/ozonetech.com\/de\/wp-json\/wp\/v2\/media?parent=36047"}],"curies":[{"name":"wp","href":"https:\/\/api.w.org\/{rel}","templated":true}]}}