{"id":36037,"date":"2021-07-09T08:13:39","date_gmt":"2021-07-09T07:13:39","guid":{"rendered":"https:\/\/ozonetech.com\/?page_id=36037"},"modified":"2024-11-07T08:17:22","modified_gmt":"2024-11-07T07:17:22","slug":"dct-serie","status":"publish","type":"page","link":"https:\/\/ozonetech.com\/de\/produkte\/ozongeneratoren\/dct-serie\/","title":{"rendered":"DCT-Serie"},"content":{"rendered":"\n<section\n    class=\"block hero hero--regular\"\n    style=\"background-image: url('https:\/\/ozonetech.com\/wp-content\/uploads\/2021\/03\/dct-series-1600x484.jpg'); --hero-opacity: 0.3\"\n>\n\n    <div class=\"container-fluid\">\n\n        <div class=\"content editor_content\">\n                         \n                <h2 class='h2'>DCT-Serie<\/h2>            \n                    <\/div>\n\n            <\/div>\n<\/section>\n\n\n<section class=\"component component_breadcrumbs\">\n\t<div class=\"container-fluid\">\n  \t<\/div>\n<\/section>\n\n\n<section\n    id=\"\"\n    class=\"block content-block\"\n\tstyle=\"--cb-bg: white; --cb-content: #000; padding-top: 30px; padding-bottom: 30px;\"\n>\n    \n\n<div class=\"container-fluid editor_content content content--narrow\">\n    <div class=\"row\">\n        <div class=\"col-12 editor_content\">\n            <h1 style=\"text-align: left;\">DCT-Serie, unsere leistungsst\u00e4rksten Ozongeneratoren<\/h1>\n<p class=\"preamble\">Die Ozongeneratoren der DCT-Serie sind in einem Edelstahlschrank installiert. Auf der rechten Seite befinden sich Anschl\u00fcsse f\u00fcr Sauerstoff, Ozon und K\u00fchlwasser und auf der linken Seite alle elektrischen Anschl\u00fcsse mit Schnellkupplungen. Wesentliche Systemparameter werden kontinuierlich abgerufen und wenn Parameter au\u00dferhalb des Bereichs liegen, wird \u00fcber das Bedienpanel Alarm gegeben. Das Bedienpanel kann an einen externen Computer oder das Internet angeschlossen werden.<\/p>\n<p>&nbsp;<\/p>\n        <\/div>\n    <\/div>\n<\/div>\n\n\n<div class=\"container-fluid content content--narrow\">\n    <div class=\"row\">\n        <div class=\"col-md-6 order-1 editor_content \">\n            <h3>Eigenschaften<\/h3>\n<ul>\n<li>Hohe Ozonkonzentration<\/li>\n<li>Niedriger Ger\u00e4uschpegel<\/li>\n<li>Kompaktes Design erm\u00f6glicht einfachen Einbau und Systemintegration<\/li>\n<li>SPS-gesteuert mit eingebautem Bedienfeld<\/li>\n<li>Vollst\u00e4ndige Fernsteuerungs- und \u00dcberwachungsm\u00f6glichkeiten<\/li>\n<li>Anzeige der wesentlichen Parameter auf dem Display<\/li>\n<li>Einstellbare Ozonproduktion (0-100 %)<\/li>\n<li>Alarmrelais f\u00fcr kritische Systemparameter<\/li>\n<li>Schnellkupplungen f\u00fcr alle elektrischen Anschl\u00fcsse<\/li>\n<li>CE-gepr\u00fcft<\/li>\n<\/ul>\n<p>&nbsp;<\/p>\n        <\/div>\n        <div class=\"col-md-6 order-2 editor_content d-flex justify-content-center\">\n                                            <figure class=\"side-image \">\n                    <img loading=\"lazy\" decoding=\"async\" width=\"425\" height=\"530\" src=\"https:\/\/ozonetech.com\/wp-content\/uploads\/2021\/03\/dct-series-ozonetech-2.jpg\" class=\"attachment-full size-full\" alt=\"\" srcset=\"https:\/\/ozonetech.com\/wp-content\/uploads\/2021\/03\/dct-series-ozonetech-2.jpg 425w, https:\/\/ozonetech.com\/wp-content\/uploads\/2021\/03\/dct-series-ozonetech-2-241x300.jpg 241w\" sizes=\"auto, (max-width: 425px) 100vw, 425px\" \/>                                    <\/figure>\n                    <\/div>\n    <\/div>\n<\/div>\n\n\n<div class=\"container-fluid editor_content content content--narrow\">\n    <div class=\"row\">\n        <div class=\"col-12 editor_content\">\n            <p>Um detaillierte Informationen zu erhalten, klicken Sie auf eines der folgenden Produkte.<\/p>\n        <\/div>\n    <\/div>\n<\/div>\n\n<div class=\"container-fluid editor_content\">\n    <div class=\"row\">\n        <div class=\"col-12 editor_content table-wrapper \" style=\"--table-text-color-header: #FFFFFF; --table-text-color-rows: #000000; --table-background-color-header: #5f5f5f; --table-background-color-rows-even: #efefef; --table-background-color-rows-odd: #dfdfdf; \">\n                            \n<table id=\"tablepress-252\" class=\"tablepress tablepress-id-252\" aria-describedby=\"tablepress-252-description\">\n<thead>\n<tr class=\"row-1\">\n\t<th class=\"column-1\">Modell<\/th><th class=\"column-2\">Produktion (max)<\/th><th class=\"column-3\">Nennkonz<\/th><th class=\"column-4\">Nenndurchfluss<\/th><th class=\"column-5\">Gewicht<\/th><th class=\"column-6\">PDF<\/th>\n<\/tr>\n<\/thead>\n<tbody class=\"row-striping\">\n<tr class=\"row-2\">\n\t<td class=\"column-1\">DCT-500<\/td><td class=\"column-2\">0.5 kg\/h<\/td><td class=\"column-3\">215 g\/Nm<sup>3<\/sup><\/td><td class=\"column-4\">40 l\/min<\/td><td class=\"column-5\">150 kg<\/td><td class=\"column-6\"><a target=\"blank\" href=\"https:\/\/ozonetech.com\/wp-content\/uploads\/2020\/12\/Datasheet-Ozone-Generators-DCT-EN-v.2.0-web.pdf\" rel=\"noopener\">Datenblatt<\/a><\/td>\n<\/tr>\n<tr class=\"row-3\">\n\t<td class=\"column-1\">DCT-1000<\/td><td class=\"column-2\">1.0 kg\/h<\/td><td class=\"column-3\">140 g\/Nm<sup>3<\/sup><\/td><td class=\"column-4\">120 l\/min<\/td><td class=\"column-5\">150 kg<\/td><td class=\"column-6\"><a target=\"blank\" href=\"https:\/\/ozonetech.com\/wp-content\/uploads\/2020\/12\/Datasheet-Ozone-Generators-DCT-EN-v.2.0-web.pdf\" rel=\"noopener\">Datenblatt<\/a><\/td>\n<\/tr>\n<tr class=\"row-4\">\n\t<td class=\"column-1\">DCT-2000<\/td><td class=\"column-2\">2.0 kg\/h<\/td><td class=\"column-3\">140 g\/Nm<sup>3<\/sup><\/td><td class=\"column-4\">240 l\/min<\/td><td class=\"column-5\">300 kg<\/td><td class=\"column-6\"><a target=\"blank\" href=\"https:\/\/ozonetech.com\/wp-content\/uploads\/2020\/12\/Datasheet-Ozone-Generators-DCT-EN-v.2.0-web.pdf\" rel=\"noopener\">Datenblatt<\/a><\/td>\n<\/tr>\n<tr class=\"row-5\">\n\t<td class=\"column-1\">DCT-3000<\/td><td class=\"column-2\">3.0 kg\/h<\/td><td class=\"column-3\">140 g\/Nm<sup>3<\/sup><\/td><td class=\"column-4\">360 l\/min<\/td><td class=\"column-5\">450 kg<\/td><td class=\"column-6\"><a target=\"blank\" href=\"https:\/\/ozonetech.com\/wp-content\/uploads\/2020\/12\/Datasheet-Ozone-Generators-DCT-EN-v.2.0-web.pdf\" rel=\"noopener\">Datenblatt<\/a><\/td>\n<\/tr>\n<tr class=\"row-6\">\n\t<td class=\"column-1\">DCT-4000<\/td><td class=\"column-2\">4.0 kg\/h<\/td><td class=\"column-3\">140 g\/Nm<sup>3<\/sup><\/td><td class=\"column-4\">480 l\/min<\/td><td class=\"column-5\">600 kg<\/td><td class=\"column-6\"><a target=\"blank\" href=\"https:\/\/ozonetech.com\/wp-content\/uploads\/2020\/12\/Datasheet-Ozone-Generators-DCT-EN-v.2.0-web.pdf\" rel=\"noopener\">Datenblatt<\/a><\/td>\n<\/tr>\n<tr class=\"row-7\">\n\t<td class=\"column-1\">DCT-5000<\/td><td class=\"column-2\">5.0 kg\/h<\/td><td class=\"column-3\">140 g\/Nm<sup>3<\/sup><\/td><td class=\"column-4\">600 l\/min<\/td><td class=\"column-5\">750 kg<\/td><td class=\"column-6\"><a target=\"blank\" href=\"https:\/\/ozonetech.com\/wp-content\/uploads\/2020\/12\/Datasheet-Ozone-Generators-DCT-EN-v.2.0-web.pdf\" rel=\"noopener\">Datenblatt<\/a><\/td>\n<\/tr>\n<\/tbody>\n<\/table>\n<span id=\"tablepress-252-description\" class=\"tablepress-table-description tablepress-table-description-id-252\">For ozone production levels over 5.0 kg\/h, please contact us for more information.<\/span>\n<!-- #tablepress-252 from cache -->                                <\/div>\n    <\/div>\n<\/div>\n\n\n<div class=\"container-fluid editor_content content content--narrower\">\n    <div class=\"row\">\n        <div class=\"col-12 editor_content\">\n            <p>&nbsp;<\/p>\n<h2>Angebot anfordern<\/h2>\n        <\/div>\n    <\/div>\n<\/div>\n\n\n\n<div class=\"container-fluid editor_content content content--narrow\">\n    <div class=\"row\">\n        <div class=\"col-12 editor_content\">\n            <p><!-- SharpSpring Form for DCT Quotation EN --><br \/>\n<script type=\"text\/javascript\">\n    var ss_form = {'account': 'MzawMDE3MzI2BwA', 'formID': 'BcHJDQAwCAOwifJIASnrcO4_Qm0xm_MS3BH8riBx0GFdaeG8-g'};\n    ss_form.width = '100%';\n    ss_form.domain = 'app-3QNJA1Z2XY.marketingautomation.services';\n    ss_form.hidden = {'field_400000003544067': 'Ozonetech.com'};\n    \/\/ ss_form.target_id = 'target'; \/\/ Optional parameter: forms will be placed inside the element with the specified id\n    \/\/ ss_form.polling = true; \/\/ Optional parameter: set to true ONLY if your page loads dynamically and the id needs to be polled continually.\n<\/script><br \/>\n<script type=\"text\/javascript\" src=\"https:\/\/koi-3QNJA1Z2XY.marketingautomation.services\/client\/form.js?ver=2.0.1\"><\/script><\/p>\n        <\/div>\n    <\/div>\n<\/div>\n\n<\/section>\n","protected":false},"excerpt":{"rendered":"","protected":false},"author":21,"featured_media":0,"parent":36025,"menu_order":0,"comment_status":"closed","ping_status":"closed","template":"","meta":{"_acf_changed":false,"_seopress_robots_primary_cat":"","_seopress_titles_title":"","_seopress_titles_desc":"Der DCT-Ozongenerator liest durchgehend die wesentlichen Systemparameter und kann an einen externen Computer oder das Internet angeschlossen werden.","_seopress_robots_index":"","inline_featured_image":false,"footnotes":""},"class_list":["post-36037","page","type-page","status-publish","hentry"],"acf":[],"_links":{"self":[{"href":"https:\/\/ozonetech.com\/de\/wp-json\/wp\/v2\/pages\/36037","targetHints":{"allow":["GET"]}}],"collection":[{"href":"https:\/\/ozonetech.com\/de\/wp-json\/wp\/v2\/pages"}],"about":[{"href":"https:\/\/ozonetech.com\/de\/wp-json\/wp\/v2\/types\/page"}],"author":[{"embeddable":true,"href":"https:\/\/ozonetech.com\/de\/wp-json\/wp\/v2\/users\/21"}],"replies":[{"embeddable":true,"href":"https:\/\/ozonetech.com\/de\/wp-json\/wp\/v2\/comments?post=36037"}],"version-history":[{"count":13,"href":"https:\/\/ozonetech.com\/de\/wp-json\/wp\/v2\/pages\/36037\/revisions"}],"predecessor-version":[{"id":41989,"href":"https:\/\/ozonetech.com\/de\/wp-json\/wp\/v2\/pages\/36037\/revisions\/41989"}],"up":[{"embeddable":true,"href":"https:\/\/ozonetech.com\/de\/wp-json\/wp\/v2\/pages\/36025"}],"wp:attachment":[{"href":"https:\/\/ozonetech.com\/de\/wp-json\/wp\/v2\/media?parent=36037"}],"curies":[{"name":"wp","href":"https:\/\/api.w.org\/{rel}","templated":true}]}}