{"id":36017,"date":"2021-07-08T16:16:08","date_gmt":"2021-07-08T15:16:08","guid":{"rendered":"https:\/\/ozonetech.com\/?page_id=36017"},"modified":"2024-11-07T08:37:14","modified_gmt":"2024-11-07T07:37:14","slug":"ozonausruestung","status":"publish","type":"page","link":"https:\/\/ozonetech.com\/de\/produkte\/ozonausruestung\/","title":{"rendered":"Ozonausr\u00fcstung"},"content":{"rendered":"\n<section\n    class=\"block hero hero--regular\"\n    style=\"background-image: url('https:\/\/ozonetech.com\/wp-content\/uploads\/2021\/03\/ozone-equipment-cooling-system-1-1600x484.jpg'); --hero-opacity: 0.3\"\n>\n\n    <div class=\"container-fluid\">\n\n        <div class=\"content editor_content\">\n                         \n                <h2 class='h2'>Ozonausr\u00fcstung &#038; Geschlossenes K\u00fchlsystem<\/h2>            \n                    <\/div>\n\n            <\/div>\n<\/section>\n\n\n<section class=\"component component_breadcrumbs\">\n\t<div class=\"container-fluid\">\n  \t<\/div>\n<\/section>\n\n\n<section\n    id=\"\"\n    class=\"block content-block\"\n\tstyle=\"--cb-bg: white; --cb-content: #000; padding-top: 30px; padding-bottom: 30px;\"\n>\n    \n\n<div class=\"container-fluid editor_content content content--narrow\">\n    <div class=\"row\">\n        <div class=\"col-12 editor_content\">\n            <h1 style=\"text-align: left;\">Geschlossene K\u00fchlsysteme und andere wesentlichen Bauteile f\u00fcr Ozonsysteme<\/h1>\n<p class=\"preamble\">Unsere schl\u00fcsselfertigen Ozon- und Oxidationssysteme ben\u00f6tigen einige wesentliche Bau- und Zubeh\u00f6rteile. Mache dieser Bauteile stehen zum Kauf zur Verf\u00fcgung. Bitte fordern Sie ein Angebot an.<\/p>\n<h3>Geschlossene K\u00fchlsysteme<\/h3>\n<p>Geschlossenen K\u00fchlsysteme sind die perfekte Alternative, wenn externe K\u00fchlquellen nicht verf\u00fcgbar und\/oder die Kosten f\u00fcr den Wasserverbrauch der K\u00fchlung zu hoch sind.<\/p>\n<p>Wir k\u00f6nnen jedes unserer Standard-K\u00fchlsysteme mit einer Vielzahl an Optionen und Zubeh\u00f6rteilen liefern, um eine schl\u00fcsselfertige L\u00f6sung f\u00fcr Ihre K\u00fchlanforderungen zu bieten.<\/p>\n<p>Unsere geschlossenen K\u00fchlsysteme k\u00f6nnen bei einer Umgebungstemperatur von bis zu 40 Grad Celsius (oder 104 F) und verschiedenen Kapazit\u00e4ten von bis zu 165 l\/h betrieben werden.<\/p>\n<h3>Steuersysteme<\/h3>\n<p>Unser intern entwickeltes Steuersystem O3Eye\u2122 \u00fcberwacht das gesamte Ozonsystem einschlie\u00dflich aller angeschlossenen peripheren Bauteile. Das Ger\u00e4t liefert au\u00dferdem eine Vielzahl an Statusaktualisierungen und Alarmsignalen.<\/p>\n<p>Bei unserer Premium-Service-Vereinbarung wird der O3Eye\u2122 Ihres Ozonetech-Systems mit unserem Online-Fern\u00fcberwachungsprogramm verbunden und unser Kundendienst ist dazu in der Lage Ihren Wartungsplan und die Betriebszeit Ihres Systems zu optimieren.<\/p>\n<p>F\u00fcr weitere technische Einzelheiten zu unseren geschlossenen K\u00fchlsystemen und Steuersystemen, die derzeit auf Lager sind, lesen Sie bitte das Datenblatt in der nachstehenden Tabelle:<\/p>\n<p>&nbsp;<\/p>\n        <\/div>\n    <\/div>\n<\/div>\n\n<div class=\"container-fluid editor_content\">\n    <div class=\"row\">\n        <div class=\"col-12 editor_content table-wrapper \" style=\"--table-text-color-header: #FFFFFF; --table-text-color-rows: #000000; --table-background-color-header: #5f5f5f; --table-background-color-rows-even: #efefef; --table-background-color-rows-odd: #dfdfdf; \">\n                            \n<table id=\"tablepress-250\" class=\"tablepress tablepress-id-250\" aria-describedby=\"tablepress-250-description\">\n<thead>\n<tr class=\"row-1\">\n\t<th class=\"column-1\">Modell<\/th><th class=\"column-2\">Beschreibung<\/th><th class=\"column-3\">PDF<\/th>\n<\/tr>\n<\/thead>\n<tbody class=\"row-striping\">\n<tr class=\"row-2\">\n\t<td class=\"column-1\">O3Eye\u2122<\/td><td class=\"column-2\">Steuerungssystem<\/td><td class=\"column-3\"><a target=\"blank\" href=\"https:\/\/ozonetech.com\/wp-content\/uploads\/2020\/12\/Datasheet-Control-Monitor-O3Eye-EN-v.2.0-web.pdf\" rel=\"noopener\">Datenblatt<\/a><\/td>\n<\/tr>\n<tr class=\"row-3\">\n\t<td class=\"column-1\">Geschlossenes K\u00fchlsystem WENR003s<\/td><td class=\"column-2\">Geschlossenes K\u00fchlsystem (3.4 kW K\u00fchlleistung)<\/td><td class=\"column-3\"><a target=\"blank\" href=\"https:\/\/ozonetech.com\/wp-content\/uploads\/2021\/03\/Datasheet-Closed-Cooling-System-WENR003s-EN-v.2.0-web.pdf\" rel=\"noopener\">Datenblatt<\/a><\/td>\n<\/tr>\n<tr class=\"row-4\">\n\t<td class=\"column-1\">Geschlossenes K\u00fchlsystem WBK1224<\/td><td class=\"column-2\">Geschlossenes K\u00fchlsystem (0.8 kW K\u00fchlleistung)<\/td><td class=\"column-3\"><a target=\"blank\" href=\"https:\/\/ozonetech.com\/wp-content\/uploads\/2020\/12\/Datasheet-Closed-cooling-system-WBK1224xxx-EN-v.2.0-web.pdf\" rel=\"noopener\">Datenblatt<\/a><\/td>\n<\/tr>\n<tr class=\"row-5\">\n\t<td class=\"column-1\">Geschlossenes K\u00fchlsystem  WBK2380s<\/td><td class=\"column-2\">Geschlossenes K\u00fchlsystem (2.0 kW K\u00fchlleistung)<\/td><td class=\"column-3\"><a target=\"blank\" href=\"https:\/\/ozonetech.com\/wp-content\/uploads\/2020\/12\/Datasheet-Closed-Cooling-System-WBK-5650s-1550-2380s-EN-v.2.0-web.pdf\" rel=\"noopener\">Datenblatt<\/a><\/td>\n<\/tr>\n<tr class=\"row-6\">\n\t<td class=\"column-1\">Geschlossenes K\u00fchlsystem  WBK1550\/5650s<\/td><td class=\"column-2\">Geschlossenes K\u00fchlsystem (1.3 kW K\u00fchlleistung)<\/td><td class=\"column-3\"><a target=\"blank\" href=\"https:\/\/ozonetech.com\/wp-content\/uploads\/2020\/12\/Datasheet-Closed-Cooling-System-WBK-5650s-1550-2380s-EN-v.2.0-web.pdf\" rel=\"noopener\">Datenblatt<\/a><\/td>\n<\/tr>\n<tr class=\"row-7\">\n\t<td class=\"column-1\">Ozon Teflon (PTFE)-Schlauch<\/td><td class=\"column-2\">Ozonbest\u00e4ndiger Schlauch (OD 4\/6\/8\/12 mm)<\/td><td class=\"column-3\">N\/A<\/td>\n<\/tr>\n<tr class=\"row-8\">\n\t<td class=\"column-1\">Ozone O-ring<\/td><td class=\"column-2\">7.66&#215;1.78 &#8211; 250&#215;3.0 (FPM)<\/td><td class=\"column-3\">N\/A<\/td>\n<\/tr>\n<tr class=\"row-9\">\n\t<td class=\"column-1\">Ozonrohrverschraubungen &amp; Ventile<\/td><td class=\"column-2\">Rohrverschraubungen und Ventile (6-12 mm)<\/td><td class=\"column-3\">N\/A<\/td>\n<\/tr>\n<\/tbody>\n<\/table>\n<span id=\"tablepress-250-description\" class=\"tablepress-table-description tablepress-table-description-id-250\"><\/span>\n<!-- #tablepress-250 from cache -->                                <\/div>\n    <\/div>\n<\/div>\n\n\n<div class=\"container-fluid editor_content content content--narrower\">\n    <div class=\"row\">\n        <div class=\"col-12 editor_content\">\n            <p>&nbsp;<\/p>\n<h2>Angebot anfordern<\/h2>\n        <\/div>\n    <\/div>\n<\/div>\n\n\n\n<div class=\"container-fluid editor_content content content--narrow\">\n    <div class=\"row\">\n        <div class=\"col-12 editor_content\">\n            <p><!-- SharpSpring Form for OE Quotation DE  --><br \/>\n<script type=\"text\/javascript\">\n    var ss_form = {'account': 'MzawMDE3MzI2BwA', 'formID': 'SzY3S0pJTU7VNU41TdE1MUlL0rUwSk7WNTNJtrQwNjE3TzMzAAA'};\n    ss_form.width = '100%';\n    ss_form.domain = 'app-3QNJA1Z2XY.marketingautomation.services';\n    ss_form.hidden = {'field_400000003544067': 'Ozonetech.com'};\n    \/\/ ss_form.target_id = 'target'; \/\/ Optional parameter: forms will be placed inside the element with the specified id\n    \/\/ ss_form.polling = true; \/\/ Optional parameter: set to true ONLY if your page loads dynamically and the id needs to be polled continually.\n<\/script><br \/>\n<script type=\"text\/javascript\" src=\"https:\/\/koi-3QNJA1Z2XY.marketingautomation.services\/client\/form.js?ver=2.0.1\"><\/script><\/p>\n        <\/div>\n    <\/div>\n<\/div>\n\n<\/section>\n","protected":false},"excerpt":{"rendered":"","protected":false},"author":21,"featured_media":0,"parent":35981,"menu_order":0,"comment_status":"closed","ping_status":"closed","template":"","meta":{"_acf_changed":false,"_seopress_robots_primary_cat":"","_seopress_titles_title":"","_seopress_titles_desc":"Sehen Sie hier unterschiedliche Teile der Ozonausstattung, die in Verbindung mit unseren Produkten und bei Ozonanwendungen benutzt werden k\u00f6nnen.","_seopress_robots_index":"","inline_featured_image":false,"footnotes":""},"class_list":["post-36017","page","type-page","status-publish","hentry"],"acf":[],"_links":{"self":[{"href":"https:\/\/ozonetech.com\/de\/wp-json\/wp\/v2\/pages\/36017","targetHints":{"allow":["GET"]}}],"collection":[{"href":"https:\/\/ozonetech.com\/de\/wp-json\/wp\/v2\/pages"}],"about":[{"href":"https:\/\/ozonetech.com\/de\/wp-json\/wp\/v2\/types\/page"}],"author":[{"embeddable":true,"href":"https:\/\/ozonetech.com\/de\/wp-json\/wp\/v2\/users\/21"}],"replies":[{"embeddable":true,"href":"https:\/\/ozonetech.com\/de\/wp-json\/wp\/v2\/comments?post=36017"}],"version-history":[{"count":15,"href":"https:\/\/ozonetech.com\/de\/wp-json\/wp\/v2\/pages\/36017\/revisions"}],"predecessor-version":[{"id":42042,"href":"https:\/\/ozonetech.com\/de\/wp-json\/wp\/v2\/pages\/36017\/revisions\/42042"}],"up":[{"embeddable":true,"href":"https:\/\/ozonetech.com\/de\/wp-json\/wp\/v2\/pages\/35981"}],"wp:attachment":[{"href":"https:\/\/ozonetech.com\/de\/wp-json\/wp\/v2\/media?parent=36017"}],"curies":[{"name":"wp","href":"https:\/\/api.w.org\/{rel}","templated":true}]}}