{"id":36013,"date":"2021-07-08T16:13:10","date_gmt":"2021-07-08T15:13:10","guid":{"rendered":"https:\/\/ozonetech.com\/?page_id=36013"},"modified":"2024-11-07T10:49:45","modified_gmt":"2024-11-07T09:49:45","slug":"ozonvernichter","status":"publish","type":"page","link":"https:\/\/ozonetech.com\/de\/produkte\/ozonvernichter\/","title":{"rendered":"Ozonvernichter"},"content":{"rendered":"\n<section\n    class=\"block hero hero--regular\"\n    style=\"background-image: url('https:\/\/ozonetech.com\/wp-content\/uploads\/2021\/03\/destructors-1600x484.jpg'); --hero-opacity: 0.3\"\n>\n\n    <div class=\"container-fluid\">\n\n        <div class=\"content editor_content\">\n                         \n                <h2 class='h2'>Ozonvernichter<\/h2>            \n                    <\/div>\n\n            <\/div>\n<\/section>\n\n\n<section class=\"component component_breadcrumbs\">\n\t<div class=\"container-fluid\">\n  \t<\/div>\n<\/section>\n\n\n<section\n    id=\"\"\n    class=\"block content-block\"\n\tstyle=\"--cb-bg: white; --cb-content: #000; padding-top: 30px; padding-bottom: 30px;\"\n>\n    \n\n<div class=\"container-fluid editor_content content content--narrow\">\n    <div class=\"row\">\n        <div class=\"col-12 editor_content\">\n            <h1 style=\"text-align: left;\">Kompakte und effiziente Ozon-Vernichter<\/h1>\n        <\/div>\n    <\/div>\n<\/div>\n\n\n<div class=\"container-fluid content content--narrow\">\n    <div class=\"row\">\n        <div class=\"col-md-6 order-1 editor_content \">\n            <p class=\"preamble\">Ozon ist ein sehr wirkungsstarkes und sehr reaktionsfreudiges Molek\u00fcl, das die meisten Metalle und organische Stoffe oxidieren kann. Es ist zwar in vielen Anwendungen zur Behandlung von Luft und Wasser sehr n\u00fctzlich, aber nach der Behandlung k\u00f6nnen noch hohe Konzentrationen von Ozon vorhanden sein und m\u00fcssen dann vernichtet werden.<\/p>\n<p>Alle Ozonvernichter sind mit katalytischen Materialien und Schnellkupplung ausgestattet.<\/p>\n        <\/div>\n        <div class=\"col-md-6 order-2 editor_content d-flex justify-content-center\">\n                                            <figure class=\"side-image \">\n                    <img loading=\"lazy\" decoding=\"async\" width=\"425\" height=\"297\" src=\"https:\/\/ozonetech.com\/wp-content\/uploads\/2021\/03\/ozone-destructors-1.png\" class=\"attachment-full size-full\" alt=\"\" srcset=\"https:\/\/ozonetech.com\/wp-content\/uploads\/2021\/03\/ozone-destructors-1.png 425w, https:\/\/ozonetech.com\/wp-content\/uploads\/2021\/03\/ozone-destructors-1-300x210.png 300w\" sizes=\"auto, (max-width: 425px) 100vw, 425px\" \/>                                    <\/figure>\n                    <\/div>\n    <\/div>\n<\/div>\n\n\n<div class=\"container-fluid editor_content content content--narrow\">\n    <div class=\"row\">\n        <div class=\"col-12 editor_content\">\n            <p>Unsere Ozon-Vernichter wandeln Ozon rasch in Sauerstoff um, ohne dabei Kohlendioxid oder giftige Gase wie Kohlenmonoxid abzugeben.<\/p>\n<p>Die katalytischen Ozon-Vernichter von Ozonetech sind aus Edelstahl hergestellt und garantieren einen Maximalaussto\u00df von 0,1 ppm Ozon, unabh\u00e4ngig von der eingehenden Ozonkonzentration.<\/p>\n<p>Jeder Ozon-Vernichter wird vollst\u00e4ndig mit Beschl\u00e4gen, Anschl\u00fcssen und katalytischem Material geliefert.<\/p>\n<p>Wie bieten auch kundenspezifisch hergestellte Ozon-Vernichter f\u00fcr Gasstrombereiche au\u00dferhalb unserer standardm\u00e4\u00dfigen katalytischen Ozon-Vernichter an.<\/p>\n<p>Wenn Sie an unseren Komplettsystemen f\u00fcr die Behandlung gr\u00f6\u00dferer Ozonmengen interessiert sind, schauen Sie sich die <a href=\"https:\/\/ozonetech.com\/de\/systeme-dienstleistungen\/luftaufbereitung\/ozonvernichtungssystem-contra\/\">Contra Ozonvernichtungssysteme<\/a> an.<\/p>\n<p>F\u00fcr detaillierte technische Informationen empfehlen wir, das Datenblatt in der nachstehende Tabelle zu lesen:<\/p>\n        <\/div>\n    <\/div>\n<\/div>\n\n<div class=\"container-fluid editor_content\">\n    <div class=\"row\">\n        <div class=\"col-12 editor_content table-wrapper \" style=\"--table-text-color-header: #FFFFFF; --table-text-color-rows: #000000; --table-background-color-header: #5f5f5f; --table-background-color-rows-even: #efefef; --table-background-color-rows-odd: #dfdfdf; \">\n                            \n<table id=\"tablepress-249\" class=\"tablepress tablepress-id-249\" aria-describedby=\"tablepress-249-description\">\n<thead>\n<tr class=\"row-1\">\n\t<th class=\"column-1\">Modell<\/th><th class=\"column-2\">Kapazit\u00e4t<\/th><th class=\"column-3\">Empfohlener Ozongenerator<\/th><th class=\"column-4\">PDF<\/th>\n<\/tr>\n<\/thead>\n<tbody class=\"row-striping\">\n<tr class=\"row-2\">\n\t<td class=\"column-1\">Ozonvernichter OD-100<\/td><td class=\"column-2\">15 l\/min<\/td><td class=\"column-3\">ICT-Serie<\/td><td class=\"column-4\"><a target=\"blank\" href=\"https:\/\/ozonetech.com\/wp-content\/uploads\/2021\/04\/Datasheet-Ozone-Destructors-v.2.0-EN-web.pdf\" rel=\"noopener\">Datenblatt<\/a><\/td>\n<\/tr>\n<tr class=\"row-3\">\n\t<td class=\"column-1\">Ozonvernichter OD-200<\/td><td class=\"column-2\">30 l\/min<\/td><td class=\"column-3\">ICT-Serie<\/td><td class=\"column-4\"><a target=\"blank\" href=\"https:\/\/ozonetech.com\/wp-content\/uploads\/2021\/04\/Datasheet-Ozone-Destructors-v.2.0-EN-web.pdf\" rel=\"noopener\">Datenblatt<\/a><\/td>\n<\/tr>\n<tr class=\"row-4\">\n\t<td class=\"column-1\">Ozonvernichter OD-400<\/td><td class=\"column-2\">65 l\/min<\/td><td class=\"column-3\">ICT\/DCT-Serie<\/td><td class=\"column-4\"><a target=\"blank\" href=\"https:\/\/ozonetech.com\/wp-content\/uploads\/2021\/04\/Datasheet-Ozone-Destructors-v.2.0-EN-web.pdf\" rel=\"noopener\">Datenblatt<\/a><\/td>\n<\/tr>\n<tr class=\"row-5\">\n\t<td class=\"column-1\">Ozonvernichter OD-1000<\/td><td class=\"column-2\">150 l\/min<\/td><td class=\"column-3\">ICT\/DCT-Serie<\/td><td class=\"column-4\"><a target=\"blank\" href=\"https:\/\/ozonetech.com\/wp-content\/uploads\/2021\/04\/Datasheet-Ozone-Destructors-v.2.0-EN-web.pdf\" rel=\"noopener\">Datenblatt<\/a><\/td>\n<\/tr>\n<tr class=\"row-6\">\n\t<td class=\"column-1\">Ozonvernichter OD-5000<\/td><td class=\"column-2\">830 l\/min<\/td><td class=\"column-3\">ICT\/DCT-Serie<\/td><td class=\"column-4\"><a target=\"blank\" href=\"https:\/\/ozonetech.com\/wp-content\/uploads\/2021\/04\/Datasheet-Ozone-Destructors-v.2.0-EN-web.pdf\" rel=\"noopener\">Datenblatt<\/a><\/td>\n<\/tr>\n<\/tbody>\n<\/table>\n<span id=\"tablepress-249-description\" class=\"tablepress-table-description tablepress-table-description-id-249\"><\/span>\n<!-- #tablepress-249 from cache -->                                <\/div>\n    <\/div>\n<\/div>\n\n\n<div class=\"container-fluid editor_content content content--narrower\">\n    <div class=\"row\">\n        <div class=\"col-12 editor_content\">\n            <p><a id=\"form\"><\/a><\/p>\n<h2>Angebot anfordern<\/h2>\n        <\/div>\n    <\/div>\n<\/div>\n\n\n\n<div class=\"container-fluid editor_content content content--narrow\">\n    <div class=\"row\">\n        <div class=\"col-12 editor_content\">\n            <p><!-- SharpSpring Form for OD Quotation DE --><br \/>\n<script type=\"text\/javascript\">\n    var ss_form = {'account': 'MzawMDE3MzI2BwA', 'formID': 'SzYwSzQxMTfVTUszSNU1MTZK1rW0tDAGEsZmhibJSanJiaYA'};\n    ss_form.width = '100%';\n    ss_form.domain = 'app-3QNJA1Z2XY.marketingautomation.services';\n    ss_form.hidden = {'field_400000003544067': 'Ozonetech.com'};\n    \/\/ ss_form.target_id = 'target'; \/\/ Optional parameter: forms will be placed inside the element with the specified id\n    \/\/ ss_form.polling = true; \/\/ Optional parameter: set to true ONLY if your page loads dynamically and the id needs to be polled continually.\n<\/script><br \/>\n<script type=\"text\/javascript\" src=\"https:\/\/koi-3QNJA1Z2XY.marketingautomation.services\/client\/form.js?ver=2.0.1\"><\/script><\/p>\n        <\/div>\n    <\/div>\n<\/div>\n\n<\/section>\n","protected":false},"excerpt":{"rendered":"","protected":false},"author":21,"featured_media":0,"parent":35981,"menu_order":0,"comment_status":"closed","ping_status":"closed","template":"","meta":{"_acf_changed":false,"_seopress_robots_primary_cat":"","_seopress_titles_title":"","_seopress_titles_desc":"Ein Ozon-Vernichter wandelt Ozon schnell in Sauerstoff um und das ohne, dass giftige Gase wie Kohlenmonoxid oder Kohlendioxid freigesetzt werden.","_seopress_robots_index":"","inline_featured_image":false,"footnotes":""},"class_list":["post-36013","page","type-page","status-publish","hentry"],"acf":[],"_links":{"self":[{"href":"https:\/\/ozonetech.com\/de\/wp-json\/wp\/v2\/pages\/36013","targetHints":{"allow":["GET"]}}],"collection":[{"href":"https:\/\/ozonetech.com\/de\/wp-json\/wp\/v2\/pages"}],"about":[{"href":"https:\/\/ozonetech.com\/de\/wp-json\/wp\/v2\/types\/page"}],"author":[{"embeddable":true,"href":"https:\/\/ozonetech.com\/de\/wp-json\/wp\/v2\/users\/21"}],"replies":[{"embeddable":true,"href":"https:\/\/ozonetech.com\/de\/wp-json\/wp\/v2\/comments?post=36013"}],"version-history":[{"count":13,"href":"https:\/\/ozonetech.com\/de\/wp-json\/wp\/v2\/pages\/36013\/revisions"}],"predecessor-version":[{"id":42055,"href":"https:\/\/ozonetech.com\/de\/wp-json\/wp\/v2\/pages\/36013\/revisions\/42055"}],"up":[{"embeddable":true,"href":"https:\/\/ozonetech.com\/de\/wp-json\/wp\/v2\/pages\/35981"}],"wp:attachment":[{"href":"https:\/\/ozonetech.com\/de\/wp-json\/wp\/v2\/media?parent=36013"}],"curies":[{"name":"wp","href":"https:\/\/api.w.org\/{rel}","templated":true}]}}