{"id":36004,"date":"2021-07-08T16:06:53","date_gmt":"2021-07-08T15:06:53","guid":{"rendered":"https:\/\/ozonetech.com\/?page_id=36004"},"modified":"2024-11-07T08:11:13","modified_gmt":"2024-11-07T07:11:13","slug":"onyx-serie","status":"publish","type":"page","link":"https:\/\/ozonetech.com\/de\/produkte\/sauerstoffgeneratoren-und-konzentratoren\/onyx-serie\/","title":{"rendered":"Onyx-Serie"},"content":{"rendered":"<section class=\"component component_breadcrumbs\">\n\t<div class=\"container-fluid\">\n  \t<\/div>\n<\/section>\n\n\n<section\n    id=\"\"\n    class=\"block content-block\"\n\tstyle=\"--cb-bg: #fff; --cb-content: #000; \"\n>\n    \n\n<div class=\"container-fluid editor_content content content--narrow\">\n    <div class=\"row\">\n        <div class=\"col-12 editor_content\">\n            <h1 class=\"h2\">Onyx-Serie<\/h1>\n<p class=\"preamble\">Es gibt Tausende von Onyx PSA-Sauerstoffgeneratoren, die speziell auf Zuverl\u00e4ssigkeit, Energieeffizienz und Benutzerfreundlichkeit ausgelegt sind und derzeit weltweit im Einsatz sind.<\/p>\n<p>Die Zuverl\u00e4ssigkeit, der niedrige Ger\u00e4uschpegel und die F\u00e4higkeit, eine Sauerstoffkonzentration von bis zu 95,5 % zu liefern, machen den Onyx zu einer perfekten L\u00f6sung f\u00fcr viele Anwendungen. Diese Generatoren erfordern keine besondere Installation. Schlie\u00dfen Sie einfach den Sauerstoffanschluss an Ihre Anwendung oder Ihr Sauerstoffverteilungssystem und das Netzkabel an eine geerdete Steckdose an. Schalten Sie das Ger\u00e4t ein und stellen Sie Ihre Sauerstoff-Durchflussrate ein.<\/p>\n        <\/div>\n    <\/div>\n<\/div>\n\n\n<div class=\"container-fluid content content--narrow\">\n    <div class=\"row\">\n        <div class=\"col-md-6 order-1 editor_content \">\n            <h2 class=\"h3\">Typische Anwendungsbereiche<\/h2>\n<h3 class=\"h4\">Herstellung<\/h3>\n<ul>\n<li>Schmuck\/Hartl\u00f6ten\/L\u00f6ten<\/li>\n<li>Glasbearbeitung \/ Glasbl\u00e4serei<\/li>\n<\/ul>\n<h3 class=\"h4\">Umwelt<\/h3>\n<ul>\n<li>Ozon (Generator) Tr\u00e4gergas<\/li>\n<li>Umweltsanierung<\/li>\n<\/ul>\n<h3 class=\"h4\">Zus\u00e4tzlich<\/h3>\n<ul>\n<li>Fischfarmen<\/li>\n<li>Sauerstoffbar<\/li>\n<li>Training mit Sauerstoff (EWOT)<\/li>\n<li>Wellness\/Spa<\/li>\n<\/ul>\n        <\/div>\n        <div class=\"col-md-6 order-2 editor_content d-flex justify-content-center\">\n                                            <figure class=\"side-image \">\n                    <img loading=\"lazy\" decoding=\"async\" width=\"425\" height=\"499\" src=\"https:\/\/ozonetech.com\/wp-content\/uploads\/2021\/03\/onyx-ozonetech-3.png\" class=\"attachment-full size-full\" alt=\"\" srcset=\"https:\/\/ozonetech.com\/wp-content\/uploads\/2021\/03\/onyx-ozonetech-3.png 425w, https:\/\/ozonetech.com\/wp-content\/uploads\/2021\/03\/onyx-ozonetech-3-256x300.png 256w\" sizes=\"auto, (max-width: 425px) 100vw, 425px\" \/>                                    <\/figure>\n                    <\/div>\n    <\/div>\n<\/div>\n\n\n<div class=\"container-fluid editor_content content content--narrow\">\n    <div class=\"row\">\n        <div class=\"col-12 editor_content\">\n            <h3>Angebot anfordern<\/h3>\n<p><!-- SharpSpring Form for Topaz Onyx Quotation DE  --><br \/>\n<script type=\"text\/javascript\">\n    var ss_form = {'account': 'MzawMDE3MzI2BwA', 'formID': 's0wzSDNPNTLRNbVMNtc1SUtJ0U00SzXTNU-1SDZLSTJJTDJLAgA'};\n    ss_form.width = '100%';\n    ss_form.domain = 'app-3QNJA1Z2XY.marketingautomation.services';\n    ss_form.hidden = {'field_400000003544067': 'Ozonetech.com'};\n    \/\/ ss_form.target_id = 'target'; \/\/ Optional parameter: forms will be placed inside the element with the specified id\n    \/\/ ss_form.polling = true; \/\/ Optional parameter: set to true ONLY if your page loads dynamically and the id needs to be polled continually.\n<\/script><br \/>\n<script type=\"text\/javascript\" src=\"https:\/\/koi-3QNJA1Z2XY.marketingautomation.services\/client\/form.js?ver=2.0.1\"><\/script><\/p>\n        <\/div>\n    <\/div>\n<\/div>\n\n<\/section>\n","protected":false},"excerpt":{"rendered":"","protected":false},"author":21,"featured_media":0,"parent":35987,"menu_order":0,"comment_status":"closed","ping_status":"closed","template":"","meta":{"_acf_changed":false,"_seopress_robots_primary_cat":"","_seopress_titles_title":"","_seopress_titles_desc":"Die Zuverl\u00e4ssigkeit, der niedrige Ger\u00e4uschpegel und die F\u00e4higkeit, eine Sauerstoffkonzentration von bis zu 95,5 % zu liefern, machen den Onyx zu einer perfekten L\u00f6sung f\u00fcr viele Anwendungen","_seopress_robots_index":"","inline_featured_image":false,"footnotes":""},"class_list":["post-36004","page","type-page","status-publish","hentry"],"acf":[],"_links":{"self":[{"href":"https:\/\/ozonetech.com\/de\/wp-json\/wp\/v2\/pages\/36004","targetHints":{"allow":["GET"]}}],"collection":[{"href":"https:\/\/ozonetech.com\/de\/wp-json\/wp\/v2\/pages"}],"about":[{"href":"https:\/\/ozonetech.com\/de\/wp-json\/wp\/v2\/types\/page"}],"author":[{"embeddable":true,"href":"https:\/\/ozonetech.com\/de\/wp-json\/wp\/v2\/users\/21"}],"replies":[{"embeddable":true,"href":"https:\/\/ozonetech.com\/de\/wp-json\/wp\/v2\/comments?post=36004"}],"version-history":[{"count":7,"href":"https:\/\/ozonetech.com\/de\/wp-json\/wp\/v2\/pages\/36004\/revisions"}],"predecessor-version":[{"id":41968,"href":"https:\/\/ozonetech.com\/de\/wp-json\/wp\/v2\/pages\/36004\/revisions\/41968"}],"up":[{"embeddable":true,"href":"https:\/\/ozonetech.com\/de\/wp-json\/wp\/v2\/pages\/35987"}],"wp:attachment":[{"href":"https:\/\/ozonetech.com\/de\/wp-json\/wp\/v2\/media?parent=36004"}],"curies":[{"name":"wp","href":"https:\/\/api.w.org\/{rel}","templated":true}]}}