{"id":35984,"date":"2021-07-08T14:57:22","date_gmt":"2021-07-08T13:57:22","guid":{"rendered":"https:\/\/ozonetech.com\/?page_id=35984"},"modified":"2024-11-07T08:32:42","modified_gmt":"2024-11-07T07:32:42","slug":"mischvorrichtungen","status":"publish","type":"page","link":"https:\/\/ozonetech.com\/de\/produkte\/mischvorrichtungen\/","title":{"rendered":"Mischvorrichtungen"},"content":{"rendered":"\n<section\n    class=\"block hero hero--regular\"\n    style=\"background-image: url('https:\/\/ozonetech.com\/wp-content\/uploads\/2021\/03\/ozone-equipment-1-1600x484.jpg'); --hero-opacity: 0.3\"\n>\n\n    <div class=\"container-fluid\">\n\n        <div class=\"content editor_content\">\n                         \n                <h2 class='h2'>Mischvorrichtungen<\/h2>            \n                    <\/div>\n\n            <\/div>\n<\/section>\n\n\n<section class=\"component component_breadcrumbs\">\n\t<div class=\"container-fluid\">\n  \t<\/div>\n<\/section>\n\n\n<section\n    id=\"\"\n    class=\"block content-block\"\n\tstyle=\"--cb-bg: white; --cb-content: #000; padding-top: 30px; padding-bottom: 30px;\"\n>\n    \n\n<div class=\"container-fluid editor_content content content--narrow\">\n    <div class=\"row\">\n        <div class=\"col-12 editor_content\">\n            <h1 style=\"text-align: left;\">Effektive Aufl\u00f6sung von Ozon in Wasser<\/h1>\n        <\/div>\n    <\/div>\n<\/div>\n\n\n\n<div class=\"container-fluid editor_content content content--narrow\">\n    <div class=\"row\">\n        <div class=\"col-12 editor_content\">\n            <h3>Venturid\u00fcsen<\/h3>\n<p>Venturid\u00fcsen sind Differenzialdruckd\u00fcsen mit innen gelegenen Mischhohlr\u00e4umen, die Tausende von Mikroblasen erzeugen, wodurch die Oberfl\u00e4che des Ozongases, die mit der Fl\u00fcssigkeit in Ber\u00fchrung ist, stark vergr\u00f6\u00dfert wird.<\/p>\n<p>Venturid\u00fcsen sind eine der wirksamsten Methoden zum Aufl\u00f6sen von Ozon in Wasser, wenn Druck und Durchfluss des Wassers \u00fcber die Zeit gleich bleibend sind.<\/p>\n<p>Unsere Venturid\u00fcsen funktionieren \u00fcber einen breiten Bereich von Dr\u00fccken und brauchen nur einen minimalen Druckunterschied zwischen Einlass und Auslass, um einen Unterdruck am Saugmund zu erzeugen.<\/p>\n<p>Diese D\u00fcsen sind sehr zuverl\u00e4ssig und haben eine erwartbare Nutzungszeit von vielen Jahren.<\/p>\n<p>Weitere technische Daten finden Sie im Datenblatt, das zur nachstehenden Tabelle hinzugef\u00fcgt wurde:Weitere technische Daten finden Sie im Datenblatt, das zur nachstehenden Tabelle hinzugef\u00fcgt wurde.<\/p>\n        <\/div>\n    <\/div>\n<\/div>\n\n<div class=\"container-fluid editor_content\">\n    <div class=\"row\">\n        <div class=\"col-12 editor_content table-wrapper \" style=\"--table-text-color-header: #FFFFFF; --table-text-color-rows: #000000; --table-background-color-header: #5f5f5f; --table-background-color-rows-even: #efefef; --table-background-color-rows-odd: #dfdfdf; \">\n                            \n<table id=\"tablepress-245\" class=\"tablepress tablepress-id-245\" aria-describedby=\"tablepress-245-description\">\n<thead>\n<tr class=\"row-1\">\n\t<th class=\"column-1\">Modell<\/th><th class=\"column-2\">Gasdurchfluss<\/th><th class=\"column-3\">Wasserdurchfluss<\/th><th class=\"column-4\">Druck<\/th><th class=\"column-5\">PDF<\/th>\n<\/tr>\n<\/thead>\n<tbody class=\"row-striping\">\n<tr class=\"row-2\">\n\t<td class=\"column-1\">Ozoninjektor I-287<\/td><td class=\"column-2\">0.25 &#8211; 3.50 l\/min<\/td><td class=\"column-3\">1.10 &#8211; 5.25 l\/min<\/td><td class=\"column-4\">0.34 &#8211; 9.65 bar<\/td><td class=\"column-5\"><a target=\"blank\" href=\"https:\/\/ozonetech.com\/wp-content\/uploads\/2021\/03\/Datasheet-Ozone-Injector-287-4091-EN-v.2.1.pdf\" rel=\"noopener\">Datenblatt<\/a><\/td>\n<\/tr>\n<tr class=\"row-3\">\n\t<td class=\"column-1\">Ozoninjektor I-384<\/td><td class=\"column-2\">0.25 &#8211; 8.50 l\/min<\/td><td class=\"column-3\">2.50 &#8211; 12.6 l\/min<\/td><td class=\"column-4\">0.34 &#8211; 9.65 bar<\/td><td class=\"column-5\"><a target=\"blank\" href=\"https:\/\/ozonetech.com\/wp-content\/uploads\/2021\/03\/Datasheet-Ozone-Injector-287-4091-EN-v.2.1.pdf\" rel=\"noopener\">Datenblatt<\/a><\/td>\n<\/tr>\n<tr class=\"row-4\">\n\t<td class=\"column-1\">Ozoninjektor I-484<\/td><td class=\"column-2\">0.25 &#8211; 12.3 l\/min<\/td><td class=\"column-3\">3.10 &#8211; 23.5 l\/min<\/td><td class=\"column-4\">0.34 &#8211; 9.65 bar<\/td><td class=\"column-5\"><a target=\"blank\" href=\"https:\/\/ozonetech.com\/wp-content\/uploads\/2021\/03\/Datasheet-Ozone-Injector-287-4091-EN-v.2.1.pdf\" rel=\"noopener\">Datenblatt<\/a><\/td>\n<\/tr>\n<tr class=\"row-5\">\n\t<td class=\"column-1\">Ozoninjektor I-584<\/td><td class=\"column-2\">0.55 &#8211; 18.9 l\/min<\/td><td class=\"column-3\">7.30 &#8211; 39.0 l\/min<\/td><td class=\"column-4\">0.34 &#8211; 9.65 bar<\/td><td class=\"column-5\"><a target=\"blank\" href=\"https:\/\/ozonetech.com\/wp-content\/uploads\/2021\/03\/Datasheet-Ozone-Injector-287-4091-EN-v.2.1.pdf\" rel=\"noopener\">Datenblatt<\/a><\/td>\n<\/tr>\n<tr class=\"row-6\">\n\t<td class=\"column-1\">Ozoninjektor I-684<\/td><td class=\"column-2\">0.50 &#8211; 18.9 l\/min<\/td><td class=\"column-3\">11.0 &#8211; 57.5 l\/min<\/td><td class=\"column-4\">0.34 &#8211; 8.28 bar<\/td><td class=\"column-5\"><a target=\"blank\" href=\"https:\/\/ozonetech.com\/wp-content\/uploads\/2021\/03\/Datasheet-Ozone-Injector-287-4091-EN-v.2.1.pdf\" rel=\"noopener\">Datenblatt<\/a><\/td>\n<\/tr>\n<tr class=\"row-7\">\n\t<td class=\"column-1\">Ozoninjektor I-878<\/td><td class=\"column-2\">0.50 &#8211; 59.9 l\/min<\/td><td class=\"column-3\">15.1 &#8211; 73.1 l\/min<\/td><td class=\"column-4\">0.34 &#8211; 9.65 bar<\/td><td class=\"column-5\"><a target=\"blank\" href=\"https:\/\/ozonetech.com\/wp-content\/uploads\/2021\/03\/Datasheet-Ozone-Injector-287-4091-EN-v.2.1.pdf\" rel=\"noopener\">Datenblatt<\/a><\/td>\n<\/tr>\n<tr class=\"row-8\">\n\t<td class=\"column-1\">Ozoninjektor I-978<\/td><td class=\"column-2\">0.50 &#8211; 56.6 l\/min<\/td><td class=\"column-3\">17.0 &#8211; 87.1 l\/min<\/td><td class=\"column-4\">0.34 &#8211; 9.65 bar<\/td><td class=\"column-5\"><a target=\"blank\" href=\"https:\/\/ozonetech.com\/wp-content\/uploads\/2021\/03\/Datasheet-Ozone-Injector-287-4091-EN-v.2.1.pdf\" rel=\"noopener\">Datenblatt<\/a><\/td>\n<\/tr>\n<tr class=\"row-9\">\n\t<td class=\"column-1\">Ozoninjektor I-1078<\/td><td class=\"column-2\">1 &#8211; 77.9 l\/min<\/td><td class=\"column-3\">20.8 &#8211; 106 l\/min<\/td><td class=\"column-4\">0.34 &#8211; 9.65 bar<\/td><td class=\"column-5\"><a target=\"blank\" href=\"https:\/\/ozonetech.com\/wp-content\/uploads\/2021\/03\/Datasheet-Ozone-Injector-287-4091-EN-v.2.1.pdf\" rel=\"noopener\">Datenblatt<\/a><\/td>\n<\/tr>\n<tr class=\"row-10\">\n\t<td class=\"column-1\">Ozoninjektor I-1583<\/td><td class=\"column-2\">1 &#8211; 208 l\/min<\/td><td class=\"column-3\">40.5 &#8211; 209 l\/min<\/td><td class=\"column-4\">0.34 &#8211; 9.65 bar<\/td><td class=\"column-5\"><a target=\"blank\" href=\"https:\/\/ozonetech.com\/wp-content\/uploads\/2021\/03\/Datasheet-Ozone-Injector-287-4091-EN-v.2.1.pdf\" rel=\"noopener\">Datenblatt<\/a><\/td>\n<\/tr>\n<tr class=\"row-11\">\n\t<td class=\"column-1\">Ozoninjektor I-1584<\/td><td class=\"column-2\">1 &#8211; 153 l\/min<\/td><td class=\"column-3\">71.9 &#8211; 367 l\/min<\/td><td class=\"column-4\">0.34 &#8211; 9.65 bar<\/td><td class=\"column-5\"><a target=\"blank\" href=\"https:\/\/ozonetech.com\/wp-content\/uploads\/2021\/03\/Datasheet-Ozone-Injector-287-4091-EN-v.2.1.pdf\" rel=\"noopener\">Datenblatt<\/a><\/td>\n<\/tr>\n<tr class=\"row-12\">\n\t<td class=\"column-1\">Ozoninjektor I-2081<\/td><td class=\"column-2\">5 &#8211; 453 l\/min<\/td><td class=\"column-3\">133 &#8211; 591 l\/min<\/td><td class=\"column-4\">0.34 &#8211; 8.28 bar<\/td><td class=\"column-5\"><a target=\"blank\" href=\"https:\/\/ozonetech.com\/wp-content\/uploads\/2021\/03\/Datasheet-Ozone-Injector-287-4091-EN-v.2.1.pdf\" rel=\"noopener\">Datenblatt<\/a><\/td>\n<\/tr>\n<tr class=\"row-13\">\n\t<td class=\"column-1\">Ozoninjektor I-3090<\/td><td class=\"column-2\">18.9 &#8211; 1107 l\/min<\/td><td class=\"column-3\">287 &#8211; 1376 l\/min<\/td><td class=\"column-4\">0.35 &#8211; 8.44  bar<\/td><td class=\"column-5\"><a target=\"blank\" href=\"https:\/\/ozonetech.com\/wp-content\/uploads\/2021\/03\/Datasheet-Ozone-Injector-287-4091-EN-v.2.1.pdf\" rel=\"noopener\">Datenblatt<\/a><\/td>\n<\/tr>\n<tr class=\"row-14\">\n\t<td class=\"column-1\">Ozoninjektor I-4091<\/td><td class=\"column-2\">10 &#8211; 2548 l\/min<\/td><td class=\"column-3\">473 &#8211; 2192 l\/min<\/td><td class=\"column-4\">0.34 &#8211; 6.89 bar\t<\/td><td class=\"column-5\"><a target=\"blank\" href=\"https:\/\/ozonetech.com\/wp-content\/uploads\/2021\/03\/Datasheet-Ozone-Injector-287-4091-EN-v.2.1.pdf\" rel=\"noopener\">Datenblatt<\/a><\/td>\n<\/tr>\n<\/tbody>\n<\/table>\n<span id=\"tablepress-245-description\" class=\"tablepress-table-description tablepress-table-description-id-245\"><\/span>\n<!-- #tablepress-245 from cache -->                                <\/div>\n    <\/div>\n<\/div>\n\n\n<div class=\"container-fluid editor_content content content--narrow\">\n    <div class=\"row\">\n        <div class=\"col-12 editor_content\">\n            <h3>D\u00fcsen<\/h3>\n<p>Diese verbessern die Systemleistung in Verbindung mit den Ozoninjektoren und erm\u00f6glichen eine dynamische Mischung unter Druck, was zu einem gr\u00f6\u00dferen Stoffaustausch f\u00fchrt.<\/p>\n<p>Unsere D\u00fcsen bieten Folgendes:<\/p>\n<ul>\n<li>Erh\u00f6hte Erneuerung der Schnittstelle von Gas\/Fl\u00fcssigkeit<\/li>\n<li>Dynamische Mischung unter Druck f\u00fcr gr\u00f6\u00dfere Masse\u00fcbertragung<\/li>\n<li>Gew\u00fcnschter R\u00fcckdruck zur D\u00fcse<\/li>\n<li>Abgabe von Behandlungsgasen in jede Tiefe<\/li>\n<li>Kompaktes Design f\u00fcr st\u00f6rungsfreien Betrieb und einfache Installation<\/li>\n<li>Polypropylen (PP) -Konstruktion f\u00fcr D\u00fcsen mit 3 Zoll und gr\u00f6\u00dfer<\/li>\n<li>Polyvinylidenfluorid (PVDF) &#8211; Konstruktion f\u00fcr D\u00fcsen mit 2 Zoll und kleiner<\/li>\n<li>B16A eine breite Palette an Modellen, die ausgelegt sind, f\u00fcr Ihre Anwendung zu passen<\/li>\n<\/ul>\n<p>Weitere technische Daten finden Sie in den Datenbl\u00e4ttern, die zu den nachstehenden Tabellen hinzugef\u00fcgt wurden:<\/p>\n        <\/div>\n    <\/div>\n<\/div>\n\n<div class=\"container-fluid editor_content\">\n    <div class=\"row\">\n        <div class=\"col-12 editor_content table-wrapper \" style=\"--table-text-color-header: #FFFFFF; --table-text-color-rows: #000000; --table-background-color-header: #5f5f5f; --table-background-color-rows-even: #efefef; --table-background-color-rows-odd: #dfdfdf; \">\n                            \n<table id=\"tablepress-246\" class=\"tablepress tablepress-id-246\" aria-describedby=\"tablepress-246-description\">\n<thead>\n<tr class=\"row-1\">\n\t<th class=\"column-1\">Modell<\/th><th class=\"column-2\">Gasdurchfluss<\/th><th class=\"column-3\">PDF<\/th>\n<\/tr>\n<\/thead>\n<tbody class=\"row-striping\">\n<tr class=\"row-2\">\n\t<td class=\"column-1\">Ozond\u00fcse N-12<\/td><td class=\"column-2\">28 &#8211; 64 l\/min<\/td><td class=\"column-3\"><a target=\"blank\" href=\"https:\/\/ozonetech.com\/wp-content\/uploads\/2020\/12\/Datasheet-Injector-Nozzle-EN-v.3.0-web.pdf\" rel=\"noopener\">Datenblatt<\/a><\/td>\n<\/tr>\n<tr class=\"row-3\">\n\t<td class=\"column-1\">Ozond\u00fcse N-13<\/td><td class=\"column-2\">57 &#8211; 129 l\/min<\/td><td class=\"column-3\"><a target=\"blank\" href=\"https:\/\/ozonetech.com\/wp-content\/uploads\/2020\/12\/Datasheet-Injector-Nozzle-EN-v.3.0-web.pdf\" rel=\"noopener\">Datenblatt<\/a><\/td>\n<\/tr>\n<tr class=\"row-4\">\n\t<td class=\"column-1\">Ozond\u00fcse N-22<\/td><td class=\"column-2\">189 &#8211; 424 l\/min<\/td><td class=\"column-3\"><a target=\"blank\" href=\"https:\/\/ozonetech.com\/wp-content\/uploads\/2020\/12\/Datasheet-Injector-Nozzle-EN-v.3.0-web.pdf\" rel=\"noopener\">Datenblatt<\/a><\/td>\n<\/tr>\n<tr class=\"row-5\">\n\t<td class=\"column-1\">Ozond\u00fcse N-25<\/td><td class=\"column-2\">284 &#8211; 644 l\/min<\/td><td class=\"column-3\"><a target=\"blank\" href=\"https:\/\/ozonetech.com\/wp-content\/uploads\/2020\/12\/Datasheet-Injector-Nozzle-EN-v.3.0-web.pdf\" rel=\"noopener\">Datenblatt<\/a><\/td>\n<\/tr>\n<tr class=\"row-6\">\n\t<td class=\"column-1\">Ozond\u00fcse N-45<\/td><td class=\"column-2\">1136 &#8211; 2555 l\/min<\/td><td class=\"column-3\"><a target=\"blank\" href=\"https:\/\/ozonetech.com\/wp-content\/uploads\/2020\/12\/Datasheet-Injector-Nozzle-EN-v.3.0-web.pdf\" rel=\"noopener\">Datenblatt<\/a><\/td>\n<\/tr>\n<\/tbody>\n<\/table>\n<span id=\"tablepress-246-description\" class=\"tablepress-table-description tablepress-table-description-id-246\"><\/span>\n<!-- #tablepress-246 from cache -->                                <\/div>\n    <\/div>\n<\/div>\n\n\n<div class=\"container-fluid editor_content content content--narrower\">\n    <div class=\"row\">\n        <div class=\"col-12 editor_content\">\n            <p>&nbsp;<\/p>\n<h2>Angebot anfordern<\/h2>\n        <\/div>\n    <\/div>\n<\/div>\n\n\n\n<div class=\"container-fluid editor_content content content--narrow\">\n    <div class=\"row\">\n        <div class=\"col-12 editor_content\">\n            <p><!-- SharpSpring Form for Mixing devices Quotation DE  --><br \/>\n<script type=\"text\/javascript\">\n    var ss_form = {'account': 'MzawMDE3MzI2BwA', 'formID': 'MzJONEtKtEjTNU6yTNM1MbY01bVMszDUNTEyMTFLNjK0sDSxBAA'};\n    ss_form.width = '100%';\n    ss_form.domain = 'app-3QNJA1Z2XY.marketingautomation.services';\n    ss_form.hidden = {'field_400000003544067': 'Ozonetech.com'};\n    \/\/ ss_form.target_id = 'target'; \/\/ Optional parameter: forms will be placed inside the element with the specified id\n    \/\/ ss_form.polling = true; \/\/ Optional parameter: set to true ONLY if your page loads dynamically and the id needs to be polled continually.\n<\/script><br \/>\n<script type=\"text\/javascript\" src=\"https:\/\/koi-3QNJA1Z2XY.marketingautomation.services\/client\/form.js?ver=2.0.1\"><\/script><\/p>\n        <\/div>\n    <\/div>\n<\/div>\n\n<\/section>\n","protected":false},"excerpt":{"rendered":"","protected":false},"author":21,"featured_media":0,"parent":35981,"menu_order":0,"comment_status":"closed","ping_status":"closed","template":"","meta":{"_acf_changed":false,"_seopress_robots_primary_cat":"","_seopress_titles_title":"","_seopress_titles_desc":"Ozond\u00fcsen f\u00fcr die Aufl\u00f6sung von Ozon in Wasser,. D\u00fcsen zur Verbesserung der Leistung des Systems in Verbindung mit Ozond\u00fcsen.","_seopress_robots_index":"","inline_featured_image":false,"footnotes":""},"class_list":["post-35984","page","type-page","status-publish","hentry"],"acf":[],"_links":{"self":[{"href":"https:\/\/ozonetech.com\/de\/wp-json\/wp\/v2\/pages\/35984","targetHints":{"allow":["GET"]}}],"collection":[{"href":"https:\/\/ozonetech.com\/de\/wp-json\/wp\/v2\/pages"}],"about":[{"href":"https:\/\/ozonetech.com\/de\/wp-json\/wp\/v2\/types\/page"}],"author":[{"embeddable":true,"href":"https:\/\/ozonetech.com\/de\/wp-json\/wp\/v2\/users\/21"}],"replies":[{"embeddable":true,"href":"https:\/\/ozonetech.com\/de\/wp-json\/wp\/v2\/comments?post=35984"}],"version-history":[{"count":10,"href":"https:\/\/ozonetech.com\/de\/wp-json\/wp\/v2\/pages\/35984\/revisions"}],"predecessor-version":[{"id":42022,"href":"https:\/\/ozonetech.com\/de\/wp-json\/wp\/v2\/pages\/35984\/revisions\/42022"}],"up":[{"embeddable":true,"href":"https:\/\/ozonetech.com\/de\/wp-json\/wp\/v2\/pages\/35981"}],"wp:attachment":[{"href":"https:\/\/ozonetech.com\/de\/wp-json\/wp\/v2\/media?parent=35984"}],"curies":[{"name":"wp","href":"https:\/\/api.w.org\/{rel}","templated":true}]}}