{"id":35977,"date":"2021-07-08T13:59:15","date_gmt":"2021-07-08T12:59:15","guid":{"rendered":"https:\/\/ozonetech.com\/?page_id=35977"},"modified":"2021-07-08T13:59:18","modified_gmt":"2021-07-08T12:59:18","slug":"datenschutzerklaerung","status":"publish","type":"page","link":"https:\/\/ozonetech.com\/de\/datenschutzerklaerung\/","title":{"rendered":"Datenschutzerkl\u00e4rung"},"content":{"rendered":"\n<section\n    class=\"block hero hero--regular\"\n    style=\"background-image: url('https:\/\/ozonetech.com\/wp-content\/uploads\/2021\/03\/Privacy-policy-1600x484.jpg'); --hero-opacity: 0.3\"\n>\n\n    <div class=\"container-fluid\">\n\n        <div class=\"content editor_content\">\n                         \n                <h1 class='h1'>Datenschutzerkl\u00e4rung<\/h1>            \n                    <\/div>\n\n            <\/div>\n<\/section>\n\n\n\n<section\n    id=\"\"\n    class=\"block content-block\"\n\tstyle=\"--cb-bg: #fff; --cb-content: #000; \"\n>\n    \n\n<div class=\"container-fluid editor_content content content--narrow\">\n    <div class=\"row\">\n        <div class=\"col-12 editor_content\">\n            <h2>1. Personenbezogene Daten<\/h2>\n<p>Indem Sie dem Erhalt von Informationen bez\u00fcglich der DSGVO zustimmen, stimmen Sie auch dem zu, dass die Mellifiq Group (\u201eMellifiq\u201c \/ \u201ewir\u201c) Ihren Namen, Ihre Telefonnummer, Postadresse und andere Informationen (im Weiteren \u201epersonenbezogene Daten\u201c) speichert, die Sie Mellifiq angegeben haben.<\/p>\n<p>Mellifiq benutzt Ihre personenbezogenen Daten, um Ihnen Informationen zuzusenden und Umfragen durchzuf\u00fchren, sowie auch zum Versenden von Nachrichten \u00fcber unsere Services (\u201eServices\u201c) und Produkte (\u201eProdukte\u201c). Sobald Sie eine Umfrage oder ein Formular auf einer Website ausgef\u00fcllt haben, k\u00f6nnen Ihre Angaben und pers\u00f6nlichen Daten von Mellifiq benutzt werden, um Sie zu kontaktieren, damit wir Ihre Erfahrungen mit unseren Services und Produkten verbessern und Sie als Ihr Kunde \/ potenzieller Kunde \/ Lieferant \/ Partner kontaktieren k\u00f6nnen. Ihre personenbezogenen Daten k\u00f6nnen auch zum Erstellen von Statistiken und Berichten \u00fcber unsere Services und Produkte sowie als Besucher unserer Website verwendet werden.<\/p>\n<p>Mellifiq wird Ihre personenbezogenen Daten nicht \u00fcber die oben angegebenen spezifischen Zwecke hinaus speichern, \u00fcbermitteln, oder anderweitig verarbeiten.<\/p>\n<p>Die Verarbeitung Ihrer personenbezogenen Daten ist notwendig, um den oben genannten Zweck zu erreichen. Ab 25. Mai 2018 ist sie auch f\u00fcr die Zwecke von Artikel 6 1a der Allgemeinen Datenschutzverordnung (Verordnung (EU) 2016\/679) (\u201eDSGVO\u201c) notwendig. Ihre personenbezogenen Daten k\u00f6nnen auch verarbeitet werden, wenn dies Mellifiq zur Erf\u00fcllung einer gesetzlichen Verpflichtung als notwendig betrachtet (ab 25. Mai 2018 gem\u00e4\u00df Artikel 6 (1c) der DSGVO).<\/p>\n<p>Die Verarbeitung Ihrer personenbezogenen Daten ist notwendig, um den oben genannten Zweck zu erreichen. Ab 25. Mai 2018 ist sie auch f\u00fcr die Zwecke von Artikel 6 1a der Allgemeinen Datenschutzverordnung (Verordnung (EU) 2016\/679) (\u201eDSGVO\u201c) notwendig. Ihre personenbezogenen Daten k\u00f6nnen auch verarbeitet werden, wenn dies Mellifiq zur Erf\u00fcllung einer gesetzlichen Verpflichtung als notwendig betrachtet (ab 25. Mai 2018 gem\u00e4\u00df Artikel 6 (1c) der DSGVO).<\/p>\n<p>Wir k\u00f6nnen automatisierte Technologie wie etwa Cookies und andere Tracking-Software zum Sammeln von pers\u00f6nlichen Daten von Ihrem Computer oder Mobilger\u00e4t verwenden. Wir d\u00fcrfen folgende Daten sammeln:<\/p>\n<ul>\n<li>Internetprotokoll (IP) Adresse oder andere Ger\u00e4tidentifikatoren<\/li>\n<li>Typ und Version des Browsers<\/li>\n<li>Navigationsinformationen wie etwa Seiten, die Sie ansehen und Links, die Sie anklicken, wie Sie mit den E-Mails interagieren, die wir Ihnen senden, und ob Sie auf unsere Website \u00fcber eine Social Media-Website zugreifen.<\/li>\n<li>Zeitzoneneinstellung<\/li>\n<li>Typ und Version von Browser-Plugins<\/li>\n<li>Betriebssystem und Plattform<\/li>\n<li>Andere Informationen von tragbaren Ger\u00e4ten<\/li>\n<li>Mit Ihrer Erlaubnis k\u00f6nnen wir auch Ihre pr\u00e4zisen Standortdaten sammeln. Wir k\u00f6nnen auch die beim Besuch verbrachte Zeit, Nutzungsmuster und den Dom\u00e4nennamen der Website erfassen, von der aus Sie auf unsere Webseiten zugegriffen haben.<\/li>\n<li>Von Ihnen beim Ausf\u00fcllen eines Formulars auf der Website gelieferte Informationen<\/li>\n<\/ul>\n<p>Wir benutzen diese Daten auf anonymer Basis und verwenden sie nicht dazu, einen bestimmten Benutzer zu identifizieren. Wir verkn\u00fcpfen diese Daten nicht mit anderen Daten, die wir \u00fcber Sie gespeichert haben.<\/p>\n<p>Drittparteien k\u00f6nnen uns auch zus\u00e4tzliche, \u00f6ffentlich verf\u00fcgbare Informationen \u00fcber Sie liefern.<\/p>\n<h3 id=\"h-2-storage-and-transfer-of-personal-data\">2. Speicherung und \u00dcbertragung von personenbezogenen Daten<\/h3>\n<p>Ihre personenbezogenen Daten werden auf Servern mit Standort in der EU gespeichert. Sie r\u00e4umen ein, dass Ihre personenbezogenen Daten \u00fcber nationale Grenzen hinweg \u00fcbertragen werden. Wenn Sie ein EU-B\u00fcrger sind, werden Ihre personenbezogenen Daten innerhalb der EU gespeichert, da Ihre personenbezogenen Daten auf Servern in der EU gespeichert und in der EU verarbeitet werden. Wenn Sie kein EU-B\u00fcrger sind, gestatten Sie hiermit, dass Ihre personenbezogenen Daten \u00fcber EU-Grenzen hinweg in und von Ihrem Land f\u00fcr die oben angegebenen Zwecke \u00fcbertragen werden.<\/p>\n<h3 id=\"h-3-data-controller-and-recipient-of-personal-data\">3. Verantwortlicher f\u00fcr die Daten und Empf\u00e4nger von personenbezogenen Daten<\/h3>\n<p>Mellifiq, Elektrav\u00e4gen 53, 12630 H\u00e4gersten, Schweden ist f\u00fcr personenbezogene Daten und damit f\u00fcr ihre Sicherheit verantwortlich. Mellifiq kann Ihre personenbezogenen Daten an andere Unternehmen\/Tochtergesellschaften von Mellifiq f\u00fcr die oben aufgelisteten Zwecke weiter geben.<\/p>\n<p>Andere befugte Drittparteien k\u00f6nnen auf personenbezogene Daten zugreifen oder sie speichern m\u00fcssen, wenn die nationale Gesetzgebung das verlangt. Mellifiq begrenzt den Zugriff auf und die Nutzung von personenbezogenen Daten durch befugte Drittparteien.<\/p>\n<h3 id=\"h-4-storage-period\">4. Lagerungszeitraum<\/h3>\n<p>Ihre personenbezogenen Daten werden nur f\u00fcr die oben angegebenen Zwecke gespeichert. Wenn ein gerichtliches oder Disziplinarverfahren angestrengt wird, k\u00f6nnen personenbezogene Daten bis zum Ende einer solchen Ma\u00dfnahme gespeichert bleiben, einschlie\u00dflich aller Beendigungszeitr\u00e4ume, danach werden sie gel\u00f6scht oder archiviert. Ihre personenbezogenen Daten werden nicht in einem Format gespeichert, das Ihre Identifizierung erm\u00f6glicht, \u00fcber das hinaus, was Mellifiq f\u00fcr die Erreichung der Zwecke als notwendig betrachtet, f\u00fcr die sie gesammelt oder verarbeitet wurden, oder wie durch ein anwendbares Gesetz bez\u00fcglich der Speicherung von personenbezogenen Daten festgelegt.<\/p>\n<h3 id=\"h-5-access-to-your-personal-data-other-rights\">5. Zugriff auf Ihre personenbezogenen Daten \/ Andere Rechte<\/h3>\n<p>Gem\u00e4\u00df geltendem Recht haben Sie folgende Rechte: (i) zu pr\u00fcfen, ob und welche Art von personenbezogenen Daten Mellifiq \u00fcber Sie hat, und auf diese zuzugreifen oder Kopien von solchen personenbezogenen Daten anzufordern; und (ii) gem\u00e4\u00df dem geltenden Gesetz die Berichtigung, Erg\u00e4nzung, oder L\u00f6schung von personenbezogenen Daten zu verlangen, die falsch oder inad\u00e4quat verarbeitet wurden, und (iii) von Mellifiq die Begrenzung der Sammlung, Verarbeitung, oder Verwendung Ihrer personenbezogenen Daten zu verlangen, und (iv) unter bestimmten Umst\u00e4nden und aus legitimen Gr\u00fcnden Einspruch gegen die Verarbeitung Ihrer personenbezogenen Daten einzulegen, sowie (v) die \u00dcbertragbarkeit von Daten zu verlangen.<\/p>\n<p>Falls Sie Fragen zur Datenschutzerkl\u00e4rung haben, oder finden, dass diese verletzt worden sei, oder wenn Sie gern mehr dar\u00fcber erfahren oder eines der oben genannten Rechte in Anspruch nehmen m\u00f6chten, wenden Sie sich bitte hier an Mellifiq.<\/p>\n<p>Sie haben immer das Anrecht, eine Beschwerde bei der schwedischen Datenschutzbeh\u00f6rde bez\u00fcglich der Verarbeitung Ihrer personenbezogenen Daten einzureichen.<\/p>\n        <\/div>\n    <\/div>\n<\/div>\n\n<\/section>\n","protected":false},"excerpt":{"rendered":"","protected":false},"author":21,"featured_media":0,"parent":0,"menu_order":0,"comment_status":"closed","ping_status":"closed","template":"","meta":{"_acf_changed":false,"_seopress_robots_primary_cat":"","_seopress_titles_title":"","_seopress_titles_desc":"","_seopress_robots_index":"","inline_featured_image":false,"footnotes":""},"class_list":["post-35977","page","type-page","status-publish","hentry"],"acf":[],"_links":{"self":[{"href":"https:\/\/ozonetech.com\/de\/wp-json\/wp\/v2\/pages\/35977","targetHints":{"allow":["GET"]}}],"collection":[{"href":"https:\/\/ozonetech.com\/de\/wp-json\/wp\/v2\/pages"}],"about":[{"href":"https:\/\/ozonetech.com\/de\/wp-json\/wp\/v2\/types\/page"}],"author":[{"embeddable":true,"href":"https:\/\/ozonetech.com\/de\/wp-json\/wp\/v2\/users\/21"}],"replies":[{"embeddable":true,"href":"https:\/\/ozonetech.com\/de\/wp-json\/wp\/v2\/comments?post=35977"}],"version-history":[{"count":3,"href":"https:\/\/ozonetech.com\/de\/wp-json\/wp\/v2\/pages\/35977\/revisions"}],"predecessor-version":[{"id":35980,"href":"https:\/\/ozonetech.com\/de\/wp-json\/wp\/v2\/pages\/35977\/revisions\/35980"}],"wp:attachment":[{"href":"https:\/\/ozonetech.com\/de\/wp-json\/wp\/v2\/media?parent=35977"}],"curies":[{"name":"wp","href":"https:\/\/api.w.org\/{rel}","templated":true}]}}