{"id":35974,"date":"2021-07-08T13:37:47","date_gmt":"2021-07-08T12:37:47","guid":{"rendered":"https:\/\/ozonetech.com\/?page_id=35974"},"modified":"2025-01-03T15:03:47","modified_gmt":"2025-01-03T14:03:47","slug":"ozonetech","status":"publish","type":"page","link":"https:\/\/ozonetech.com\/de\/","title":{"rendered":"Ozonetech"},"content":{"rendered":"\n<section class=\"hero-carousel-block\">\n  <div class=\"hero-carousel\">\n                  <div class=\"content\">\n          <div class=\"bg-one\" style=\"background-image: url('https:\/\/ozonetech.com\/wp-content\/uploads\/2021\/03\/OTS-carousel-2021-2-EN-3.jpg');\">\n            <div class=\"full-opacity\">\n              <div class=\"opacity\" style=\"opacity: 0.2;\"><\/div>\n              <div class=\"hero-carousel-content\" style=\"display: none;\">\n                <h1 style=\"color: ;\">Reinigt in 46 L\u00e4ndern Luft und Wasser<\/h1>\n                              <\/div>\n            <\/div>\n          <\/div>\n        <\/div>\n                        <div class=\"content\">\n          <div class=\"bg-one\" style=\"background-image: url('https:\/\/ozonetech.com\/wp-content\/uploads\/2024\/10\/rena-vivo-delivery-2-front.png');\">\n            <div class=\"full-opacity\">\n              <div class=\"opacity\" style=\"opacity: 0;\"><\/div>\n              <div class=\"hero-carousel-content\" style=\"display: none;\">\n                <h1 style=\"color: ;\">Ozonetech ist Teil von Mellifiq<\/h1>\n                <p style=\"text-align: center;\">&#8211; immer noch mit der gleichen Premium-Serie von Ozongeneratoren,<br \/>\nSystemen und Instrumentierung sowie Sensoren<a href=\"https:\/\/mellifiq.com\/\" target=\"_blank\" rel=\"noopener\"><img loading=\"lazy\" decoding=\"async\" class=\"size-medium wp-image-25427 aligncenter\" src=\"https:\/\/ozonetech.com\/wp-content\/uploads\/2021\/03\/Mellifiq-logo-rgb-vit-300x109.png\" alt=\"\" width=\"300\" height=\"109\" srcset=\"https:\/\/ozonetech.com\/wp-content\/uploads\/2021\/03\/Mellifiq-logo-rgb-vit-300x109.png 300w, https:\/\/ozonetech.com\/wp-content\/uploads\/2021\/03\/Mellifiq-logo-rgb-vit-1024x372.png 1024w, https:\/\/ozonetech.com\/wp-content\/uploads\/2021\/03\/Mellifiq-logo-rgb-vit-768x279.png 768w, https:\/\/ozonetech.com\/wp-content\/uploads\/2021\/03\/Mellifiq-logo-rgb-vit-1536x558.png 1536w, https:\/\/ozonetech.com\/wp-content\/uploads\/2021\/03\/Mellifiq-logo-rgb-vit-2048x744.png 2048w\" sizes=\"auto, (max-width: 300px) 100vw, 300px\" \/><\/a><\/p>\n              <\/div>\n            <\/div>\n          <\/div>\n        <\/div>\n                        <div class=\"content\">\n          <div class=\"bg-one\" style=\"background-image: url('https:\/\/ozonetech.com\/wp-content\/uploads\/2021\/10\/Lecture-2.png');\">\n            <div class=\"full-opacity\">\n              <div class=\"opacity\" style=\"opacity: 0;\"><\/div>\n              <div class=\"hero-carousel-content\" style=\"display: none;\">\n                <h1 style=\"color: #000000;\">M\u00f6chten Sie mehr erfahren?<\/h1>\n                <p><img loading=\"lazy\" decoding=\"async\" class=\"alignnone wp-image-38883 size-medium aligncenter\" src=\"https:\/\/ozonetech.com\/wp-content\/uploads\/2021\/10\/MellifiqAcademy_blue_laying-1-300x45.png\" alt=\"\" width=\"300\" height=\"45\" srcset=\"https:\/\/ozonetech.com\/wp-content\/uploads\/2021\/10\/MellifiqAcademy_blue_laying-1-300x45.png 300w, https:\/\/ozonetech.com\/wp-content\/uploads\/2021\/10\/MellifiqAcademy_blue_laying-1-1024x154.png 1024w, https:\/\/ozonetech.com\/wp-content\/uploads\/2021\/10\/MellifiqAcademy_blue_laying-1-768x115.png 768w, https:\/\/ozonetech.com\/wp-content\/uploads\/2021\/10\/MellifiqAcademy_blue_laying-1.png 1313w\" sizes=\"auto, (max-width: 300px) 100vw, 300px\" \/><\/p>\n<h3 style=\"text-align: center;\"><span style=\"color: #000000;\">Vi delar v\u00e5r kunskap<\/span><\/h3>\n              <\/div>\n            <\/div>\n          <\/div>\n        <\/div>\n            <\/div>\n<\/section>\n\n\n\n<section class=\"block our-projects-block\" style=\"--fill-bg: #299f23; --bg: #e6e6e6; --tc: #000000; --product-bg: #ffffff; --product-tc: #000000; --button-bg: ; --button-tc: ; --button-hover-bg: ; --button-hover-tc: ;\">\n    <div class=\"container-fluid container-max-width\">\n                  <div class=\"content\" style=\"text-align: center;\">\n                    <h2 class='h2'>Unsere Produkte, L\u00f6sungen und Systeme<\/h2>            <p class=\"preamble\" style=\"text-align: left;\">Ozonetech ist eine weltweit bekannte innovative Marke, die eine vollst\u00e4ndiges Sortiment an hochmodernen Ozon- und Oxidierungsprodukten, L\u00f6sungen und Systemen zur Behandlung von Luft und Wasser in verschiedenen Industrie- und Versorgungsunternehmen anbietet.<\/p>\n<p class=\"preamble\" style=\"text-align: left;\">Wir haben \u00fcber 40 Jahre lang Erfahrung und Know-How angesammelt in der Planung, Herstellung und Abnahme von fortschrittlichen Ozon- und Oxidierungsl\u00f6sungen und -systemen, um die wirksamsten und nachhaltigsten Anwendungen zu entwickeln, die nicht nur die Probleme unserer Kunden l\u00f6sen, sondern auch einen echten Gesch\u00e4ftswert sowie eine niedrigere Umweltbelastung durch ihr Gesch\u00e4ft schaffen.<\/p>\n        <\/div>\n                <div class=\"our-projects\">\n                          <a href=\"https:\/\/ozonetech.com\/de\/produkte\/ozongeneratoren\/\">\n                <div class=\"our_projects_project\">\n                  <div class=\"our_projects_center_image\">\n                    <img loading=\"lazy\" decoding=\"async\" width=\"200\" height=\"170\" src=\"https:\/\/ozonetech.com\/wp-content\/uploads\/2021\/03\/Ozone-generators-170x200-1.png\" class=\"attachment-large size-large\" alt=\"Ozone generator\" \/>                  <\/div>\n                  <h3 class=\"title\"><div style=\"font-size:14.5pt;\">Ozongeneratoren<\/div><\/h3>\n                <\/div>\n              <\/a>\n                          <a href=\"https:\/\/ozonetech.com\/de\/systeme-dienstleistungen\/\">\n                <div class=\"our_projects_project\">\n                  <div class=\"our_projects_center_image\">\n                    <img loading=\"lazy\" decoding=\"async\" width=\"200\" height=\"170\" src=\"https:\/\/ozonetech.com\/wp-content\/uploads\/2021\/03\/RENA-tellus-Mellifiq-brand-170x200-1.png\" class=\"attachment-large size-large\" alt=\"\" \/>                  <\/div>\n                  <h3 class=\"title\"><div style=\"font-size:14.5pt;\">Ozonl\u00f6sungen- und<br> Systeme<\/div><\/h3>\n                <\/div>\n              <\/a>\n                          <a href=\"https:\/\/ozonetech.com\/de\/systeme-dienstleistungen\/kuechenabluft\/\">\n                <div class=\"our_projects_project\">\n                  <div class=\"our_projects_center_image\">\n                    <img loading=\"lazy\" decoding=\"async\" width=\"200\" height=\"170\" src=\"https:\/\/ozonetech.com\/wp-content\/uploads\/2021\/03\/RENA-kitchen-170x200-1.png\" class=\"attachment-large size-large\" alt=\"\" \/>                  <\/div>\n                  <h3 class=\"title\"><div style=\"font-size:14.5pt;\">Luftaufbereitung von<br> K\u00fcchenabluft<\/div><\/h3>\n                <\/div>\n              <\/a>\n                          <a href=\"https:\/\/ozonetech.com\/de\/produkte\/sauerstoffgeneratoren-und-konzentratoren\/\">\n                <div class=\"our_projects_project\">\n                  <div class=\"our_projects_center_image\">\n                    <img loading=\"lazy\" decoding=\"async\" width=\"200\" height=\"170\" src=\"https:\/\/ozonetech.com\/wp-content\/uploads\/2021\/03\/Oxygen-generators-170x200-1.png\" class=\"attachment-large size-large\" alt=\"\" \/>                  <\/div>\n                  <h3 class=\"title\"><div style=\"font-size:14.5pt;\">Sauerstoffgeneratoren und -konzentratoren<\/div><\/h3>\n                <\/div>\n              <\/a>\n                          <a href=\"https:\/\/ozonetech.com\/de\/produkte\/sensoren-uberwachungsgerate\/\">\n                <div class=\"our_projects_project\">\n                  <div class=\"our_projects_center_image\">\n                    <img loading=\"lazy\" decoding=\"async\" width=\"200\" height=\"170\" src=\"https:\/\/ozonetech.com\/wp-content\/uploads\/2021\/03\/Sensors-and-monitors-170x200-1.png\" class=\"attachment-large size-large\" alt=\"\" \/>                  <\/div>\n                  <h3 class=\"title\"><div style=\"font-size:14.5pt;\">Sensoren und Monitore<\/div><\/h3>\n                <\/div>\n              <\/a>\n                          <a href=\"https:\/\/ozonetech.com\/de\/produkte\/ozonvernichter\/\">\n                <div class=\"our_projects_project\">\n                  <div class=\"our_projects_center_image\">\n                    <img loading=\"lazy\" decoding=\"async\" width=\"200\" height=\"170\" src=\"https:\/\/ozonetech.com\/wp-content\/uploads\/2021\/03\/ozone-destructors-170x200-1.png\" class=\"attachment-large size-large\" alt=\"\" \/>                  <\/div>\n                  <h3 class=\"title\"><div style=\"font-size:14.5pt;\">Ozon-Vernichter<\/div><\/h3>\n                <\/div>\n              <\/a>\n                          <a href=\"https:\/\/ozonetech.com\/pharmaceutical-industry\/\">\n                <div class=\"our_projects_project\">\n                  <div class=\"our_projects_center_image\">\n                    <img loading=\"lazy\" decoding=\"async\" width=\"200\" height=\"170\" src=\"https:\/\/ozonetech.com\/wp-content\/uploads\/2021\/03\/Micro-pollutant-removal-solution-container-170x200-1.png\" class=\"attachment-large size-large\" alt=\"\" \/>                  <\/div>\n                  <h3 class=\"title\"><div style=\"font-size:14.5pt;\">Entfernungsl\u00f6sung f\u00fcr Mikroverschmutzung<\/div><\/h3>\n                <\/div>\n              <\/a>\n                          <a href=\"https:\/\/ozonetech.com\/de\/anwendungen\/luftbehandlung\/geruchsbeseitigung\/\">\n                <div class=\"our_projects_project\">\n                  <div class=\"our_projects_center_image\">\n                    <img loading=\"lazy\" decoding=\"async\" width=\"200\" height=\"170\" src=\"https:\/\/ozonetech.com\/wp-content\/uploads\/2021\/03\/RENA-Pro-C-170x200-1.png\" class=\"attachment-large size-large\" alt=\"\" \/>                  <\/div>\n                  <h3 class=\"title\"><div style=\"font-size:14.5pt;\"> L\u00f6sung zur Geruchskontrolle<\/div><\/h3>\n                <\/div>\n              <\/a>\n                          <a href=\"https:\/\/ozonetech.com\/de\/produkte\/ozonausruestung\/\">\n                <div class=\"our_projects_project\">\n                  <div class=\"our_projects_center_image\">\n                    <img loading=\"lazy\" decoding=\"async\" width=\"200\" height=\"170\" src=\"https:\/\/ozonetech.com\/wp-content\/uploads\/2024\/09\/Untitled-1-1.png\" class=\"attachment-large size-large\" alt=\"\" \/>                  <\/div>\n                  <h3 class=\"title\"><div style=\"font-size:14.5pt;\">Ozonausr\u00fcstung<\/div><\/h3>\n                <\/div>\n              <\/a>\n                    <\/div>\n                <div class=\"btn-container\">\n                    <\/div>\n      <\/div>\n    <\/div>\n  <\/div>\n<\/section>\n\n\n\n<section class=\"block big-cta\" style=\"--cta-bg: #5f5f5f; --cta-text: #ffffff; --cta-btn: #299f23; --cta-btn-hover: #5f5f5f; --cta-btn-text-hover: #299f23; --cta-border: #299f23 \">\n    <div class=\"container-fluid d-flex flex-column align-items-center editor-content\">\n                    <figure class='image'>\n                <img loading=\"lazy\" decoding=\"async\" width=\"80\" height=\"80\" src=\"https:\/\/ozonetech.com\/wp-content\/uploads\/2021\/01\/OzoneAcademy_green_rgb_80_80.png\" class=\"attachment-large size-large\" alt=\"\" \/>            <\/figure>\n        \n        <h2 class='h3'>Wir verbreiten unser Wissen<\/h2>\n        <div class=\"content\">\n            Wir bilden unsere Welt, indem wir Seminare und Webinare f\u00fcr Fachkr\u00e4fte organisieren, die mehr \u00fcber die effektive Aufbereitung von K\u00fcchenabluft und industrieller Luft- und Wasseraufbereitung lernen wollen.        <\/div>\n\n        <div class=\"btn-container\">\n                            <a href='https:\/\/academy.mellifiq.com\/' class='btn btn--secondary' target='_blank'>Registriere dich auf academy.mellifiq.com<\/a>                    <\/div>\n    <\/div>\n<\/section>\n\n\n\n<section class=\"block sharpspring-block\">\n    <\/section>\n\n\n<section class=\"block awards\" style=\" background-color: #FFFFFF\">\n  <div class=\"container-fluid\">\n    <div class=\"awards-title\" style=\" color: #000000\">\n      <H2 class='H2'>Auszeichnungen<\/H2>    <\/div>\n    <div class=\"awards-wrapper\">\n              <ul>\n                                    <li>\n                <img decoding=\"async\" src=\"https:\/\/ozonetech.com\/wp-content\/uploads\/2021\/01\/seal-of-excellence.png\" alt=\"\">\n              <\/li>\n                                                <li>\n                <img decoding=\"async\" src=\"https:\/\/ozonetech.com\/wp-content\/uploads\/2021\/01\/e-prize-2017.png\" alt=\"\">\n              <\/li>\n                                                <li>\n                <img decoding=\"async\" src=\"https:\/\/ozonetech.com\/wp-content\/uploads\/2021\/01\/gasell-2016.png\" alt=\"\">\n              <\/li>\n                                                <li>\n                <img decoding=\"async\" src=\"https:\/\/ozonetech.com\/wp-content\/uploads\/2021\/01\/gasell-2017.png\" alt=\"\">\n              <\/li>\n                                                <li>\n                <img decoding=\"async\" src=\"https:\/\/ozonetech.com\/wp-content\/uploads\/2021\/01\/gasell-2018.png\" alt=\"\">\n              <\/li>\n                                                <li>\n                <img decoding=\"async\" src=\"https:\/\/ozonetech.com\/wp-content\/uploads\/2021\/01\/gasell-mastar.png\" alt=\"\">\n              <\/li>\n                                                <li>\n                <img decoding=\"async\" src=\"https:\/\/ozonetech.com\/wp-content\/uploads\/2021\/01\/gasell-2019.png\" alt=\"\">\n              <\/li>\n                                                <li>\n                <img decoding=\"async\" src=\"https:\/\/ozonetech.com\/wp-content\/uploads\/2021\/01\/gasell-2020.png\" alt=\"\">\n              <\/li>\n                                                <li>\n                <img decoding=\"async\" src=\"https:\/\/ozonetech.com\/wp-content\/uploads\/2021\/01\/framtidsgasell.png\" alt=\"\">\n              <\/li>\n                                                <li>\n                <img decoding=\"async\" src=\"https:\/\/ozonetech.com\/wp-content\/uploads\/2021\/01\/impactgasell.png\" alt=\"\">\n              <\/li>\n                                                <li>\n                <img decoding=\"async\" src=\"https:\/\/ozonetech.com\/wp-content\/uploads\/2021\/12\/gasell-2016-400px-2.png\" alt=\"\">\n              <\/li>\n                              <\/ul>\n          <\/div>\n  <\/div>\n<\/section>\n","protected":false},"excerpt":{"rendered":"","protected":false},"author":21,"featured_media":25532,"parent":0,"menu_order":0,"comment_status":"closed","ping_status":"closed","template":"","meta":{"_acf_changed":false,"_seopress_robots_primary_cat":"","_seopress_titles_title":"","_seopress_titles_desc":"Ozonetech ist eine Marke von Mellifiq, die ein vollst\u00e4ndiges Sortiment an Luft- und Wasser-Behandlungsl\u00f6sungen und Produkten auf Basis der Ozontechnologie anbietet.","_seopress_robots_index":"","inline_featured_image":false,"footnotes":""},"class_list":["post-35974","page","type-page","status-publish","has-post-thumbnail","hentry"],"acf":[],"_links":{"self":[{"href":"https:\/\/ozonetech.com\/de\/wp-json\/wp\/v2\/pages\/35974","targetHints":{"allow":["GET"]}}],"collection":[{"href":"https:\/\/ozonetech.com\/de\/wp-json\/wp\/v2\/pages"}],"about":[{"href":"https:\/\/ozonetech.com\/de\/wp-json\/wp\/v2\/types\/page"}],"author":[{"embeddable":true,"href":"https:\/\/ozonetech.com\/de\/wp-json\/wp\/v2\/users\/21"}],"replies":[{"embeddable":true,"href":"https:\/\/ozonetech.com\/de\/wp-json\/wp\/v2\/comments?post=35974"}],"version-history":[{"count":32,"href":"https:\/\/ozonetech.com\/de\/wp-json\/wp\/v2\/pages\/35974\/revisions"}],"predecessor-version":[{"id":42161,"href":"https:\/\/ozonetech.com\/de\/wp-json\/wp\/v2\/pages\/35974\/revisions\/42161"}],"wp:featuredmedia":[{"embeddable":true,"href":"https:\/\/ozonetech.com\/de\/wp-json\/wp\/v2\/media\/25532"}],"wp:attachment":[{"href":"https:\/\/ozonetech.com\/de\/wp-json\/wp\/v2\/media?parent=35974"}],"curies":[{"name":"wp","href":"https:\/\/api.w.org\/{rel}","templated":true}]}}