{"id":35969,"date":"2021-07-08T13:24:30","date_gmt":"2021-07-08T12:24:30","guid":{"rendered":"https:\/\/ozonetech.com\/?page_id=35969"},"modified":"2024-10-11T11:27:03","modified_gmt":"2024-10-11T09:27:03","slug":"downloads-wasseraufbereitung","status":"publish","type":"page","link":"https:\/\/ozonetech.com\/de\/downloads\/downloads-wasseraufbereitung\/","title":{"rendered":"Downloads Wasseraufbereitung"},"content":{"rendered":"\n<section\n    class=\"block hero hero--regular\"\n    style=\"background-image: url('https:\/\/ozonetech.com\/wp-content\/uploads\/2021\/03\/advanced-water-treatment-technology-1600x484.jpg'); --hero-opacity: 0.3\"\n>\n\n    <div class=\"container-fluid\">\n\n        <div class=\"content editor_content\">\n                         \n                <h2 class='h2'>Downloads Wasseraufbereitung<\/h2>            \n                    <\/div>\n\n            <\/div>\n<\/section>\n\n\n<section class=\"component component_breadcrumbs\">\n\t<div class=\"container-fluid\">\n  \t<\/div>\n<\/section>\n\n\n<section\n    id=\"\"\n    class=\"block content-block\"\n\tstyle=\"--cb-bg: white; --cb-content: #000; padding-top: 30px; padding-bottom: 30px;\"\n>\n    \n\n<div class=\"container-fluid editor_content content content--narrow\">\n    <div class=\"row\">\n        <div class=\"col-12 editor_content\">\n            <h1>Eine Downloadsammlung zur Wasseraufbereitung<\/h1>\n<p class=\"preamble\">Hier finden Sie alle unsere Brosch\u00fcren zur industriellen Wasseraufbereitung. Lassen Sie es uns wissen, wenn Sie weitere <a href=\"https:\/\/ozonetech.com\/de\/contact\/\">Unterst\u00fctzung<\/a> ben\u00f6tigen.<\/p>\n<p class=\"preamble\">Erfahren Sie hier mehr zu unseren <a href=\"https:\/\/mellifiq.com\/reference-projects\/\">Referenzprojekten<\/a> (external site).<\/p>\n        <\/div>\n    <\/div>\n<\/div>\n\n<\/section>\n\n\n\n<section class=\"block downloads\"> \n    <div class=\"container-fluid\">\n        <div class=\"row\">\n            <div class=\"col-12 title\">\n                <h3 class='h3'>Brosch\u00fcren<\/h3>            <\/div>\n        <\/div>\n\n        <div class=\"row justify-content-center\">\n            <div class=\"col-lg-8\">\n                <div class=\"downloads\">\n                                                                        <div class=\"downloads__download\">\n                                <div class=\"downloads__download--image\">\n                                    <img loading=\"lazy\" decoding=\"async\" width=\"721\" height=\"1024\" src=\"https:\/\/ozonetech.com\/wp-content\/uploads\/2022\/11\/Skarmbild-2022-11-04-105229-721x1024.jpg\" class=\"attachment-large size-large\" alt=\"\" srcset=\"https:\/\/ozonetech.com\/wp-content\/uploads\/2022\/11\/Skarmbild-2022-11-04-105229-721x1024.jpg 721w, https:\/\/ozonetech.com\/wp-content\/uploads\/2022\/11\/Skarmbild-2022-11-04-105229-211x300.jpg 211w, https:\/\/ozonetech.com\/wp-content\/uploads\/2022\/11\/Skarmbild-2022-11-04-105229-768x1091.jpg 768w, https:\/\/ozonetech.com\/wp-content\/uploads\/2022\/11\/Skarmbild-2022-11-04-105229-1082x1536.jpg 1082w, https:\/\/ozonetech.com\/wp-content\/uploads\/2022\/11\/Skarmbild-2022-11-04-105229.jpg 1264w\" sizes=\"auto, (max-width: 721px) 100vw, 721px\" \/>                                <\/div>\n                                <div class=\"downloads__download--content\">\n                                    <h4>Shell technology introduction<\/h4>\n<p>Mellifiq supplies self-contained, complete ozone disinfection and water treatment technology for sanitation in the industrial sector.<\/p>\n                                                                            <div class=\"downloads__download--files\">\n                                            <svg version=\"1.1\" id=\"Layer_1\" xmlns=\"http:\/\/www.w3.org\/2000\/svg\" x=\"0\" y=\"0\" viewBox=\"0 0 20.83 25\" xml:space=\"preserve\"><path fill=\"currentColor\" d=\"M20.83 8.82h-5.95V0H5.95v8.82H0l10.42 10.29L20.83 8.82zM0 22.06V25h20.83v-2.94H0z\"\/><\/svg>                                            <span>Download<\/span>\n                                                                                            <a target=\"_blank\" href=\"https:\/\/ozonetech.com\/wp-content\/uploads\/2022\/11\/White-paper-Shell-technology-introduction.pdf\">\n                                                    Englisch                                                <\/a>\n                                                                                    <\/div>\n                                                                    <\/div>\n                            <\/div>\n                                                    <div class=\"downloads__download\">\n                                <div class=\"downloads__download--image\">\n                                    <img loading=\"lazy\" decoding=\"async\" width=\"240\" height=\"340\" src=\"https:\/\/ozonetech.com\/wp-content\/uploads\/2021\/03\/pharma_broschure.png\" class=\"attachment-large size-large\" alt=\"\" srcset=\"https:\/\/ozonetech.com\/wp-content\/uploads\/2021\/03\/pharma_broschure.png 240w, https:\/\/ozonetech.com\/wp-content\/uploads\/2021\/03\/pharma_broschure-212x300.png 212w\" sizes=\"auto, (max-width: 240px) 100vw, 240px\" \/>                                <\/div>\n                                <div class=\"downloads__download--content\">\n                                    <h4>Behandlung von Arzneimittelr\u00fcckst\u00e4nden<\/h4>\n<p>Weltweit werden Bem\u00fchungen unternommen, um die zunehmenden Gesundheitsprobleme verursacht durch Arzneimittelr\u00fcckst\u00e4nde zu behandeln. Die Ozonaufbereitung hat die F\u00e4higkeit, von Krankenh\u00e4usern und der Arzneimittelindustrie freigesetzte R\u00fcckst\u00e4nde zu entfernen.<\/p>\n                                                                            <div class=\"downloads__download--files\">\n                                            <svg version=\"1.1\" id=\"Layer_1\" xmlns=\"http:\/\/www.w3.org\/2000\/svg\" x=\"0\" y=\"0\" viewBox=\"0 0 20.83 25\" xml:space=\"preserve\"><path fill=\"currentColor\" d=\"M20.83 8.82h-5.95V0H5.95v8.82H0l10.42 10.29L20.83 8.82zM0 22.06V25h20.83v-2.94H0z\"\/><\/svg>                                            <span>Download<\/span>\n                                                                                            <a target=\"_blank\" href=\"https:\/\/ozonetech.com\/wp-content\/uploads\/2020\/12\/Brochure-Pharmaceutical-residues-in-wastewater-v1.0-EN-web.pdf\">\n                                                    Englisch                                                <\/a>\n                                                                                    <\/div>\n                                                                    <\/div>\n                            <\/div>\n                                                    <div class=\"downloads__download\">\n                                <div class=\"downloads__download--image\">\n                                    <img loading=\"lazy\" decoding=\"async\" width=\"240\" height=\"339\" src=\"https:\/\/ozonetech.com\/wp-content\/uploads\/2021\/03\/rena_water_solutions.png\" class=\"attachment-large size-large\" alt=\"\" srcset=\"https:\/\/ozonetech.com\/wp-content\/uploads\/2021\/03\/rena_water_solutions.png 240w, https:\/\/ozonetech.com\/wp-content\/uploads\/2021\/03\/rena_water_solutions-212x300.png 212w\" sizes=\"auto, (max-width: 240px) 100vw, 240px\" \/>                                <\/div>\n                                <div class=\"downloads__download--content\">\n                                    <h4>RENA-L\u00f6sungen zur Wasseraufbereitung<\/h4>\n<p>Das ist die ultimative Anleitung, um zu erfahren wie unsere schl\u00fcsselfertigen RENA VISO und RENA Tellus-Systeme entworfen sind. Sie stellt auch das RENA Vivo-Konzept f\u00fcr die AOP, Advanced Oxidation Processes, f\u00fcr komplexe Abwasseraufbereitung vor.<\/p>\n                                                                            <div class=\"downloads__download--files\">\n                                            <svg version=\"1.1\" id=\"Layer_1\" xmlns=\"http:\/\/www.w3.org\/2000\/svg\" x=\"0\" y=\"0\" viewBox=\"0 0 20.83 25\" xml:space=\"preserve\"><path fill=\"currentColor\" d=\"M20.83 8.82h-5.95V0H5.95v8.82H0l10.42 10.29L20.83 8.82zM0 22.06V25h20.83v-2.94H0z\"\/><\/svg>                                            <span>Download<\/span>\n                                                                                            <a target=\"_blank\" href=\"https:\/\/ozonetech.com\/wp-content\/uploads\/2020\/12\/Brochure-Rena-Water-Treatment-Solutions-v1.3-EN-web.pdf\">\n                                                    Englisch,                                                <\/a>\n                                                                                            <a target=\"_blank\" href=\"https:\/\/ozonetech.com\/wp-content\/uploads\/2020\/12\/Brochure-RENA-Water-Treatment-Solutions-v1.3-FI.pdf\">\n                                                    Finnisch,                                                <\/a>\n                                                                                            <a target=\"_blank\" href=\"https:\/\/ozonetech.com\/wp-content\/uploads\/2020\/12\/Brochure-RENA-Water-Treatment-Solutions-v1.3-RU-web.pdf\">\n                                                    Russisch,                                                <\/a>\n                                                                                            <a target=\"_blank\" href=\"https:\/\/ozonetech.com\/wp-content\/uploads\/2020\/12\/Brochure-RENA-Water-Treatment-Solutions-v1.0-KR-web.pdf\">\n                                                    Koreanisch                                                <\/a>\n                                                                                    <\/div>\n                                                                    <\/div>\n                            <\/div>\n                                                    <div class=\"downloads__download\">\n                                <div class=\"downloads__download--image\">\n                                    <img loading=\"lazy\" decoding=\"async\" width=\"240\" height=\"341\" src=\"https:\/\/ozonetech.com\/wp-content\/uploads\/2021\/03\/rena_pro_brochure_front_page.png\" class=\"attachment-large size-large\" alt=\"\" srcset=\"https:\/\/ozonetech.com\/wp-content\/uploads\/2021\/03\/rena_pro_brochure_front_page.png 240w, https:\/\/ozonetech.com\/wp-content\/uploads\/2021\/03\/rena_pro_brochure_front_page-211x300.png 211w\" sizes=\"auto, (max-width: 240px) 100vw, 240px\" \/>                                <\/div>\n                                <div class=\"downloads__download--content\">\n                                    <h4>RENA Pro Ozonsysteme<\/h4>\n<p>Das RENA Pro ist auf dem neusten Stand der Technik. F\u00fcr uns bedeutet das drei Dinge. Die Behandlungskapazit\u00e4t ist extrem hoch. Die Qualit\u00e4t der Bauteile ist bis ins kleinste Detail konstant hoch \u2013 was die lange Nutzungsdauer des Systems und die nachhaltige Leistung sicherstellt. Und zu guter Letzt, das System ist nutzerfreundlich.<\/p>\n                                                                            <div class=\"downloads__download--files\">\n                                            <svg version=\"1.1\" id=\"Layer_1\" xmlns=\"http:\/\/www.w3.org\/2000\/svg\" x=\"0\" y=\"0\" viewBox=\"0 0 20.83 25\" xml:space=\"preserve\"><path fill=\"currentColor\" d=\"M20.83 8.82h-5.95V0H5.95v8.82H0l10.42 10.29L20.83 8.82zM0 22.06V25h20.83v-2.94H0z\"\/><\/svg>                                            <span>Download<\/span>\n                                                                                            <a target=\"_blank\" href=\"https:\/\/ozonetech.com\/wp-content\/uploads\/2020\/12\/Brochure-RENA-Pro-Ozone-Systems-v1.5-EN-web-1.pdf\">\n                                                    Englisch,                                                <\/a>\n                                                                                            <a target=\"_blank\" href=\"https:\/\/ozonetech.com\/wp-content\/uploads\/2020\/12\/Brochure-RENA-Pro-Ozone-Systems-v1.5-SV-web.pdf\">\n                                                    Schwedisch,                                                <\/a>\n                                                                                            <a target=\"_blank\" href=\"https:\/\/ozonetech.com\/wp-content\/uploads\/2020\/12\/Brochure-RENA-Pro-Ozone-Systems-v1.0-KR-web.pdf\">\n                                                    Koreanisch,                                                <\/a>\n                                                                                            <a target=\"_blank\" href=\"https:\/\/ozonetech.com\/wp-content\/uploads\/2020\/12\/Brochure-RENA-Pro-Ozone-Systems-v1.0-ES-web-1.pdf\">\n                                                    Spanisch                                                <\/a>\n                                                                                    <\/div>\n                                                                    <\/div>\n                            <\/div>\n                                                    <div class=\"downloads__download\">\n                                <div class=\"downloads__download--image\">\n                                    <img loading=\"lazy\" decoding=\"async\" width=\"240\" height=\"339\" src=\"https:\/\/ozonetech.com\/wp-content\/uploads\/2021\/03\/breweries_v2_0.png\" class=\"attachment-large size-large\" alt=\"\" srcset=\"https:\/\/ozonetech.com\/wp-content\/uploads\/2021\/03\/breweries_v2_0.png 240w, https:\/\/ozonetech.com\/wp-content\/uploads\/2021\/03\/breweries_v2_0-212x300.png 212w\" sizes=\"auto, (max-width: 240px) 100vw, 240px\" \/>                                <\/div>\n                                <div class=\"downloads__download--content\">\n                                    <h4>Brauereien und Getr\u00e4nkeherstellung<\/h4>\n<p>Bei Brauereien und Getr\u00e4nkeproduktionen jeder Gr\u00f6\u00dfe helfen wir einen umweltfreundlicheren Fu\u00dfabdruck zu erreichen, Kosten f\u00fcr Chemikalien und Bearbeitung zu reduzieren, die bestm\u00f6gliche Prozesswasserqualit\u00e4t sicherzustellen und die Produktionslaufzeit zu verbessern. Erfahren Sie in der Brosch\u00fcre mehr dar\u00fcber, was wir Ihnen bieten k\u00f6nnen.<\/p>\n                                                                            <div class=\"downloads__download--files\">\n                                            <svg version=\"1.1\" id=\"Layer_1\" xmlns=\"http:\/\/www.w3.org\/2000\/svg\" x=\"0\" y=\"0\" viewBox=\"0 0 20.83 25\" xml:space=\"preserve\"><path fill=\"currentColor\" d=\"M20.83 8.82h-5.95V0H5.95v8.82H0l10.42 10.29L20.83 8.82zM0 22.06V25h20.83v-2.94H0z\"\/><\/svg>                                            <span>Download<\/span>\n                                                                                            <a target=\"_blank\" href=\"https:\/\/ozonetech.com\/wp-content\/uploads\/2020\/12\/brochure_-_brewery_v2.0_en-web-2.pdf\">\n                                                    Englisch,                                                <\/a>\n                                                                                            <a target=\"_blank\" href=\"https:\/\/ozonetech.com\/wp-content\/uploads\/2020\/12\/brochure_-_brewery_v1.0_es-web.pdf\">\n                                                    Spanisch                                                <\/a>\n                                                                                    <\/div>\n                                                                    <\/div>\n                            <\/div>\n                                                    <div class=\"downloads__download\">\n                                <div class=\"downloads__download--image\">\n                                    <img loading=\"lazy\" decoding=\"async\" width=\"240\" height=\"340\" src=\"https:\/\/ozonetech.com\/wp-content\/uploads\/2021\/03\/dairy_broschure.png\" class=\"attachment-large size-large\" alt=\"\" srcset=\"https:\/\/ozonetech.com\/wp-content\/uploads\/2021\/03\/dairy_broschure.png 240w, https:\/\/ozonetech.com\/wp-content\/uploads\/2021\/03\/dairy_broschure-212x300.png 212w\" sizes=\"auto, (max-width: 240px) 100vw, 240px\" \/>                                <\/div>\n                                <div class=\"downloads__download--content\">\n                                    <h4>Ozondesinfektion f\u00fcr Molkereibetriebe<\/h4>\n<p>Die Milchindustrie ist ein wasserintensives Unternehmen. Bei den hochqualitativen Anforderungen, um die bestm\u00f6glichen Standards in der Milchproduktqualit\u00e4t zu erf\u00fcllen, kann Ozon eingesetzt werden um die gewaltigen Wassermengen zur\u00fcckzugewinnen, die anderweitig entsorgt werden. Neben den CIP-Verfahren ist die K\u00e4serinde eine bew\u00e4hrte Methode das mikrobielle Wachstum zu kontrollieren.<\/p>\n                                                                            <div class=\"downloads__download--files\">\n                                            <svg version=\"1.1\" id=\"Layer_1\" xmlns=\"http:\/\/www.w3.org\/2000\/svg\" x=\"0\" y=\"0\" viewBox=\"0 0 20.83 25\" xml:space=\"preserve\"><path fill=\"currentColor\" d=\"M20.83 8.82h-5.95V0H5.95v8.82H0l10.42 10.29L20.83 8.82zM0 22.06V25h20.83v-2.94H0z\"\/><\/svg>                                            <span>Download<\/span>\n                                                                                            <a target=\"_blank\" href=\"https:\/\/ozonetech.com\/wp-content\/uploads\/2020\/12\/Brochure-Dairy-v1.1-EN-web.pdf\">\n                                                    Englisch                                                <\/a>\n                                                                                    <\/div>\n                                                                    <\/div>\n                            <\/div>\n                                                    <div class=\"downloads__download\">\n                                <div class=\"downloads__download--image\">\n                                    <img loading=\"lazy\" decoding=\"async\" width=\"240\" height=\"339\" src=\"https:\/\/ozonetech.com\/wp-content\/uploads\/2021\/03\/capture_3.png\" class=\"attachment-large size-large\" alt=\"\" srcset=\"https:\/\/ozonetech.com\/wp-content\/uploads\/2021\/03\/capture_3.png 240w, https:\/\/ozonetech.com\/wp-content\/uploads\/2021\/03\/capture_3-212x300.png 212w\" sizes=\"auto, (max-width: 240px) 100vw, 240px\" \/>                                <\/div>\n                                <div class=\"downloads__download--content\">\n                                    <h4>Lebensmittel und Hygiene<\/h4>\n<p>Eine Produktionsanlage f\u00fcr Lebensmittel oder Hygiene verwendet reichlich Wasser, das desinfiziert oder recycelt werden muss. Es gibt umfangreiche CIP-Anwendungen, bei denen Ozonetech eine Vielzahl von L\u00f6sungen f\u00fcr Ihre Anlage liefert. Wieso nicht die beste Desinfektionsmethode nutzen, die erh\u00e4ltlich ist?<\/p>\n                                                                            <div class=\"downloads__download--files\">\n                                            <svg version=\"1.1\" id=\"Layer_1\" xmlns=\"http:\/\/www.w3.org\/2000\/svg\" x=\"0\" y=\"0\" viewBox=\"0 0 20.83 25\" xml:space=\"preserve\"><path fill=\"currentColor\" d=\"M20.83 8.82h-5.95V0H5.95v8.82H0l10.42 10.29L20.83 8.82zM0 22.06V25h20.83v-2.94H0z\"\/><\/svg>                                            <span>Download<\/span>\n                                                                                            <a target=\"_blank\" href=\"https:\/\/ozonetech.com\/wp-content\/uploads\/2020\/12\/Brochure-Food-and-Hygien-v1.5-EN-web.pdf\">\n                                                    Englisch,                                                <\/a>\n                                                                                            <a target=\"_blank\" href=\"https:\/\/ozonetech.com\/wp-content\/uploads\/2020\/12\/Brochure-Food-and-Hygien-v1.5-SV-web.pdf\">\n                                                    Schwedisch                                                <\/a>\n                                                                                    <\/div>\n                                                                    <\/div>\n                            <\/div>\n                                                    <div class=\"downloads__download\">\n                                <div class=\"downloads__download--image\">\n                                    <img loading=\"lazy\" decoding=\"async\" width=\"240\" height=\"340\" src=\"https:\/\/ozonetech.com\/wp-content\/uploads\/2021\/03\/pilot_project_and_tailored_systems.png\" class=\"attachment-large size-large\" alt=\"\" srcset=\"https:\/\/ozonetech.com\/wp-content\/uploads\/2021\/03\/pilot_project_and_tailored_systems.png 240w, https:\/\/ozonetech.com\/wp-content\/uploads\/2021\/03\/pilot_project_and_tailored_systems-212x300.png 212w\" sizes=\"auto, (max-width: 240px) 100vw, 240px\" \/>                                <\/div>\n                                <div class=\"downloads__download--content\">\n                                    <h4>Pilotprojekte zu ma\u00dfgefertigten Aufbereitungsl\u00f6sungen von Abwasser.<\/h4>\n<p>Nahezu alle Industrien und Unternehmen setzten verunreinigtes Wasser frei. In vielen F\u00e4llen besteht es aus einer einzigartigen Zusammensetzung von schwer aufzuspaltenden Soffen, die nicht durch biologische Prozesse abgebaut werden k\u00f6nnen.<\/p>\n                                                                            <div class=\"downloads__download--files\">\n                                            <svg version=\"1.1\" id=\"Layer_1\" xmlns=\"http:\/\/www.w3.org\/2000\/svg\" x=\"0\" y=\"0\" viewBox=\"0 0 20.83 25\" xml:space=\"preserve\"><path fill=\"currentColor\" d=\"M20.83 8.82h-5.95V0H5.95v8.82H0l10.42 10.29L20.83 8.82zM0 22.06V25h20.83v-2.94H0z\"\/><\/svg>                                            <span>Download<\/span>\n                                                                                            <a target=\"_blank\" href=\"https:\/\/ozonetech.com\/wp-content\/uploads\/2020\/12\/Brochure-Pilot-projects-and-tailored-industrial-water-treatment-systems-v1.1-EN-web.pdf\">\n                                                    Englisch                                                <\/a>\n                                                                                    <\/div>\n                                                                    <\/div>\n                            <\/div>\n                                                            <\/div>\n            <\/div>\n        <\/div>\n    <\/div>\n<\/section>\n","protected":false},"excerpt":{"rendered":"","protected":false},"author":21,"featured_media":0,"parent":36984,"menu_order":0,"comment_status":"closed","ping_status":"closed","template":"","meta":{"_acf_changed":false,"_seopress_robots_primary_cat":"","_seopress_titles_title":"","_seopress_titles_desc":"Hier finden Sie alle unsere Brosch\u00fcren zur industriellen Wasseraufbereitung. Lassen Sie es uns wissen, wenn Sie weitere Unterst\u00fctzung ben\u00f6tigen.","_seopress_robots_index":"","inline_featured_image":false,"footnotes":""},"class_list":["post-35969","page","type-page","status-publish","hentry"],"acf":[],"_links":{"self":[{"href":"https:\/\/ozonetech.com\/de\/wp-json\/wp\/v2\/pages\/35969","targetHints":{"allow":["GET"]}}],"collection":[{"href":"https:\/\/ozonetech.com\/de\/wp-json\/wp\/v2\/pages"}],"about":[{"href":"https:\/\/ozonetech.com\/de\/wp-json\/wp\/v2\/types\/page"}],"author":[{"embeddable":true,"href":"https:\/\/ozonetech.com\/de\/wp-json\/wp\/v2\/users\/21"}],"replies":[{"embeddable":true,"href":"https:\/\/ozonetech.com\/de\/wp-json\/wp\/v2\/comments?post=35969"}],"version-history":[{"count":13,"href":"https:\/\/ozonetech.com\/de\/wp-json\/wp\/v2\/pages\/35969\/revisions"}],"predecessor-version":[{"id":41446,"href":"https:\/\/ozonetech.com\/de\/wp-json\/wp\/v2\/pages\/35969\/revisions\/41446"}],"up":[{"embeddable":true,"href":"https:\/\/ozonetech.com\/de\/wp-json\/wp\/v2\/pages\/36984"}],"wp:attachment":[{"href":"https:\/\/ozonetech.com\/de\/wp-json\/wp\/v2\/media?parent=35969"}],"curies":[{"name":"wp","href":"https:\/\/api.w.org\/{rel}","templated":true}]}}