{"id":35965,"date":"2021-07-08T13:17:40","date_gmt":"2021-07-08T12:17:40","guid":{"rendered":"https:\/\/ozonetech.com\/?page_id=35965"},"modified":"2024-10-11T11:29:01","modified_gmt":"2024-10-11T09:29:01","slug":"downloads-zur-wissenschaft-und-technik-hinter-ozon","status":"publish","type":"page","link":"https:\/\/ozonetech.com\/de\/downloads\/downloads-zur-wissenschaft-und-technik-hinter-ozon\/","title":{"rendered":"Downloads zur Wissenschaft und Technik hinter Ozon"},"content":{"rendered":"\n<section\n    class=\"block hero hero--regular\"\n    style=\"background-image: url('https:\/\/ozonetech.com\/wp-content\/uploads\/2021\/03\/engineering-services-tech-1600x484.jpg'); --hero-opacity: 0.3\"\n>\n\n    <div class=\"container-fluid\">\n\n        <div class=\"content editor_content\">\n                         \n                <h2 class='h2'>Downloads zur Wissenschaft und Technik hinter Ozon<\/h2>            \n                    <\/div>\n\n            <\/div>\n<\/section>\n\n\n<section class=\"component component_breadcrumbs\">\n\t<div class=\"container-fluid\">\n  \t<\/div>\n<\/section>\n\n\n<section\n    id=\"\"\n    class=\"block content-block\"\n\tstyle=\"--cb-bg: white; --cb-content: #000; padding-top: 30px; padding-bottom: 30px;\"\n>\n    \n\n<div class=\"container-fluid editor_content content content--narrow\">\n    <div class=\"row\">\n        <div class=\"col-12 editor_content\">\n            <h1 style=\"text-align: left;\">Eine Sammlung von wissenschaftlichen Studien und Wei\u00dfb\u00fcchern<\/h1>\n<p class=\"preamble\">In diesem Abschnitt haben wir sowohl intern produzierte Wei\u00dfb\u00fccher \u00fcber unsere Technologie und Expertise als auch externe Berichte von unabh\u00e4ngigen Instituten, die die Wirksamkeit von Ozon betreffen, zusammengestellt. Erfahren Sie in der nachstehenden Beschreibung mehr und laden Sie diese Dokumente herunter. Lassen Sie es uns wissen, wenn Sie weitere <a href=\"https:\/\/ozonetech.com\/de\/contact\/\">Unterst\u00fctzung<\/a> ben\u00f6tigen.<\/p>\n        <\/div>\n    <\/div>\n<\/div>\n\n<\/section>\n\n\n\n<section class=\"block downloads\"> \n    <div class=\"container-fluid\">\n        <div class=\"row\">\n            <div class=\"col-12 title\">\n                <h3 class='h3'>Wissenschaftliche Forschung<\/h3>            <\/div>\n        <\/div>\n\n        <div class=\"row justify-content-center\">\n            <div class=\"col-lg-8\">\n                <div class=\"downloads\">\n                                                                        <div class=\"downloads__download\">\n                                <div class=\"downloads__download--image\">\n                                    <img loading=\"lazy\" decoding=\"async\" width=\"306\" height=\"460\" src=\"https:\/\/ozonetech.com\/wp-content\/uploads\/2021\/03\/uv_cover_0.png\" class=\"attachment-large size-large\" alt=\"\" srcset=\"https:\/\/ozonetech.com\/wp-content\/uploads\/2021\/03\/uv_cover_0.png 306w, https:\/\/ozonetech.com\/wp-content\/uploads\/2021\/03\/uv_cover_0-200x300.png 200w\" sizes=\"auto, (max-width: 306px) 100vw, 306px\" \/>                                <\/div>\n                                <div class=\"downloads__download--content\">\n                                    <h4>Mythen \u00fcber die UV-Behandlung der K\u00fcchenabluft<\/h4>\n<p>Diese Abhandlung verdeutlicht unterschiedliche Methoden der Entfernung von Ger\u00fcchen und Fetten, die von der K\u00fcchenabluft abgegeben werden, mit UV-Licht und f\u00fcnf h\u00e4ufige Mythen zur UV-Behandlung, die immer noch den heutigen Markt beeinflussen.<\/p>\n                                                                            <span>Download<\/span>\n                                        <a target='_blank' href='https:\/\/www.mellifiq.com\/contact' >On request only<\/a>                                                                    <\/div>\n                            <\/div>\n                                                    <div class=\"downloads__download\">\n                                <div class=\"downloads__download--image\">\n                                    <img loading=\"lazy\" decoding=\"async\" width=\"306\" height=\"460\" src=\"https:\/\/ozonetech.com\/wp-content\/uploads\/2021\/03\/h2s_cover_0.png\" class=\"attachment-large size-large\" alt=\"\" srcset=\"https:\/\/ozonetech.com\/wp-content\/uploads\/2021\/03\/h2s_cover_0.png 306w, https:\/\/ozonetech.com\/wp-content\/uploads\/2021\/03\/h2s_cover_0-200x300.png 200w\" sizes=\"auto, (max-width: 306px) 100vw, 306px\" \/>                                <\/div>\n                                <div class=\"downloads__download--content\">\n                                    <h4>Vergleich der Technologien zur Entfernung von Schwefelwasserstoff (H<sub>2<\/sub>S)<\/h4>\n<p>Dieses Wei\u00dfbuch legt einen Vergleich zwischen zwei Technologien \u2013 der Absorption und katalytischen Oxidation \u2013 mit \u00dcberlegungen, relevant f\u00fcr die Auswahl der effektivsten Methode, dar.<\/p>\n                                                                            <span>Download<\/span>\n                                        <a target='_blank' href='https:\/\/www.mellifiq.com\/contact' >On request only<\/a>                                                                    <\/div>\n                            <\/div>\n                                                    <div class=\"downloads__download\">\n                                <div class=\"downloads__download--image\">\n                                    <img loading=\"lazy\" decoding=\"async\" width=\"306\" height=\"460\" src=\"https:\/\/ozonetech.com\/wp-content\/uploads\/2021\/03\/white_paper_-_hels_0.png\" class=\"attachment-large size-large\" alt=\"\" srcset=\"https:\/\/ozonetech.com\/wp-content\/uploads\/2021\/03\/white_paper_-_hels_0.png 306w, https:\/\/ozonetech.com\/wp-content\/uploads\/2021\/03\/white_paper_-_hels_0-200x300.png 200w\" sizes=\"auto, (max-width: 306px) 100vw, 306px\" \/>                                <\/div>\n                                <div class=\"downloads__download--content\">\n                                    <h4>Willkommen bei HELS &#8211; Zuverl\u00e4ssige, effiziente und elektrodenfreie Ozontechnologie<\/h4>\n<p>Wussten Sie, dass unsere Ozontechnologie einzigartig ist und die kompaktesten Ozongeneratoren auf dem Markt anbietet? In diesem Whitepaper werden die wichtigsten Merkmale hervorgehoben, die unsere Systeme und Produkte auszeichnen.<\/p>\n                                                                            <span>Download<\/span>\n                                        <a target='_blank' href='https:\/\/www.mellifiq.com\/contact' >On request only<\/a>                                                                    <\/div>\n                            <\/div>\n                                                    <div class=\"downloads__download\">\n                                <div class=\"downloads__download--image\">\n                                    <img loading=\"lazy\" decoding=\"async\" width=\"300\" height=\"460\" src=\"https:\/\/ozonetech.com\/wp-content\/uploads\/2021\/03\/white_paper_-_design_of_water_systems_0.png\" class=\"attachment-large size-large\" alt=\"\" srcset=\"https:\/\/ozonetech.com\/wp-content\/uploads\/2021\/03\/white_paper_-_design_of_water_systems_0.png 300w, https:\/\/ozonetech.com\/wp-content\/uploads\/2021\/03\/white_paper_-_design_of_water_systems_0-196x300.png 196w\" sizes=\"auto, (max-width: 300px) 100vw, 300px\" \/>                                <\/div>\n                                <div class=\"downloads__download--content\">\n                                    <h4>Entwurf von hocheffizienten Ozonwassersystemen &#8211; Schl\u00fcsselfaktoren f\u00fcr den Erfolg<\/h4>\n<p>Ozonwasseraufbereitung ist ein wachsender Markt. Es m\u00fcssen jedoch viele Faktoren ber\u00fccksichtigt werden, um mit der Implementierung, zuverl\u00e4ssigen Ergebnissen und der h\u00f6chstm\u00f6glichen Effizienz wirklich Erfolg zu haben. Ozonetech liefert komplette schl\u00fcsselfertige Systeme, bei denen alle Aspekte der Hochleistung ber\u00fccksichtigt werden. Lesen Sie in diesem Whitepaper, wie wir das machen.<\/p>\n                                                                            <span>Download<\/span>\n                                        <a target='_blank' href='https:\/\/www.mellifiq.com\/contact' >On request only<\/a>                                                                    <\/div>\n                            <\/div>\n                                                    <div class=\"downloads__download\">\n                                <div class=\"downloads__download--image\">\n                                    <img loading=\"lazy\" decoding=\"async\" width=\"306\" height=\"460\" src=\"https:\/\/ozonetech.com\/wp-content\/uploads\/2021\/03\/0_mcdonalds.png\" class=\"attachment-large size-large\" alt=\"\" srcset=\"https:\/\/ozonetech.com\/wp-content\/uploads\/2021\/03\/0_mcdonalds.png 306w, https:\/\/ozonetech.com\/wp-content\/uploads\/2021\/03\/0_mcdonalds-200x300.png 200w\" sizes=\"auto, (max-width: 306px) 100vw, 306px\" \/>                                <\/div>\n                                <div class=\"downloads__download--content\">\n                                    <h4>12-Monats-Bericht von McDonald, Kivikko Finland<\/h4>\n<p>Der Bericht wurde von Are Oy, einer finnischen Firma f\u00fcr Geb\u00e4ude- und Wartungservices erstellt. Es liefert Fotos aufgenommen von vier F\u00e4llen von K\u00fcchensch\u00e4chten ohne unsere Ozonaufbereitung, vor und nach der manuellen Reinigung durch Are Oy. Es liefert auch Fotos der gleichen vier F\u00e4lle von Luftsch\u00e4chten, in denen unsere Ozonaufbereitung installiert wurde. Der Unterschied ist eindeutig.<\/p>\n                                                                            <span>Download<\/span>\n                                        <a target='_blank' href='https:\/\/www.mellifiq.com\/contact' >On request only<\/a>                                                                    <\/div>\n                            <\/div>\n                                                    <div class=\"downloads__download\">\n                                <div class=\"downloads__download--image\">\n                                    <img loading=\"lazy\" decoding=\"async\" width=\"306\" height=\"460\" src=\"https:\/\/ozonetech.com\/wp-content\/uploads\/2021\/03\/0_nox.png\" class=\"attachment-large size-large\" alt=\"\" srcset=\"https:\/\/ozonetech.com\/wp-content\/uploads\/2021\/03\/0_nox.png 306w, https:\/\/ozonetech.com\/wp-content\/uploads\/2021\/03\/0_nox-200x300.png 200w\" sizes=\"auto, (max-width: 306px) 100vw, 306px\" \/>                                <\/div>\n                                <div class=\"downloads__download--content\">\n                                    <h4>NOx-Emissionen und HNO<sub>3<\/sub>-Verbindungen: Luftverschmutzung mit Analyse der luftgespeisten Ozongeneratoren<\/h4>\n<p>Der Bericht pr\u00fcft die Gefahren, die NOx-Emissionen in der Luft darstellen, mit besonderer Beachtung von der potentiellen Beteiligung von luftgespeisten Ozongeneratoren.<\/p>\n                                                                            <span>Download<\/span>\n                                        <a target='_blank' href='https:\/\/www.mellifiq.com\/contact' >On request only<\/a>                                                                    <\/div>\n                            <\/div>\n                                                    <div class=\"downloads__download\">\n                                <div class=\"downloads__download--image\">\n                                    <img loading=\"lazy\" decoding=\"async\" width=\"306\" height=\"460\" src=\"https:\/\/ozonetech.com\/wp-content\/uploads\/2021\/03\/0_corona.png\" class=\"attachment-large size-large\" alt=\"\" srcset=\"https:\/\/ozonetech.com\/wp-content\/uploads\/2021\/03\/0_corona.png 306w, https:\/\/ozonetech.com\/wp-content\/uploads\/2021\/03\/0_corona-200x300.png 200w\" sizes=\"auto, (max-width: 306px) 100vw, 306px\" \/>                                <\/div>\n                                <div class=\"downloads__download--content\">\n                                    <h4>Bewertung von Corona-bedingten Nebenprodukten des Ozongenerators in der Literatur<\/h4>\n<p>Auf Ersuchen von Ozonetech hat die Exponent International Ltd eine Bewertung von Literatur zu den typischen, durch Corona bedingten Nebenprodukten der Ozonerzeugung durchgef\u00fchrt.<\/p>\n                                                                            <span>Download<\/span>\n                                        <a target='_blank' href='https:\/\/www.mellifiq.com\/contact' >On request only<\/a>                                                                    <\/div>\n                            <\/div>\n                                                    <div class=\"downloads__download\">\n                                <div class=\"downloads__download--image\">\n                                    <img loading=\"lazy\" decoding=\"async\" width=\"328\" height=\"460\" src=\"https:\/\/ozonetech.com\/wp-content\/uploads\/2021\/03\/epa_-_water_treatment_manual.png\" class=\"attachment-large size-large\" alt=\"\" srcset=\"https:\/\/ozonetech.com\/wp-content\/uploads\/2021\/03\/epa_-_water_treatment_manual.png 328w, https:\/\/ozonetech.com\/wp-content\/uploads\/2021\/03\/epa_-_water_treatment_manual-214x300.png 214w, https:\/\/ozonetech.com\/wp-content\/uploads\/2021\/03\/epa_-_water_treatment_manual-170x238.png 170w\" sizes=\"auto, (max-width: 328px) 100vw, 328px\" \/>                                <\/div>\n                                <div class=\"downloads__download--content\">\n                                    <h4>Environmental Protection Agency &#8211; Handbuch zur Wasseraufbereitung: Desinfektion<\/h4>\n<p>Die weltweite Desinfektion von Trinkwasser steht auf dem Spiel. Dieser Benchmarking-Bericht vergleicht alle derzeit verf\u00fcgbaren Desinfektionstechnologien. Durch diese unabh\u00e4ngigen Studien kann best\u00e4tigt werden, dass Ozon heute die effizienteste im Handel erh\u00e4ltliche Desinfektionsmethode ist. Der Bericht quantifiziert die wichtigsten Leistungsindikatoren und gibt einen \u00dcberblick \u00fcber die technischen Herausforderungen in Bezug auf alle abgedeckten Technologien.<\/p>\n                                                                            <div class=\"downloads__download--files\">\n                                            <svg version=\"1.1\" id=\"Layer_1\" xmlns=\"http:\/\/www.w3.org\/2000\/svg\" x=\"0\" y=\"0\" viewBox=\"0 0 20.83 25\" xml:space=\"preserve\"><path fill=\"currentColor\" d=\"M20.83 8.82h-5.95V0H5.95v8.82H0l10.42 10.29L20.83 8.82zM0 22.06V25h20.83v-2.94H0z\"\/><\/svg>                                            <span>Download<\/span>\n                                                                                            <a target=\"_blank\" href=\"https:\/\/ozonetech.com\/wp-content\/uploads\/2020\/12\/2011-EPA-Water-treatment-manual-disinfection_compressed-2.pdf\">\n                                                    Englisch                                                <\/a>\n                                                                                    <\/div>\n                                                                    <\/div>\n                            <\/div>\n                                                    <div class=\"downloads__download\">\n                                <div class=\"downloads__download--image\">\n                                    <img loading=\"lazy\" decoding=\"async\" width=\"327\" height=\"460\" src=\"https:\/\/ozonetech.com\/wp-content\/uploads\/2021\/03\/who_-_water_treatment_pathogen_control.png\" class=\"attachment-large size-large\" alt=\"\" srcset=\"https:\/\/ozonetech.com\/wp-content\/uploads\/2021\/03\/who_-_water_treatment_pathogen_control.png 327w, https:\/\/ozonetech.com\/wp-content\/uploads\/2021\/03\/who_-_water_treatment_pathogen_control-213x300.png 213w, https:\/\/ozonetech.com\/wp-content\/uploads\/2021\/03\/who_-_water_treatment_pathogen_control-170x238.png 170w\" sizes=\"auto, (max-width: 327px) 100vw, 327px\" \/>                                <\/div>\n                                <div class=\"downloads__download--content\">\n                                    <h4>Weltgesundheitsorganisation &#8211; Wasseraufbereitung und Pathogenkontrolle<\/h4>\n<p>In diesem WHO-Bericht werden Erfolgsfaktoren f\u00fcr die effektivste Beseitigung verschiedener Krankheitserreger im Trinkwasser er\u00f6rtert, die f\u00fcr die Bev\u00f6lkerung weltweit ein ernstes Problem darstellen. Ozon gilt als sichere, bew\u00e4hrte und zuverl\u00e4ssige Methode zur Beseitigung des gesamten Spektrums von Krankheitserregern.<\/p>\n                                                                            <div class=\"downloads__download--files\">\n                                            <svg version=\"1.1\" id=\"Layer_1\" xmlns=\"http:\/\/www.w3.org\/2000\/svg\" x=\"0\" y=\"0\" viewBox=\"0 0 20.83 25\" xml:space=\"preserve\"><path fill=\"currentColor\" d=\"M20.83 8.82h-5.95V0H5.95v8.82H0l10.42 10.29L20.83 8.82zM0 22.06V25h20.83v-2.94H0z\"\/><\/svg>                                            <span>Download<\/span>\n                                                                                            <a target=\"_blank\" href=\"https:\/\/ozonetech.com\/wp-content\/uploads\/2020\/12\/2001-WHO-Water-Treatment-and-Pathogen-Control.pdf\">\n                                                    Englisch                                                <\/a>\n                                                                                    <\/div>\n                                                                    <\/div>\n                            <\/div>\n                                                            <\/div>\n            <\/div>\n        <\/div>\n    <\/div>\n<\/section>\n","protected":false},"excerpt":{"rendered":"","protected":false},"author":21,"featured_media":0,"parent":36984,"menu_order":0,"comment_status":"closed","ping_status":"closed","template":"","meta":{"_acf_changed":false,"_seopress_robots_primary_cat":"","_seopress_titles_title":"","_seopress_titles_desc":"In diesem Abschnitt haben wir intern erstellte Wei\u00dfb\u00fccher zu unserer Forschung \u00fcber unsere Technologie und unsere Expertise zusammengestellt.","_seopress_robots_index":"","inline_featured_image":false,"footnotes":""},"class_list":["post-35965","page","type-page","status-publish","hentry"],"acf":[],"_links":{"self":[{"href":"https:\/\/ozonetech.com\/de\/wp-json\/wp\/v2\/pages\/35965","targetHints":{"allow":["GET"]}}],"collection":[{"href":"https:\/\/ozonetech.com\/de\/wp-json\/wp\/v2\/pages"}],"about":[{"href":"https:\/\/ozonetech.com\/de\/wp-json\/wp\/v2\/types\/page"}],"author":[{"embeddable":true,"href":"https:\/\/ozonetech.com\/de\/wp-json\/wp\/v2\/users\/21"}],"replies":[{"embeddable":true,"href":"https:\/\/ozonetech.com\/de\/wp-json\/wp\/v2\/comments?post=35965"}],"version-history":[{"count":10,"href":"https:\/\/ozonetech.com\/de\/wp-json\/wp\/v2\/pages\/35965\/revisions"}],"predecessor-version":[{"id":41461,"href":"https:\/\/ozonetech.com\/de\/wp-json\/wp\/v2\/pages\/35965\/revisions\/41461"}],"up":[{"embeddable":true,"href":"https:\/\/ozonetech.com\/de\/wp-json\/wp\/v2\/pages\/36984"}],"wp:attachment":[{"href":"https:\/\/ozonetech.com\/de\/wp-json\/wp\/v2\/media?parent=35965"}],"curies":[{"name":"wp","href":"https:\/\/api.w.org\/{rel}","templated":true}]}}