{"id":35957,"date":"2021-07-08T13:03:56","date_gmt":"2021-07-08T12:03:56","guid":{"rendered":"https:\/\/ozonetech.com\/?page_id=35957"},"modified":"2024-10-11T11:28:32","modified_gmt":"2024-10-11T09:28:32","slug":"andere-downloads","status":"publish","type":"page","link":"https:\/\/ozonetech.com\/de\/downloads\/andere-downloads\/","title":{"rendered":"Andere Downloads"},"content":{"rendered":"\n<section\n    class=\"block hero hero--regular\"\n    style=\"background-image: url('https:\/\/ozonetech.com\/wp-content\/uploads\/2021\/03\/other-downloads-ots-1600x484.jpg'); --hero-opacity: 0.2\"\n>\n\n    <div class=\"container-fluid\">\n\n        <div class=\"content editor_content\">\n                         \n                <h2 class='h2'>Andere Downloads<\/h2>            \n                    <\/div>\n\n            <\/div>\n<\/section>\n\n\n<section class=\"component component_breadcrumbs\">\n\t<div class=\"container-fluid\">\n  \t<\/div>\n<\/section>\n\n\n\n\n\n<section\n    id=\"\"\n    class=\"block content-block\"\n\tstyle=\"--cb-bg: white; --cb-content: #000; padding-top: 30px; padding-bottom: 30px;\"\n>\n    \n\n<div class=\"container-fluid editor_content content content--narrow\">\n    <div class=\"row\">\n        <div class=\"col-12 editor_content\">\n            <h1>Eine Sammlung anderer Downloads<\/h1>\n<p class=\"preamble\">Hier finden Sie alle unsere Brosch\u00fcren zum Zubeh\u00f6r. Lassen Sie es uns wissen, wenn Sie weitere <a href=\"https:\/\/ozonetech.com\/de\/contact\/\">Unterst\u00fctzung<\/a> ben\u00f6tigen.<\/p>\n<p class=\"preamble\">Erfahren Sie hier mehr zu unseren <a href=\"https:\/\/mellifiq.com\/reference-projects\/\">Referenzprojekten<\/a> (external site).<\/p>\n        <\/div>\n    <\/div>\n<\/div>\n\n<\/section>\n\n\n\n\n\n\n<section class=\"block downloads\"> \n    <div class=\"container-fluid\">\n        <div class=\"row\">\n            <div class=\"col-12 title\">\n                <h3 class='h3'>Brosch\u00fcren<\/h3>            <\/div>\n        <\/div>\n\n        <div class=\"row justify-content-center\">\n            <div class=\"col-lg-8\">\n                <div class=\"downloads\">\n                                                                        <div class=\"downloads__download\">\n                                <div class=\"downloads__download--image\">\n                                    <img loading=\"lazy\" decoding=\"async\" width=\"240\" height=\"339\" src=\"https:\/\/ozonetech.com\/wp-content\/uploads\/2021\/03\/offprint_automation.png\" class=\"attachment-large size-large\" alt=\"\" srcset=\"https:\/\/ozonetech.com\/wp-content\/uploads\/2021\/03\/offprint_automation.png 240w, https:\/\/ozonetech.com\/wp-content\/uploads\/2021\/03\/offprint_automation-212x300.png 212w\" sizes=\"auto, (max-width: 240px) 100vw, 240px\" \/>                                <\/div>\n                                <div class=\"downloads__download--content\">\n                                    <h4>Offprint &#8211; Die Fl\u00fcchtlinge, die zu Pionieren der Umwelttechnik wurden<\/h4>\n<p>Dieser sechsseitige Artikel handelt von Ozonetechs Geschichte, der starken unternehmerischen Seite des Gilanpour-Bruders, seiner innovativen Technik und dem Preis, den K\u00f6nig Carl XVI Gustaf auf dem Stockholmer K\u00f6nigsschloss als Unternehmer des Jahres verliehen hat.<\/p>\n                                                                            <div class=\"downloads__download--files\">\n                                            <svg version=\"1.1\" id=\"Layer_1\" xmlns=\"http:\/\/www.w3.org\/2000\/svg\" x=\"0\" y=\"0\" viewBox=\"0 0 20.83 25\" xml:space=\"preserve\"><path fill=\"currentColor\" d=\"M20.83 8.82h-5.95V0H5.95v8.82H0l10.42 10.29L20.83 8.82zM0 22.06V25h20.83v-2.94H0z\"\/><\/svg>                                            <span>Download<\/span>\n                                                                                            <a target=\"_blank\" href=\"https:\/\/ozonetech.com\/wp-content\/uploads\/2020\/12\/Offprint-Entreprenor-v1.0-SV-web.pdf\">\n                                                    Schwedisch                                                <\/a>\n                                                                                    <\/div>\n                                                                    <\/div>\n                            <\/div>\n                                                    <div class=\"downloads__download\">\n                                <div class=\"downloads__download--image\">\n                                    <img loading=\"lazy\" decoding=\"async\" width=\"240\" height=\"298\" src=\"https:\/\/ozonetech.com\/wp-content\/uploads\/2021\/03\/offprint_automation2.png\" class=\"attachment-large size-large\" alt=\"\" \/>                                <\/div>\n                                <div class=\"downloads__download--content\">\n                                    <h4>Offprint &#8211; Artikel \u00fcber die prestigetr\u00e4chtige Installation von 25 RENA-Systemen in der Mall of Scandinavia<\/h4>\n<p>Umfangreicher vierseitiger Artikel der Journalistin Dagmar Zitkova mit Fotos.<\/p>\n                                                                            <div class=\"downloads__download--files\">\n                                            <svg version=\"1.1\" id=\"Layer_1\" xmlns=\"http:\/\/www.w3.org\/2000\/svg\" x=\"0\" y=\"0\" viewBox=\"0 0 20.83 25\" xml:space=\"preserve\"><path fill=\"currentColor\" d=\"M20.83 8.82h-5.95V0H5.95v8.82H0l10.42 10.29L20.83 8.82zM0 22.06V25h20.83v-2.94H0z\"\/><\/svg>                                            <span>Download<\/span>\n                                                                                            <a target=\"_blank\" href=\"https:\/\/ozonetech.com\/wp-content\/uploads\/2020\/12\/Offprint-Automation-v1.0-SV-web.pdf\">\n                                                    Swedish                                                <\/a>\n                                                                                    <\/div>\n                                                                    <\/div>\n                            <\/div>\n                                                    <div class=\"downloads__download\">\n                                <div class=\"downloads__download--image\">\n                                    <img loading=\"lazy\" decoding=\"async\" width=\"240\" height=\"340\" src=\"https:\/\/ozonetech.com\/wp-content\/uploads\/2021\/03\/capture_7.png\" class=\"attachment-large size-large\" alt=\"\" srcset=\"https:\/\/ozonetech.com\/wp-content\/uploads\/2021\/03\/capture_7.png 240w, https:\/\/ozonetech.com\/wp-content\/uploads\/2021\/03\/capture_7-212x300.png 212w\" sizes=\"auto, (max-width: 240px) 100vw, 240px\" \/>                                <\/div>\n                                <div class=\"downloads__download--content\">\n                                    <h3>Aus der Kampagne Keep Sweden Clean entstand die Vision von Ozonetech<\/h3>\n<p>Die langj\u00e4hrige schwedische Kampagne &#8222;Schweden sauber halten\u201c war f\u00fcr die Gilanpour-Br\u00fcder ein fr\u00fcher Eindruck, als sie in ihrem neuen Land ankamen. Zwanzig Jahre sp\u00e4ter macht ihre Firma genau das &#8211; aber auf sechs Kontinenten.<\/p>\n                                                                            <div class=\"downloads__download--files\">\n                                            <svg version=\"1.1\" id=\"Layer_1\" xmlns=\"http:\/\/www.w3.org\/2000\/svg\" x=\"0\" y=\"0\" viewBox=\"0 0 20.83 25\" xml:space=\"preserve\"><path fill=\"currentColor\" d=\"M20.83 8.82h-5.95V0H5.95v8.82H0l10.42 10.29L20.83 8.82zM0 22.06V25h20.83v-2.94H0z\"\/><\/svg>                                            <span>Download<\/span>\n                                                                                            <a target=\"_blank\" href=\"https:\/\/ozonetech.com\/wp-content\/uploads\/2020\/12\/Brochure-Vision-v1.0-EN-web.pdf\">\n                                                    Englisch,                                                <\/a>\n                                                                                            <a target=\"_blank\" href=\"https:\/\/ozonetech.com\/wp-content\/uploads\/2020\/12\/Brochure-Vision-v1.0-SV-web.pdf\">\n                                                    Schwedisch,                                                <\/a>\n                                                                                            <a target=\"_blank\" href=\"https:\/\/ozonetech.com\/wp-content\/uploads\/2020\/12\/Brochure-Vision-v1.0-DE-web.pdf\">\n                                                    Deutsch                                                <\/a>\n                                                                                    <\/div>\n                                                                    <\/div>\n                            <\/div>\n                                                    <div class=\"downloads__download\">\n                                <div class=\"downloads__download--image\">\n                                    <img loading=\"lazy\" decoding=\"async\" width=\"240\" height=\"342\" src=\"https:\/\/ozonetech.com\/wp-content\/uploads\/2021\/03\/capture_8.png\" class=\"attachment-large size-large\" alt=\"\" srcset=\"https:\/\/ozonetech.com\/wp-content\/uploads\/2021\/03\/capture_8.png 240w, https:\/\/ozonetech.com\/wp-content\/uploads\/2021\/03\/capture_8-211x300.png 211w\" sizes=\"auto, (max-width: 240px) 100vw, 240px\" \/>                                <\/div>\n                                <div class=\"downloads__download--content\">\n                                    <h4>Eine kompakte Gebrauchsanweisung f\u00fcr Ozon<\/h4>\n<p>Ozon ist ein vielseitiges starkes Oxidationsmittel, das die Welt nachhaltiger macht. Diese Brosch\u00fcre gibt einen kurzen \u00dcberblick dar\u00fcber, wo und f\u00fcr welche Zwecke Ozon verwendet wird<\/p>\n                                                                            <div class=\"downloads__download--files\">\n                                            <svg version=\"1.1\" id=\"Layer_1\" xmlns=\"http:\/\/www.w3.org\/2000\/svg\" x=\"0\" y=\"0\" viewBox=\"0 0 20.83 25\" xml:space=\"preserve\"><path fill=\"currentColor\" d=\"M20.83 8.82h-5.95V0H5.95v8.82H0l10.42 10.29L20.83 8.82zM0 22.06V25h20.83v-2.94H0z\"\/><\/svg>                                            <span>Download<\/span>\n                                                                                            <a target=\"_blank\" href=\"https:\/\/ozonetech.com\/wp-content\/uploads\/2020\/12\/Brochure-B2B-v1.0-EN-web.pdf\">\n                                                    Englisch,                                                <\/a>\n                                                                                            <a target=\"_blank\" href=\"https:\/\/ozonetech.com\/wp-content\/uploads\/2020\/12\/Brochure-B2B-v1.0-SV-web.pdf\">\n                                                    Schwedisch,                                                <\/a>\n                                                                                            <a target=\"_blank\" href=\"https:\/\/ozonetech.com\/wp-content\/uploads\/2020\/12\/Brochure-B2B-v1.0-DE-web.pdf\">\n                                                    Deutsch,                                                <\/a>\n                                                                                            <a target=\"_blank\" href=\"https:\/\/ozonetech.com\/wp-content\/uploads\/2020\/12\/Brochure-B2B-v1.0-FI-web.pdf\">\n                                                    Finnisch                                                <\/a>\n                                                                                    <\/div>\n                                                                    <\/div>\n                            <\/div>\n                                                            <\/div>\n            <\/div>\n        <\/div>\n    <\/div>\n<\/section>\n","protected":false},"excerpt":{"rendered":"","protected":false},"author":21,"featured_media":0,"parent":36984,"menu_order":0,"comment_status":"closed","ping_status":"closed","template":"","meta":{"_acf_changed":false,"_seopress_robots_primary_cat":"","_seopress_titles_title":"","_seopress_titles_desc":"Laden Sie Ver\u00f6ffentlichungen und Brosch\u00fcren herunter, die die Geschichte hinter dem Erfolg von Ozonetech erz\u00e4hlen und die Vision frischer Luft und reinen Wassers teilen.","_seopress_robots_index":"","inline_featured_image":false,"footnotes":""},"class_list":["post-35957","page","type-page","status-publish","hentry"],"acf":[],"_links":{"self":[{"href":"https:\/\/ozonetech.com\/de\/wp-json\/wp\/v2\/pages\/35957","targetHints":{"allow":["GET"]}}],"collection":[{"href":"https:\/\/ozonetech.com\/de\/wp-json\/wp\/v2\/pages"}],"about":[{"href":"https:\/\/ozonetech.com\/de\/wp-json\/wp\/v2\/types\/page"}],"author":[{"embeddable":true,"href":"https:\/\/ozonetech.com\/de\/wp-json\/wp\/v2\/users\/21"}],"replies":[{"embeddable":true,"href":"https:\/\/ozonetech.com\/de\/wp-json\/wp\/v2\/comments?post=35957"}],"version-history":[{"count":10,"href":"https:\/\/ozonetech.com\/de\/wp-json\/wp\/v2\/pages\/35957\/revisions"}],"predecessor-version":[{"id":41458,"href":"https:\/\/ozonetech.com\/de\/wp-json\/wp\/v2\/pages\/35957\/revisions\/41458"}],"up":[{"embeddable":true,"href":"https:\/\/ozonetech.com\/de\/wp-json\/wp\/v2\/pages\/36984"}],"wp:attachment":[{"href":"https:\/\/ozonetech.com\/de\/wp-json\/wp\/v2\/media?parent=35957"}],"curies":[{"name":"wp","href":"https:\/\/api.w.org\/{rel}","templated":true}]}}