{"id":35951,"date":"2021-07-08T12:58:55","date_gmt":"2021-07-08T11:58:55","guid":{"rendered":"https:\/\/ozonetech.com\/?page_id=35951"},"modified":"2024-10-11T11:27:55","modified_gmt":"2024-10-11T09:27:55","slug":"geruch-und-hygiene-downloads","status":"publish","type":"page","link":"https:\/\/ozonetech.com\/de\/downloads\/geruch-und-hygiene-downloads\/","title":{"rendered":"Geruch und Hygiene Downloads"},"content":{"rendered":"\n<section\n    class=\"block hero hero--regular\"\n    style=\"background-image: url('https:\/\/ozonetech.com\/wp-content\/uploads\/2021\/03\/odor-and-sanitation-1-1600x484.jpg'); --hero-opacity: 0.3\"\n>\n\n    <div class=\"container-fluid\">\n\n        <div class=\"content editor_content\">\n                         \n                <h2 class='h2'>Geruch und Hygiene Downloads<\/h2>            \n                    <\/div>\n\n            <\/div>\n<\/section>\n\n\n<section class=\"component component_breadcrumbs\">\n\t<div class=\"container-fluid\">\n  \t<\/div>\n<\/section>\n\n\n<section\n    id=\"\"\n    class=\"block content-block\"\n\tstyle=\"--cb-bg: white; --cb-content: #000; padding-top: 30px; padding-bottom: 30px;\"\n>\n    \n\n<div class=\"container-fluid editor_content content content--narrow\">\n    <div class=\"row\">\n        <div class=\"col-12 editor_content\">\n            <h1>Eine Downloadsammlung zu Geruch und Hygiene<\/h1>\n<p class=\"preamble\">Hier finden Sie alle unsere Brosch\u00fcren zu Geruch und Hygiene. Lassen Sie es uns wissen, wenn Sie weitere <a href=\"https:\/\/ozonetech.com\/de\/contact\/\">Unterst\u00fctzung<\/a> ben\u00f6tigen.<\/p>\n<p class=\"preamble\">Erfahren Sie hier mehr zu unseren <a href=\"https:\/\/mellifiq.com\/reference-projects\/\">Referenzprojekten<\/a> (external site).<\/p>\n        <\/div>\n    <\/div>\n<\/div>\n\n<\/section>\n\n\n\n<section class=\"block downloads\"> \n    <div class=\"container-fluid\">\n        <div class=\"row\">\n            <div class=\"col-12 title\">\n                <h3 class='h3'>Brosch\u00fcren<\/h3>            <\/div>\n        <\/div>\n\n        <div class=\"row justify-content-center\">\n            <div class=\"col-lg-8\">\n                <div class=\"downloads\">\n                                                                        <div class=\"downloads__download\">\n                                <div class=\"downloads__download--image\">\n                                    <img loading=\"lazy\" decoding=\"async\" width=\"240\" height=\"339\" src=\"https:\/\/ozonetech.com\/wp-content\/uploads\/2021\/03\/pilot_air_brochure_omslag-2.png\" class=\"attachment-large size-large\" alt=\"\" srcset=\"https:\/\/ozonetech.com\/wp-content\/uploads\/2021\/03\/pilot_air_brochure_omslag-2.png 240w, https:\/\/ozonetech.com\/wp-content\/uploads\/2021\/03\/pilot_air_brochure_omslag-2-212x300.png 212w\" sizes=\"auto, (max-width: 240px) 100vw, 240px\" \/>                                <\/div>\n                                <div class=\"downloads__download--content\">\n                                    <h4>Die effektive Aufbereitung von industriellen Luftemissionen ist eine herausfordernde Aufgabe<\/h4>\n<p>Jedes Verfahren ist einzigartig sowie die Emissionen, die aus dem Schornstein kommen. Es sind sorgf\u00e4ltige interne Pilottests erforderlich, um die optimale Luftaufbereitungsmethode zu finden.<\/p>\n                                                                            <div class=\"downloads__download--files\">\n                                            <svg version=\"1.1\" id=\"Layer_1\" xmlns=\"http:\/\/www.w3.org\/2000\/svg\" x=\"0\" y=\"0\" viewBox=\"0 0 20.83 25\" xml:space=\"preserve\"><path fill=\"currentColor\" d=\"M20.83 8.82h-5.95V0H5.95v8.82H0l10.42 10.29L20.83 8.82zM0 22.06V25h20.83v-2.94H0z\"\/><\/svg>                                            <span>Download<\/span>\n                                                                                            <a target=\"_blank\" href=\"https:\/\/ozonetech.com\/wp-content\/uploads\/2020\/12\/Brochure-Pilot-projects-and-tailored-industrial-air-treatment-systems-v1.0-EN-web.pdf\">\n                                                    Englisch                                                <\/a>\n                                                                                    <\/div>\n                                                                    <\/div>\n                            <\/div>\n                                                    <div class=\"downloads__download\">\n                                <div class=\"downloads__download--image\">\n                                    <img loading=\"lazy\" decoding=\"async\" width=\"240\" height=\"339\" src=\"https:\/\/ozonetech.com\/wp-content\/uploads\/2021\/03\/biogas_brochure_omslag.png\" class=\"attachment-large size-large\" alt=\"\" srcset=\"https:\/\/ozonetech.com\/wp-content\/uploads\/2021\/03\/biogas_brochure_omslag.png 240w, https:\/\/ozonetech.com\/wp-content\/uploads\/2021\/03\/biogas_brochure_omslag-212x300.png 212w\" sizes=\"auto, (max-width: 240px) 100vw, 240px\" \/>                                <\/div>\n                                <div class=\"downloads__download--content\">\n                                    <h4>H<sub>2<\/sub>S und Geruchsbeseitigung in Biogasanlagen<\/h4>\n<p>Eine der Herausforderungen von Biogasanlagen ist die strenge Vorgabe zur H<sub>2<\/sub>S-Entfernung nach der Phase der anaeroben G\u00e4rung, vor der Aufwertung. Eine weitere anhaltende Sorge betrifft die Ger\u00fcche, die von einer Biogasanlage ausgehen. Beides kann heutzutage effektiv und biologisch angegangen werden. Lassen Sie uns helfen.<\/p>\n                                                                            <div class=\"downloads__download--files\">\n                                            <svg version=\"1.1\" id=\"Layer_1\" xmlns=\"http:\/\/www.w3.org\/2000\/svg\" x=\"0\" y=\"0\" viewBox=\"0 0 20.83 25\" xml:space=\"preserve\"><path fill=\"currentColor\" d=\"M20.83 8.82h-5.95V0H5.95v8.82H0l10.42 10.29L20.83 8.82zM0 22.06V25h20.83v-2.94H0z\"\/><\/svg>                                            <span>Download<\/span>\n                                                                                            <a target=\"_blank\" href=\"https:\/\/ozonetech.com\/wp-content\/uploads\/2020\/12\/Brochure-H2S-and-biogas-removal-at-biogas-plants-v1.0-EN-web.pdf\">\n                                                    Englisch                                                <\/a>\n                                                                                    <\/div>\n                                                                    <\/div>\n                            <\/div>\n                                                    <div class=\"downloads__download\">\n                                <div class=\"downloads__download--image\">\n                                    <img loading=\"lazy\" decoding=\"async\" width=\"240\" height=\"339\" src=\"https:\/\/ozonetech.com\/wp-content\/uploads\/2021\/03\/mold_en.png\" class=\"attachment-large size-large\" alt=\"\" srcset=\"https:\/\/ozonetech.com\/wp-content\/uploads\/2021\/03\/mold_en.png 240w, https:\/\/ozonetech.com\/wp-content\/uploads\/2021\/03\/mold_en-212x300.png 212w\" sizes=\"auto, (max-width: 240px) 100vw, 240px\" \/>                                <\/div>\n                                <div class=\"downloads__download--content\">\n                                    <h4>Schimmel und Geruchsbeseitigung<\/h4>\n<p>Schimmelsporen verursachen nicht nur einen abgestandenen und schlechten Geruch, sie sind auch die Quelle f\u00fcr Gesundheitsprobleme und Allergien. In schlecht bel\u00fcfteten Bereichen mit erh\u00f6hter Feuchtigkeit kann der Schimmel sich schnell anhaften und Unannehmlichkeiten verursachen, lange bevor er sichtbar wird. Unsere ACT 3000 und ACT 5000 Ozongeneratoren k\u00f6nnen dieses Problem bew\u00e4ltigen.<\/p>\n                                                                            <div class=\"downloads__download--files\">\n                                            <svg version=\"1.1\" id=\"Layer_1\" xmlns=\"http:\/\/www.w3.org\/2000\/svg\" x=\"0\" y=\"0\" viewBox=\"0 0 20.83 25\" xml:space=\"preserve\"><path fill=\"currentColor\" d=\"M20.83 8.82h-5.95V0H5.95v8.82H0l10.42 10.29L20.83 8.82zM0 22.06V25h20.83v-2.94H0z\"\/><\/svg>                                            <span>Download<\/span>\n                                                                                            <a target=\"_blank\" href=\"https:\/\/ozonetech.com\/wp-content\/uploads\/2020\/12\/Brochure-Mold-and-odor-removal-v1.0-EN-web.pdf\">\n                                                    Englisch,                                                <\/a>\n                                                                                            <a target=\"_blank\" href=\"https:\/\/ozonetech.com\/wp-content\/uploads\/2020\/12\/Brochure-Mogel-luktsanering-v1.1-SV-web.pdf\">\n                                                    Schwedisch                                                <\/a>\n                                                                                    <\/div>\n                                                                    <\/div>\n                            <\/div>\n                                                    <div class=\"downloads__download\">\n                                <div class=\"downloads__download--image\">\n                                    <img loading=\"lazy\" decoding=\"async\" width=\"240\" height=\"341\" src=\"https:\/\/ozonetech.com\/wp-content\/uploads\/2021\/03\/avfallsrum_fettavskilare.png\" class=\"attachment-large size-large\" alt=\"\" srcset=\"https:\/\/ozonetech.com\/wp-content\/uploads\/2021\/03\/avfallsrum_fettavskilare.png 240w, https:\/\/ozonetech.com\/wp-content\/uploads\/2021\/03\/avfallsrum_fettavskilare-211x300.png 211w\" sizes=\"auto, (max-width: 240px) 100vw, 240px\" \/>                                <\/div>\n                                <div class=\"downloads__download--content\">\n                                    <h4>Geruchslose Abfallr\u00e4ume und Fettabscheider durch Ozon<\/h4>\n<p>Ozon ist eine effektive und kosteng\u00fcnstige Methode, um Ger\u00fcche zu beseitigen. Die Anschaffungs- und Betriebskosten sind sehr gering \u2013 was die langfristigen Gesamtkosten gegen\u00fcber Reinigungsl\u00f6sungen basierend auf K\u00fchlung und Bakterien bedeutend senkt. Ozon ist die beste Wahl f\u00fcr Abfallr\u00e4ume und Fettabscheider.<\/p>\n                                                                            <div class=\"downloads__download--files\">\n                                            <svg version=\"1.1\" id=\"Layer_1\" xmlns=\"http:\/\/www.w3.org\/2000\/svg\" x=\"0\" y=\"0\" viewBox=\"0 0 20.83 25\" xml:space=\"preserve\"><path fill=\"currentColor\" d=\"M20.83 8.82h-5.95V0H5.95v8.82H0l10.42 10.29L20.83 8.82zM0 22.06V25h20.83v-2.94H0z\"\/><\/svg>                                            <span>Download<\/span>\n                                                                                            <a target=\"_blank\" href=\"https:\/\/ozonetech.com\/wp-content\/uploads\/2021\/01\/brochure_-_avfallsrum_fettavskiljare_v1.5_sv-web_0.pdf\">\n                                                    Schwedisch                                                <\/a>\n                                                                                    <\/div>\n                                                                    <\/div>\n                            <\/div>\n                                                    <div class=\"downloads__download\">\n                                <div class=\"downloads__download--image\">\n                                    <img loading=\"lazy\" decoding=\"async\" width=\"724\" height=\"1024\" src=\"https:\/\/ozonetech.com\/wp-content\/uploads\/2022\/06\/Skarmbild-2022-06-28-160532-724x1024.png\" class=\"attachment-large size-large\" alt=\"\" srcset=\"https:\/\/ozonetech.com\/wp-content\/uploads\/2022\/06\/Skarmbild-2022-06-28-160532-724x1024.png 724w, https:\/\/ozonetech.com\/wp-content\/uploads\/2022\/06\/Skarmbild-2022-06-28-160532-212x300.png 212w, https:\/\/ozonetech.com\/wp-content\/uploads\/2022\/06\/Skarmbild-2022-06-28-160532-768x1086.png 768w, https:\/\/ozonetech.com\/wp-content\/uploads\/2022\/06\/Skarmbild-2022-06-28-160532-1086x1536.png 1086w, https:\/\/ozonetech.com\/wp-content\/uploads\/2022\/06\/Skarmbild-2022-06-28-160532-240x339.png 240w, https:\/\/ozonetech.com\/wp-content\/uploads\/2022\/06\/Skarmbild-2022-06-28-160532.png 1191w\" sizes=\"auto, (max-width: 724px) 100vw, 724px\" \/>                                <\/div>\n                                <div class=\"downloads__download--content\">\n                                    <h4>Frische Abfallr\u00e4ume ohne Geruch und K\u00fchlung<\/h4>\n<p>Abfallr\u00e4ume, M\u00fclltrennungsr\u00e4ume und \u00e4hnliche Fl\u00e4chen leiden von Natur aus unter schlechten Ger\u00fcchen. Aber das muss nicht so sein. Laden Sie den Ordner herunter, er enth\u00e4lt einen Kostenvergleich \u00fcber die auf dem Markt erh\u00e4ltlichen Hauptl\u00f6sungen. Nicht \u00fcberraschend, Ozon k\u00fcmmert sich zu viel geringeren Kosten als die Alternativen um den Geruch.<\/p>\n                                                                            <div class=\"downloads__download--files\">\n                                            <svg version=\"1.1\" id=\"Layer_1\" xmlns=\"http:\/\/www.w3.org\/2000\/svg\" x=\"0\" y=\"0\" viewBox=\"0 0 20.83 25\" xml:space=\"preserve\"><path fill=\"currentColor\" d=\"M20.83 8.82h-5.95V0H5.95v8.82H0l10.42 10.29L20.83 8.82zM0 22.06V25h20.83v-2.94H0z\"\/><\/svg>                                            <span>Download<\/span>\n                                                                                            <a target=\"_blank\" href=\"https:\/\/ozonetech.com\/wp-content\/uploads\/2022\/06\/Brochure-Fresh-garbage-rooms-using-ozone-v1.2-EN.pdf\">\n                                                    Englisch,                                                <\/a>\n                                                                                            <a target=\"_blank\" href=\"https:\/\/ozonetech.com\/wp-content\/uploads\/2022\/06\/Brochure-Alla-har-ratt-till-ett-frascht-miljorum-SV.pdf\">\n                                                    Schwedisch                                                <\/a>\n                                                                                    <\/div>\n                                                                    <\/div>\n                            <\/div>\n                                                    <div class=\"downloads__download\">\n                                <div class=\"downloads__download--image\">\n                                    <img loading=\"lazy\" decoding=\"async\" width=\"240\" height=\"339\" src=\"https:\/\/ozonetech.com\/wp-content\/uploads\/2021\/03\/odorless.png\" class=\"attachment-large size-large\" alt=\"\" srcset=\"https:\/\/ozonetech.com\/wp-content\/uploads\/2021\/03\/odorless.png 240w, https:\/\/ozonetech.com\/wp-content\/uploads\/2021\/03\/odorless-212x300.png 212w\" sizes=\"auto, (max-width: 240px) 100vw, 240px\" \/>                                <\/div>\n                                <div class=\"downloads__download--content\">\n                                    <h4>Geruchslose Entl\u00fcftung aus Fettabscheidern<\/h4>\n<p>Fett und bakterielle Verbindungen im Fettabscheider k\u00f6nnen starke Geruchsprobleme verursachen. Diese Brosch\u00fcre erkl\u00e4rt, wie diese Probleme schnell verringert werden k\u00f6nnen und wie das Ozonsystem installiert wird.<\/p>\n                                                                            <div class=\"downloads__download--files\">\n                                            <svg version=\"1.1\" id=\"Layer_1\" xmlns=\"http:\/\/www.w3.org\/2000\/svg\" x=\"0\" y=\"0\" viewBox=\"0 0 20.83 25\" xml:space=\"preserve\"><path fill=\"currentColor\" d=\"M20.83 8.82h-5.95V0H5.95v8.82H0l10.42 10.29L20.83 8.82zM0 22.06V25h20.83v-2.94H0z\"\/><\/svg>                                            <span>Download<\/span>\n                                                                                            <a target=\"_blank\" href=\"https:\/\/ozonetech.com\/wp-content\/uploads\/2020\/12\/Brochure-Odorless-exhaust-air-from-grease-traps-v1.0-EN-web.pdf\">\n                                                    Englisch,                                                <\/a>\n                                                                                            <a target=\"_blank\" href=\"https:\/\/ozonetech.com\/wp-content\/uploads\/2020\/12\/Brochure-Luktfri-avluftning-fran-fettavskiljare-v1.6-SV-web.pdf\">\n                                                    Schwedisch                                                <\/a>\n                                                                                    <\/div>\n                                                                    <\/div>\n                            <\/div>\n                                                    <div class=\"downloads__download\">\n                                <div class=\"downloads__download--image\">\n                                    <img loading=\"lazy\" decoding=\"async\" width=\"240\" height=\"339\" src=\"https:\/\/ozonetech.com\/wp-content\/uploads\/2021\/03\/pump_en.png\" class=\"attachment-large size-large\" alt=\"\" srcset=\"https:\/\/ozonetech.com\/wp-content\/uploads\/2021\/03\/pump_en.png 240w, https:\/\/ozonetech.com\/wp-content\/uploads\/2021\/03\/pump_en-212x300.png 212w\" sizes=\"auto, (max-width: 240px) 100vw, 240px\" \/>                                <\/div>\n                                <div class=\"downloads__download--content\">\n                                    <h4>Pumpanlagen und Aufbereitungsanlagen<\/h4>\n<p>Ein Bakterienwachstum im Abwasser kann unter s\u00e4urefreien Bedingungen zu unangenehmen und b\u00f6sartigen Gasen f\u00fchren. Ein Beispiel ist Schwefelwasserstoff in Pumpanlagen und Aufbereitungsanlagen. Der Umgebungsbereich eines Pumpenhauses oder einer Wasseraufbereitungsanlage ist ebenso betroffen. Es ist nicht selten, dass Personen, die in der N\u00e4he wohnen, von den Ger\u00fcchen beeintr\u00e4chtigt werden.<\/p>\n                                                                            <div class=\"downloads__download--files\">\n                                            <svg version=\"1.1\" id=\"Layer_1\" xmlns=\"http:\/\/www.w3.org\/2000\/svg\" x=\"0\" y=\"0\" viewBox=\"0 0 20.83 25\" xml:space=\"preserve\"><path fill=\"currentColor\" d=\"M20.83 8.82h-5.95V0H5.95v8.82H0l10.42 10.29L20.83 8.82zM0 22.06V25h20.83v-2.94H0z\"\/><\/svg>                                            <span>Download<\/span>\n                                                                                            <a target=\"_blank\" href=\"https:\/\/ozonetech.com\/wp-content\/uploads\/2020\/12\/Brochure-Pump-stations-and-treatment-plants-v1.0-EN-web.pdf\">\n                                                    Englisch,                                                <\/a>\n                                                                                            <a target=\"_blank\" href=\"https:\/\/ozonetech.com\/wp-content\/uploads\/2020\/12\/Brochure-Pumpstationer-och-reningsverk-v1.4-SV-web.pdf\">\n                                                    Schwedisch                                                <\/a>\n                                                                                    <\/div>\n                                                                    <\/div>\n                            <\/div>\n                                                            <\/div>\n            <\/div>\n        <\/div>\n    <\/div>\n<\/section>\n","protected":false},"excerpt":{"rendered":"","protected":false},"author":21,"featured_media":0,"parent":36984,"menu_order":0,"comment_status":"closed","ping_status":"closed","template":"","meta":{"_acf_changed":false,"_seopress_robots_primary_cat":"","_seopress_titles_title":"","_seopress_titles_desc":"Hier finden Sie alle unsere Brosch\u00fcren zu industriellen Geruchs- und Hygieneanwendungen. Lassen Sie es uns wissen, wenn Sie weitere Unterst\u00fctzung ben\u00f6tigen.","_seopress_robots_index":"","inline_featured_image":false,"footnotes":""},"class_list":["post-35951","page","type-page","status-publish","hentry"],"acf":[],"_links":{"self":[{"href":"https:\/\/ozonetech.com\/de\/wp-json\/wp\/v2\/pages\/35951","targetHints":{"allow":["GET"]}}],"collection":[{"href":"https:\/\/ozonetech.com\/de\/wp-json\/wp\/v2\/pages"}],"about":[{"href":"https:\/\/ozonetech.com\/de\/wp-json\/wp\/v2\/types\/page"}],"author":[{"embeddable":true,"href":"https:\/\/ozonetech.com\/de\/wp-json\/wp\/v2\/users\/21"}],"replies":[{"embeddable":true,"href":"https:\/\/ozonetech.com\/de\/wp-json\/wp\/v2\/comments?post=35951"}],"version-history":[{"count":14,"href":"https:\/\/ozonetech.com\/de\/wp-json\/wp\/v2\/pages\/35951\/revisions"}],"predecessor-version":[{"id":41452,"href":"https:\/\/ozonetech.com\/de\/wp-json\/wp\/v2\/pages\/35951\/revisions\/41452"}],"up":[{"embeddable":true,"href":"https:\/\/ozonetech.com\/de\/wp-json\/wp\/v2\/pages\/36984"}],"wp:attachment":[{"href":"https:\/\/ozonetech.com\/de\/wp-json\/wp\/v2\/media?parent=35951"}],"curies":[{"name":"wp","href":"https:\/\/api.w.org\/{rel}","templated":true}]}}