{"id":35942,"date":"2021-07-08T12:37:16","date_gmt":"2021-07-08T11:37:16","guid":{"rendered":"https:\/\/ozonetech.com\/?page_id=35942"},"modified":"2024-10-11T11:29:29","modified_gmt":"2024-10-11T09:29:29","slug":"luftaufbereitung-downloads","status":"publish","type":"page","link":"https:\/\/ozonetech.com\/de\/downloads\/luftaufbereitung-downloads\/","title":{"rendered":"Luftaufbereitung Downloads"},"content":{"rendered":"\n<section\n    class=\"block hero hero--regular\"\n    style=\"background-image: url('https:\/\/ozonetech.com\/wp-content\/uploads\/2021\/03\/industrial-air-treatment-1600x484.jpg'); --hero-opacity: 0.2\"\n>\n\n    <div class=\"container-fluid\">\n\n        <div class=\"content editor_content\">\n                         \n                <h2 class='h2'>Luftaufbereitung Downloads<\/h2>            \n                    <\/div>\n\n            <\/div>\n<\/section>\n\n\n<section class=\"component component_breadcrumbs\">\n\t<div class=\"container-fluid\">\n  \t<\/div>\n<\/section>\n\n\n<section\n    id=\"\"\n    class=\"block content-block\"\n\tstyle=\"--cb-bg: #fff; --cb-content: #000; \"\n>\n    \n\n<div class=\"container-fluid editor_content content content--narrow\">\n    <div class=\"row\">\n        <div class=\"col-12 editor_content\">\n            <h1 style=\"text-align: left;\">Eine Downloadsammlung zur Luftaufbereitung<\/h1>\n<p class=\"preamble\">Hier finden Sie alle unsere Brosch\u00fcren zur industriellen Luftaufbereitung. Lassen Sie es uns wissen, wenn Sie weitere <a href=\"https:\/\/ozonetech.com\/de\/contact\/\">Unterst\u00fctzung<\/a> ben\u00f6tigen.<\/p>\n<p class=\"preamble\">Erfahren Sie hier mehr zu unseren <a href=\"https:\/\/mellifiq.com\/reference-projects\/\">Referenzprojekten<\/a> (external site).<\/p>\n        <\/div>\n    <\/div>\n<\/div>\n\n<\/section>\n\n\n\n<section class=\"block downloads\"> \n    <div class=\"container-fluid\">\n        <div class=\"row\">\n            <div class=\"col-12 title\">\n                <h3 class='h3'>Brosch\u00fcren<\/h3>            <\/div>\n        <\/div>\n\n        <div class=\"row justify-content-center\">\n            <div class=\"col-lg-8\">\n                <div class=\"downloads\">\n                                                                        <div class=\"downloads__download\">\n                                <div class=\"downloads__download--image\">\n                                    <img loading=\"lazy\" decoding=\"async\" width=\"240\" height=\"339\" src=\"https:\/\/ozonetech.com\/wp-content\/uploads\/2021\/03\/pilot_air_brochure_omslag-1.png\" class=\"attachment-large size-large\" alt=\"\" srcset=\"https:\/\/ozonetech.com\/wp-content\/uploads\/2021\/03\/pilot_air_brochure_omslag-1.png 240w, https:\/\/ozonetech.com\/wp-content\/uploads\/2021\/03\/pilot_air_brochure_omslag-1-212x300.png 212w\" sizes=\"auto, (max-width: 240px) 100vw, 240px\" \/>                                <\/div>\n                                <div class=\"downloads__download--content\">\n                                    <h4>Die effektive Aufbereitung von industriellen Luftemissionen ist eine herausfordernde Aufgabe<\/h4>\n<p>Jedes Verfahren ist einzigartig sowie die Emissionen, die aus dem Schornstein kommen. Es sind sorgf\u00e4ltige interne Pilottests erforderlich, um die optimale Luftaufbereitungsmethode zu finden.<\/p>\n                                                                            <div class=\"downloads__download--files\">\n                                            <svg version=\"1.1\" id=\"Layer_1\" xmlns=\"http:\/\/www.w3.org\/2000\/svg\" x=\"0\" y=\"0\" viewBox=\"0 0 20.83 25\" xml:space=\"preserve\"><path fill=\"currentColor\" d=\"M20.83 8.82h-5.95V0H5.95v8.82H0l10.42 10.29L20.83 8.82zM0 22.06V25h20.83v-2.94H0z\"\/><\/svg>                                            <span>Download<\/span>\n                                                                                            <a target=\"_blank\" href=\"https:\/\/ozonetech.com\/wp-content\/uploads\/2020\/12\/Brochure-Pilot-projects-and-tailored-industrial-air-treatment-systems-v1.0-EN-web.pdf\">\n                                                    Englisch                                                <\/a>\n                                                                                    <\/div>\n                                                                    <\/div>\n                            <\/div>\n                                                    <div class=\"downloads__download\">\n                                <div class=\"downloads__download--image\">\n                                    <img loading=\"lazy\" decoding=\"async\" width=\"240\" height=\"339\" src=\"https:\/\/ozonetech.com\/wp-content\/uploads\/2021\/03\/biogas_brochure_omslag.png\" class=\"attachment-large size-large\" alt=\"\" srcset=\"https:\/\/ozonetech.com\/wp-content\/uploads\/2021\/03\/biogas_brochure_omslag.png 240w, https:\/\/ozonetech.com\/wp-content\/uploads\/2021\/03\/biogas_brochure_omslag-212x300.png 212w\" sizes=\"auto, (max-width: 240px) 100vw, 240px\" \/>                                <\/div>\n                                <div class=\"downloads__download--content\">\n                                    <h4>H<sub>2<\/sub>S- und Geruchsbeseitigung in Biogasanlagen<\/h4>\n<p>Eine der Herausforderungen von Biogasanlagen ist die strenge Anforderung der H<sub>2<\/sub>S-Entfernung nach der anaeroben Verg\u00e4rung vor der Aufbereitung. Ein weiterer st\u00e4ndiger Grund zur Sorge sind die Ger\u00fcche, die von der Biogasanlage ausgehen. Heute kann beides effektiv und umweltfreundlich gel\u00f6st werden. Lass uns dir helfen.<\/p>\n                                                                            <div class=\"downloads__download--files\">\n                                            <svg version=\"1.1\" id=\"Layer_1\" xmlns=\"http:\/\/www.w3.org\/2000\/svg\" x=\"0\" y=\"0\" viewBox=\"0 0 20.83 25\" xml:space=\"preserve\"><path fill=\"currentColor\" d=\"M20.83 8.82h-5.95V0H5.95v8.82H0l10.42 10.29L20.83 8.82zM0 22.06V25h20.83v-2.94H0z\"\/><\/svg>                                            <span>Download<\/span>\n                                                                                            <a target=\"_blank\" href=\"https:\/\/ozonetech.com\/wp-content\/uploads\/2020\/12\/Brochure-H2S-and-biogas-removal-at-biogas-plants-v1.0-EN-web.pdf\">\n                                                    Englisch                                                <\/a>\n                                                                                    <\/div>\n                                                                    <\/div>\n                            <\/div>\n                                                    <div class=\"downloads__download\">\n                                <div class=\"downloads__download--image\">\n                                    <img loading=\"lazy\" decoding=\"async\" width=\"240\" height=\"339\" src=\"https:\/\/ozonetech.com\/wp-content\/uploads\/2021\/03\/cover_bpr_en.png\" class=\"attachment-large size-large\" alt=\"\" srcset=\"https:\/\/ozonetech.com\/wp-content\/uploads\/2021\/03\/cover_bpr_en.png 240w, https:\/\/ozonetech.com\/wp-content\/uploads\/2021\/03\/cover_bpr_en-212x300.png 212w\" sizes=\"auto, (max-width: 240px) 100vw, 240px\" \/>                                <\/div>\n                                <div class=\"downloads__download--content\">\n                                    <h4>BPR REACH &#8211; Produzieren Sie in Ihrem Unternehmen Ozon?<\/h4>\n<p>Dann m\u00fcssen Sie die neuen EU-Vorschriften, REACH und BPR befolgen. Wir stellen Ihnen einige Informationen zusammen, mit denen Sie entscheiden k\u00f6nnen, ob Sie Ma\u00dfnahmen ergreifen m\u00fcssen oder nicht. Wir bieten auch Dienstleistungen zur Verwaltung dieser Prozesse an.<\/p>\n                                                                            <span>Download<\/span>\n                                        <a target='_blank' href='https:\/\/www.mellifiq.com\/contact' >On request only<\/a>                                                                    <\/div>\n                            <\/div>\n                                                    <div class=\"downloads__download\">\n                                <div class=\"downloads__download--image\">\n                                    <img loading=\"lazy\" decoding=\"async\" width=\"240\" height=\"341\" src=\"https:\/\/ozonetech.com\/wp-content\/uploads\/2021\/03\/rena_pro_brochure_front_page-1.png\" class=\"attachment-large size-large\" alt=\"\" srcset=\"https:\/\/ozonetech.com\/wp-content\/uploads\/2021\/03\/rena_pro_brochure_front_page-1.png 240w, https:\/\/ozonetech.com\/wp-content\/uploads\/2021\/03\/rena_pro_brochure_front_page-1-211x300.png 211w\" sizes=\"auto, (max-width: 240px) 100vw, 240px\" \/>                                <\/div>\n                                <div class=\"downloads__download--content\">\n                                    <h4>Zuverl\u00e4ssige, einfach zu handhabende und leistungsstarke Ozonl\u00f6sung<\/h4>\n<p>RENA Pro ist auf dem neuesten Stand der Technik. F\u00fcr uns bedeutet das drei Dinge. Die Behandlungskapazit\u00e4t ist extrem hoch. Die Bauteilqualit\u00e4t ist bis ins kleinste Detail konstant hoch &#8211; dies garantiert eine lange Lebensdauer des Systems bei anhaltender Leistung. Und zu guter Letzt ist das System benutzerfreundlich. Lesen Sie mehr in unserer Brosch\u00fcre.<\/p>\n                                                                            <div class=\"downloads__download--files\">\n                                            <svg version=\"1.1\" id=\"Layer_1\" xmlns=\"http:\/\/www.w3.org\/2000\/svg\" x=\"0\" y=\"0\" viewBox=\"0 0 20.83 25\" xml:space=\"preserve\"><path fill=\"currentColor\" d=\"M20.83 8.82h-5.95V0H5.95v8.82H0l10.42 10.29L20.83 8.82zM0 22.06V25h20.83v-2.94H0z\"\/><\/svg>                                            <span>Download<\/span>\n                                                                                            <a target=\"_blank\" href=\"https:\/\/ozonetech.com\/wp-content\/uploads\/2020\/12\/Brochure-RENA-Pro-Ozone-Systems-v1.5-EN-web-1.pdf\">\n                                                    Englisch,                                                <\/a>\n                                                                                            <a target=\"_blank\" href=\"https:\/\/ozonetech.com\/wp-content\/uploads\/2020\/12\/Brochure-RENA-Pro-Ozone-Systems-v1.5-SV-web.pdf\">\n                                                    Schwedisch,                                                <\/a>\n                                                                                            <a target=\"_blank\" href=\"https:\/\/ozonetech.com\/wp-content\/uploads\/2020\/12\/Brochure-RENA-Pro-Ozone-Systems-v1.0-ES-web.pdf\">\n                                                    Spanisch,                                                <\/a>\n                                                                                            <a target=\"_blank\" href=\"https:\/\/ozonetech.com\/wp-content\/uploads\/2020\/12\/Brochure-RENA-Pro-Ozone-Systems-v1.0-KR-web.pdf\">\n                                                    Koreanisch                                                <\/a>\n                                                                                    <\/div>\n                                                                    <\/div>\n                            <\/div>\n                                                    <div class=\"downloads__download\">\n                                <div class=\"downloads__download--image\">\n                                    <img loading=\"lazy\" decoding=\"async\" width=\"240\" height=\"340\" src=\"https:\/\/ozonetech.com\/wp-content\/uploads\/2021\/03\/biogas_front.png\" class=\"attachment-large size-large\" alt=\"\" srcset=\"https:\/\/ozonetech.com\/wp-content\/uploads\/2021\/03\/biogas_front.png 240w, https:\/\/ozonetech.com\/wp-content\/uploads\/2021\/03\/biogas_front-212x300.png 212w\" sizes=\"auto, (max-width: 240px) 100vw, 240px\" \/>                                <\/div>\n                                <div class=\"downloads__download--content\">\n                                    <h4>Geruchsreduzierung f\u00fcr Biogasanlagen<\/h4>\n<p>Eine Biogasanlage erzeugt im Betrieb viele Ger\u00fcche. Zum Beispiel beim Empfang, Sortieren, Hygienisieren, Aufschlie\u00dfen, Entleeren usw. Diese Ger\u00fcche st\u00f6ren h\u00e4ufig die angrenzenden Bereiche und k\u00f6nnen auch die in der Anlage befindlichen Personen sch\u00e4digen. Das RENA Pro-System bietet eine effektive L\u00f6sung. Laden Sie die Brosch\u00fcre herunter, um mehr zu erfahren.<\/p>\n                                                                            <div class=\"downloads__download--files\">\n                                            <svg version=\"1.1\" id=\"Layer_1\" xmlns=\"http:\/\/www.w3.org\/2000\/svg\" x=\"0\" y=\"0\" viewBox=\"0 0 20.83 25\" xml:space=\"preserve\"><path fill=\"currentColor\" d=\"M20.83 8.82h-5.95V0H5.95v8.82H0l10.42 10.29L20.83 8.82zM0 22.06V25h20.83v-2.94H0z\"\/><\/svg>                                            <span>Download<\/span>\n                                                                                            <a target=\"_blank\" href=\"https:\/\/ozonetech.com\/wp-content\/uploads\/2020\/12\/Brochure-Luktreduktion-for-biogasanlaggningar-v1.2-SV-web.pdf\">\n                                                    Schwedisch                                                <\/a>\n                                                                                    <\/div>\n                                                                    <\/div>\n                            <\/div>\n                                                            <\/div>\n            <\/div>\n        <\/div>\n    <\/div>\n<\/section>\n\n\n\n","protected":false},"excerpt":{"rendered":"","protected":false},"author":21,"featured_media":0,"parent":36984,"menu_order":0,"comment_status":"closed","ping_status":"closed","template":"","meta":{"_acf_changed":false,"_seopress_robots_primary_cat":"","_seopress_titles_title":"","_seopress_titles_desc":"Hier finden Sie alle unsere Brosch\u00fcren zur industriellen Luftaufbereitung. Lassen Sie es uns wissen, wenn Sie weitere Unterst\u00fctzung ben\u00f6tigen.","_seopress_robots_index":"","inline_featured_image":false,"footnotes":""},"class_list":["post-35942","page","type-page","status-publish","hentry"],"acf":[],"_links":{"self":[{"href":"https:\/\/ozonetech.com\/de\/wp-json\/wp\/v2\/pages\/35942","targetHints":{"allow":["GET"]}}],"collection":[{"href":"https:\/\/ozonetech.com\/de\/wp-json\/wp\/v2\/pages"}],"about":[{"href":"https:\/\/ozonetech.com\/de\/wp-json\/wp\/v2\/types\/page"}],"author":[{"embeddable":true,"href":"https:\/\/ozonetech.com\/de\/wp-json\/wp\/v2\/users\/21"}],"replies":[{"embeddable":true,"href":"https:\/\/ozonetech.com\/de\/wp-json\/wp\/v2\/comments?post=35942"}],"version-history":[{"count":13,"href":"https:\/\/ozonetech.com\/de\/wp-json\/wp\/v2\/pages\/35942\/revisions"}],"predecessor-version":[{"id":41464,"href":"https:\/\/ozonetech.com\/de\/wp-json\/wp\/v2\/pages\/35942\/revisions\/41464"}],"up":[{"embeddable":true,"href":"https:\/\/ozonetech.com\/de\/wp-json\/wp\/v2\/pages\/36984"}],"wp:attachment":[{"href":"https:\/\/ozonetech.com\/de\/wp-json\/wp\/v2\/media?parent=35942"}],"curies":[{"name":"wp","href":"https:\/\/api.w.org\/{rel}","templated":true}]}}