{"id":35937,"date":"2021-07-08T12:30:09","date_gmt":"2021-07-08T11:30:09","guid":{"rendered":"https:\/\/ozonetech.com\/?page_id=35937"},"modified":"2024-10-11T11:28:14","modified_gmt":"2024-10-11T09:28:14","slug":"downloads-zubehorteile","status":"publish","type":"page","link":"https:\/\/ozonetech.com\/de\/downloads\/downloads-zubehorteile\/","title":{"rendered":"Downloads Zubeh\u00f6rteile"},"content":{"rendered":"\n<section\n    class=\"block hero hero--regular\"\n    style=\"background-image: url('https:\/\/ozonetech.com\/wp-content\/uploads\/2021\/03\/accessories-1600x484.jpg'); --hero-opacity: 0.3\"\n>\n\n    <div class=\"container-fluid\">\n\n        <div class=\"content editor_content\">\n                         \n                <h2 class='h2'>Downloads Zubeh\u00f6rteile<\/h2>            \n                    <\/div>\n\n            <\/div>\n<\/section>\n\n\n<section class=\"component component_breadcrumbs\">\n\t<div class=\"container-fluid\">\n  \t<\/div>\n<\/section>\n\n\n<section\n    id=\"\"\n    class=\"block content-block\"\n\tstyle=\"--cb-bg: white; --cb-content: #000; padding-top: 30px; padding-bottom: 30px;\"\n>\n    \n\n<div class=\"container-fluid editor_content content content--narrow\">\n    <div class=\"row\">\n        <div class=\"col-12 editor_content\">\n            <h1>Eine Kurzanleitung zu Komponenten und Ersatzteilen<\/h1>\n<p class=\"preamble\">Hier finden Sie alle unsere Brosch\u00fcren zum Zubeh\u00f6r. Lassen Sie es uns wissen, wenn Sie weitere <a href=\"https:\/\/ozonetech.com\/de\/contact\/\">Unterst\u00fctzung<\/a> ben\u00f6tigen.<\/p>\n<p class=\"preamble\">Erfahren Sie hier mehr zu unseren <a href=\"https:\/\/mellifiq.com\/reference-projects\/\">Referenzprojekten<\/a> (external site).<\/p>\n        <\/div>\n    <\/div>\n<\/div>\n\n<\/section>\n\n\n\n\n\n\n<section class=\"block downloads\"> \n    <div class=\"container-fluid\">\n        <div class=\"row\">\n            <div class=\"col-12 title\">\n                <h3 class='h3'>Brosch\u00fcren<\/h3>            <\/div>\n        <\/div>\n\n        <div class=\"row justify-content-center\">\n            <div class=\"col-lg-8\">\n                <div class=\"downloads\">\n                                                                        <div class=\"downloads__download\">\n                                <div class=\"downloads__download--image\">\n                                    <img loading=\"lazy\" decoding=\"async\" width=\"240\" height=\"340\" src=\"https:\/\/ozonetech.com\/wp-content\/uploads\/2021\/03\/hose-directory-brochure-front-page.png\" class=\"attachment-large size-large\" alt=\"\" srcset=\"https:\/\/ozonetech.com\/wp-content\/uploads\/2021\/03\/hose-directory-brochure-front-page.png 240w, https:\/\/ozonetech.com\/wp-content\/uploads\/2021\/03\/hose-directory-brochure-front-page-212x300.png 212w\" sizes=\"auto, (max-width: 240px) 100vw, 240px\" \/>                                <\/div>\n                                <div class=\"downloads__download--content\">\n                                    <h4>Schlauchverzeichnis<\/h4>\n<p>Eine vollst\u00e4ndige Anleitung zu unseren Schl\u00e4uchen und Teilen, die wir f\u00fcr unsere Ozonsysteme verwenden.<\/p>\n                                                                            <div class=\"downloads__download--files\">\n                                            <svg version=\"1.1\" id=\"Layer_1\" xmlns=\"http:\/\/www.w3.org\/2000\/svg\" x=\"0\" y=\"0\" viewBox=\"0 0 20.83 25\" xml:space=\"preserve\"><path fill=\"currentColor\" d=\"M20.83 8.82h-5.95V0H5.95v8.82H0l10.42 10.29L20.83 8.82zM0 22.06V25h20.83v-2.94H0z\"\/><\/svg>                                            <span>Download<\/span>\n                                                                                            <a target=\"_blank\" href=\"https:\/\/ozonetech.com\/wp-content\/uploads\/2020\/12\/Datasheet-Hose-Directory-v1.0-EN-web.pdf\">\n                                                    Englisch,                                                <\/a>\n                                                                                            <a target=\"_blank\" href=\"https:\/\/ozonetech.com\/wp-content\/uploads\/2020\/12\/Datasheet-Hose-Directory-v1.0-SV-web.pdf\">\n                                                    Schwedisch                                                <\/a>\n                                                                                    <\/div>\n                                                                    <\/div>\n                            <\/div>\n                                                            <\/div>\n            <\/div>\n        <\/div>\n    <\/div>\n<\/section>\n","protected":false},"excerpt":{"rendered":"","protected":false},"author":21,"featured_media":0,"parent":36984,"menu_order":0,"comment_status":"closed","ping_status":"closed","template":"","meta":{"_acf_changed":false,"_seopress_robots_primary_cat":"","_seopress_titles_title":"","_seopress_titles_desc":"Lesen Sie mehr und laden Sie das vollst\u00e4ndige Handbuch \u00fcber unsere Schl\u00e4uche und mit unseren Ozonsystemen kompatiblen Teile in Englisch und Schwedisch herunter.","_seopress_robots_index":"","inline_featured_image":false,"footnotes":""},"class_list":["post-35937","page","type-page","status-publish","hentry"],"acf":[],"_links":{"self":[{"href":"https:\/\/ozonetech.com\/de\/wp-json\/wp\/v2\/pages\/35937","targetHints":{"allow":["GET"]}}],"collection":[{"href":"https:\/\/ozonetech.com\/de\/wp-json\/wp\/v2\/pages"}],"about":[{"href":"https:\/\/ozonetech.com\/de\/wp-json\/wp\/v2\/types\/page"}],"author":[{"embeddable":true,"href":"https:\/\/ozonetech.com\/de\/wp-json\/wp\/v2\/users\/21"}],"replies":[{"embeddable":true,"href":"https:\/\/ozonetech.com\/de\/wp-json\/wp\/v2\/comments?post=35937"}],"version-history":[{"count":9,"href":"https:\/\/ozonetech.com\/de\/wp-json\/wp\/v2\/pages\/35937\/revisions"}],"predecessor-version":[{"id":41455,"href":"https:\/\/ozonetech.com\/de\/wp-json\/wp\/v2\/pages\/35937\/revisions\/41455"}],"up":[{"embeddable":true,"href":"https:\/\/ozonetech.com\/de\/wp-json\/wp\/v2\/pages\/36984"}],"wp:attachment":[{"href":"https:\/\/ozonetech.com\/de\/wp-json\/wp\/v2\/media?parent=35937"}],"curies":[{"name":"wp","href":"https:\/\/api.w.org\/{rel}","templated":true}]}}