{"id":35932,"date":"2021-07-08T12:26:42","date_gmt":"2021-07-08T11:26:42","guid":{"rendered":"https:\/\/ozonetech.com\/?page_id=35932"},"modified":"2021-07-08T12:26:45","modified_gmt":"2021-07-08T11:26:45","slug":"cookie-richtlinien","status":"publish","type":"page","link":"https:\/\/ozonetech.com\/de\/cookie-richtlinien\/","title":{"rendered":"Cookie-Richtlinien"},"content":{"rendered":"\n<section\n    class=\"block hero hero--regular\"\n    style=\"background-image: url('https:\/\/ozonetech.com\/wp-content\/uploads\/2021\/03\/cookie-policy-1600x484.jpg'); --hero-opacity: 0.3\"\n>\n\n    <div class=\"container-fluid\">\n\n        <div class=\"content editor_content\">\n                         \n                <h1 class='h1'>Cookie-Richtlinien<\/h1>            \n                    <\/div>\n\n            <\/div>\n<\/section>\n\n\n\n<section\n    id=\"\"\n    class=\"block content-block\"\n\tstyle=\"--cb-bg: #fff; --cb-content: #000; \"\n>\n    \n\n<div class=\"container-fluid editor_content content content--narrow\">\n    <div class=\"row\">\n        <div class=\"col-12 editor_content\">\n            <h2 id=\"h-about-this-cookie-policy\">\u00dcber diese Cookie-Richtlinien<\/h2>\n<p>Diese Cookie-Richtlinien erkl\u00e4ren was Cookies sind und wie wir sie benutzen. Sie sollten diese Richtlinie lesen, damit Sie verstehen welche Arten von Cookies wir benutzen, welche Informationen wir mit den Cookies sammeln und wie wir diese Informationen nutzen. Weitere Informationen dazu, wie wir Cookies nutzen, speichern und Ihre Daten sichern finden Sie in unsere Datenschutzerkl\u00e4rung.<\/p>\n<p>Die Datenschutzerkl\u00e4rung informiert Sie auch \u00fcber Ihre Rechte bez\u00fcglich der personenbezogenen Daten, die Sie uns bereitgestellt haben. Wenn Sie Fragen zu den Cookie-Richtlinien haben, kontaktieren Sie uns bitte hier.<\/p>\n<h3 id=\"h-what-are-cookies\">Was sind Cookies?<\/h3>\n<p>Cookies sind Textdateien, die im Browser oder auf der Festplatte Ihres Computers oder Mobilger\u00e4ts gespeichert werden, wenn Sie eine Webseite oder Anwendung besuchen. Cookies erm\u00f6glichen, dass Ihr Browsing-Erlebnis auf unserer Seite so reibungslos wie m\u00f6glich ist, und merken sich Ihre Pr\u00e4ferenzen, damit Sie Ihre Daten nicht immer wieder eingeben m\u00fcssen.<\/p>\n<p>Es gibt unterschiedlich Arten von Cookies. Einige Cookies stammen direkt von unserer Webseite und andere stammen von Dritten, welche die Cookies auf unserer Seite platziert haben.<\/p>\n<p>Cookies k\u00f6nnen unterschiedlich lange in Ihrem Browser oder auf Ihrem Ger\u00e4t gespeichert werden. Sitzungs-Cookies werden von Ihrem Computer oder Ger\u00e4t gel\u00f6scht, sobald Sie den Browser schlie\u00dfen. Langlebige Cookies bleiben auf Ihrem Computer oder Ger\u00e4t gespeichert, bis sie gel\u00f6scht werden, oder ihr Verfallsdatum erreichen.<\/p>\n<h3 id=\"h-we-have-3-varieties-of-cookies-which-operate-on-our-website\">Auf unserer Webseite betreiben wir drei Arten von Cookies:<\/h3>\n<h4 id=\"h-1-strictly-necessary-cookies\"><strong>1. Unbedingt erforderliche Cookies<\/strong><\/h4>\n<p>Diese Cookies sind f\u00fcr die Funktion der Webseite erforderlich und k\u00f6nnen in unserem System nicht abgeschaltet werden. Sie werden f\u00fcr gew\u00f6hnlich als Reaktion einer von Ihnen durchgef\u00fchrten Handlung gesetzt. Das bezieht sich auf ein Abrufen von Services, wie der Einstellung Ihrer Datenschutzpr\u00e4ferenzen, der Anmeldung oder dem Ausf\u00fcllen von Formularen. Sie k\u00f6nnen Ihren Browser einstellen, um diese Cookies zu blockieren, oder Sie \u00fcber diese Cookies zu benachrichtigen, aber einige Teile der Seite funktionieren dann nicht. Diese Cookies speichern keine zu einer Person identifizierbaren Informationen.<\/p>\n<h4 id=\"h-2-performance-cookies\"><strong>2. Performance-Cookies<\/strong><\/h4>\n<p>Diese Cookies erm\u00f6glichen es uns, Besuche und Traffic-Quellen zu z\u00e4hlen, damit wir die Leistung unserer Webseite messen und verbessern k\u00f6nnen. Sie helfen uns, zu erkennen welche Seiten am meisten und am wenigsten beliebt sind und wie sich Besucher auf der Seite bewegen. Alle Informationen, die diese Cookies sammeln, sind verdichtet und daher anonym. Wenn Sie diese Cookies nicht zulassen, wissen wir nicht wann Sie unsere Seite besucht haben.<\/p>\n<h4 id=\"h-3-targeting-cookies\"><strong>3. Targeting-Cookies<\/strong><\/h4>\n<p>Diese Cookies k\u00f6nnen auf unserer Seite durch unsere Werbepartner eingestellt sein, die sie verwenden k\u00f6nnen, um ein Profil \u00fcber Ihre Interessen zu erstellen, und Ihnen relevante Anzeigen auf anderen Seiten zu zeigen. Sie speichern pers\u00f6nliche Informationen nicht direkt, aber basieren darauf, Ihren Browser und Ihr Internetger\u00e4t eindeutig zu identifizieren. Wenn Sie diese Cookies nicht zulassen, erfahren Sie weniger relevante Werbung.<\/p>\n<h3>Wie verwenden wir Cookies?<\/h3>\n<p>Wir nutzen Cookies, um Ihre Browsing-Erfahrung zu verbessern durch:<\/p>\n<ul id=\"block-b0e4a446-ad72-4af1-9a99-d26b801accee\">\n<li>Erkennen, wann Sie sich Anmelden und was Ihre bevorzugten Einstellungen sind<\/li>\n<li>Das Bereitstellen einer Browsing-Erfahrung, die auf Sie abgestimmt ist, und um Ihnen Inhalte zu bieten, von denen wir glauben, dass sie Ihre Erfahrung auf unserer Seite verbessern<\/li>\n<li>Die Analyse Ihrer Nutzung unserer Seite hilft uns bei der Fehlerbehebung, und unsere eigene Leistung zu \u00fcberwachen.<\/li>\n<\/ul>\n<h3 id=\"h-changes-to-the-cookie-policy\">\u00c4nderungen zu den Cookie-Richtlinien<\/h3>\n<p>Wir k\u00f6nnen diese Richtlinie von Zeit zu Zeit aktualisieren. Wenn wir bedeutende \u00c4nderungen vornehmen, werden wir Sie informieren, aber bitte pr\u00fcfen Sie regelm\u00e4\u00dfig diese Richtlinie, um sicherzustellen, dass Ihnen die aktuellste Version bekannt ist. Diese Cookie-Richtlinie wurde zuletzt am 9. September 2020 aktualisiert.<\/p>\n        <\/div>\n    <\/div>\n<\/div>\n\n<\/section>\n","protected":false},"excerpt":{"rendered":"","protected":false},"author":21,"featured_media":0,"parent":0,"menu_order":0,"comment_status":"closed","ping_status":"closed","template":"","meta":{"_acf_changed":false,"_seopress_robots_primary_cat":"","_seopress_titles_title":"","_seopress_titles_desc":"","_seopress_robots_index":"","inline_featured_image":false,"footnotes":""},"class_list":["post-35932","page","type-page","status-publish","hentry"],"acf":[],"_links":{"self":[{"href":"https:\/\/ozonetech.com\/de\/wp-json\/wp\/v2\/pages\/35932","targetHints":{"allow":["GET"]}}],"collection":[{"href":"https:\/\/ozonetech.com\/de\/wp-json\/wp\/v2\/pages"}],"about":[{"href":"https:\/\/ozonetech.com\/de\/wp-json\/wp\/v2\/types\/page"}],"author":[{"embeddable":true,"href":"https:\/\/ozonetech.com\/de\/wp-json\/wp\/v2\/users\/21"}],"replies":[{"embeddable":true,"href":"https:\/\/ozonetech.com\/de\/wp-json\/wp\/v2\/comments?post=35932"}],"version-history":[{"count":3,"href":"https:\/\/ozonetech.com\/de\/wp-json\/wp\/v2\/pages\/35932\/revisions"}],"predecessor-version":[{"id":35935,"href":"https:\/\/ozonetech.com\/de\/wp-json\/wp\/v2\/pages\/35932\/revisions\/35935"}],"wp:attachment":[{"href":"https:\/\/ozonetech.com\/de\/wp-json\/wp\/v2\/media?parent=35932"}],"curies":[{"name":"wp","href":"https:\/\/api.w.org\/{rel}","templated":true}]}}