{"id":35927,"date":"2021-07-08T12:19:55","date_gmt":"2021-07-08T11:19:55","guid":{"rendered":"https:\/\/ozonetech.com\/?page_id=35927"},"modified":"2024-10-10T09:45:25","modified_gmt":"2024-10-10T07:45:25","slug":"wasserdesinfektion-mit-ozon","status":"publish","type":"page","link":"https:\/\/ozonetech.com\/de\/anwendungen\/wasseraufbereitung\/wasserdesinfektion-mit-ozon\/","title":{"rendered":"Wasserdesinfektion mit Ozon"},"content":{"rendered":"\n<section\n    class=\"block hero hero--regular\"\n    style=\"background-image: url('https:\/\/ozonetech.com\/wp-content\/uploads\/2021\/03\/ozone-water-disinfection-1600x484.jpg'); --hero-opacity: 0.2\"\n>\n\n    <div class=\"container-fluid\">\n\n        <div class=\"content editor_content\">\n                         \n                <h2 class='h2'>Wasserdesinfektion mit Ozon<\/h2>            \n                    <\/div>\n\n            <\/div>\n<\/section>\n\n\n<section class=\"component component_breadcrumbs\">\n\t<div class=\"container-fluid\">\n  \t<\/div>\n<\/section>\n\n\n<section\n    id=\"\"\n    class=\"block content-block\"\n\tstyle=\"--cb-bg: white; --cb-content: #000; padding-top: 30px; padding-bottom: 30px;\"\n>\n    \n\n<div class=\"container-fluid editor_content content content--narrow\">\n    <div class=\"row\">\n        <div class=\"col-12 editor_content\">\n            <h1>Der effektivste Weg Wasser aufzubereiten und gleichzeitig Krankheitserreger und Verschmutzungen zu beseitigen<\/h1>\n<p class=\"preamble\">Ozonetech bietet hochwertige Desinfektionstechnologie durch eigene Entwicklung und Produktion von Ozonerzeugungsanlagen. Die Ozonanlage kann problemlos in einen Nebenstrom einer bestehenden Wasseraufbereitungsanlage oder in die Hauptleitung integriert werden. Ozonetech bietet auch komplette Wasseraufbereitungssysteme an. Deshalb haben wir Erfahrung mit etablierten Technologien wie UV-Behandlung und Chlorierung. Der folgende Text enth\u00e4lt einige Grundlagen zur Wasserdesinfektion, um ein besseres Verst\u00e4ndnis der besten verf\u00fcgbaren Technologie f\u00fcr verschiedene F\u00e4lle zu vermitteln.<\/p>\n        <\/div>\n    <\/div>\n<\/div>\n\n\n<div class=\"container-fluid editor_content content content--narrow\">\n    <div class=\"row\">\n        <div class=\"col-md-6\">\n            <h3>Vorteil von Ozon bei der Wasserdesinfektion<\/h3>\n<p>Die Desinfektion von Wasser mit Ozon ist von Vorteil gegen\u00fcber herk\u00f6mmlichen Methoden wie Chlor oder UV-Desinfektion. Erstens ist Ozon bei der Inaktivierung von Viren und Bakterien wirksamer als jede andere Desinfektionsbehandlung und ben\u00f6tigt gleichzeitig sehr wenig Kontaktzeit, wodurch die Gesamtverweilzeit der Behandlung verk\u00fcrzt und gleichzeitig keine chemischen R\u00fcckst\u00e4nde zur\u00fcckbleiben.<\/p>\n<p>Aufgrund des hohen Oxidationspotenzials baut Ozon Mikroben und Viren effektiv ab, da es den Zerfall der Zellmembran und die Zersetzung wesentlicher biomolekularer Komponenten in z.B. Bakterien verursacht. Wie im Bild unten zu sehen ist, kann Ozon zur Oxidation von Kohlenwasserstoffen von zellul\u00e4ren Lipiddoppelschichten verwendet werden, um kontaminierende Mikroben abzut\u00f6ten.<\/p>\n        <\/div>\n        <div class=\"col-md-6\">\n            <div id=\"attachment_13364\" style=\"width: 1034px\" class=\"wp-caption aligncenter\"><img loading=\"lazy\" decoding=\"async\" aria-describedby=\"caption-attachment-13364\" class=\"wp-image-13364 size-large\" src=\"https:\/\/ozonetech.com\/wp-content\/uploads\/2021\/01\/ozone-oxidation-reaction-molecules-1024x605.png\" alt=\"\" width=\"1024\" height=\"605\" srcset=\"https:\/\/ozonetech.com\/wp-content\/uploads\/2021\/01\/ozone-oxidation-reaction-molecules-1024x605.png 1024w, https:\/\/ozonetech.com\/wp-content\/uploads\/2021\/01\/ozone-oxidation-reaction-molecules-300x177.png 300w, https:\/\/ozonetech.com\/wp-content\/uploads\/2021\/01\/ozone-oxidation-reaction-molecules-768x454.png 768w, https:\/\/ozonetech.com\/wp-content\/uploads\/2021\/01\/ozone-oxidation-reaction-molecules.png 1253w\" sizes=\"auto, (max-width: 1024px) 100vw, 1024px\" \/><p id=\"caption-attachment-13364\" class=\"wp-caption-text\">Ozonoxidation von Kohlenwasserstoff.<\/p><\/div>\n<p>&nbsp;<\/p>\n<p>Es gibt im Wesentlichen keine sch\u00e4dlichen R\u00fcckst\u00e4nde aus der Ozonnutzung, da Ozon im Wasser nat\u00fcrlich abgebaut wird. Die Ozonbehandlung verhindert auch das Nachwachsen von Mikroorganismen, sofern die anderen Verfahren des Desinfektionsprozesses die Partikel im Abwasserstrom erfolgreich reduziert haben. Ozon wird ebenfalls vor Ort produziert und muss nicht transportiert oder gehandhabt werden, wodurch Komplikationen wie Sicherheits- und Umweltprobleme im Zusammenhang mit dem Umgang mit Chemikalien vermieden werden.<\/p>\n        <\/div>\n    <\/div>\n<\/div>\n\n<div class=\"container-fluid editor_content content content--narrow\">\n    <div class=\"row\">\n        <div class=\"col-12 editor_content\">\n            <h3>Desinfektionseffizienz<\/h3>\n<p>Wie bereits oben erw\u00e4hnt, erm\u00f6glicht die Ozonierung eine effiziente Desinfektion. Die Desinfektionswirkung wird \u00fcblicherweise mit dem CT-Wert (Konzentration multipliziert mit der Zeit) gemessen. In der Abbildung unten ist ein Vergleich zwischen Ozon und Chlorierungsalternativen dargestellt.<\/p>\n<p>Ozonierung bietet Schutz vor praktisch allen giftigen und sch\u00e4dlichen unerw\u00fcnschten Mikroben. In der folgenden Tabelle sind die CT-Werte f\u00fcr eine Reihe von Keimen aufgef\u00fchrt.<\/p>\n        <\/div>\n    <\/div>\n<\/div>\n\n<\/section>\n\n\n\n\n\n\n<section\n    id=\"\"\n    class=\"block content-block\"\n\tstyle=\"--cb-bg: white; --cb-content: #000; padding-top: 30px; padding-bottom: 30px;\"\n>\n    <div class=\"container-fluid editor_content\">\n    <div class=\"row\">\n        <div class=\"col-12 editor_content table-wrapper \" style=\"--table-text-color-header: #FFFFFF; --table-text-color-rows: #000000; --table-background-color-header: #5f5f5f; --table-background-color-rows-even: #efefef; --table-background-color-rows-odd: #dfdfdf; \">\n                            \n<table id=\"tablepress-241\" class=\"tablepress tablepress-id-241\" aria-describedby=\"tablepress-241-description\">\n<thead>\n<tr class=\"row-1\">\n\t<th class=\"column-1\">Mikroorganismus<\/th><th class=\"column-2\">Erforderliche Dosis, CT-Wert (mg.min\/L)<\/th>\n<\/tr>\n<\/thead>\n<tbody class=\"row-striping\">\n<tr class=\"row-2\">\n\t<td class=\"column-1\">Bazillus<\/td><td class=\"column-2\">0.1<\/td>\n<\/tr>\n<tr class=\"row-3\">\n\t<td class=\"column-1\">Clostridium botulinum-Sporen<\/td><td class=\"column-2\">0.4<\/td>\n<\/tr>\n<tr class=\"row-4\">\n\t<td class=\"column-1\">Cryptosporidium<\/td><td class=\"column-2\">7<\/td>\n<\/tr>\n<tr class=\"row-5\">\n\t<td class=\"column-1\">E. coli<\/td><td class=\"column-2\">0.5<\/td>\n<\/tr>\n<tr class=\"row-6\">\n\t<td class=\"column-1\">Encephalomyocarditis-Virus<\/td><td class=\"column-2\">0.25<\/td>\n<\/tr>\n<tr class=\"row-7\">\n\t<td class=\"column-1\">Giardienzysten<\/td><td class=\"column-2\">0.5<\/td>\n<\/tr>\n<tr class=\"row-8\">\n\t<td class=\"column-1\">Legionella pneumophila<\/td><td class=\"column-2\">0.1<\/td>\n<\/tr>\n<tr class=\"row-9\">\n\t<td class=\"column-1\">Poliovirus Typ 1<\/td><td class=\"column-2\">0.5<\/td>\n<\/tr>\n<tr class=\"row-10\">\n\t<td class=\"column-1\">Pseudomonas<\/td><td class=\"column-2\">1.5 &#8211; 2<\/td>\n<\/tr>\n<tr class=\"row-11\">\n\t<td class=\"column-1\">Salmonellen<\/td><td class=\"column-2\">0.1 &#8211; 0.4<\/td>\n<\/tr>\n<tr class=\"row-12\">\n\t<td class=\"column-1\">Staphylokokken<\/td><td class=\"column-2\">1.5 &#8211; 2<\/td>\n<\/tr>\n<tr class=\"row-13\">\n\t<td class=\"column-1\">Streptokokken<\/td><td class=\"column-2\">0.1<\/td>\n<\/tr>\n<\/tbody>\n<\/table>\n<span id=\"tablepress-241-description\" class=\"tablepress-table-description tablepress-table-description-id-241\"><\/span>\n<!-- #tablepress-241 from cache -->                                <\/div>\n    <\/div>\n<\/div>\n\n\n<div class=\"container-fluid editor_content content content--narrow\">\n    <div class=\"row\">\n        <div class=\"col-12 editor_content\">\n            <p>Um verschiedene Desinfektionsmittel vergleichen zu k\u00f6nnen, wird im Folgenden eine kurze \u00dcbersichtstabelle f\u00fcr verschiedene g\u00e4ngige Mikrobentypen vorgestellt, die typischerweise von der US-EPA und der WHO f\u00fcr den Vergleich der Desinfektionseffizienz zwischen verschiedenen Methoden verwendet werden.<\/p>\n        <\/div>\n    <\/div>\n<\/div>\n\n\n\n<div class=\"container-fluid editor_content content content--narrow\">\n    <div class=\"row\">\n        <div class=\"col-12 editor_content\">\n            <p><em>Vergleichstabelle f\u00fcr verschiedene Desinfektionsmittel und deren Wirksamkeit mit dem CT-Wert (mg.min\/L)*. Ver\u00e4ndert nach US EPA, CDC und WHO.<\/em><\/p>\n        <\/div>\n    <\/div>\n<\/div>\n\n<div class=\"container-fluid editor_content\">\n    <div class=\"row\">\n        <div class=\"col-12 editor_content table-wrapper \" style=\"--table-text-color-header: #FFFFFF; --table-text-color-rows: #000000; --table-background-color-header: #5f5f5f; --table-background-color-rows-even: #efefef; --table-background-color-rows-odd: #dfdfdf; \">\n                            \n<table id=\"tablepress-242\" class=\"tablepress tablepress-id-242\" aria-describedby=\"tablepress-242-description\">\n<thead>\n<tr class=\"row-1\">\n\t<th class=\"column-1\">Typ<\/th><th class=\"column-2\">Log Inaktivierung<\/th><th class=\"column-3\">Ozon<\/th><th class=\"column-4\">Hypochlorit<\/th><th class=\"column-5\">Chlordioxid<\/th><th class=\"column-6\">Freies Chlor<\/th><th class=\"column-7\">Peressigs\u00e4ure (PES)<\/th>\n<\/tr>\n<\/thead>\n<tbody class=\"row-striping\">\n<tr class=\"row-2\">\n\t<td class=\"column-1\">E. coli<\/td><td class=\"column-2\">2<\/td><td class=\"column-3\"><0.02<\/td><td class=\"column-4\">25-30<\/td><td class=\"column-5\"><1<\/td><td class=\"column-6\"><0.05<\/td><td class=\"column-7\">25-30<\/td>\n<\/tr>\n<tr class=\"row-3\">\n\t<td class=\"column-1\">Viren<\/td><td class=\"column-2\">4<\/td><td class=\"column-3\"><0.1<\/td><td class=\"column-4\"><0.1<\/td><td class=\"column-5\">25-30<\/td><td class=\"column-6\">6<\/td><td class=\"column-7\">Kaum Studien<\/td>\n<\/tr>\n<tr class=\"row-4\">\n\t<td class=\"column-1\">Protozoen<\/td><td class=\"column-2\">3<\/td><td class=\"column-3\">1-2<\/td><td class=\"column-4\">10-20<\/td><td class=\"column-5\">15-25<\/td><td class=\"column-6\">>100<\/td><td class=\"column-7\">Kaum Studien<\/td>\n<\/tr>\n<\/tbody>\n<\/table>\n<span id=\"tablepress-242-description\" class=\"tablepress-table-description tablepress-table-description-id-242\">*It is important to note that the measurability of CT-values are not exact and that research reports different inactivation efficiency, but with consistent relative values. Use the table above as indication.<\/span>\n<!-- #tablepress-242 from cache -->                                <\/div>\n    <\/div>\n<\/div>\n\n\n<div class=\"container-fluid editor_content content content--narrow\">\n    <div class=\"row\">\n        <div class=\"col-12 editor_content\">\n            <p>Generell kann man sagen, dass Sporen viel resistenter sind. Sie zeigen in der Regel zehn- bis f\u00fcnfzehnmal h\u00f6here CT-Werte als die aktive Form. Es ist auch wichtig zu erw\u00e4hnen, dass es in den meisten F\u00e4llen eine Desinfektionsschwelle gibt. Bis zu diesem Zeitpunkt hat die Behandlung eine begrenzte oder geringe Wirkung auf die Mikroorganismen. Oberhalb des Schwellenwertes werden jedoch im Wesentlichen alle Mikroben der gleichen Art vernichtet.<\/p>\n        <\/div>\n    <\/div>\n<\/div>\n\n\n\n<div class=\"container-fluid editor_content content content--narrow\">\n    <div class=\"row\">\n        <div class=\"col-12 editor_content\">\n            <h3>G\u00e4ngige Wasserdesinfektionstechnologien<\/h3>\n<div class=\"pane-content\">\n<div class=\"field field-name-body field-type-text-with-summary field-label-hidden\">\n<div class=\"field-items\">\n<div class=\"field-item even\">\n<p>Es gibt eine Vielzahl von Technologien zur Desinfektion von Fl\u00fcssigkeiten und Oberfl\u00e4chen. Ozonetech kann verschiedene Desinfektionstechnologien mit dem Schwerpunkt auf umweltfreundliche L\u00f6sungen anbieten. Diese Technologien sind:<\/p>\n<ul>\n<li>Ozonierung &#8211; L\u00f6sen einer niedrigen Ozonkonzentration im Wasser, wodurch eine schnelle und effiziente Wasserdesinfektion erm\u00f6glicht wird.<\/li>\n<li>Ultraviolett (UV) &#8211; Bestrahlung des Wassers mit UV-Strahlen.<\/li>\n<li>Chlorierung &#8211; Dosierung von Chlorverbindungen in das Wasser, was zu einer Residualkonzentration der Desinfektionsmittel f\u00fchrt.<\/li>\n<li>Weitere Technologien sind z.B. Brom, Peressigs\u00e4ure, Jod, Kupfer- und Silberionen, Kaliumpermanganat, Phenole, Waschmittel, Wasserstoffperoxid, Ultraschall und W\u00e4rme.<\/li>\n<\/ul>\n<p>Jede Technik hat ihre spezifischen Vorteile und ihren eigenen Anwendungsbereich. In der folgenden Tabelle sind einige der Vor- und Nachteile aufgef\u00fchrt. Die Attribute f\u00fcr jede Technologie werden von 1 (schwach) bis 5 (stark) eingestuft:<\/p>\n<\/div>\n<\/div>\n<\/div>\n<\/div>\n        <\/div>\n    <\/div>\n<\/div>\n\n<\/section>\n\n\n\n<section\n    id=\"\"\n    class=\"block content-block\"\n\tstyle=\"--cb-bg: light-gray; --cb-content: #000; padding-top: 30px; padding-bottom: 30px;\"\n>\n    <div class=\"container-fluid editor_content\">\n    <div class=\"row\">\n        <div class=\"col-12 editor_content table-wrapper \" style=\"--table-text-color-header: #FFFFFF; --table-text-color-rows: #000000; --table-background-color-header: #5f5f5f; --table-background-color-rows-even: #efefef; --table-background-color-rows-odd: #dfdfdf; \">\n                            \n<table id=\"tablepress-243\" class=\"tablepress tablepress-id-243\" aria-describedby=\"tablepress-243-description\">\n<thead>\n<tr class=\"row-1\">\n\t<th class=\"column-1\">Technologie<\/th><th class=\"column-2\">Ozon<\/th><th class=\"column-3\">UV<\/th><th class=\"column-4\">Chlordioxid<\/th><th class=\"column-5\">Chlorgas<\/th><th class=\"column-6\">Peressig-s\u00e4ure<\/th><th class=\"column-7\">Hypochlorit<\/th>\n<\/tr>\n<\/thead>\n<tbody class=\"row-striping\">\n<tr class=\"row-2\">\n\t<td class=\"column-1\">Umwelt-freundlich-keit<\/td><td class=\"column-2\">5<\/td><td class=\"column-3\">5<\/td><td class=\"column-4\">3<\/td><td class=\"column-5\">1<\/td><td class=\"column-6\">2<\/td><td class=\"column-7\">1<\/td>\n<\/tr>\n<tr class=\"row-3\">\n\t<td class=\"column-1\">Neben-produkte<\/td><td class=\"column-2\">5<\/td><td class=\"column-3\">5<\/td><td class=\"column-4\">2<\/td><td class=\"column-5\">1<\/td><td class=\"column-6\">2<\/td><td class=\"column-7\">1<\/td>\n<\/tr>\n<tr class=\"row-4\">\n\t<td class=\"column-1\">Effizienz<\/td><td class=\"column-2\">5<\/td><td class=\"column-3\">3<\/td><td class=\"column-4\">3<\/td><td class=\"column-5\">2<\/td><td class=\"column-6\">2<\/td><td class=\"column-7\">2<\/td>\n<\/tr>\n<tr class=\"row-5\">\n\t<td class=\"column-1\">Investition<\/td><td class=\"column-2\">2<\/td><td class=\"column-3\">3<\/td><td class=\"column-4\">4<\/td><td class=\"column-5\">4<\/td><td class=\"column-6\">4<\/td><td class=\"column-7\">4<\/td>\n<\/tr>\n<tr class=\"row-6\">\n\t<td class=\"column-1\">Betriebs-kosten<\/td><td class=\"column-2\">5<\/td><td class=\"column-3\">4<\/td><td class=\"column-4\">3<\/td><td class=\"column-5\">4<\/td><td class=\"column-6\">4<\/td><td class=\"column-7\">4<\/td>\n<\/tr>\n<tr class=\"row-7\">\n\t<td class=\"column-1\">Fl\u00fcssig-keiten<\/td><td class=\"column-2\">5<\/td><td class=\"column-3\">4<\/td><td class=\"column-4\">5<\/td><td class=\"column-5\">3<\/td><td class=\"column-6\">3<\/td><td class=\"column-7\">3<\/td>\n<\/tr>\n<tr class=\"row-8\">\n\t<td class=\"column-1\">Ober-fl\u00e4chen<\/td><td class=\"column-2\">5<\/td><td class=\"column-3\">5<\/td><td class=\"column-4\">1<\/td><td class=\"column-5\">1<\/td><td class=\"column-6\">1<\/td><td class=\"column-7\">1<\/td>\n<\/tr>\n<tr class=\"row-9\">\n\t<td class=\"column-1\">Residuale Des-infektion<\/td><td class=\"column-2\">3<\/td><td class=\"column-3\">1<\/td><td class=\"column-4\">5<\/td><td class=\"column-5\">5<\/td><td class=\"column-6\">4<\/td><td class=\"column-7\">5<\/td>\n<\/tr>\n<tr class=\"row-10\">\n\t<td class=\"column-1\">Hand-habung<\/td><td class=\"column-2\">5<\/td><td class=\"column-3\">4<\/td><td class=\"column-4\">3<\/td><td class=\"column-5\">3<\/td><td class=\"column-6\">2<\/td><td class=\"column-7\">2<\/td>\n<\/tr>\n<tr class=\"row-11\">\n\t<td class=\"column-1\">Wertung<\/td><td class=\"column-2\">40<\/td><td class=\"column-3\">34<\/td><td class=\"column-4\">29<\/td><td class=\"column-5\">24<\/td><td class=\"column-6\">24<\/td><td class=\"column-7\">23<\/td>\n<\/tr>\n<\/tbody>\n<\/table>\n<span id=\"tablepress-243-description\" class=\"tablepress-table-description tablepress-table-description-id-243\"><\/span>\n<!-- #tablepress-243 from cache -->                                <\/div>\n    <\/div>\n<\/div>\n\n\n<div class=\"container-fluid editor_content content content--narrow\">\n    <div class=\"row\">\n        <div class=\"col-12 editor_content\">\n            <p>Es ist schwierig, einen allgemeinen Vergleich zu machen, um alle Anwendungen und Wasserqualit\u00e4ten darzustellen. Wie aus der obigen Tabelle ersichtlich ist, zeichnet sich die Ozonierung beim Vergleich typischer Wasserdesinfektionsattribute jedoch als umweltfreundliche, robuste, vertr\u00e4gliche und effektive Wasserdesinfektionsbehandlung aus.<\/p>\n<p>In der folgenden Tabelle finden Sie einige Anwendungsbereiche:<\/p>\n        <\/div>\n    <\/div>\n<\/div>\n\n<div class=\"container-fluid editor_content\">\n    <div class=\"row\">\n        <div class=\"col-12 editor_content table-wrapper \" style=\"--table-text-color-header: #FFFFFF; --table-text-color-rows: #000000; --table-background-color-header: #5f5f5f; --table-background-color-rows-even: #efefef; --table-background-color-rows-odd: #dfdfdf; \">\n                            \n<table id=\"tablepress-244\" class=\"tablepress tablepress-id-244\" aria-describedby=\"tablepress-244-description\">\n<thead>\n<tr class=\"row-1\">\n\t<th class=\"column-1\">Technologie<\/th><th class=\"column-2\">Anwendungsbereiche und Branchen<\/th>\n<\/tr>\n<\/thead>\n<tbody class=\"row-striping\">\n<tr class=\"row-2\">\n\t<td class=\"column-1\">Ozondesinfektion<\/td><td class=\"column-2\">Prozessspeise- und Abwasser<br \/>\nTrinkwasser<br \/>\nReinstwasser<br \/>\nOberfl\u00e4chendesinfektion<br \/>\nPharmazeutische Industrie<br \/>\nSchwimmbad<br \/>\nLegionellenbehandlung<br \/>\nKontinuierliche residuale Desinfektion von z.B. Rohrleitungen<\/td>\n<\/tr>\n<tr class=\"row-3\">\n\t<td class=\"column-1\">UV-Desinfektion<\/td><td class=\"column-2\">Prozessspeise- und Abwasser<br \/>\nTrinkwasser<br \/>\nOzonvernichtung<br \/>\nReinstwasser<br \/>\nOberfl\u00e4chendesinfektion<br \/>\nSchwimmbad<br \/>\nLegionellenbehandlung<\/td>\n<\/tr>\n<tr class=\"row-4\">\n\t<td class=\"column-1\">Chlorierung<\/td><td class=\"column-2\">Trinkwasser<br \/>\nSchwimmbad<br \/>\nResiduale Desinfektion von z.B. Rohrleitungen<\/td>\n<\/tr>\n<\/tbody>\n<\/table>\n<span id=\"tablepress-244-description\" class=\"tablepress-table-description tablepress-table-description-id-244\"><\/span>\n<!-- #tablepress-244 from cache -->                                <\/div>\n    <\/div>\n<\/div>\n\n\n<div class=\"container-fluid editor_content content content--narrow\">\n    <div class=\"row\">\n        <div class=\"col-12 editor_content\">\n            <h3>Desinfektionsvoraussetzungen<\/h3>\n<p>Die Trinkwasserdesinfektion ist mit anderen Wasserreinigungsschritten verbunden. Eine ordnungsgem\u00e4\u00dfe Desinfektion kann nur erfolgen, wenn das Wasser ausreichend vorbehandelt ist. In vielen F\u00e4llen ist der Desinfektionsprozess einer der letzten Schritte in einer Wasseraufbereitungsanlage. In der Trinkwasseraufbereitung wird der Desinfektionsschritt beispielsweise nach Siebung, Sedimentation, Flockung und Sandfiltration durchgef\u00fchrt. An dieser Stelle ist das Wasser f\u00fcr die Enddesinfektion geeignet.<\/p>\n<p>Gel\u00f6ste und unl\u00f6sliche Partikel sollten aus dem Wasser entfernt werden, da sie Desinfektionsnebenprodukte verursachen k\u00f6nnen (insbesondere bei der Chlorierung) und da die Partikel auch als Substrat (Nahrung) f\u00fcr pathogenes Wachstum dienen k\u00f6nnen. Au\u00dferdem sind Mikroorganismen schwerer aus dem Wasser zu entfernen, wenn sie an Partikel adsorbiert werden. Die Konzentration der ungel\u00f6sten Partikel im Wasser sollte vor der Desinfektion auf unter 1 mg\/L reduziert werden.<\/p>\n<p>Auch andere chemische Verbindungen aus anthropogenen oder nat\u00fcrlichen Quellen beeinflussen die Leistung der Desinfektionsbehandlung. Die Stoffe k\u00f6nnen mit Desinfektionsmitteln zu Desinfektionsnebenprodukten reagieren. Dies kann die Menge des erforderlichen Desinfektionsmittels zur Entfernung von Mikroorganismen und Viren erh\u00f6hen. Es wird auch zu Schwierigkeiten bei der Aufrechterhaltung einer residualen Konzentration f\u00fchren.<\/p>\n        <\/div>\n    <\/div>\n<\/div>\n\n<\/section>\n","protected":false},"excerpt":{"rendered":"","protected":false},"author":21,"featured_media":0,"parent":35865,"menu_order":0,"comment_status":"closed","ping_status":"closed","template":"","meta":{"_acf_changed":false,"_seopress_robots_primary_cat":"","_seopress_titles_title":"","_seopress_titles_desc":"Ozon ist effektiver in der Deaktivierung von Viren und Bakterien als jede andere Desinfektionsbehandlung wie etwa Chlor und UV-Licht.","_seopress_robots_index":"","inline_featured_image":false,"footnotes":""},"class_list":["post-35927","page","type-page","status-publish","hentry"],"acf":[],"_links":{"self":[{"href":"https:\/\/ozonetech.com\/de\/wp-json\/wp\/v2\/pages\/35927","targetHints":{"allow":["GET"]}}],"collection":[{"href":"https:\/\/ozonetech.com\/de\/wp-json\/wp\/v2\/pages"}],"about":[{"href":"https:\/\/ozonetech.com\/de\/wp-json\/wp\/v2\/types\/page"}],"author":[{"embeddable":true,"href":"https:\/\/ozonetech.com\/de\/wp-json\/wp\/v2\/users\/21"}],"replies":[{"embeddable":true,"href":"https:\/\/ozonetech.com\/de\/wp-json\/wp\/v2\/comments?post=35927"}],"version-history":[{"count":9,"href":"https:\/\/ozonetech.com\/de\/wp-json\/wp\/v2\/pages\/35927\/revisions"}],"predecessor-version":[{"id":40465,"href":"https:\/\/ozonetech.com\/de\/wp-json\/wp\/v2\/pages\/35927\/revisions\/40465"}],"up":[{"embeddable":true,"href":"https:\/\/ozonetech.com\/de\/wp-json\/wp\/v2\/pages\/35865"}],"wp:attachment":[{"href":"https:\/\/ozonetech.com\/de\/wp-json\/wp\/v2\/media?parent=35927"}],"curies":[{"name":"wp","href":"https:\/\/api.w.org\/{rel}","templated":true}]}}