{"id":35923,"date":"2021-07-08T10:58:27","date_gmt":"2021-07-08T09:58:27","guid":{"rendered":"https:\/\/ozonetech.com\/?page_id=35923"},"modified":"2024-10-10T09:48:00","modified_gmt":"2024-10-10T07:48:00","slug":"pfc-entfernung","status":"publish","type":"page","link":"https:\/\/ozonetech.com\/de\/anwendungen\/wasseraufbereitung\/pfc-entfernung\/","title":{"rendered":"PFC-Entfernung"},"content":{"rendered":"\n<section\n    class=\"block hero hero--regular\"\n    style=\"background-image: url('https:\/\/ozonetech.com\/wp-content\/uploads\/2021\/02\/PFC-removal-1600x484.jpg'); --hero-opacity: 0.3\"\n>\n\n    <div class=\"container-fluid\">\n\n        <div class=\"content editor_content\">\n                         \n                <h2 class='h2'>PFC-Entfernung<\/h2>            \n                    <\/div>\n\n            <\/div>\n<\/section>\n\n\n<section class=\"component component_breadcrumbs\">\n\t<div class=\"container-fluid\">\n  \t<\/div>\n<\/section>\n\n\n<section\n    id=\"\"\n    class=\"block content-block\"\n\tstyle=\"--cb-bg: light-gray; --cb-content: #000; padding-top: 30px; padding-bottom: 30px;\"\n>\n    \n\n<div class=\"container-fluid editor_content content content--narrow\">\n    <div class=\"row\">\n        <div class=\"col-12 editor_content\">\n            <h1>Abbau von persistenten schadstoffen<\/h1>\n<p><img loading=\"lazy\" decoding=\"async\" class=\"aligncenter wp-image-19079 size-large\" src=\"https:\/\/ozonetech.com\/wp-content\/uploads\/2021\/02\/pfas-molecule-1-1024x368.png\" alt=\"\" width=\"1024\" height=\"368\" srcset=\"https:\/\/ozonetech.com\/wp-content\/uploads\/2021\/02\/pfas-molecule-1-1024x368.png 1024w, https:\/\/ozonetech.com\/wp-content\/uploads\/2021\/02\/pfas-molecule-1-300x108.png 300w, https:\/\/ozonetech.com\/wp-content\/uploads\/2021\/02\/pfas-molecule-1-768x276.png 768w, https:\/\/ozonetech.com\/wp-content\/uploads\/2021\/02\/pfas-molecule-1.png 1501w\" sizes=\"auto, (max-width: 1024px) 100vw, 1024px\" \/><\/p>\n<h3>Was sind PFC, PFAA, PFOS und PFOA?<\/h3>\n<p>Perfluorierte Verbindungen (PFC) wie z. B. perfluorierte Alkyls\u00e4uren (PFAA), sind verschiedene Gruppen synthetischer chemischer Strukturen mit einzigartigen Eigenschaften wie z. B. thermische Stabilit\u00e4t und die F\u00e4higkeit, glatte Oberfl\u00e4chen zu schaffen, die Wasser, \u00d6l und Schmutz abweisen. Daher sind PFCs n\u00fctzliche Komponenten f\u00fcr eine Vielzahl von Verbraucher- und Industrieprodukten beispielsweise f\u00fcr Konservierungs- und Schmiermittel, Farben, Schaumstoffe, antihaftbeschichtetes Kochgeschirr, Lebensmittelverpackungen, wasserfeste Kleidung, Fleckenschutz und Feuerl\u00f6schschaum. PFOA und PFOS geh\u00f6ren zu den bekanntesten Verbindungen, die \u00fcblicherweise als perfluorierte Molek\u00fcle mit acht fluorierten Kohlenstoffatomen definiert werden.<\/p>\n<h3>Aufkommende schadstoffe<\/h3>\n<p>Seit den 1950er Jahren wurden gro\u00dfe Mengen an PFCs produziert und in den letzten Jahren hat sich die Produktion mehr hin zu kurzkettigen Verbindungen und Perfluorether-Carbon- und Sulfons\u00e4uren verlagert, was sich bereits in \u00f6ffentlichen Gew\u00e4ssern bemerkbar gemacht hat. Diese spezifischen Verbindungen machen jedoch nur einen Bruchteil der weltweit vermarkteten PFAS aus. Ein Teil der Produktion wurde auch durch andere hochfluorierte Verbindungen ersetzt, wie z. B. Fluorotelomeralkohole, die langsam zu PFOA abgebaut werden k\u00f6nnen.<\/p>\n<p>Das hohe Produktionsvolumen von PFCs hat zu einer weiten Verbreitung der Substanz in der Umwelt gef\u00fchrt, insbesondere in Wasser, wo sie am leichtesten transportiert werden kann. Die chemisch stabilen Eigenschaften in Verbindung mit der L\u00f6slichkeit von PFCs in Wasser haben dazu gef\u00fchrt, dass PFAS in der gesamten aquatischen Umwelt nachgewiesen werden k\u00f6nnen, und damit auch in Oberfl\u00e4chengew\u00e4ssern, Abwasser und Trinkwasser.<\/p>\n<p>PFOA wirkt sich negativ auf die Fortpflanzungsorgane aus und steht im Verdacht, beim Menschen krebserregend zu sein. Es wird auch als sehr persistent und stark bioakkumulativ (vPvB) eingestuft und deshalb auf die EU-Kandidatenliste der besonders besorgniserregenden Stoffe gesetzt.<\/p>\n<p>PFCs werden von einer wachsenden Zahl von Mitglieder der Wissenschaftsgemeinde als neu entstehende Umweltschadstoffe anerkannt und zwar aufgrund ihrer chemischen Stabilit\u00e4t und toxischen Auswirkungen in Verbindung mit dem allgegenw\u00e4rtigen Vorkommen in der Umwelt, Biota und im Menschen. Die direkte Expositionspfade dieser Chemikalien f\u00fcr den Menschen sind etwas unklar und die Besorgnis \u00fcber PFC-verschmutzte Wasserquellen ist in den letzten Jahren auf der ganzen Welt in den Augen der \u00d6ffentlichkeit dramatisch angestiegen. Leitungswasser und Flaschenwasser sind zwei potenzielle Quellen f\u00fcr PFCs, was einen Teil ihres Vorkommens im menschlichen Blut erkl\u00e4rt.<\/p>\n<h3>Behandlung von pfcs<\/h3>\n<p>Die chemisch sehr stabilen Verbindungen der PFCs erschweren jeden potentiellen Zersetzungsprozess der Substanz. Bei den Bem\u00fchungen, PFCs aus verschmutztem Wasser abzubauen und\/oder zu entfernen, wurden verschiedene Methoden untersucht, bei den starke Oxidationsmittel eingesetzt werden m\u00fcssen.<\/p>\n<p>Um ein ausreichend hohen Oxidationspotential zu erreichen, muss eine Kombination verschiedener Techniken des Advanced Oxidation Process (AOP) in Betracht gezogen werden, wie z. B. eine Kombination aus Ozon und katalysierter Hydroxylbildung. Weitere Komplikationen betreffen auch die Matrix der zu behandelnden Probe.<\/p>\n<p>Wasser, das reich an organischen Partikeln oder TOC (Totalen Organischen Verbindungen) ist, versucht beispielsweise Probleme bei der PFAA-Entfernung, da das Oxidationsmittel dazu neigt, haupts\u00e4chlich mit weniger stabilen organischen Verbindungen zu reagieren. Es ist von \u00f6kologischer und sozialer Bedeutung, PFCs in der Trinkwasseraufbereitung effektiv abzubauen und zu entfernen.<\/p>\n<h3>L\u00f6sung<\/h3>\n<p>PFC-Verbindungen k\u00f6nnen durch verschiedene, unten aufgef\u00fchrte Verfahren reduziert, abgebaut oder vollst\u00e4ndig entfernt werden, und in vielen F\u00e4llen liegt in der Kombination von Techniken eine vollst\u00e4ndige L\u00f6sung des Problems.<\/p>\n        <\/div>\n    <\/div>\n<\/div>\n\n\n<div class=\"container-fluid editor_content content content--narrow\">\n    <div class=\"row\">\n        <div class=\"col-md-6\">\n            <h4>Oxidation<\/h4>\n<p>Um PFC-Verbindungen in Wasser abzubauen, ben\u00f6tigt man in der Regel Oxidationsmittel, die st\u00e4rker als &#8222;gew\u00f6hnliche\u201c sind.<\/p>\n<p>Fortschrittliche Oxidationstechniken, bei denen verschiedene Oxidationsmittel kombiniert werden, haben sich mit der richtigen Mischtechnik als effektiv erwiesen. Eine Kombination von z. B. Ozon und Wasserstoffperoxid (H<sub>2<\/sub>O<sub>2<\/sub>) und\/oder speziellen Katalysatoren erh\u00f6ht das Oxidationspotential, das den Abbau von PFCs erm\u00f6glicht.<\/p>\n        <\/div>\n        <div class=\"col-md-6\">\n            <h4>Umkehrosmose<\/h4>\n<p>Die Umkehrosmose (RO) ist eine einfache und bew\u00e4hrte Reinigungsmethode, die bereits in vielen Wasseraufbereitungssystemen eingesetzt wird.<\/p>\n<p>Unser RENO RO-Systeme k\u00f6nnen Schadstoffe entfernen, bevor sie an die Haushalte in den betroffenen Gemeinden geliefert werden. Die eingesetzte Umkehrosmose-Technologie trennt effizient Salze aus dem Wasser, wodurch sich dieses Verfahren auch f\u00fcr die Reduzierung von PFAA-Schadstoffen im Trinkwasser eignet.<\/p>\n<p>Ozonetech bietet eine Vielzahl hochmoderner, schl\u00fcsselfertiger Wasseraufbereitungssysteme basierend auf unserer eigenen Ozontechnologie in Kombination mit unserer intern entwickelten AOP-Technologien zur Zersetzung und Entfernung von PFCs in Wasser an.<\/p>\n        <\/div>\n    <\/div>\n<\/div>\n\n<div class=\"container-fluid editor_content content content--narrow\">\n    <div class=\"row\">\n        <div class=\"col-12 editor_content\">\n            <h3>Pilotprojekt<\/h3>\n<p>Die Reduzierung oder Beseitigung von PFCs ist eine komplexe Aufgabe und erfordert eine ma\u00dfgeschneiderte Komplettl\u00f6sung.<\/p>\n<p>Der Designprozess beginnt mit einer Pilotstudie unserer Ingenieure, die zu einem Aufbau f\u00fchrt, der m\u00f6gliche kritische Parameter und die besten verf\u00fcgbaren Technologien (BVT) enth\u00e4lt, um das optimale Prozessdesign zu erzielen. Durch die Durchf\u00fchrung mehrerer Pilotl\u00e4ufe und die gleichzeitige schrittweise Anpassung jedes einzelnen Systemparameters bestimmen unsere Ingenieure die optimale Auslegung f\u00fcr ein System in Originalgr\u00f6\u00dfe.<\/p>\n<p>W\u00e4hrend des gesamten Pilotprozesses werden Wasserproben entnommen und einem Drittlabor zur Analyse vorgelegt, um die Ergebnisse zu verifizieren.<\/p>\n<p>Lesen Sie mehr \u00fcber Pilotprojekte &amp; ma\u00dfgeschneiderte Systeme sowie unsere AOP-Systeme RENO Vitro.<\/p>\n<p><img loading=\"lazy\" decoding=\"async\" class=\"aligncenter wp-image-19139 size-large\" src=\"https:\/\/ozonetech.com\/wp-content\/uploads\/2021\/02\/pilot-projects-1024x683.jpg\" alt=\"\" width=\"1024\" height=\"683\" srcset=\"https:\/\/ozonetech.com\/wp-content\/uploads\/2021\/02\/pilot-projects-1024x683.jpg 1024w, https:\/\/ozonetech.com\/wp-content\/uploads\/2021\/02\/pilot-projects-300x200.jpg 300w, https:\/\/ozonetech.com\/wp-content\/uploads\/2021\/02\/pilot-projects-768x512.jpg 768w, https:\/\/ozonetech.com\/wp-content\/uploads\/2021\/02\/pilot-projects.jpg 1500w\" sizes=\"auto, (max-width: 1024px) 100vw, 1024px\" \/><\/p>\n        <\/div>\n    <\/div>\n<\/div>\n\n<\/section>\n\n\n\n\n\n\n<section class=\"block brochures\" style=\"--career-bgc: #5f5f5f; --career-c: #ffffff;\">\n    <div class=\"container-fluid\">\n\n        <h3 class='h3'>Lesen sie mehr<\/h3>\n                    <div class=\"brochures__list\">\n                                    <div class=\"brochures__list--item\">\n                                                    <a target=\"_blank\" href=\"https:\/\/ozonetech.com\/wp-content\/uploads\/2020\/12\/Brochure-Pilot-projects-and-tailored-industrial-water-treatment-systems-v1.1-EN-web.pdf\">\n                                <img loading=\"lazy\" decoding=\"async\" width=\"170\" height=\"240\" src=\"https:\/\/ozonetech.com\/wp-content\/uploads\/2021\/03\/tailored-wastewater-treatment-systems.jpg\" class=\"attachment-brochure size-brochure\" alt=\"\" \/>                            <\/a>\n                                            <\/div>\n                                    <div class=\"brochures__list--item\">\n                                                    <a target=\"_blank\" href=\"https:\/\/ozonetech.com\/wp-content\/uploads\/2020\/12\/Brochure-Rena-Water-Treatment-Solutions-v1.3-EN-web.pdf\">\n                                <img loading=\"lazy\" decoding=\"async\" width=\"170\" height=\"240\" src=\"https:\/\/ozonetech.com\/wp-content\/uploads\/2021\/03\/rena-water-treatment-solutions.jpg\" class=\"attachment-brochure size-brochure\" alt=\"\" \/>                            <\/a>\n                                            <\/div>\n                                    <div class=\"brochures__list--item\">\n                                                    <a target=\"_blank\" href=\"https:\/\/ozonetech.com\/wp-content\/uploads\/2020\/12\/Brochure-Pharmaceutical-residues-in-wastewater-v1.0-EN-web.pdf\">\n                                <img loading=\"lazy\" decoding=\"async\" width=\"170\" height=\"240\" src=\"https:\/\/ozonetech.com\/wp-content\/uploads\/2021\/03\/pharmaceuticals-in-wastewater.jpg\" class=\"attachment-brochure size-brochure\" alt=\"\" \/>                            <\/a>\n                                            <\/div>\n                                    <div class=\"brochures__list--item\">\n                                                    <a target=\"_blank\" href=\"https:\/\/ozonetech.com\/wp-content\/uploads\/2020\/12\/Brochure-RENA-Pro-Ozone-Systems-v1.5-EN-web-1.pdf\">\n                                <img loading=\"lazy\" decoding=\"async\" width=\"169\" height=\"240\" src=\"https:\/\/ozonetech.com\/wp-content\/uploads\/2021\/03\/rena-pro-ozone-systems.jpg\" class=\"attachment-brochure size-brochure\" alt=\"\" \/>                            <\/a>\n                                            <\/div>\n                            <\/div>\n                \n        <div class=\"btn-container\">\n                    <\/div>\n    <\/div>\n<\/section>\n","protected":false},"excerpt":{"rendered":"","protected":false},"author":21,"featured_media":0,"parent":35865,"menu_order":0,"comment_status":"closed","ping_status":"closed","template":"","meta":{"_acf_changed":false,"_seopress_robots_primary_cat":"","_seopress_titles_title":"","_seopress_titles_desc":"PFC-Verbindungen k\u00f6nnen durch unterschiedliche Methoden z. B. Oxidation oder Umkehrosmose verringert, abgebaut oder vollst\u00e4ndig entfernt werden. Erfahren Sie hier mehr.","_seopress_robots_index":"","inline_featured_image":false,"footnotes":""},"class_list":["post-35923","page","type-page","status-publish","hentry"],"acf":[],"_links":{"self":[{"href":"https:\/\/ozonetech.com\/de\/wp-json\/wp\/v2\/pages\/35923","targetHints":{"allow":["GET"]}}],"collection":[{"href":"https:\/\/ozonetech.com\/de\/wp-json\/wp\/v2\/pages"}],"about":[{"href":"https:\/\/ozonetech.com\/de\/wp-json\/wp\/v2\/types\/page"}],"author":[{"embeddable":true,"href":"https:\/\/ozonetech.com\/de\/wp-json\/wp\/v2\/users\/21"}],"replies":[{"embeddable":true,"href":"https:\/\/ozonetech.com\/de\/wp-json\/wp\/v2\/comments?post=35923"}],"version-history":[{"count":8,"href":"https:\/\/ozonetech.com\/de\/wp-json\/wp\/v2\/pages\/35923\/revisions"}],"predecessor-version":[{"id":40479,"href":"https:\/\/ozonetech.com\/de\/wp-json\/wp\/v2\/pages\/35923\/revisions\/40479"}],"up":[{"embeddable":true,"href":"https:\/\/ozonetech.com\/de\/wp-json\/wp\/v2\/pages\/35865"}],"wp:attachment":[{"href":"https:\/\/ozonetech.com\/de\/wp-json\/wp\/v2\/media?parent=35923"}],"curies":[{"name":"wp","href":"https:\/\/api.w.org\/{rel}","templated":true}]}}