{"id":35913,"date":"2021-07-08T10:47:32","date_gmt":"2021-07-08T09:47:32","guid":{"rendered":"https:\/\/ozonetech.com\/?page_id=35913"},"modified":"2024-10-10T09:34:23","modified_gmt":"2024-10-10T07:34:23","slug":"deionisiertes-wasser","status":"publish","type":"page","link":"https:\/\/ozonetech.com\/de\/anwendungen\/wasseraufbereitung\/deionisiertes-wasser\/","title":{"rendered":"Deionisiertes Wasser"},"content":{"rendered":"\n<section\n    class=\"block hero hero--regular\"\n    style=\"background-image: url('https:\/\/ozonetech.com\/wp-content\/uploads\/2021\/02\/De-ionized-water-2-1600x484.jpg'); --hero-opacity: 0.2\"\n>\n\n    <div class=\"container-fluid\">\n\n        <div class=\"content editor_content\">\n                         \n                <h2 class='h2'>Deionisiertes Wasser<\/h2>            \n                    <\/div>\n\n            <\/div>\n<\/section>\n\n\n<section class=\"component component_breadcrumbs\">\n\t<div class=\"container-fluid\">\n  \t<\/div>\n<\/section>\n\n\n<section\n    id=\"\"\n    class=\"block content-block\"\n\tstyle=\"--cb-bg: white; --cb-content: #000; padding-top: 30px; padding-bottom: 30px;\"\n>\n    \n\n<div class=\"container-fluid editor_content content content--narrow\">\n    <div class=\"row\">\n        <div class=\"col-12 editor_content\">\n            <h1>Desinfektions-DI-Systeme sind effizient und recyceln DI-Wasser.<\/h1>\n<p class=\"preamble\">Deionisiertes (DI) Wasser wird in einer Reihe von Anwendungsbereichen eingesetzt, von der Reinigung von Laborger\u00e4ten bis hin zur Sp\u00fclung und Reinigung in der Mikrofertigung. Das Problem mit DI-Wasser ist, dass es nicht m\u00f6glich ist, herk\u00f6mmliche Desinfektionsmittel zu verwenden, da dies die Qualit\u00e4t des Wassers beeintr\u00e4chtigt. Die Ozonbehandlung bietet eine L\u00f6sung f\u00fcr dieses Problem.<\/p>\n<p>Die Ozonbehandlung von DI-Wasser erfolgt bei der Desinfektion des DI-Systems. Ozon wird im DI gel\u00f6st und sorgt daf\u00fcr, dass das System innerhalb weniger Stunden von Bakterien befreit und fast genauso schnell aus dem System entfernt werden kann. Die Verwendung von Ozon bedeutet, dass die Anzahl der koloniebildenden Einheiten (KBE-Zahl) und der Gehalt an organischen Gesamtverbindungen (TOC) reduziert werden. Das bedeutet auch, dass das DI-Wasser mehr als einmal verwendet werden kann, was sowohl \u00f6konomische als auch \u00f6kologische Vorteile mit sich bringt.<\/p>\n        <\/div>\n    <\/div>\n<\/div>\n\n<\/section>\n","protected":false},"excerpt":{"rendered":"","protected":false},"author":21,"featured_media":0,"parent":35865,"menu_order":0,"comment_status":"closed","ping_status":"closed","template":"","meta":{"_acf_changed":false,"_seopress_robots_primary_cat":"","_seopress_titles_title":"","_seopress_titles_desc":"Die Ozonbehandlung l\u00f6st das Problem der Aufbereitung von entionisiertem Wasser, ohne die Wasserqualit\u00e4t durch herk\u00f6mmliche Methoden zu beeintr\u00e4chtigen.","_seopress_robots_index":"","inline_featured_image":false,"footnotes":""},"class_list":["post-35913","page","type-page","status-publish","hentry"],"acf":[],"_links":{"self":[{"href":"https:\/\/ozonetech.com\/de\/wp-json\/wp\/v2\/pages\/35913","targetHints":{"allow":["GET"]}}],"collection":[{"href":"https:\/\/ozonetech.com\/de\/wp-json\/wp\/v2\/pages"}],"about":[{"href":"https:\/\/ozonetech.com\/de\/wp-json\/wp\/v2\/types\/page"}],"author":[{"embeddable":true,"href":"https:\/\/ozonetech.com\/de\/wp-json\/wp\/v2\/users\/21"}],"replies":[{"embeddable":true,"href":"https:\/\/ozonetech.com\/de\/wp-json\/wp\/v2\/comments?post=35913"}],"version-history":[{"count":7,"href":"https:\/\/ozonetech.com\/de\/wp-json\/wp\/v2\/pages\/35913\/revisions"}],"predecessor-version":[{"id":40424,"href":"https:\/\/ozonetech.com\/de\/wp-json\/wp\/v2\/pages\/35913\/revisions\/40424"}],"up":[{"embeddable":true,"href":"https:\/\/ozonetech.com\/de\/wp-json\/wp\/v2\/pages\/35865"}],"wp:attachment":[{"href":"https:\/\/ozonetech.com\/de\/wp-json\/wp\/v2\/media?parent=35913"}],"curies":[{"name":"wp","href":"https:\/\/api.w.org\/{rel}","templated":true}]}}