{"id":35905,"date":"2021-07-08T09:49:36","date_gmt":"2021-07-08T08:49:36","guid":{"rendered":"https:\/\/ozonetech.com\/?page_id=35905"},"modified":"2024-10-10T08:47:00","modified_gmt":"2024-10-10T06:47:00","slug":"bsb-csb-behandlung-mit-ozon","status":"publish","type":"page","link":"https:\/\/ozonetech.com\/de\/anwendungen\/wasseraufbereitung\/bsb-csb-behandlung-mit-ozon\/","title":{"rendered":"BSB &#038; CSB Behandlung mit Ozon"},"content":{"rendered":"\n<section\n    class=\"block hero hero--regular\"\n    style=\"background-image: url('https:\/\/ozonetech.com\/wp-content\/uploads\/2021\/02\/BOD-COD-treatment-1600x484.jpg'); --hero-opacity: 0.2\"\n>\n\n    <div class=\"container-fluid\">\n\n        <div class=\"content editor_content\">\n                         \n                <h2 class='h2'>BSB &#038; CSB Behandlung mit Ozon<\/h2>            \n                    <\/div>\n\n            <\/div>\n<\/section>\n\n\n<section class=\"component component_breadcrumbs\">\n\t<div class=\"container-fluid\">\n  \t<\/div>\n<\/section>\n\n\n<section\n    id=\"\"\n    class=\"block content-block\"\n\tstyle=\"--cb-bg: white; --cb-content: #000; padding-top: 30px; padding-bottom: 30px;\"\n>\n    \n\n<div class=\"container-fluid editor_content content content--narrow\">\n    <div class=\"row\">\n        <div class=\"col-12 editor_content\">\n            <h1>Ozon und AOP-L\u00f6sungen f\u00fcr hohe COD- und BOD-Konzentrationen<\/h1>\n<p class=\"preamble\">Der chemische Sauerstoffbedarf (CSB) ist ein Ma\u00df f\u00fcr die Abwasser- und Wasserqualit\u00e4t, das als indirekte Messung der Menge an oxidierbaren Verbindungen gewertet werden kann. CSB bewertet alle chemisch oxidierbaren Stoffe und kann bei Freisetzung in die Umwelt direkt mit dem tats\u00e4chlichen Sauerstoffbedarf des Abwassers in Verbindung gebracht werden.<\/p>\n<p class=\"preamble\">Der BOD, kurz f\u00fcr \u201eBiological Oxygen Demand\u201d, misst auch den Sauerstoffbedarf im Wasser, aber begr\u00fcndet den Sauerstoffbedarf auf der Menge des Sauerstoffverbrauchs, da Mikroorganismen f\u00fcr den Oxidationsvorgang verantwortlich sind (statt auf einem chemischen Oxidationsmittel wie im Fall einer COD-Messung).<\/p>\n<p>In den meisten F\u00e4llen sind die CSB-Konzentrationen im Abwasserprozess h\u00f6her als der BSB, da nicht alle organischen Stoffe biologisch abbaubar sind. Der typische CSB-Bereich f\u00fcr chemische Prozessabw\u00e4sser liegt bei 200 &#8211; 40 000 mg\/L und f\u00fcr Haushaltsabw\u00e4sser im Bereich von 100 &#8211; 450 mg\/L. Die folgende Abbildung zeigt einen kurzen \u00dcberblick \u00fcber die verschiedenen Arten von Verbindungen und wie sie mit Ozon behandelt werden k\u00f6nnen.<\/p>\n<p style=\"text-align: center;\"><img loading=\"lazy\" decoding=\"async\" class=\"aligncenter wp-image-37997 size-large\" src=\"https:\/\/ozonetech.com\/wp-content\/uploads\/2021\/08\/Bod-cod-matrix-DE-1024x410.png\" alt=\"\" width=\"1024\" height=\"410\" srcset=\"https:\/\/ozonetech.com\/wp-content\/uploads\/2021\/08\/Bod-cod-matrix-DE-1024x410.png 1024w, https:\/\/ozonetech.com\/wp-content\/uploads\/2021\/08\/Bod-cod-matrix-DE-300x120.png 300w, https:\/\/ozonetech.com\/wp-content\/uploads\/2021\/08\/Bod-cod-matrix-DE-768x307.png 768w, https:\/\/ozonetech.com\/wp-content\/uploads\/2021\/08\/Bod-cod-matrix-DE.png 1500w\" sizes=\"auto, (max-width: 1024px) 100vw, 1024px\" \/><\/p>\n<p>Andere industrielle Einleiter wie Brauereien, Molkereien, Eisen &amp; Stahl, Zellstoff &amp; Papier und Bergbau produzieren ebenfalls Prozesswasser mit einem hohen CSB-Gehalt von \u00fcber 1000 ppm. Organischer CSB im Abwasser kann in nicht biologisch abbaubaren und biologisch abbaubaren CSB eingeteilt werden, wie die folgende Tabelle zeigt.<\/p>\n<h3>Nicht biologisch abbaubarer CSB<\/h3>\n<p>Der nicht biologisch abbaubare CSB besteht aus l\u00f6slichen Substraten, die sich im Abwasser befinden und in geringen Konzentrationen als Mikroschadstoffe aus den Kl\u00e4ranlagen entweichen. Einige der Beispiele sind Arzneimittel (z.B. Diclofenac, Paracetamol und Propofol), persistente organische Schadstoffe (Pestizide, Industriechemikalien und Hormone) und andere Molek\u00fcle einschlie\u00dflich fluorierter und bromierter organischer Verbindungen. Die folgende Tabelle zeigt einige typische Verbindungen und ihre Eigenschaften in Bezug auf den Sauerstoffbedarf und den Ozonbehandlungsbedarf.<\/p>\n        <\/div>\n    <\/div>\n<\/div>\n\n<\/section>\n\n\n\n<section\n    id=\"\"\n    class=\"block content-block\"\n\tstyle=\"--cb-bg: light-gray; --cb-content: #000; padding-top: 30px; padding-bottom: 30px;\"\n>\n    <div class=\"container-fluid editor_content\">\n    <div class=\"row\">\n        <div class=\"col-12 editor_content table-wrapper \" style=\"--table-text-color-header: #FFFFFF; --table-text-color-rows: #000000; --table-background-color-header: #5f5f5f; --table-background-color-rows-even: #efefef; --table-background-color-rows-odd: #dfdfdf; \">\n                            \n<table id=\"tablepress-230\" class=\"tablepress tablepress-id-230\" aria-describedby=\"tablepress-230-description\">\n<thead>\n<tr class=\"row-1\">\n\t<th class=\"column-1\">Verbindungen<\/th><th class=\"column-2\">BSB5\/CSB-Verh\u00e4ltnis<\/th><th class=\"column-3\">CSB:O<sub>3<\/sub> Verh\u00e4ltnis<\/th>\n<\/tr>\n<\/thead>\n<tbody class=\"row-striping\">\n<tr class=\"row-2\">\n\t<td class=\"column-1\">Arzneimittel<\/td><td class=\"column-2\">0.1<\/td><td class=\"column-3\">6:1 to 3:1<\/td>\n<\/tr>\n<tr class=\"row-3\">\n\t<td class=\"column-1\">Persistente organische Schadstoffe<\/td><td class=\"column-2\">0.2<\/td><td class=\"column-3\">5:2 to 2:1<\/td>\n<\/tr>\n<tr class=\"row-4\">\n\t<td class=\"column-1\">Aldehyde<\/td><td class=\"column-2\">0.3<\/td><td class=\"column-3\">7:1 to 4:1<\/td>\n<\/tr>\n<tr class=\"row-5\">\n\t<td class=\"column-1\">Amine<\/td><td class=\"column-2\">0.5<\/td><td class=\"column-3\">4:1 to 3:1<\/td>\n<\/tr>\n<\/tbody>\n<\/table>\n<span id=\"tablepress-230-description\" class=\"tablepress-table-description tablepress-table-description-id-230\"><\/span>\n<!-- #tablepress-230 from cache -->                                <\/div>\n    <\/div>\n<\/div>\n\n\n<div class=\"container-fluid editor_content content content--narrow\">\n    <div class=\"row\">\n        <div class=\"col-12 editor_content\">\n            <p>Ein niedriges BSB:CSB-Verh\u00e4ltnis stellt eine Verbindung dar, die nicht leicht biologisch abbaubar ist.<\/p>\n<h3>Biologisch abbaubarer CSB<\/h3>\n<p>Der biologisch abbaubare CSB wird weiter unterteilt in leicht biologisch abbaubare (l\u00f6sliche Verbindungen wie fl\u00fcchtige N\u00e4hrstoffe, Fetts\u00e4uren, Zucker, ausgew\u00e4hlte Alkohole und Proteine) und langsam biologisch abbaubare Verbindungen. Langsam biologisch abbaubare Verbindungen bestehen aus partikul\u00e4ren, kolloidalen und komplexen organischen Molek\u00fclen.<\/p>\n        <\/div>\n    <\/div>\n<\/div>\n\n<div class=\"container-fluid editor_content\">\n    <div class=\"row\">\n        <div class=\"col-12 editor_content table-wrapper \" style=\"--table-text-color-header: #FFFFFF; --table-text-color-rows: #000000; --table-background-color-header: #5f5f5f; --table-background-color-rows-even: #efefef; --table-background-color-rows-odd: #dfdfdf; \">\n                            \n<table id=\"tablepress-231\" class=\"tablepress tablepress-id-231\" aria-describedby=\"tablepress-231-description\">\n<thead>\n<tr class=\"row-1\">\n\t<th class=\"column-1\">Verbindungen<\/th><th class=\"column-2\">BSB5\/COD-Verh\u00e4ltnis<\/th><th class=\"column-3\">CSB:O<sub>3<\/sub> -Verh\u00e4ltnis<\/th>\n<\/tr>\n<\/thead>\n<tbody class=\"row-striping\">\n<tr class=\"row-2\">\n\t<td class=\"column-1\">Fetts\u00e4uren<\/td><td class=\"column-2\">0.4<\/td><td class=\"column-3\">2:3<\/td>\n<\/tr>\n<tr class=\"row-3\">\n\t<td class=\"column-1\">N\u00e4hrstoffe (Ammoniak, organisches Phosphat)<\/td><td class=\"column-2\">0.6<\/td><td class=\"column-3\">7:1<\/td>\n<\/tr>\n<tr class=\"row-4\">\n\t<td class=\"column-1\">Proteine<\/td><td class=\"column-2\">0.7<\/td><td class=\"column-3\">6:2<\/td>\n<\/tr>\n<tr class=\"row-5\">\n\t<td class=\"column-1\">Alkohol<\/td><td class=\"column-2\">0.9<\/td><td class=\"column-3\">5:3<\/td>\n<\/tr>\n<tr class=\"row-6\">\n\t<td class=\"column-1\">Zucker<\/td><td class=\"column-2\">0.7<\/td><td class=\"column-3\">4:2<\/td>\n<\/tr>\n<\/tbody>\n<\/table>\n<span id=\"tablepress-231-description\" class=\"tablepress-table-description tablepress-table-description-id-231\"><\/span>\n<!-- #tablepress-231 from cache -->                                <\/div>\n    <\/div>\n<\/div>\n\n\n<div class=\"container-fluid editor_content content content--narrow\">\n    <div class=\"row\">\n        <div class=\"col-12 editor_content\">\n            <h4>Typische Konzentrationsbereiche von CSB und BSB5 finden Sie in der folgenden Tabelle.<\/h4>\n        <\/div>\n    <\/div>\n<\/div>\n\n<div class=\"container-fluid editor_content\">\n    <div class=\"row\">\n        <div class=\"col-12 editor_content table-wrapper \" style=\"--table-text-color-header: #FFFFFF; --table-text-color-rows: #000000; --table-background-color-header: #5f5f5f; --table-background-color-rows-even: #efefef; --table-background-color-rows-odd: #dfdfdf; \">\n                            \n<table id=\"tablepress-232\" class=\"tablepress tablepress-id-232\" aria-describedby=\"tablepress-232-description\">\n<thead>\n<tr class=\"row-1\">\n\t<th class=\"column-1\">Sauerstoffbedarfstyp (mg\/L)<\/th><th class=\"column-2\">H\u00e4usliches Abwasser<\/th><th class=\"column-3\">Nahrungsmittel &amp; Getr\u00e4nke<\/th><th class=\"column-4\">Chemie &amp; Pharmazie<\/th>\n<\/tr>\n<\/thead>\n<tbody class=\"row-striping\">\n<tr class=\"row-2\">\n\t<td class=\"column-1\">BSB5<\/td><td class=\"column-2\">200-300<\/td><td class=\"column-3\">450-1100<\/td><td class=\"column-4\">250-1000<\/td>\n<\/tr>\n<tr class=\"row-3\">\n\t<td class=\"column-1\">CSB<\/td><td class=\"column-2\">450-700<\/td><td class=\"column-3\">1450-2200<\/td><td class=\"column-4\">2000-18750<\/td>\n<\/tr>\n<\/tbody>\n<\/table>\n<span id=\"tablepress-232-description\" class=\"tablepress-table-description tablepress-table-description-id-232\"><\/span>\n<!-- #tablepress-232 from cache -->                                <\/div>\n    <\/div>\n<\/div>\n\n\n<div class=\"container-fluid editor_content content content--narrow\">\n    <div class=\"row\">\n        <div class=\"col-12 editor_content\">\n            <h3>Ozon<\/h3>\n<p>Ozon ist ein starkes Oxidationsmittel und leicht wasserl\u00f6slich. Es handelt sich um eine r\u00fcckstandsfreie Behandlungstechnologie, die das Potenzial hat, komplexe organische Schadstoffe zu eliminieren. N\u00e4here Informationen finden Sie hier. In den folgenden Abschnitten werden einige wichtige M\u00f6glichkeiten der Ozonbehandlung zur Behandlung von organischem Kohlenstoff im Abwasser vorgestellt.<\/p>\n<h3>Ozon mit AOP<\/h3>\n<p>AOPs sind fortschrittliche Oxidationsverfahren, bei denen extrem reaktive Spezies zur Zerst\u00f6rung von Schadstoffen eingesetzt werden. Gebildete Radikale haben ein h\u00f6heres Oxidationspotential als Ozon und eine etwa millionenfach h\u00f6here Reaktionsgeschwindigkeit, was zu einer geringeren Kontaktzeit und einem geringeren Platzbedarf f\u00fchrt. AOP kann auch zur vollst\u00e4ndigen oder teilweisen Oxidation der Schadstoffe im Behandlungsprozess eingesetzt werden. Einige Beispiele f\u00fcr Reaktionsmechanismen bei der Bildung von Hydroxylradikalen mit Ozon sind nachfolgend dargestellt.<\/p>\n        <\/div>\n    <\/div>\n<\/div>\n\n<\/section>\n\n\n\n<section\n    id=\"\"\n    class=\"block content-block\"\n\tstyle=\"--cb-bg: white; --cb-content: #000; padding-top: 30px; padding-bottom: 30px;\"\n>\n    <div class=\"container-fluid editor_content\">\n    <div class=\"row\">\n        <div class=\"col-12 editor_content table-wrapper \" style=\"--table-text-color-header: #FFFFFF; --table-text-color-rows: #000000; --table-background-color-header: #5f5f5f; --table-background-color-rows-even: #efefef; --table-background-color-rows-odd: #dfdfdf; \">\n                            \n<table id=\"tablepress-233\" class=\"tablepress tablepress-id-233\" aria-describedby=\"tablepress-233-description\">\n<thead>\n<tr class=\"row-1\">\n\t<th class=\"column-1\">Eisenoxid<\/th><th class=\"column-2\">Fe<sup>3+<\/sup>+ O<sub>3<\/sub> \u2192 (FeO)<sup>2+<\/sup>+OH<sup>&#8211;<\/sup> + O<sub>2<\/sub> + H<sup>+<\/sup><\/th>\n<\/tr>\n<\/thead>\n<tbody class=\"row-striping\">\n<tr class=\"row-2\">\n\t<td class=\"column-1\">Wasserstoffperoxid<\/td><td class=\"column-2\">O<sub>3<\/sub> + H<sub>2<\/sub>O<sub>2<\/sub> \u2192 OH<sup>&#8211;<\/sup> + O<sub>2<\/sub> + H<sub>2<\/sub>O<\/td>\n<\/tr>\n<tr class=\"row-3\">\n\t<td class=\"column-1\">Ultraviolett<\/td><td class=\"column-2\">O<sub>3<\/sub> + H<sub>2<\/sub>O \u2192 O<sub>2<\/sub> + H<sub>2<\/sub>O<sub>2<\/sub>  (Unter Vorhandensein von UV)<br \/>\n2O<sub>3<\/sub> + H<sub>2<\/sub>O<sub>2<\/sub> \u2192 2OH + 3O<sub>2<\/sub><\/td>\n<\/tr>\n<\/tbody>\n<\/table>\n<span id=\"tablepress-233-description\" class=\"tablepress-table-description tablepress-table-description-id-233\"><\/span>\n<!-- #tablepress-233 from cache -->                                <\/div>\n    <\/div>\n<\/div>\n\n\n<div class=\"container-fluid editor_content content content--narrow\">\n    <div class=\"row\">\n        <div class=\"col-12 editor_content\">\n            <p>Weitere AOP-Methoden sind die Kombination von Titandioxid und UV-Techniken zur Erzeugung von Hydroxylradikalen.<\/p>\n<p>Ein Beispiel aus der Ozonetech-Pilotanlage: Die Entfernung von CSB und BSB mittels Ozon in industriellen Abwasserstr\u00f6men ist unten aufgef\u00fchrt:<\/p>\n<p><img loading=\"lazy\" decoding=\"async\" class=\"aligncenter wp-image-38002 size-large\" src=\"https:\/\/ozonetech.com\/wp-content\/uploads\/2021\/08\/Removal-of-COD-and-BOD-DE-1024x683.png\" alt=\"\" width=\"1024\" height=\"683\" srcset=\"https:\/\/ozonetech.com\/wp-content\/uploads\/2021\/08\/Removal-of-COD-and-BOD-DE-1024x683.png 1024w, https:\/\/ozonetech.com\/wp-content\/uploads\/2021\/08\/Removal-of-COD-and-BOD-DE-300x200.png 300w, https:\/\/ozonetech.com\/wp-content\/uploads\/2021\/08\/Removal-of-COD-and-BOD-DE-768x512.png 768w, https:\/\/ozonetech.com\/wp-content\/uploads\/2021\/08\/Removal-of-COD-and-BOD-DE.png 1501w\" sizes=\"auto, (max-width: 1024px) 100vw, 1024px\" \/><\/p>\n<p>Ozon-AOP ist vorteilhaft in Situationen, in denen Ozon allein keine vollst\u00e4ndige Oxidation von Abwasserverbindungen erreichen kann. In diesen F\u00e4llen kann AOP erfolgreich eingesetzt werden, um die Reaktionskinetik zu erh\u00f6hen und selbst die komplexesten Substanzen zu entfernen. Dies ist in der obigen Grafik deutlich zu erkennen.<\/p>\n<p>Ozonetech verf\u00fcgt \u00fcber umfangreiche Erfahrung in der Behandlung komplexer organischer Str\u00f6me aus der Prozessindustrie, der pharmazeutischen Industrie und der Getr\u00e4nkeherstellung. Wir bieten Pilotprojekte und komplette ozonbasierte Behandlungssysteme an. Weitere Informationen zu Machbarkeitsstudien und Pilotprojekten finden <a href=\"https:\/\/ozonetech.com\/de\/systeme-dienstleistungen\/luftaufbereitung\/massgeschneiderte-pilotprojekte-zur-luftreinhaltung\/\">Sie hier<\/a>.<\/p>\n<p>&nbsp;<\/p>\n        <\/div>\n    <\/div>\n<\/div>\n\n<\/section>\n","protected":false},"excerpt":{"rendered":"","protected":false},"author":21,"featured_media":0,"parent":35865,"menu_order":0,"comment_status":"closed","ping_status":"closed","template":"","meta":{"_acf_changed":false,"_seopress_robots_primary_cat":"","_seopress_titles_title":"","_seopress_titles_desc":"Ozon ist eine r\u00fcckstandsfreie Behandlungsmethode, die das Potential hat, komplexe organische Verunreinigungen zu beseitigen.","_seopress_robots_index":"","inline_featured_image":false,"footnotes":""},"class_list":["post-35905","page","type-page","status-publish","hentry"],"acf":[],"_links":{"self":[{"href":"https:\/\/ozonetech.com\/de\/wp-json\/wp\/v2\/pages\/35905","targetHints":{"allow":["GET"]}}],"collection":[{"href":"https:\/\/ozonetech.com\/de\/wp-json\/wp\/v2\/pages"}],"about":[{"href":"https:\/\/ozonetech.com\/de\/wp-json\/wp\/v2\/types\/page"}],"author":[{"embeddable":true,"href":"https:\/\/ozonetech.com\/de\/wp-json\/wp\/v2\/users\/21"}],"replies":[{"embeddable":true,"href":"https:\/\/ozonetech.com\/de\/wp-json\/wp\/v2\/comments?post=35905"}],"version-history":[{"count":12,"href":"https:\/\/ozonetech.com\/de\/wp-json\/wp\/v2\/pages\/35905\/revisions"}],"predecessor-version":[{"id":40316,"href":"https:\/\/ozonetech.com\/de\/wp-json\/wp\/v2\/pages\/35905\/revisions\/40316"}],"up":[{"embeddable":true,"href":"https:\/\/ozonetech.com\/de\/wp-json\/wp\/v2\/pages\/35865"}],"wp:attachment":[{"href":"https:\/\/ozonetech.com\/de\/wp-json\/wp\/v2\/media?parent=35905"}],"curies":[{"name":"wp","href":"https:\/\/api.w.org\/{rel}","templated":true}]}}