{"id":35901,"date":"2021-07-08T09:45:27","date_gmt":"2021-07-08T08:45:27","guid":{"rendered":"https:\/\/ozonetech.com\/?page_id=35901"},"modified":"2024-10-22T08:51:28","modified_gmt":"2024-10-22T06:51:28","slug":"sterilisation-von-prozessanlagen-und-cip","status":"publish","type":"page","link":"https:\/\/ozonetech.com\/de\/anwendungen\/wasseraufbereitung\/sterilisation-von-prozessanlagen-und-cip\/","title":{"rendered":"Sterilisation von Prozessanlagen und CIP"},"content":{"rendered":"\n<section\n    class=\"block hero hero--regular\"\n    style=\"background-image: url('https:\/\/ozonetech.com\/wp-content\/uploads\/2024\/10\/CIP-process-banner.png'); --hero-opacity: 0.25\"\n>\n\n    <div class=\"container-fluid\">\n\n        <div class=\"content editor_content\">\n                         \n                <h2 class='h2'>Sterilisation von Prozessanlagen und CIP<\/h2>            \n                    <\/div>\n\n            <\/div>\n<\/section>\n\n\n<section class=\"component component_breadcrumbs\">\n\t<div class=\"container-fluid\">\n  \t<\/div>\n<\/section>\n\n\n<section\n    id=\"\"\n    class=\"block content-block\"\n\tstyle=\"--cb-bg: white; --cb-content: #000; padding-top: 30px; padding-bottom: 30px;\"\n>\n    \n\n<div class=\"container-fluid editor_content content content--narrow\">\n    <div class=\"row\">\n        <div class=\"col-12 editor_content\">\n            <h1>Verk\u00fcrzen Sie Ihr CIP-Verfahren und senken Sie die Wartungskosten<\/h1>\n<p class=\"preamble\">Im gesamten Industriesektor, in der Lebensmittel- und Getr\u00e4nkeindustrie, in Molkereien, in der Prozessindustrie und in pharmazeutischen Anlagen werden gro\u00dfe Mengen an Wasser, Energie und Chemikalien verbraucht, um saubere und desinfizierte Prozessanlagen zu erhalten.<\/p>\n<p>Ger\u00e4te wie Tanks, Rohre, Ventile, W\u00e4rmetauscher und F\u00fcllmaschinen m\u00fcssen von unerw\u00fcnschten Mikroorganismen, Biofilmen, Kesselstein und chemischen R\u00fcckst\u00e4nden frei gehalten werden. Die Nichteinhaltung einer sauberen Prozessausr\u00fcstung kann zu folgendem f\u00fchren:<\/p>\n<ul>\n<li>Verunreinigtes Endprodukt<\/li>\n<li>Ineffiziente W\u00e4rmetauscher<\/li>\n<li>Umfangreiche Wartung<\/li>\n<li>Erh\u00f6hter Bedarf an Chemikalien, Wasser &amp; Energie<\/li>\n<\/ul>\n        <\/div>\n    <\/div>\n<\/div>\n\n\n\n<div class=\"container-fluid editor_content content content--narrow\">\n    <div class=\"row\">\n        <div class=\"col-12 editor_content\">\n            <h3>Clean-In-Place<\/h3>\n<h4>CIP-Grundlagen<\/h4>\n<p>Clean-in-Place (CIP) ist eine der am weitesten verbreiteten Grundverfahren in der Industrie und ist entscheidend f\u00fcr die Reinigung von Prozessanlagen zwischen verschiedenen Chargen. Heute laufen diese Prozesse vollautomatisch ab, wobei zentrale CIP-Stationen installiert sind, die die Reinigung und Desinfektion der gesamten Anlage \u00fcbernehmen. Sie erm\u00f6glichen Reinigungszyklen in Rohrleitungen und Tanks, die sonst f\u00fcr das Anlagenpersonal unzug\u00e4nglich sind. Typischerweise beinhaltet es die folgenden Schritte:<\/p>\n        <\/div>\n    <\/div>\n<\/div>\n\n<\/section>\n\n\n\n<section\n    id=\"\"\n    class=\"block content-block\"\n\tstyle=\"--cb-bg: light-gray; --cb-content: #000; padding-top: 30px; padding-bottom: 30px;\"\n>\n    <div class=\"container-fluid editor_content\">\n    <div class=\"row\">\n        <div class=\"col-12 editor_content table-wrapper wp-caption\" style=\"--table-text-color-header: #FFFFFF; --table-text-color-rows: #000000; --table-background-color-header: #5f5f5f; --table-background-color-rows-even: #efefef; --table-background-color-rows-odd: #dfdfdf; \">\n                            \n<table id=\"tablepress-229\" class=\"tablepress tablepress-id-229\">\n<thead>\n<tr class=\"row-1\">\n\t<th class=\"column-1\">CIP-Zyklusschritt<\/th><th class=\"column-2\">Zweck<\/th><th class=\"column-3\">Reinigungsmittel<\/th><th class=\"column-4\">Herausforderungen<\/th>\n<\/tr>\n<\/thead>\n<tbody class=\"row-striping\">\n<tr class=\"row-2\">\n\t<td class=\"column-1\">1. Vorsp\u00fclen<\/td><td class=\"column-2\">Entfernen der meisten Partikel, organischen Materialien vor der Reinigung.<\/td><td class=\"column-3\">Wasser.<\/td><td class=\"column-4\">Hoher Wasserbedarf, Abwasserbelastung.<\/td>\n<\/tr>\n<tr class=\"row-3\">\n\t<td class=\"column-1\">2. \u00c4tzende oder saure Reinigung<\/td><td class=\"column-2\">Reinigen von organischem Material und Partikeln, die an inneren Oberfl\u00e4chen haften geblieben sind. Die saure Reinigung kann auch anorganische Partikel entfernen, um Ablagerungen zu vermeiden. Entfernen von Oberfl\u00e4chen, die das Wachstum von Mikroorganismen f\u00f6rdern.<\/td><td class=\"column-3\">Natrium- oder Kaliumhydroxid, verschiedene S\u00e4uren.<\/td><td class=\"column-4\">Chemische Behandlung, kostspielig.<\/td>\n<\/tr>\n<tr class=\"row-4\">\n\t<td class=\"column-1\">3. Sp\u00fclen<\/td><td class=\"column-2\">Lauge oder S\u00e4ure absp\u00fclen, um Produktkontaminationen zu vermeiden.<\/td><td class=\"column-3\">Wasser.<\/td><td class=\"column-4\">Hoher Wasserbedarf, Abwasserbelastung.<\/td>\n<\/tr>\n<tr class=\"row-5\">\n\t<td class=\"column-1\">4. Sterilisation &amp; Desinfektion<\/td><td class=\"column-2\">Stellt Mikroben (Bakterien, Viren, Algen) freie Prozessanlagen sicher. Schon wenige Mikroben k\u00f6nnen Infektionen des Endproduktes verursachen.<\/td><td class=\"column-3\">Chlorhaltige Mittel, Peressigs\u00e4ure (PAA), Hei\u00dfwasser, Dampf, Iodophore.<\/td><td class=\"column-4\">Sicherstellung der vollst\u00e4ndigen Entfernung von Bakterien. Hohe Kosten.<\/td>\n<\/tr>\n<tr class=\"row-6\">\n\t<td class=\"column-1\">5. Nachsp\u00fclen<\/td><td class=\"column-2\">Desinfektionsmittel absp\u00fclen, um eine Kontamination des Gebr\u00e4ues zu vermeiden.<\/td><td class=\"column-3\">Wasser.<\/td><td class=\"column-4\">F\u00fcgt dem CIP-Kreislauf Zeit und Wasserverbrauch hinzu.<\/td>\n<\/tr>\n<\/tbody>\n<\/table>\n<!-- #tablepress-229 from cache -->                                        <p class=\"wp-caption\">Typische CIP-Phasen bei der Reinigung und Desinfektion von Prozessanlagen.<\/p>\n                    <\/div>\n    <\/div>\n<\/div>\n\n\n<div class=\"container-fluid editor_content content content--narrow\">\n    <div class=\"row\">\n        <div class=\"col-12 editor_content\">\n            <h3>Ozon CIP<\/h3>\n<p>Die Ozon-Technologie stellt einen neuartigen Ansatz zur Desinfektion von Prozessanlagen mit deutlich geringerem Wasser-, Chemikalien- und Energiebedarf dar. Ozon ersetzt vollst\u00e4ndig die Kosten und den Umgang mit herk\u00f6mmlichen Desinfektionsmethoden mit Chemikalien oder hei\u00dfem Wasser. Ozon hinterl\u00e4sst nach Gebrauch keine R\u00fcckst\u00e4nde von Chemikalien, so dass keine Nachsp\u00fclung erforderlich ist. Es ist auch m\u00f6glich, Ozon direkt nach der Reinigung aufzutragen &#8211; Ozonsp\u00fclung. Dies erm\u00f6glicht eine 3-stufige CIP anstelle von 5 Zyklen. Die folgende Abbildung zeigt CIP-Verbesserungen, die durch den Austausch von Chemikalien und die Nutzung der einzigartigen Eigenschaften von Ozon erzielt werden k\u00f6nnen. Sie zeigt, wie ein 5-stufiger CIP-Zyklus auf einen 4-stufigen reduziert werden kann.<\/p>\n<p>Ozonetech RENA Vivo Systeme sind perfekt geeignet f\u00fcr CIP-Anwendungen, die eine schl\u00fcsselfertige Komplettl\u00f6sung bieten, die einfach in bestehende Anlagen integriert oder beim Bau neuer Anlagen angeschlossen werden kann.<\/p>\n<p>Die Hei\u00dfwasserdesinfektion wird h\u00e4ufig dort eingesetzt, wo der Einsatz von Chemikalien vermieden werden soll. Es ist jedoch zeitaufwendig und belastet die mechanische Ausr\u00fcstung w\u00e4hrend der Expansion und Kontraktion w\u00e4hrend des Aufheizens und Abk\u00fchlens, was zu Leckagen und kostspieliger Wartung f\u00fchrt. Da Ozon keine R\u00fcckst\u00e4nde hinterl\u00e4sst, ist es eine geeignete Methode zur Kaltentkeimung anstelle des Warmwassereinsatzes, die gro\u00dfe Mengen an Energie und damit verbundene Kosten einspart. Dieses Konzept wird im Folgenden dargestellt.<\/p>\n<p><img loading=\"lazy\" decoding=\"async\" class=\"aligncenter wp-image-37984 size-large\" src=\"https:\/\/ozonetech.com\/wp-content\/uploads\/2021\/08\/Cleaning-process-model-OTS-DE-1024x683.png\" alt=\"\" width=\"1024\" height=\"683\" srcset=\"https:\/\/ozonetech.com\/wp-content\/uploads\/2021\/08\/Cleaning-process-model-OTS-DE-1024x683.png 1024w, https:\/\/ozonetech.com\/wp-content\/uploads\/2021\/08\/Cleaning-process-model-OTS-DE-300x200.png 300w, https:\/\/ozonetech.com\/wp-content\/uploads\/2021\/08\/Cleaning-process-model-OTS-DE-768x512.png 768w, https:\/\/ozonetech.com\/wp-content\/uploads\/2021\/08\/Cleaning-process-model-OTS-DE.png 1500w\" sizes=\"auto, (max-width: 1024px) 100vw, 1024px\" \/><\/p>\n<p>Ozon wird in-situ und bei Bedarf produziert, d.h. es wird erzeugt und eingesetzt, wenn es ben\u00f6tigt wird. Dies ist das Hauptmerkmal von Ozon im Vergleich zu herk\u00f6mmlichen chemischen Stoffen. Die folgende Abbildung zeigt die Ozonkonzentration \u00fcber die Zeit f\u00fcr eine Anlage. Der gr\u00fcne Bereich zeigt beispielhaft den Bereich der Ozonkonzentration, der auf die Prozesseinrichtung angewendet wird. Wie man unten sehen kann, nimmt der Ozongehalt im Laufe der Zeit zu und erreicht in wenigen Minuten ein f\u00fcr die Desinfektion ausreichendes Niveau.<\/p>\n        <\/div>\n    <\/div>\n<\/div>\n\n\n<div class=\"container-fluid content content--narrow\">\n    <div class=\"row\">\n        <div class=\"col-md-6 order-1 editor_content \">\n            <p>Der Sterilisationszyklus ist in 5-15 Minuten abgeschlossen, je nach Menge und Art der Mikroorganismen. Da Ozon ca. 10-1000 mal effektiver ist als andere Chemikalien gegen Bakterien, Schimmel und Viren, kann die Desinfektion in nur wenigen Minuten beendet werden, was Betriebsunterbrechungen f\u00fcr jede Art von Anlage minimiert. Typische Ozonkonzentration ist 1 ppm f\u00fcr 3 log Reduzierung aller Arten von unerw\u00fcnschten Mikroorganismen in 15 Minuten. Bitte lesen Sie mehr \u00fcber Ozon-Desinfektionsmechanismen in unserem Anwendungsbereich Desinfektion. Die typische Zielkonzentration des Ozons betr\u00e4gt 1 ppm f\u00fcr eine 3 log Reduzierung aller Arten von unerw\u00fcnschten Mikroorganismen innerhalb von 15 Minuten. Bitte lesen Sie mehr \u00fcber Ozon-Desinfektionsmechanismen in unserem Anwendungsbereich Desinfektion.<\/p>\n        <\/div>\n        <div class=\"col-md-6 order-2 editor_content d-flex justify-content-center\">\n                                            <figure class=\"side-image \">\n                    <img loading=\"lazy\" decoding=\"async\" width=\"1501\" height=\"1001\" src=\"https:\/\/ozonetech.com\/wp-content\/uploads\/2021\/08\/ozone-concentration-at-target-process-equipment-DE.png\" class=\"attachment-full size-full\" alt=\"\" srcset=\"https:\/\/ozonetech.com\/wp-content\/uploads\/2021\/08\/ozone-concentration-at-target-process-equipment-DE.png 1501w, https:\/\/ozonetech.com\/wp-content\/uploads\/2021\/08\/ozone-concentration-at-target-process-equipment-DE-300x200.png 300w, https:\/\/ozonetech.com\/wp-content\/uploads\/2021\/08\/ozone-concentration-at-target-process-equipment-DE-1024x683.png 1024w, https:\/\/ozonetech.com\/wp-content\/uploads\/2021\/08\/ozone-concentration-at-target-process-equipment-DE-768x512.png 768w\" sizes=\"auto, (max-width: 1501px) 100vw, 1501px\" \/>                                    <\/figure>\n                    <\/div>\n    <\/div>\n<\/div>\n\n\n<div class=\"container-fluid editor_content content content--narrow\">\n    <div class=\"row\">\n        <div class=\"col-12 editor_content\">\n            <p>Das folgende Video zeigt unsere RENA Vivo A-Serie als integrierten Bestandteil eines CIP-Prozesses, im folgenden Beispiel eine Brauerei:<\/p>\n<div class=\"youtube\"><iframe src=\"https:\/\/www.youtube.com\/embed\/ezKahaJbP8c\" frameborder=\"0\" allowfullscreen=\"allowfullscreen\"><\/iframe><\/div>\n        <\/div>\n    <\/div>\n<\/div>\n\n<\/section>\n\n\n\n<section\n    id=\"\"\n    class=\"block content-block\"\n\tstyle=\"--cb-bg: #e6e6e6; --cb-content: #000; padding-top: 30px; padding-bottom: 30px;\"\n>\n    \n<div class=\"container-fluid editor_content content content--narrow\">\n    <div class=\"row\">\n        <div class=\"col-md-6\">\n            <h3>Clean-Out-Of-Place (COP)<\/h3>\n<p>W\u00e4hrend sich CIP auf die Reinigung und Desinfektion des Innenraums von Prozessanlagen bezieht, bezieht sich COP auf die Oberfl\u00e4chendesinfektion von Tanks, Rohren oder B\u00f6den. Typischerweise werden Sch\u00e4umungsmittel verwendet, um die visuelle Kontrolle von gereinigten und nicht gereinigten Bereichen zu erleichtern. Ozon bietet die M\u00f6glichkeit, die Verwendung von Chemikalien w\u00e4hrend des COP-Betriebs zu vermeiden, indem ein Ozonsystem zur Erzeugung von Ozon nach Bedarf und vor Ort eingesetzt wird. Die Verwendung von Ozon ist deutlich erkennbar, da es nach dem Gebrauch einen sanften Geruch hinterl\u00e4sst, der ein Indikator f\u00fcr eine erfolgreiche Desinfektion ist.<\/p>\n        <\/div>\n        <div class=\"col-md-6\">\n            <h3>Biofilmentfernung<\/h3>\n<p>Aufgrund der starken Desinfektionswirkung von Ozon k\u00f6nnen vorhandene Biofilme durch Ozonierung \u00fcber einen l\u00e4ngeren Zeitraum entfernt werden, dabei kann Ozon Zellw\u00e4nde und organisches Material abbauen. Die Entstehung von Biofilmen kann in Systemen auftreten, in denen eine unzureichende Desinfektion oder Reinigung das biologische Wachstum von Bakterien auf organischem Material, das aus der Produktion \u00fcbrig geblieben ist, erm\u00f6glicht. In solchen F\u00e4llen ist Ozon eine ausgezeichnete M\u00f6glichkeit, Biofilm zu entfernen und k\u00fcnftiges Wachstum zu verhindern.<\/p>\n        <\/div>\n    <\/div>\n<\/div>\n<div class=\"container-fluid editor_content content content--narrow\">\n    <div class=\"row\">\n        <div class=\"col-md-6\">\n            <h3>K\u00fchlt\u00fcrme und geschlossene Wassersysteme<\/h3>\n<p>Diese Arten von Anwendungen unterscheiden sich in einigen Punkten von CIP-Anwendungen. In geschlossenen K\u00fchlsystemen oder K\u00fchlt\u00fcrmen zirkulieren gro\u00dfe Wassermengen mit sehr langer hydraulischer R\u00fcckhaltung. In diesen F\u00e4llen reichen Ozonkonzentrationen unter 0,2 ppm aus, um mikrobielles Wachstum zu verhindern. Bei gro\u00dfen hydraulischen Verweilzeiten kann der vorhandene Biofilm effektiv abgebaut werden.<\/p>\n        <\/div>\n        <div class=\"col-md-6\">\n            <h3>Anwendungsbereiche<\/h3>\n<p>Die Ozonsterilisierung von Prozessanlagen ist besonders wertvoll f\u00fcr Brauereien, Molkereien, Offshore- und Lebensmittelproduktion. Die Lebensmittelproduktion hat auch eine erweiterte Verwendung in Bezug auf das Sp\u00fclen von Frischeprodukten.<\/p>\n        <\/div>\n    <\/div>\n<\/div><\/section>\n","protected":false},"excerpt":{"rendered":"","protected":false},"author":21,"featured_media":0,"parent":35865,"menu_order":0,"comment_status":"closed","ping_status":"closed","template":"","meta":{"_acf_changed":false,"_seopress_robots_primary_cat":"","_seopress_titles_title":"","_seopress_titles_desc":"Die Ozontechnologie bietet einen neuen Ansatz der Ausr\u00fcstung f\u00fcr Reinigungsvorg\u00e4nge mit einem signifikant geringerem Wasserverbrauch, weniger Chemikalien und geringerem Energiebedarf.","_seopress_robots_index":"","inline_featured_image":false,"footnotes":""},"class_list":["post-35901","page","type-page","status-publish","hentry"],"acf":[],"_links":{"self":[{"href":"https:\/\/ozonetech.com\/de\/wp-json\/wp\/v2\/pages\/35901","targetHints":{"allow":["GET"]}}],"collection":[{"href":"https:\/\/ozonetech.com\/de\/wp-json\/wp\/v2\/pages"}],"about":[{"href":"https:\/\/ozonetech.com\/de\/wp-json\/wp\/v2\/types\/page"}],"author":[{"embeddable":true,"href":"https:\/\/ozonetech.com\/de\/wp-json\/wp\/v2\/users\/21"}],"replies":[{"embeddable":true,"href":"https:\/\/ozonetech.com\/de\/wp-json\/wp\/v2\/comments?post=35901"}],"version-history":[{"count":13,"href":"https:\/\/ozonetech.com\/de\/wp-json\/wp\/v2\/pages\/35901\/revisions"}],"predecessor-version":[{"id":41586,"href":"https:\/\/ozonetech.com\/de\/wp-json\/wp\/v2\/pages\/35901\/revisions\/41586"}],"up":[{"embeddable":true,"href":"https:\/\/ozonetech.com\/de\/wp-json\/wp\/v2\/pages\/35865"}],"wp:attachment":[{"href":"https:\/\/ozonetech.com\/de\/wp-json\/wp\/v2\/media?parent=35901"}],"curies":[{"name":"wp","href":"https:\/\/api.w.org\/{rel}","templated":true}]}}