{"id":35897,"date":"2021-07-08T09:38:34","date_gmt":"2021-07-08T08:38:34","guid":{"rendered":"https:\/\/ozonetech.com\/?page_id=35897"},"modified":"2024-10-22T08:48:18","modified_gmt":"2024-10-22T06:48:18","slug":"autowaschanlagen","status":"publish","type":"page","link":"https:\/\/ozonetech.com\/de\/anwendungen\/wasseraufbereitung\/autowaschanlagen\/","title":{"rendered":"Autowaschanlagen"},"content":{"rendered":"\n<section\n    class=\"block hero hero--regular\"\n    style=\"background-image: url('https:\/\/ozonetech.com\/wp-content\/uploads\/2024\/10\/car-washes-1.png'); --hero-opacity: 0.3\"\n>\n\n    <div class=\"container-fluid\">\n\n        <div class=\"content editor_content\">\n                         \n                <h2 class='h2'>Autowaschanlagen<\/h2>            \n                    <\/div>\n\n            <\/div>\n<\/section>\n\n\n<section class=\"component component_breadcrumbs\">\n\t<div class=\"container-fluid\">\n  \t<\/div>\n<\/section>\n\n\n<section\n    id=\"\"\n    class=\"block content-block\"\n\tstyle=\"--cb-bg: white; --cb-content: #000; padding-top: 30px; padding-bottom: 30px;\"\n>\n    \n\n<div class=\"container-fluid editor_content content content--narrow\">\n    <div class=\"row\">\n        <div class=\"col-12 editor_content\">\n            <h1>Reduziert die Kosten und den Gebrauch von Chemikalien bei Autowaschanlagen w\u00e4hrend das Wasser recycelt wird<\/h1>\n<p class=\"preamble\">Die Wasseraufbereitung bei Autowaschanlagen wird aufgrund der Vorteile, die sowohl \u00f6konomisch als auch hinsichtlich der Umwelt gewonnen werden, zunehmend g\u00e4ngig. Allerdings ist geht eine Gefahr von mikrobiologischen Krankheitserregern im Wasser aus, die Probleme verursacht.<\/p>\n<p>Durch die Behandlung des Wassers mit Ozon k\u00f6nnen Probleme im Zusammenhang mit sch\u00e4dlichen mikrobiologischen Krankheitserregern \u00fcberwunden werden. Durch die Verwendung von Ozon als Desinfektionsmittel f\u00fcr das Wasser t\u00f6ten Sie alle Pilze, Bakterien und Viren ab, die Probleme verursachen k\u00f6nnen. Dadurch kann das Wasser effizienter recycelt werden, was zu einer verbesserten Wirtschaftlichkeit und Umweltvertr\u00e4glichkeit f\u00fchrt. Lesen Sie hier mehr.<\/p>\n        <\/div>\n    <\/div>\n<\/div>\n\n<\/section>\n","protected":false},"excerpt":{"rendered":"","protected":false},"author":21,"featured_media":0,"parent":35865,"menu_order":0,"comment_status":"closed","ping_status":"closed","template":"","meta":{"_acf_changed":false,"_seopress_robots_primary_cat":"","_seopress_titles_title":"","_seopress_titles_desc":"Die Wasseraufbereitung bei Autowaschanlagen wird zunehmend g\u00e4ngig. Die Aufbereitung mit Ozon hat keine Auswirkungen auf Autolacke und das Chrom.","_seopress_robots_index":"","inline_featured_image":false,"footnotes":""},"class_list":["post-35897","page","type-page","status-publish","hentry"],"acf":[],"_links":{"self":[{"href":"https:\/\/ozonetech.com\/de\/wp-json\/wp\/v2\/pages\/35897","targetHints":{"allow":["GET"]}}],"collection":[{"href":"https:\/\/ozonetech.com\/de\/wp-json\/wp\/v2\/pages"}],"about":[{"href":"https:\/\/ozonetech.com\/de\/wp-json\/wp\/v2\/types\/page"}],"author":[{"embeddable":true,"href":"https:\/\/ozonetech.com\/de\/wp-json\/wp\/v2\/users\/21"}],"replies":[{"embeddable":true,"href":"https:\/\/ozonetech.com\/de\/wp-json\/wp\/v2\/comments?post=35897"}],"version-history":[{"count":8,"href":"https:\/\/ozonetech.com\/de\/wp-json\/wp\/v2\/pages\/35897\/revisions"}],"predecessor-version":[{"id":41571,"href":"https:\/\/ozonetech.com\/de\/wp-json\/wp\/v2\/pages\/35897\/revisions\/41571"}],"up":[{"embeddable":true,"href":"https:\/\/ozonetech.com\/de\/wp-json\/wp\/v2\/pages\/35865"}],"wp:attachment":[{"href":"https:\/\/ozonetech.com\/de\/wp-json\/wp\/v2\/media?parent=35897"}],"curies":[{"name":"wp","href":"https:\/\/api.w.org\/{rel}","templated":true}]}}