{"id":35892,"date":"2021-07-08T09:36:12","date_gmt":"2021-07-08T08:36:12","guid":{"rendered":"https:\/\/ozonetech.com\/?page_id=35892"},"modified":"2024-10-22T08:22:23","modified_gmt":"2024-10-22T06:22:23","slug":"ozonbehandlung-in-der-flaschenwasserproduktion","status":"publish","type":"page","link":"https:\/\/ozonetech.com\/de\/anwendungen\/wasseraufbereitung\/ozonbehandlung-in-der-flaschenwasserproduktion\/","title":{"rendered":"Ozonbehandlung in der Flaschenwasserproduktion"},"content":{"rendered":"\n<section\n    class=\"block hero hero--regular\"\n    style=\"background-image: url('https:\/\/ozonetech.com\/wp-content\/uploads\/2024\/10\/Edited-Firefly-closeup-image-of-glass-bottle-without-liquid-industrial-background.jpg'); --hero-opacity: 0.4\"\n>\n\n    <div class=\"container-fluid\">\n\n        <div class=\"content editor_content\">\n                         \n                <h2 class='h2'>Ozonbehandlung in der Flaschenwasserproduktion<\/h2>            \n                    <\/div>\n\n            <\/div>\n<\/section>\n\n\n<section class=\"component component_breadcrumbs\">\n\t<div class=\"container-fluid\">\n  \t<\/div>\n<\/section>\n\n\n<section\n    id=\"\"\n    class=\"block content-block\"\n\tstyle=\"--cb-bg: #fff; --cb-content: #000; \"\n>\n    \n\n<div class=\"container-fluid editor_content content content--narrow\">\n    <div class=\"row\">\n        <div class=\"col-12 editor_content\">\n            <h1>Nachhaltige und effiziente Vorbehandlung und Desinfektion in Produktionsanlagen f\u00fcr abgef\u00fclltes Wasser<\/h1>\n<p class=\"preamble\">Die Ozonbehandlung in Abf\u00fcllanlagen spielt seit der Einf\u00fchrung der Abf\u00fcllindustrie in den 70er Jahren eine zentrale Rolle. Die Herausforderungen in der Abf\u00fcllindustrie lagen in der Produktion, der sterilen Handhabung und der Lagerung aufgrund der Kontamination mit explosionsartig wachsenden Mikroorganismen. Dies hatte erhebliche Auswirkungen auf Geschmack, Geruch und Gesundheitsprobleme aufgrund mangelnder Desinfektion in Flaschenwasser.<\/p>\n<p>Im Jahr 1982 klassifizierte die Food and Drug Administration (FDA) Ozon als sicher in Desinfektionsanwendungen und Good Manufacturing Practice (GMP), w\u00e4hrend die Restozonkonzentration in abgef\u00fclltem Wasser bis zu 0,4 ppm betragen kann. Danach haben viele staatliche Gesundheitsorganisationen Ozon als Schl\u00fcsselkomponente in der Flaschenwasserindustrie zugelassen, zum Beispiel die WHO. J\u00fcngste \u00c4nderungen der Gesetzgebung und der Branchenrichtlinien haben den Bedarf an Ozon in Brauereien erh\u00f6ht. Ozon ist sicher in Wasserabf\u00fcllanlagen zu verwenden und hinterl\u00e4sst keine R\u00fcckst\u00e4nde und keinen Geschmack in abgef\u00fclltem Wasser gem\u00e4\u00df den Richtlinien der International Bottle Water Association (IBWA).<\/p>\n<h3>Behandlung zur Desinfektion<\/h3>\n<p>Die schematische Darstellung der Ozonbehandlung und ihrer m\u00f6glichen Vorteile in Abf\u00fcllanlagen ist in der folgenden Abbildung dargestellt.<\/p>\n<p><img loading=\"lazy\" decoding=\"async\" class=\"aligncenter wp-image-37976 size-large\" src=\"https:\/\/ozonetech.com\/wp-content\/uploads\/2021\/08\/treatment-for-disinfection-DE-1024x512.png\" alt=\"\" width=\"1024\" height=\"512\" srcset=\"https:\/\/ozonetech.com\/wp-content\/uploads\/2021\/08\/treatment-for-disinfection-DE-1024x512.png 1024w, https:\/\/ozonetech.com\/wp-content\/uploads\/2021\/08\/treatment-for-disinfection-DE-300x150.png 300w, https:\/\/ozonetech.com\/wp-content\/uploads\/2021\/08\/treatment-for-disinfection-DE-768x384.png 768w, https:\/\/ozonetech.com\/wp-content\/uploads\/2021\/08\/treatment-for-disinfection-DE.png 1500w\" sizes=\"auto, (max-width: 1024px) 100vw, 1024px\" \/><\/p>\n        <\/div>\n    <\/div>\n<\/div>\n\n\n\n<div class=\"container-fluid editor_content content content--narrow\">\n    <div class=\"row\">\n        <div class=\"col-12 editor_content\">\n            <h3>Ozon als Vorbehandlungsschritt<\/h3>\n<p>Ozonsysteme k\u00f6nnen bei der Vorbehandlung verwendet werden, um Eisen, Schwefel, Mangan, Farbe, Bakterien, Geschmack und Geruch zu entfernen. Die Vorozonierung reduziert die Verschmutzung und die Bildung von Biofilmen, wodurch die Wartungskosten reduziert werden k\u00f6nnen. Ozon wird jedoch immer ein zentraler Behandlungs- und Desinfektionsschritt sein, um unerw\u00fcnschten Geschmack im Endprodukt zu vermeiden, der beim Einsatz von Chemikalien wie Chlor entsteht.<\/p>\n<h3>Ozon als Desinfektionsschritt<\/h3>\n<p>Ozon ist ein au\u00dfergew\u00f6hnliches chemiefreies Desinfektionsmittel und ein starkes Oxidationsmittel. Weitere Informationen zur Funktionsweise der Ozonbehandlung und -desinfektion finden Sie hier. Bei der Ozonierung in der Flaschenwasserproduktion wird das Ozonsystem so gesteuert, dass eine bestimmte Konzentration an gel\u00f6stem Ozon w\u00e4hrend einer bestimmten Kontaktzeit erhalten bleibt, was eine starke Desinfektion vor dem Abf\u00fcllschritt erm\u00f6glicht. Die Reaktionszeit f\u00fcr die gew\u00fcnschten Desinfektions- und\/oder Oxidationsprozesse betr\u00e4gt typischerweise 0,2-0,5 ppm w\u00e4hrend 5-20 Minuten. Unsere Systeme erreichen schnell ein hohe gel\u00f6ste Ozonkonzentration und ein hohes Oxidationspotential mit unserem integrierten Kontrollsystem, das die RENA Vivo Systeme von Ozonetech zur ersten Wahl f\u00fcr die Desinfektion von Flaschenwasser macht.<\/p>\n<p>Bei der Ozon-Desinfektion wird eine sch\u00fctzende Umgebung gegen Bakterien, Viren und Parasiten wie Cryptosporidien &amp; Giardienzysten im behandelten Wasser geschaffen. Dar\u00fcber hinaus ist Ozon sehr wirksam gegen unerw\u00fcnschten Geschmack und Geruch. N\u00e4here Informationen zur Wasserdesinfektion mit Ozon finden Sie hier.<\/p>\n<h3>Ozon versus chemische Desinfektion in Abf\u00fcllanlagen<\/h3>\n<p>W\u00e4hrend Ozon eine g\u00e4ngige Technologie zur Desinfektion von Wasser vor dem Abf\u00fcllprozess ist, verwenden einige Anlagen immer noch Chemikalien wie Natriumhypochlorit (NaClO), um ein mikrobenfreies System zu erhalten. Die folgende Tabelle fasst den Unterschied in der Anwendung dieser beiden Methoden zusammen.<\/p>\n        <\/div>\n    <\/div>\n<\/div>\n\n<div class=\"container-fluid editor_content\">\n    <div class=\"row\">\n        <div class=\"col-12 editor_content table-wrapper \" style=\"--table-text-color-header: #FFFFFF; --table-text-color-rows: #000000; --table-background-color-header: #5f5f5f; --table-background-color-rows-even: #efefef; --table-background-color-rows-odd: #dfdfdf; \">\n                            \n<table id=\"tablepress-285\" class=\"tablepress tablepress-id-285\" aria-describedby=\"tablepress-285-description\">\n<thead>\n<tr class=\"row-1\">\n\t<th class=\"column-1\">Eigenschaften<\/th><th class=\"column-2\">Ozon<\/th><th class=\"column-3\">Hypochlorit(HClO<sup>&#8211;<\/sup>) oder andere Chemikalien<\/th>\n<\/tr>\n<\/thead>\n<tbody class=\"row-striping\">\n<tr class=\"row-2\">\n\t<td class=\"column-1\">Desinfektionspotenzial (CT, mg\/L.min)\t<\/td><td class=\"column-2\">0.05-1<\/td><td class=\"column-3\">0.1-10<\/td>\n<\/tr>\n<tr class=\"row-3\">\n\t<td class=\"column-1\">Typische Konzentration w\u00e4hrend der Anwendung (mg\/L)<\/td><td class=\"column-2\">0.1-0.3<\/td><td class=\"column-3\">0.3-0.6<\/td>\n<\/tr>\n<tr class=\"row-4\">\n\t<td class=\"column-1\">R\u00fcckst\u00e4nde<\/td><td class=\"column-2\">Keine<\/td><td class=\"column-3\">Ja, erfordert UV-Vernichtung, um unerw\u00fcnschten Geschmack zu entfernen.<\/td>\n<\/tr>\n<tr class=\"row-5\">\n\t<td class=\"column-1\">Nebenprodukte<\/td><td class=\"column-2\">Keine<\/td><td class=\"column-3\">Kann krebserregende Nebenprodukte entwickeln, wenn nicht alles organische Material entfernt wird.<\/td>\n<\/tr>\n<tr class=\"row-6\">\n\t<td class=\"column-1\">pH-Regulierung<\/td><td class=\"column-2\">Nicht erforderlich<\/td><td class=\"column-3\">Sollte auf 6,5 &#8211; 7 eingestellt werden, um die h\u00f6chste Desinfektionswirkung aufrechtzuerhalten.<\/td>\n<\/tr>\n<tr class=\"row-7\">\n\t<td class=\"column-1\">Mechanische Ausr\u00fcstung<\/td><td class=\"column-2\"><a href=\"https:\/\/ozonetech.com\/de\/systeme-dienstleistungen\/wasseraufbereitung\/rena-vivo-ozonsystem\/\">RENA Vivo Ozonsystem<\/a><\/td><td class=\"column-3\">Dosierpumpe, Chemikalienspeicher, diverse Logistikger\u00e4te<\/td>\n<\/tr>\n<tr class=\"row-8\">\n\t<td class=\"column-1\">Verbrauchsmaterial<\/td><td class=\"column-2\">1-2 kW<\/td><td class=\"column-3\">Chemikalienverbrauch, Dosierpumpenleistung, S\u00e4ure zur pH-Regelung<\/td>\n<\/tr>\n<\/tbody>\n<\/table>\n<span id=\"tablepress-285-description\" class=\"tablepress-table-description tablepress-table-description-id-285\"><\/span>\n<!-- #tablepress-285 from cache -->                                <\/div>\n    <\/div>\n<\/div>\n\n\n<div class=\"container-fluid editor_content content content--narrow\">\n    <div class=\"row\">\n        <div class=\"col-12 editor_content\">\n            <h3>RENA Vivo als schl\u00fcsselfertiges System in Flaschenwasserproduktion<\/h3>\n<p>Ozonetech ist darauf spezialisiert, die Flaschenwasserindustrie mit vollst\u00e4ndig integrierten Systemen zu beliefern, einschlie\u00dflich Hochleistungs-Ozongenerator, Sauerstoffversorgung, fortschrittliche Steuerungen, Ozonzerst\u00f6rung und Entgasung in einem schl\u00fcsselfertigen System. Unsere RENA Vivo A- oder B-Reihe reicht in der Regel aus, um die hohen Hygienestandards im Flaschenwasserprozess zu erf\u00fcllen. Lesen Sie hier mehr \u00fcber unser Segment RENA Vivo.<\/p>\n<ul>\n<li>Unsere Ozonsysteme haben ein effizientes Oxidationspotential und sind anderen verf\u00fcgbaren chemischen Desinfektionsmitteln \u00fcberlegen.<\/li>\n<li>Geringe Betriebs- und Chemikalienkosten durch die Behandlung<\/li>\n<li>Wir sorgen daf\u00fcr, dass Wiederholbarkeit zu Zuverl\u00e4ssigkeit mit h\u00f6chsten Ergebnissen wird, je nach Kundenanforderungen.<\/li>\n<li>Ozon kann alleine effektiv Desinfektionsnebenprodukte entfernen.<\/li>\n<li>Erzielen Sie einen optimalen Investitionserfolg mit sehr geringem Wartungsaufwand.<\/li>\n<\/ul>\n<p>Unsere Ozonanlagen sind einfach zu installieren mit nur zwei Hydraulikanschl\u00fcssen, die an den Wasservorratsbeh\u00e4lter der Abf\u00fcllanlage angeschlossen werden k\u00f6nnen. Alle Sensoren zur Regelung der gew\u00fcnschten gel\u00f6sten Ozonwerte sind in die Konstruktion integriert. Das RENA Vivo System arbeitet mit einem h\u00f6chstm\u00f6glichen Wirkungsgrad von mehr als 25 gDO\/kWh (Gramm gel\u00f6stes Ozon pro Kilowattstunde). Alle Mechanismen f\u00fcr den sicheren Einsatz sind eingebaut, wie z.B. Entgasungsventil, Ozonvernichter und Umgebungs-Ozondetektoren.<\/p>\n<p style=\"text-align: center;\"><img loading=\"lazy\" decoding=\"async\" class=\"aligncenter wp-image-29720 size-large\" src=\"https:\/\/ozonetech.com\/wp-content\/uploads\/2021\/03\/rena-vivo-ozonetech-1024x993.jpg\" alt=\"\" width=\"1024\" height=\"993\" srcset=\"https:\/\/ozonetech.com\/wp-content\/uploads\/2021\/03\/rena-vivo-ozonetech-1024x993.jpg 1024w, https:\/\/ozonetech.com\/wp-content\/uploads\/2021\/03\/rena-vivo-ozonetech-300x291.jpg 300w, https:\/\/ozonetech.com\/wp-content\/uploads\/2021\/03\/rena-vivo-ozonetech-768x745.jpg 768w, https:\/\/ozonetech.com\/wp-content\/uploads\/2021\/03\/rena-vivo-ozonetech.jpg 1500w\" sizes=\"auto, (max-width: 1024px) 100vw, 1024px\" \/><\/p>\n<p>Bitte <a href=\"https:\/\/ozonetech.com\/contact\/\">kontaktieren Sie uns<\/a> f\u00fcr weitere Informationen und Unterst\u00fctzung, um h\u00f6chste Qualit\u00e4t in Ihrer Produktionslinie mit geringen Wartungskosten zu gew\u00e4hrleisten.<\/p>\n        <\/div>\n    <\/div>\n<\/div>\n\n<\/section>\n","protected":false},"excerpt":{"rendered":"","protected":false},"author":21,"featured_media":0,"parent":35865,"menu_order":0,"comment_status":"closed","ping_status":"closed","template":"","meta":{"_acf_changed":false,"_seopress_robots_primary_cat":"","_seopress_titles_title":"","_seopress_titles_desc":"Ozonetech liefert der Wasserflaschenindustrie vollst\u00e4ndig integrierte schl\u00fcsselfertige Systeme f\u00fcr die Vorbehandlung und Desinfektion","_seopress_robots_index":"","inline_featured_image":false,"footnotes":""},"class_list":["post-35892","page","type-page","status-publish","hentry"],"acf":[],"_links":{"self":[{"href":"https:\/\/ozonetech.com\/de\/wp-json\/wp\/v2\/pages\/35892","targetHints":{"allow":["GET"]}}],"collection":[{"href":"https:\/\/ozonetech.com\/de\/wp-json\/wp\/v2\/pages"}],"about":[{"href":"https:\/\/ozonetech.com\/de\/wp-json\/wp\/v2\/types\/page"}],"author":[{"embeddable":true,"href":"https:\/\/ozonetech.com\/de\/wp-json\/wp\/v2\/users\/21"}],"replies":[{"embeddable":true,"href":"https:\/\/ozonetech.com\/de\/wp-json\/wp\/v2\/comments?post=35892"}],"version-history":[{"count":15,"href":"https:\/\/ozonetech.com\/de\/wp-json\/wp\/v2\/pages\/35892\/revisions"}],"predecessor-version":[{"id":41510,"href":"https:\/\/ozonetech.com\/de\/wp-json\/wp\/v2\/pages\/35892\/revisions\/41510"}],"up":[{"embeddable":true,"href":"https:\/\/ozonetech.com\/de\/wp-json\/wp\/v2\/pages\/35865"}],"wp:attachment":[{"href":"https:\/\/ozonetech.com\/de\/wp-json\/wp\/v2\/media?parent=35892"}],"curies":[{"name":"wp","href":"https:\/\/api.w.org\/{rel}","templated":true}]}}