{"id":35872,"date":"2021-07-08T09:15:23","date_gmt":"2021-07-08T08:15:23","guid":{"rendered":"https:\/\/ozonetech.com\/?page_id=35872"},"modified":"2024-10-10T09:40:47","modified_gmt":"2024-10-10T07:40:47","slug":"entfernung-von-aromastoffen-mit-ozon","status":"publish","type":"page","link":"https:\/\/ozonetech.com\/de\/anwendungen\/wasseraufbereitung\/entfernung-von-aromastoffen-mit-ozon\/","title":{"rendered":"Entfernung von Aromastoffen mit Ozon"},"content":{"rendered":"\n<section\n    class=\"block hero hero--regular\"\n    style=\"background-image: url('https:\/\/ozonetech.com\/wp-content\/uploads\/2021\/02\/flavor-removal-1600x484.jpg'); --hero-opacity: 0.25\"\n>\n\n    <div class=\"container-fluid\">\n\n        <div class=\"content editor_content\">\n                         \n                <h2 class='h2'>Entfernung von Aromastoffen mit Ozon<\/h2>            \n                    <\/div>\n\n            <\/div>\n<\/section>\n\n\n<section class=\"component component_breadcrumbs\">\n\t<div class=\"container-fluid\">\n  \t<\/div>\n<\/section>\n\n\n<section\n    id=\"\"\n    class=\"block content-block\"\n\tstyle=\"--cb-bg: white; --cb-content: #000; padding-top: 30px; padding-bottom: 30px;\"\n>\n    \n\n<div class=\"container-fluid editor_content content content--narrow\">\n    <div class=\"row\">\n        <div class=\"col-12 editor_content\">\n            <h1>Vermeiden Sie eine Kreuzkontamination von Aromaverbindungen in der Getr\u00e4nkeindustrie<\/h1>\n<p class=\"preamble\">Im Getr\u00e4nke- und Brauereigewerbe setzen sich Betreiber und Qualit\u00e4tsmanager mit der Kreuzkontamination von Aromastoffen auseinander. In der Mineralwasserproduktion werden Aromen, die f\u00fcr aromatisierte Produkte verwendet werden, oft zwischen den Produktionszyklen \u00fcbertragen, da sie schwer zu entfernen sind. In der Brauindustrie, insbesondere in Anlagen, in denen Bier und Apfelwein in den gleichen G\u00e4r- und Abf\u00fcllmaschinen hergestellt werden, k\u00f6nnen Aromastoffe in Bier \u00fcbergehen. Diese Qualit\u00e4tsprobleme werden oft durch lange und intensive Reinigungszyklen mit gro\u00dfen Mengen an Chemikalien in relativ hohen Konzentrationen bek\u00e4mpft.<\/p>\n<p>Das Ergebnis der Verwendung von starken Aromastoffen kann aufgrund fr\u00fcherer Produktionschargen zu Bier mit Apfelweingeschmack oder nat\u00fcrlichem Wasser mit Orangen- oder Heidelbeer-Sekund\u00e4rgeschmack f\u00fchren. Aromastoffe neigen dazu, von Dichtungsmaterialien absorbiert zu werden, die in allen Prozessanlagen wie W\u00e4rmetauschern, Aromamischbeh\u00e4ltern oder Rohrverbindungen vorhanden sind.<\/p>\n        <\/div>\n    <\/div>\n<\/div>\n\n\n\n<div class=\"container-fluid editor_content content content--narrow\">\n    <div class=\"row\">\n        <div class=\"col-12 editor_content\">\n            <h3>Die Eigenschaften von Geschmacksverbindungen<\/h3>\n<p>Geschmacksstoffe (gleichbedeutend mit Aromastoffen) sind typischerweise Ester oder Aromastoffe mit mehreren kovalenten Doppel- oder Dreifachbindungen. In Fr\u00fcchten und synthetischen oder extrahierten Substanzen, die heute in der Getr\u00e4nkeindustrie verwendet werden, kann es hunderte von verschiedenen Aromastoffen geben. Die folgende Tabelle zeigt eine Reihe von typischen Verbindungen und ihre jeweiligen Eigenschaften.<\/p>\n        <\/div>\n    <\/div>\n<\/div>\n\n<\/section>\n\n\n\n<section\n    id=\"\"\n    class=\"block content-block\"\n\tstyle=\"--cb-bg: light-gray; --cb-content: #000; padding-top: 30px; padding-bottom: 30px;\"\n>\n    <div class=\"container-fluid editor_content\">\n    <div class=\"row\">\n        <div class=\"col-12 editor_content table-wrapper \" style=\"--table-text-color-header: #FFFFFF; --table-text-color-rows: #000000; --table-background-color-header: #5f5f5f; --table-background-color-rows-even: #efefef; --table-background-color-rows-odd: #dfdfdf; \">\n                            \n<table id=\"tablepress-228\" class=\"tablepress tablepress-id-228\" aria-describedby=\"tablepress-228-description\">\n<thead>\n<tr class=\"row-1\">\n\t<th class=\"column-1\">Name<\/th><th class=\"column-2\">Beschreibung<\/th><th class=\"column-3\">Chemische Struktur<\/th>\n<\/tr>\n<\/thead>\n<tbody class=\"row-striping\">\n<tr class=\"row-2\">\n\t<td class=\"column-1\">Hexanal<\/td><td class=\"column-2\">H\u00e4ufig nat\u00fcrlich vorkommende Substanzen, die ein Gef\u00fchl von Bittermandel geben.<\/td><td class=\"column-3\"><img decoding=\"async\" src=\"https:\/\/ozonetech.com\/wp-content\/uploads\/2021\/02\/Hexanal-4.png\" \/><\/td>\n<\/tr>\n<tr class=\"row-3\">\n\t<td class=\"column-1\">Limonen<\/td><td class=\"column-2\">Verbindungen f\u00fcr die Herstellung von Orangen- und Zitronengetr\u00e4nken oder Flaschenwasser.<\/td><td class=\"column-3\"><img decoding=\"async\" src=\"https:\/\/ozonetech.com\/wp-content\/uploads\/2021\/02\/Limonene-5.png\"\/><\/td>\n<\/tr>\n<tr class=\"row-4\">\n\t<td class=\"column-1\">Decanal<\/td><td class=\"column-2\">Eine der wichtigsten Aromastoffe in Zitrusfr\u00fcchten.<\/td><td class=\"column-3\"><img decoding=\"async\" src=\"https:\/\/ozonetech.com\/wp-content\/uploads\/2021\/02\/Decanal-5.png\" \/><\/td>\n<\/tr>\n<tr class=\"row-5\">\n\t<td class=\"column-1\">Fructone<\/td><td class=\"column-2\">Wird f\u00fcr Apfel- und Ananasaromen verwendet.<\/td><td class=\"column-3\"><img decoding=\"async\" src=\"https:\/\/ozonetech.com\/wp-content\/uploads\/2021\/02\/Fructone-5.png\" \/><\/td>\n<\/tr>\n<tr class=\"row-6\">\n\t<td class=\"column-1\">Vanillin<\/td><td class=\"column-2\">Vanille-Geschmack.<\/td><td class=\"column-3\"><img decoding=\"async\" src=\"https:\/\/ozonetech.com\/wp-content\/uploads\/2021\/02\/Vanillin-4.png\" \/><\/td>\n<\/tr>\n<tr class=\"row-7\">\n\t<td class=\"column-1\">Ethylacetat<\/td><td class=\"column-2\">Auch Ethylethanoat genannt, besitzt einen s\u00fc\u00dfen Geruch, wird in vielen Lebensmitteln und Getr\u00e4nken verwendet.<\/td><td class=\"column-3\"><img decoding=\"async\" src=\"https:\/\/ozonetech.com\/wp-content\/uploads\/2021\/02\/Ethyl-acetate-5.png\" \/><\/td>\n<\/tr>\n<\/tbody>\n<\/table>\n<span id=\"tablepress-228-description\" class=\"tablepress-table-description tablepress-table-description-id-228\"><\/span>\n<!-- #tablepress-228 from cache -->                                <\/div>\n    <\/div>\n<\/div>\n\n\n<div class=\"container-fluid editor_content content content--narrow\">\n    <div class=\"row\">\n        <div class=\"col-12 editor_content\">\n            <p>Eine der auff\u00e4lligsten Gemeinsamkeiten zwischen fast allen Aromastoffen ist, dass sie mindestens eine doppelte kovalente Bindung und in vielen F\u00e4llen aromatische Ringe enthalten. Ozon reagiert sofort an doppelten kovalenten Bindungen in organischen Substanzen und erm\u00f6glicht eine Kettenreaktion mit Radikalen und Oxidationsnebenprodukten. W\u00e4hrend die Reaktion die Aromastoffe typischerweise vollst\u00e4ndig zu Kohlendioxid und Wasser oxidiert, entfernt der blo\u00dfe Teilabbau den Aromaeffekt. Dieses Verfahren \u00e4hnelt den sehr effektiven Desinfektionsmechanismen, die Ozon im Bereich der Wasseraufbereitung bietet.<\/p>\n        <\/div>\n    <\/div>\n<\/div>\n\n\n\n<div class=\"container-fluid editor_content content content--narrow\">\n    <div class=\"row\">\n        <div class=\"col-12 editor_content\">\n            <h3>Ozonbehandlung des Aromatransfers<\/h3>\n<p>Wie bereits erw\u00e4hnt, verbleiben Aromastoffe nach der Produktion in den Prozessanlagen. Die Ozonreinigung, typischerweise als Teil des CIP-Prozesses, stellt eine effektive Methode dar, um eine Geschmacksbeeintr\u00e4chtigung bei der \u00dcbertragung unerw\u00fcnschter Aromastoffe zwischen den Produktionschargen zu verhindern. Eine typische Ozonkonzentration f\u00fcr die effektivste Entfernung von Aromen liegt bei etwa 3 ppm in der Wasserphase in der CIP-Fl\u00fcssigkeit. Eine typische Anwendung ist das Sp\u00fclen der Prozessanlage mit ozonisiertem Wasser. Lesen Sie mehr dar\u00fcber, wie man CIP mit Ozontechnologie und F\u00fcllmaschinen sowie Flaschensp\u00fclung durchf\u00fchrt.<\/p>\n<p>Bitte sehen Sie sich das folgende Video an, um zu erfahren, wie man ein Ozonsystem von Ozonetech bedient und installiert, um problematische Aromastoffe in den Prozessanlagen zu entfernen:<\/p>\n<div class=\"youtube\"><iframe loading=\"lazy\" src=\"https:\/\/www.youtube.com\/embed\/ezKahaJbP8c\" width=\"560\" height=\"315\" frameborder=\"0\" allowfullscreen=\"allowfullscreen\" data-mce-fragment=\"1\"><\/iframe><\/div>\n<div>Wird Ozon als prim\u00e4re Desinfektionstechnologie im Clean-in-Place-Betrieb der Anlage eingesetzt, erh\u00e4lt der Betreiber auch eine Methode zur Behandlung dieser aromabedingten Probleme.<\/div>\n        <\/div>\n    <\/div>\n<\/div>\n\n<\/section>\n","protected":false},"excerpt":{"rendered":"","protected":false},"author":21,"featured_media":0,"parent":35865,"menu_order":0,"comment_status":"closed","ping_status":"closed","template":"","meta":{"_acf_changed":false,"_seopress_robots_primary_cat":"","_seopress_titles_title":"","_seopress_titles_desc":"Die Ozonreinigung als Teil des CIP-Verfahrens ist eine effektive Methode, um ungewollte Aromaverbindungen, die sich zwischen Produktionschargen \u00fcbertragen, zu entfernen.","_seopress_robots_index":"","inline_featured_image":false,"footnotes":""},"class_list":["post-35872","page","type-page","status-publish","hentry"],"acf":[],"_links":{"self":[{"href":"https:\/\/ozonetech.com\/de\/wp-json\/wp\/v2\/pages\/35872","targetHints":{"allow":["GET"]}}],"collection":[{"href":"https:\/\/ozonetech.com\/de\/wp-json\/wp\/v2\/pages"}],"about":[{"href":"https:\/\/ozonetech.com\/de\/wp-json\/wp\/v2\/types\/page"}],"author":[{"embeddable":true,"href":"https:\/\/ozonetech.com\/de\/wp-json\/wp\/v2\/users\/21"}],"replies":[{"embeddable":true,"href":"https:\/\/ozonetech.com\/de\/wp-json\/wp\/v2\/comments?post=35872"}],"version-history":[{"count":8,"href":"https:\/\/ozonetech.com\/de\/wp-json\/wp\/v2\/pages\/35872\/revisions"}],"predecessor-version":[{"id":40449,"href":"https:\/\/ozonetech.com\/de\/wp-json\/wp\/v2\/pages\/35872\/revisions\/40449"}],"up":[{"embeddable":true,"href":"https:\/\/ozonetech.com\/de\/wp-json\/wp\/v2\/pages\/35865"}],"wp:attachment":[{"href":"https:\/\/ozonetech.com\/de\/wp-json\/wp\/v2\/media?parent=35872"}],"curies":[{"name":"wp","href":"https:\/\/api.w.org\/{rel}","templated":true}]}}