{"id":35868,"date":"2021-07-08T09:11:45","date_gmt":"2021-07-08T08:11:45","guid":{"rendered":"https:\/\/ozonetech.com\/?page_id=35868"},"modified":"2024-10-10T09:51:28","modified_gmt":"2024-10-10T07:51:28","slug":"wasseraufbereitung-mit-ozon","status":"publish","type":"page","link":"https:\/\/ozonetech.com\/de\/anwendungen\/wasseraufbereitung\/wasseraufbereitung-mit-ozon\/","title":{"rendered":"Wasseraufbereitung mit Ozon"},"content":{"rendered":"\n<section\n    class=\"block hero hero--regular\"\n    style=\"background-image: url('https:\/\/ozonetech.com\/wp-content\/uploads\/2021\/02\/Aquarium-1600x484.jpg'); --hero-opacity: 0.2\"\n>\n\n    <div class=\"container-fluid\">\n\n        <div class=\"content editor_content\">\n                         \n                <h2 class='h2'>Wasseraufbereitung mit Ozon<\/h2>            \n                    <\/div>\n\n            <\/div>\n<\/section>\n\n\n<section class=\"component component_breadcrumbs\">\n\t<div class=\"container-fluid\">\n  \t<\/div>\n<\/section>\n\n\n<section\n    id=\"\"\n    class=\"block content-block\"\n\tstyle=\"--cb-bg: white; --cb-content: #000; padding-top: 30px; padding-bottom: 30px;\"\n>\n    \n\n<div class=\"container-fluid editor_content content content--narrow\">\n    <div class=\"row\">\n        <div class=\"col-12 editor_content\">\n            <h1>Effiziente und nachhaltige L\u00f6sung zu Problemen bei der Wasserfilterung in Aquarien<\/h1>\n<p class=\"preamble\">Die Ozonbehandlung von Aquarien bieten dem Anwender L\u00f6sungen zu vielen Problemen mit der Filtration, mit denen er konfrontiert wird und hat praktisch keine negativen Nebenwirkungen.<\/p>\n<p>Die hoch wirksame Oxidationsf\u00e4higkeit von Ozon h\u00e4lt den Schl\u00fcssel zu seiner Anwendbarkeit in Aquarien. Diese erlaubt Bakterien und Krankheitserreger wie Pilze, Viren und Algenorganismen, die in Aquarien vorhanden sein k\u00f6nnen, abzut\u00f6ten. Es kann das zu einem sehr fr\u00fchen Zeitpunkt tun, bevor die Organismen eine Gelegenheit haben zu einem Algenproblem zu werden. Dieses System ben\u00f6tigt eine minimale Wartung und hat geringere Wartungskosten und erfordert eine geringere Wartungszeit als andere Systeme. Zusammen stellt das sicher, dass ein Ozonsystem effizienter als alle anderen verf\u00fcgbaren Behandlungssysteme ist.<\/p>\n        <\/div>\n    <\/div>\n<\/div>\n\n<\/section>\n","protected":false},"excerpt":{"rendered":"","protected":false},"author":21,"featured_media":0,"parent":35865,"menu_order":0,"comment_status":"closed","ping_status":"closed","template":"","meta":{"_acf_changed":false,"_seopress_robots_primary_cat":"","_seopress_titles_title":"","_seopress_titles_desc":"Die hoch wirksame Oxidationsf\u00e4higkeit von Ozon ist gegen Bakterien und Krankheitserreger wie Pilze, Viren und Algen, die sich in Aquarien bilden, wirksam.","_seopress_robots_index":"","inline_featured_image":false,"footnotes":""},"class_list":["post-35868","page","type-page","status-publish","hentry"],"acf":[],"_links":{"self":[{"href":"https:\/\/ozonetech.com\/de\/wp-json\/wp\/v2\/pages\/35868","targetHints":{"allow":["GET"]}}],"collection":[{"href":"https:\/\/ozonetech.com\/de\/wp-json\/wp\/v2\/pages"}],"about":[{"href":"https:\/\/ozonetech.com\/de\/wp-json\/wp\/v2\/types\/page"}],"author":[{"embeddable":true,"href":"https:\/\/ozonetech.com\/de\/wp-json\/wp\/v2\/users\/21"}],"replies":[{"embeddable":true,"href":"https:\/\/ozonetech.com\/de\/wp-json\/wp\/v2\/comments?post=35868"}],"version-history":[{"count":6,"href":"https:\/\/ozonetech.com\/de\/wp-json\/wp\/v2\/pages\/35868\/revisions"}],"predecessor-version":[{"id":40493,"href":"https:\/\/ozonetech.com\/de\/wp-json\/wp\/v2\/pages\/35868\/revisions\/40493"}],"up":[{"embeddable":true,"href":"https:\/\/ozonetech.com\/de\/wp-json\/wp\/v2\/pages\/35865"}],"wp:attachment":[{"href":"https:\/\/ozonetech.com\/de\/wp-json\/wp\/v2\/media?parent=35868"}],"curies":[{"name":"wp","href":"https:\/\/api.w.org\/{rel}","templated":true}]}}