{"id":35857,"date":"2021-07-08T08:48:43","date_gmt":"2021-07-08T07:48:43","guid":{"rendered":"https:\/\/ozonetech.com\/?page_id=35857"},"modified":"2024-10-10T10:46:52","modified_gmt":"2024-10-10T08:46:52","slug":"viren-und-bakterien-ausbreitung-von-infektion","status":"publish","type":"page","link":"https:\/\/ozonetech.com\/de\/anwendungen\/geruch-und-hygiene\/viren-und-bakterien-ausbreitung-von-infektion\/","title":{"rendered":"Viren und Bakterien \u2013 Ausbreitung von Infektion"},"content":{"rendered":"\n<section\n    class=\"block hero hero--regular\"\n    style=\"background-image: url('https:\/\/ozonetech.com\/wp-content\/uploads\/2021\/02\/virus-and-bacteria-1600x484.jpg'); --hero-opacity: 0.2\"\n>\n\n    <div class=\"container-fluid\">\n\n        <div class=\"content editor_content\">\n                         \n                <h2 class='h2'>Viren und Bakterien \u2013 Ausbreitung von Infektion<\/h2>            \n                    <\/div>\n\n            <\/div>\n<\/section>\n\n\n<section class=\"component component_breadcrumbs\">\n\t<div class=\"container-fluid\">\n  \t<\/div>\n<\/section>\n\n\n<section\n    id=\"\"\n    class=\"block content-block\"\n\tstyle=\"--cb-bg: white; --cb-content: #000; padding-top: 30px; padding-bottom: 30px;\"\n>\n    \n\n<div class=\"container-fluid editor_content content content--narrow\">\n    <div class=\"row\">\n        <div class=\"col-12 editor_content\">\n            <h1>Wirksame und nachhaltige Desinfektion von Viren und Bakterien<\/h1>\n<p class=\"preamble\">Viele Bakterien und Viren verbreiten sich \u00fcber die Luft, die wir einatmen. Es gibt eine Unterscheidung zwischen durch Luft \u00fcbertragener und Tr\u00f6pfcheninfektion.<\/p>\n        <\/div>\n    <\/div>\n<\/div>\n\n\n<div class=\"container-fluid editor_content content content--narrow\">\n    <div class=\"row\">\n        <div class=\"col-md-6\">\n            <p>Infekti\u00f6se Tr\u00e4ger, die \u00fcber Luft \u00fcbertragen werden, sind kleine Partikel, die in der Luft schweben und die Atemwege \u00fcber die Atemluft erreichen. Der verbreitetste \u00dcbertragungsweg \u00fcber die Atemwege ist jedoch die Tr\u00f6pfcheninfektion, d.h. Infekti\u00f6se Erreger begleiten die Tausenden von kleinen Tropfen, die entstehen, wenn wir husten und nie\u00dfen.<\/p>\n<p>Infekti\u00f6se Erreger k\u00f6nnen auch an Oberfl\u00e4chen anhaften und sich von Oberfl\u00e4che zu Oberfl\u00e4che bewegen. Je mehr Personen eine Oberfl\u00e4che ber\u00fchren, desto gr\u00f6\u00dfer ist das Risiko, dass infekti\u00f6se Substanzen auf die Oberfl\u00e4che gelangen und ebenso weitergegeben werden. Ein gutes Beispiel ist die \u00dcbertragung von einer Hand an einen T\u00fcrgriff oder Wasserhahn zur der Hand einer anderen Person. Deshalb werden wir geben, unsere H\u00e4nde h\u00e4ufig und sorgf\u00e4ltig zu waschen.<\/p>\n<p>Einige Infektionserreger k\u00f6nnen mehrere Tage auf den Oberfl\u00e4chen \u00fcberleben, auf die sie gelangt sind und die Krankheit weiter verbreiten. Auf kaltem Metal k\u00f6nnen Infektionserreger f\u00fcr bis zu drei Tage \u00fcberleben.<\/p>\n<p>Die meisten Viren, Bakterien und Mikroorganismen k\u00f6nnen durch Desinfektionsmittel abget\u00f6tet oder unsch\u00e4dlich gemacht werden. Ozon ist eines der st\u00e4rksten verf\u00fcgbaren Desinfektionsmittel.<\/p>\n<p>Der Vorteil von Ozon ist, dass es einfach ist, sowohl die Luft als auch schwer zug\u00e4ngliche Oberfl\u00e4chen zu desinfizieren. Das Ozon, das unter normalen Umgebungsbedingungen bereits gasf\u00f6rmig ist, wird einfach mit der Luft im Raum gemischt und spaltet sch\u00e4dliche Mikroorganismen, Viren und Bakterien in der Luft und auf Oberfl\u00e4chen auf und inaktiviert sie, sogar auf Oberfl\u00e4chen, die normalerweise schwer zu erreichen sind.<\/p>\n        <\/div>\n        <div class=\"col-md-6\">\n            <p>Wie effektiv (Grad der Abt\u00f6tung oder Deaktivierung) und wie schnell die Desinfektion ist, h\u00e4ngt von der eingesetzten Dosis ab. Die Dosis ist eine Funktion aus der Konzentration des Ozons und der Expositionszeit (CT-Wert). Es gibt unterschiedlich Arten von Bakterien und Viren. Sie unterscheiden sich in ihrer Resistenz gegen\u00fcber Desinfektionsmitteln.<\/p>\n<p>Eine erh\u00f6hte Ozonkonzentraktion ergibt eine erh\u00f6hte Abt\u00f6tung von Viren bei gleichzeitiger Verringerung der daf\u00fcr ben\u00f6tigen Behandlungszeit.<\/p>\n<p>Die Expositionsgrenze f\u00fcr Ozon innerhalb von acht Stunden bez\u00fcglich Personen am Arbeitsplatz liegt allgemein bei 0,1 ppm und wird durch lokale Gesetze und Beh\u00f6rden geregelt. Bei einer Ozon-Desinfektion \u00fcbersteigt die Konzentration 0,1 ppm. Daher sollten Sie einen R\u00e4ume, die mit Ozon behandelt werden, nicht betreten. Anschlie\u00dfend m\u00fcssen Sie au\u00dferdem sicherstellen, dass das gesamte \u00fcbersch\u00fcssige Ozon durch L\u00fcftung des Raums entfernt wird, bevor Sie ihn betreten. Das wird am einfachsten durch \u00f6ffnen der Fenster durchgef\u00fchrt, oder wenn nicht m\u00f6glich, lassen Sie die L\u00fcftung eine halbe Stunde lang laufen.<\/p>\n<p>Ozon baut sich schnell ab und inaktiviert sch\u00e4dliche Viren und Bakterien in der Luft und auf Oberfl\u00e4chen, selbst auf Oberfl\u00e4chen, die normalerweise schwer zu erreichen sind.<\/p>\n<p>Die einzige Anforderung ist, dass sich die zu behandelnde Luft\/Oberfl\u00e4chen in einem geschlossenen Raum befinden. Die Bek\u00e4mpfung von Viren und Bakterien kann zum Beispiel in Krankenh\u00e4usern und Gesundheitseinrichtungen, Bussen, Taxis, Z\u00fcgen, Schulen, Ambulanzen und Restaurants eingesetzt werden.<\/p>\n        <\/div>\n    <\/div>\n<\/div><\/section>\n\n\n\n<section class=\"block product-block\" style=\"--bg: white; --tc: #000000; --button-bg: #299f23; --button-tc: #ffffff; --button-hover-bg: transparent; --button-hover-tc: #299f23;\" >\n    <div class=\"container-fluid\">\n        <div class=\"row justify-content-center top\">\n            <div class=\"col-md-12 editor_content\">\n                                            <\/div>\n        <\/div>\n        <div class=\"row justify-content-center bottom\">\n            <div class=\"col-md-6 editor_content\">\n                <h4>Ozonreinigung mit ACT-3000<\/h4>\n<p>Wie viel Ozon erforderlich ist und f\u00fcr wie lange die Ozonproduktion in Betrieb sein muss, h\u00e4ngt vom Raumvolumen ab und davon wie viele Viren und Bakterien zum Aufspalten vorhanden sind. Die Behandlungszeit kann von einer Stunde bis zu \u00fcber 10 Stunden variieren, und Sie k\u00f6nnen die Behandlung \u00fcber Nacht, wenn der Betrieb geschlossen ist, durchf\u00fchren.<\/p>\n<p>Die Behandlung kann so oft wie n\u00f6tig wiederholt werden. ACT-3000 ist einfach in der Verwendung und die Betriebskosten sind minimal.<\/p>\n<p>ACT-3000 wurde in Schweden von Ozonetech entwickelt und hergestellt. Unsere gro\u00dfen kundenspezifischen Systeml\u00f6sungen zur Luft- und Wasserreinigung k\u00f6nnen weltweit in Industrien, Kl\u00e4ranlagen, Hefefabriken, der Arzneimittelindustrie, in Brauereien, Gew\u00e4chsh\u00e4usern und Einkaufszentren gefunden werden. Wir sind wachstumsstark und wurden mehrfach ausgezeichnet.<\/p>\n<p><em>Der ACT-3000 \/ 3000P wurde zur professionellen Reinigung und Desinfektion in der Industrie, dem Dienstleistungssektor und Kommunalbetriebe entwickelt.<\/em><\/p>\n\n                            <\/div>\n            <div class=\"col-md-6 text-center\">\n                                    <img loading=\"lazy\" decoding=\"async\" width=\"1153\" height=\"1132\" src=\"https:\/\/ozonetech.com\/wp-content\/uploads\/2021\/02\/Ozonetech-ACT-3000-13.png\" class=\"attachment-full size-full\" alt=\"ACT-3000\" srcset=\"https:\/\/ozonetech.com\/wp-content\/uploads\/2021\/02\/Ozonetech-ACT-3000-13.png 1153w, https:\/\/ozonetech.com\/wp-content\/uploads\/2021\/02\/Ozonetech-ACT-3000-13-300x295.png 300w, https:\/\/ozonetech.com\/wp-content\/uploads\/2021\/02\/Ozonetech-ACT-3000-13-1024x1005.png 1024w, https:\/\/ozonetech.com\/wp-content\/uploads\/2021\/02\/Ozonetech-ACT-3000-13-768x754.png 768w\" sizes=\"auto, (max-width: 1153px) 100vw, 1153px\" \/>                \n                <a href='https:\/\/ozonetech.com\/de\/produkte\/ozongeneratoren\/act-serie\/' class='btn' target=''>Angebot anfordern<\/a>            <\/div>\n        <\/div>\n    <\/div>\n<\/section>\n\n\n\n<section\n    id=\"\"\n    class=\"block content-block\"\n\tstyle=\"--cb-bg: #e6e6e6; --cb-content: #000; padding-top: 30px; padding-bottom: 30px;\"\n>\n    \n\n<div class=\"container-fluid editor_content content content--narrow\">\n    <div class=\"row\">\n        <div class=\"col-12 editor_content\">\n            <h4>Einfache Behandlung, gehen Sie wie folgt vor<\/h4>\n<p>1. Stellen Sie den ACT-3000 im Raum auf, vorzugsweise h\u00f6her (in einer erh\u00f6hten Position)<br \/>\n2. Schlie\u00dfen Sie T\u00fcren und Fenster<br \/>\n3. Das ACT-3000 an den Strom anschlie\u00dfen<br \/>\n4. W\u00e4hlen Sie eine Ozonproduktion zwischen 1-100 %<br \/>\n5. Verlassen Sie den Raum und schlie\u00dfen Sie die T\u00fcr<br \/>\n6. Sie entscheiden selbst wie lange die Behandlung andauert<br \/>\n7. Wenn Sie die Behandlung beenden m\u00f6chten, gehen Sie in den Raum und schalten Sie den Ozongenerator ab. \u00d6ffnen Sie das Fenster und entfernen Sie \u00fcbersch\u00fcssiges Ozon schneller. Gehen Sie aus dem Raum und schlie\u00dfen Sie die T\u00fcr, um den Rest des Ozons oxidieren zu lassen.<br \/>\n8. Tipp: Es ist vorteilhaft, die Behandlung mit Hilfe eines am Stecker montierten Timers zu steuern.<\/p>\n        <\/div>\n    <\/div>\n<\/div>\n\n<\/section>\n","protected":false},"excerpt":{"rendered":"","protected":false},"author":21,"featured_media":0,"parent":35737,"menu_order":0,"comment_status":"closed","ping_status":"closed","template":"","meta":{"_acf_changed":false,"_seopress_robots_primary_cat":"","_seopress_titles_title":"","_seopress_titles_desc":"Ozon baut sich schnell ab und inaktiviert sch\u00e4dliche Viren und Bakterien in der Luft und auf Oberfl\u00e4chen, selbst auf Oberfl\u00e4chen, die schwer zu erreichen sind.","_seopress_robots_index":"","inline_featured_image":false,"footnotes":""},"class_list":["post-35857","page","type-page","status-publish","hentry"],"acf":[],"_links":{"self":[{"href":"https:\/\/ozonetech.com\/de\/wp-json\/wp\/v2\/pages\/35857","targetHints":{"allow":["GET"]}}],"collection":[{"href":"https:\/\/ozonetech.com\/de\/wp-json\/wp\/v2\/pages"}],"about":[{"href":"https:\/\/ozonetech.com\/de\/wp-json\/wp\/v2\/types\/page"}],"author":[{"embeddable":true,"href":"https:\/\/ozonetech.com\/de\/wp-json\/wp\/v2\/users\/21"}],"replies":[{"embeddable":true,"href":"https:\/\/ozonetech.com\/de\/wp-json\/wp\/v2\/comments?post=35857"}],"version-history":[{"count":8,"href":"https:\/\/ozonetech.com\/de\/wp-json\/wp\/v2\/pages\/35857\/revisions"}],"predecessor-version":[{"id":40722,"href":"https:\/\/ozonetech.com\/de\/wp-json\/wp\/v2\/pages\/35857\/revisions\/40722"}],"up":[{"embeddable":true,"href":"https:\/\/ozonetech.com\/de\/wp-json\/wp\/v2\/pages\/35737"}],"wp:attachment":[{"href":"https:\/\/ozonetech.com\/de\/wp-json\/wp\/v2\/media?parent=35857"}],"curies":[{"name":"wp","href":"https:\/\/api.w.org\/{rel}","templated":true}]}}