{"id":35853,"date":"2021-07-08T08:41:13","date_gmt":"2021-07-08T07:41:13","guid":{"rendered":"https:\/\/ozonetech.com\/?page_id=35853"},"modified":"2024-10-22T09:25:31","modified_gmt":"2024-10-22T07:25:31","slug":"rauch-reinigung-von-rauchgeruchen","status":"publish","type":"page","link":"https:\/\/ozonetech.com\/de\/anwendungen\/geruch-und-hygiene\/rauch-reinigung-von-rauchgeruchen\/","title":{"rendered":"Rauch \u2013 Reinigung von Rauchger\u00fcchen"},"content":{"rendered":"\n<section\n    class=\"block hero hero--regular\"\n    style=\"background-image: url('https:\/\/ozonetech.com\/wp-content\/uploads\/2024\/10\/smoke-banner-2-1.png'); --hero-opacity: 0.3\"\n>\n\n    <div class=\"container-fluid\">\n\n        <div class=\"content editor_content\">\n                         \n                <h2 class='h2'>Rauch \u2013 Reinigung von Rauchger\u00fcchen<\/h2>            \n                    <\/div>\n\n            <\/div>\n<\/section>\n\n\n<section class=\"component component_breadcrumbs\">\n\t<div class=\"container-fluid\">\n  \t<\/div>\n<\/section>\n\n\n<section\n    id=\"\"\n    class=\"block content-block\"\n\tstyle=\"--cb-bg: white; --cb-content: #000; padding-top: 30px; padding-bottom: 30px;\"\n>\n    \n\n<div class=\"container-fluid editor_content content content--narrow\">\n    <div class=\"row\">\n        <div class=\"col-12 editor_content\">\n            <h1>Wirksames und chemikalienfreies Entfernen von Rauch und \u00e4hnlichen Ger\u00fcchen<\/h1>\n<p class=\"preamble\">Rauch von Zigaretten, offenen Kaminen, Br\u00e4nden und anderen Quellen gibt einen starken Geruch ab, der in B\u00f6den, W\u00e4nde und M\u00f6bel eindringen kann. Ozon kann dies behandeln und das Meiste von dem Geruch wirksam entfernen.<\/p>\n<p>Das Bewusstsein \u00fcber die Risiken von Passivrauchen bleibt hoch und speziell eingerichtete Raucherr\u00e4ume werden \u00fcblicher, insbesondere jetzt, wo das Rauchen in Innenr\u00e4umen, in Bierg\u00e4rten und in Stra\u00dfencafes nicht mehr erlaubt ist.<\/p>\n<p>Aufgrund der fast st\u00e4ndigen Rauchbel\u00e4stigung in Raucherr\u00e4umen kann es jedoch selbst f\u00fcr Raucher eine unangenehme Erfahrung sein, einen solchen Raum zu betreten. Eine Ozonbehandlung eines Raucherraums kann bewirken, dass der Raum betr\u00e4chtlich weniger stark riecht, und damit den Komfort der G\u00e4ste verbessern. Ozon bricht die Rauchmolek\u00fcle wirksam auf und trennt sie, sodass sie sich verfl\u00fcchtigen k\u00f6nnen.<\/p>\n<p>Ozon kann andere Arten von Rauch von nat\u00fcrlichen Stoffen behandeln und wirksam entfernen. Eine Sanierung von Rauchgeruch kann beispielsweise in Raucherr\u00e4umen, Hotelzimmern, Wohn- und anderen R\u00e4umen angewandt werden, wo Rauchgeruch ein Problem verursacht. Ozon kann auch zum Reinigen von Rauchsch\u00e4den nach Br\u00e4nden verwendet werden.<\/p>\n<p>Lesen Sie mehr \u00fcber die Rauchsanierung in Verbindung mit Br\u00e4nden.<\/p>\n        <\/div>\n    <\/div>\n<\/div>\n\n<\/section>\n\n\n\n<section class=\"block product-block\" style=\"--bg: white; --tc: #000000; --button-bg: #299f23; --button-tc: #ffffff; --button-hover-bg: transparent; --button-hover-tc: #299f23;\" >\n    <div class=\"container-fluid\">\n        <div class=\"row justify-content-center top\">\n            <div class=\"col-md-12 editor_content\">\n                                            <\/div>\n        <\/div>\n        <div class=\"row justify-content-center bottom\">\n            <div class=\"col-md-6 editor_content\">\n                <h3>Ozonreinigung mit ACT-3000<\/h3>\n<p>Die ben\u00f6tigte Ozonmenge und wie lange die Behandlung dauern sollte, h\u00e4ngt vom Volumen des Raums und von der St\u00e4rke des Rauchgeruchs ab, der beseitigt werden muss. Die Behandlungszeit kann von einer Stunde bis zu \u00fcber 10 Stunden variieren. In R\u00e4umen, die st\u00e4ndig riechen, kann die Behandlung rund um die Uhr durchgef\u00fchrt werden, aber mit einer niedrigeren Ozonproduktionsrate. Sollte der Rauchgeruch nach einer Behandlung weiter vorhanden sein, wiederholen Sie einfach die Behandlung. ACT-3000 ist einfach in der Verwendung und die Betriebskosten sind minimal.<\/p>\n<p>ACT-3000 wurde in Schweden von Ozonetech entwickelt und hergestellt. Unsere gro\u00dfen kundenspezifischen Systeml\u00f6sungen zur Luft- und Wasserreinigung findet man weltweit in Industrien, Kl\u00e4ranlagen, Hefefabriken, der Arzneimittelindustrie, in Brauereien, Gew\u00e4chsh\u00e4usern und Einkaufszentren. Wir sind wachstumsstark und wurden mehrfach ausgezeichnet.<\/p>\n<p><em>Der ACT-3000 \/ 3000P wurde zur professionellen Reinigung und Desinfektion in der Industrie, dem Dienstleistungssektor und in Kommunalbetrieben entwickelt.<\/em><\/p>\n\n                            <\/div>\n            <div class=\"col-md-6 text-center\">\n                                    <img loading=\"lazy\" decoding=\"async\" width=\"1153\" height=\"1132\" src=\"https:\/\/ozonetech.com\/wp-content\/uploads\/2021\/02\/Ozonetech-ACT-3000-13.png\" class=\"attachment-full size-full\" alt=\"ACT-3000\" srcset=\"https:\/\/ozonetech.com\/wp-content\/uploads\/2021\/02\/Ozonetech-ACT-3000-13.png 1153w, https:\/\/ozonetech.com\/wp-content\/uploads\/2021\/02\/Ozonetech-ACT-3000-13-300x295.png 300w, https:\/\/ozonetech.com\/wp-content\/uploads\/2021\/02\/Ozonetech-ACT-3000-13-1024x1005.png 1024w, https:\/\/ozonetech.com\/wp-content\/uploads\/2021\/02\/Ozonetech-ACT-3000-13-768x754.png 768w\" sizes=\"auto, (max-width: 1153px) 100vw, 1153px\" \/>                \n                <a href='https:\/\/ozonetech.com\/de\/produkte\/ozongeneratoren\/act-serie\/' class='btn' target=''>Angebot anfordern<\/a>            <\/div>\n        <\/div>\n    <\/div>\n<\/section>\n\n\n\n<section\n    id=\"\"\n    class=\"block content-block\"\n\tstyle=\"--cb-bg: #e6e6e6; --cb-content: #000; padding-top: 30px; padding-bottom: 30px;\"\n>\n    \n\n<div class=\"container-fluid editor_content content content--narrow\">\n    <div class=\"row\">\n        <div class=\"col-12 editor_content\">\n            <h4>Einfache Behandlung, gehen Sie wie folgt vor<\/h4>\n<p>1. Stellen Sie den ACT-3000 im Raum auf, vorzugsweise h\u00f6her (in einer erh\u00f6hten Position)<br \/>\n2. Schlie\u00dfen Sie T\u00fcren und Fenster<br \/>\n3. Den ACT-3000 an den Strom anschlie\u00dfen<br \/>\n4. W\u00e4hlen Sie eine Ozonproduktion zwischen 1-100 %<br \/>\n5. Verlassen Sie den Raum und schlie\u00dfen Sie die T\u00fcr<br \/>\n6. Sie entscheiden selbst wie lange die Behandlung dauern soll<br \/>\n7. Wenn Sie die Behandlung beenden m\u00f6chten, gehen Sie in den Raum und schalten Sie den Ozongenerator aus. \u00d6ffnen Sie das Fenster, um \u00fcbersch\u00fcssiges Ozon schneller zu entfernen. Gehen Sie aus dem Raum und schlie\u00dfen Sie die T\u00fcr, um den Rest des Ozons oxidieren zu lassen.<br \/>\n8. Tipp: Es ist vorteilhaft, die Behandlung mit Hilfe eines am Stecker montierten Timers zu steuern.<\/p>\n        <\/div>\n    <\/div>\n<\/div>\n\n<\/section>\n","protected":false},"excerpt":{"rendered":"","protected":false},"author":21,"featured_media":0,"parent":35737,"menu_order":0,"comment_status":"closed","ping_status":"closed","template":"","meta":{"_acf_changed":false,"_seopress_robots_primary_cat":"","_seopress_titles_title":"","_seopress_titles_desc":"Ozon l\u00f6st Rauchmolek\u00fcle wirksam auf, indem es die Molek\u00fcle aufbricht. Ozon kann andere Arten von Rauch behandeln und wirksam entfernen.","_seopress_robots_index":"","inline_featured_image":false,"footnotes":""},"class_list":["post-35853","page","type-page","status-publish","hentry"],"acf":[],"_links":{"self":[{"href":"https:\/\/ozonetech.com\/de\/wp-json\/wp\/v2\/pages\/35853","targetHints":{"allow":["GET"]}}],"collection":[{"href":"https:\/\/ozonetech.com\/de\/wp-json\/wp\/v2\/pages"}],"about":[{"href":"https:\/\/ozonetech.com\/de\/wp-json\/wp\/v2\/types\/page"}],"author":[{"embeddable":true,"href":"https:\/\/ozonetech.com\/de\/wp-json\/wp\/v2\/users\/21"}],"replies":[{"embeddable":true,"href":"https:\/\/ozonetech.com\/de\/wp-json\/wp\/v2\/comments?post=35853"}],"version-history":[{"count":10,"href":"https:\/\/ozonetech.com\/de\/wp-json\/wp\/v2\/pages\/35853\/revisions"}],"predecessor-version":[{"id":41754,"href":"https:\/\/ozonetech.com\/de\/wp-json\/wp\/v2\/pages\/35853\/revisions\/41754"}],"up":[{"embeddable":true,"href":"https:\/\/ozonetech.com\/de\/wp-json\/wp\/v2\/pages\/35737"}],"wp:attachment":[{"href":"https:\/\/ozonetech.com\/de\/wp-json\/wp\/v2\/media?parent=35853"}],"curies":[{"name":"wp","href":"https:\/\/api.w.org\/{rel}","templated":true}]}}