{"id":35849,"date":"2021-07-08T08:21:30","date_gmt":"2021-07-08T07:21:30","guid":{"rendered":"https:\/\/ozonetech.com\/?page_id=35849"},"modified":"2024-10-22T09:16:38","modified_gmt":"2024-10-22T07:16:38","slug":"raeumen-und-gebaeuden","status":"publish","type":"page","link":"https:\/\/ozonetech.com\/de\/anwendungen\/geruch-und-hygiene\/raeumen-und-gebaeuden\/","title":{"rendered":"R\u00e4umen und Geb\u00e4uden"},"content":{"rendered":"\n<section\n    class=\"block hero hero--regular\"\n    style=\"background-image: url('https:\/\/ozonetech.com\/wp-content\/uploads\/2024\/10\/Edited-getty-images-msyQNw7AfJ0-unsplash-1.jpg'); --hero-opacity: 0.35\"\n>\n\n    <div class=\"container-fluid\">\n\n        <div class=\"content editor_content\">\n                         \n                <h2 class='h2'>Odor problems in rooms and premises<\/h2>            \n                    <\/div>\n\n            <\/div>\n<\/section>\n\n\n<section class=\"component component_breadcrumbs\">\n\t<div class=\"container-fluid\">\n  \t<\/div>\n<\/section>\n\n\n<section\n    id=\"\"\n    class=\"block content-block\"\n\tstyle=\"--cb-bg: white; --cb-content: #000; padding-top: 30px; padding-bottom: 30px;\"\n>\n    \n\n<div class=\"container-fluid editor_content content content--narrow\">\n    <div class=\"row\">\n        <div class=\"col-12 editor_content\">\n            <h1>Eine einfache und wirksame Desinfektion zum Auffrischen von R\u00e4umen<\/h1>\n<p class=\"preamble\">Eine Ozonbehandlung ist eine wirksame M\u00f6glichkeit, R\u00e4ume aufzufrischen, indem der Geruch von Schimmel, Tabakrauch, Schwei\u00df, Abf\u00e4llen und Essensresten beseitigt wird.<\/p>\n<p>Ozon kann Ger\u00fcche in jedem Raum behandeln, beispielsweise in Konferenzr\u00e4umen, B\u00fcros, Sitzungsr\u00e4umen, Wohnr\u00e4umen, Vereinslokalen und Umkleidekabinen. Es eignet sich auch hervorragend zur Behandlung von gro\u00dfen Geb\u00e4uden wie Theatern, Kinos, Konzerts\u00e4len und Sporthallen. In R\u00e4umen, die gr\u00f6\u00dfer als 50 m<sup>2<\/sup> sind, sollten zus\u00e4tzliche Ger\u00e4te benutzt werden.<\/p>\n<p>Lesen Sie mehr \u00fcber Geruchsprobleme in Hotelzimmern.<\/p>\n        <\/div>\n    <\/div>\n<\/div>\n\n<\/section>\n\n\n\n<section class=\"block product-block\" style=\"--bg: white; --tc: #000000; --button-bg: #299f23; --button-tc: #ffffff; --button-hover-bg: transparent; --button-hover-tc: #299f23;\" >\n    <div class=\"container-fluid\">\n        <div class=\"row justify-content-center top\">\n            <div class=\"col-md-12 editor_content\">\n                                            <\/div>\n        <\/div>\n        <div class=\"row justify-content-center bottom\">\n            <div class=\"col-md-6 editor_content\">\n                <h3>Ozonreinigung mit ACT-3000<\/h3>\n<p>Wie viel Ozon erforderlich ist und f\u00fcr wie lange die Produktion laufen sollte, h\u00e4ngt vom Raumvolumen und davon ab, wie viele Bakterien und Viren beseitigt werden m\u00fcssen. Die Behandlungszeit kann von einer Stunde bis zu \u00fcber 10 Stunden variieren. Eine wiederholte Behandlung ist hervorragend, wenn das Problem noch weiter besteht. ACT-3000 ist einfach in der Verwendung und die Betriebskosten sind minimal. In R\u00e4umen mit einem st\u00e4ndigen Risiko eines Wachstums von Viren und Bakterien kann die Behandlung rund um die Uhr stattfinden.<\/p>\n<p>ACT-3000 wurde in Schweden von Ozonetech entwickelt und hergestellt. Unsere gro\u00dfen kundenspezifischen Systeml\u00f6sungen zur Luft- und Wasserreinigung findet man weltweit in Industrien, Kl\u00e4ranlagen, Hefefabriken, der Arzneimittelindustrie, in Brauereien, Gew\u00e4chsh\u00e4usern und Einkaufszentren. Wir sind wachstumsstark und wurden mehrfach ausgezeichnet.<\/p>\n<p><em>Der ACT-3000 \/ 3000P wurde zur professionellen Reinigung und Desinfektion in der Industrie, dem Dienstleistungssektor und in Kommunalbetrieben entwickelt.<\/em><\/p>\n\n                            <\/div>\n            <div class=\"col-md-6 text-center\">\n                                    <img loading=\"lazy\" decoding=\"async\" width=\"1153\" height=\"1132\" src=\"https:\/\/ozonetech.com\/wp-content\/uploads\/2021\/02\/Ozonetech-ACT-3000-13.png\" class=\"attachment-full size-full\" alt=\"ACT-3000\" srcset=\"https:\/\/ozonetech.com\/wp-content\/uploads\/2021\/02\/Ozonetech-ACT-3000-13.png 1153w, https:\/\/ozonetech.com\/wp-content\/uploads\/2021\/02\/Ozonetech-ACT-3000-13-300x295.png 300w, https:\/\/ozonetech.com\/wp-content\/uploads\/2021\/02\/Ozonetech-ACT-3000-13-1024x1005.png 1024w, https:\/\/ozonetech.com\/wp-content\/uploads\/2021\/02\/Ozonetech-ACT-3000-13-768x754.png 768w\" sizes=\"auto, (max-width: 1153px) 100vw, 1153px\" \/>                \n                <a href='https:\/\/ozonetech.com\/de\/produkte\/ozongeneratoren\/act-serie\/' class='btn' target=''>Angebot anfordern<\/a>            <\/div>\n        <\/div>\n    <\/div>\n<\/section>\n\n\n\n<section\n    id=\"\"\n    class=\"block content-block\"\n\tstyle=\"--cb-bg: #e6e6e6; --cb-content: #000; padding-top: 30px; padding-bottom: 30px;\"\n>\n    \n\n<div class=\"container-fluid editor_content content content--narrow\">\n    <div class=\"row\">\n        <div class=\"col-12 editor_content\">\n            <h4>Einfache Behandlung, gehen Sie wie folgt vor<\/h4>\n<p>1. Stellen Sie den ACT-3000 im Raum auf, vorzugsweise h\u00f6her (in einer erh\u00f6hten Position)<br \/>\n2. Schlie\u00dfen Sie T\u00fcren und Fenster<br \/>\n3. Den ACT-3000 an den Strom anschlie\u00dfen<br \/>\n4. W\u00e4hlen Sie eine Ozonproduktion zwischen 1-100 %<br \/>\n5. Verlassen Sie den Raum und schlie\u00dfen Sie die T\u00fcr<br \/>\n6. Sie entscheiden selbst wie lange die Behandlung dauern soll<br \/>\n7. Wenn Sie die Behandlung beenden m\u00f6chten, gehen Sie in den Raum und schalten Sie den Ozongenerator aus. \u00d6ffnen Sie das Fenster, um \u00fcbersch\u00fcssiges Ozon schneller zu entfernen. Gehen Sie aus dem Raum und schlie\u00dfen Sie die T\u00fcr, um den Rest des Ozons oxidieren zu lassen.<br \/>\n8. Tipp: Es ist vorteilhaft, die Behandlung mit Hilfe eines am Stecker montierten Timers zu steuern.<\/p>\n        <\/div>\n    <\/div>\n<\/div>\n\n<\/section>\n","protected":false},"excerpt":{"rendered":"","protected":false},"author":21,"featured_media":0,"parent":35737,"menu_order":0,"comment_status":"closed","ping_status":"closed","template":"","meta":{"_acf_changed":false,"_seopress_robots_primary_cat":"","_seopress_titles_title":"","_seopress_titles_desc":"Eine Ozonbehandlung ist eine wirksame M\u00f6glichkeit, R\u00e4ume aufzufrischen, indem der Geruch von Schimmel, Tabakrauch, Schwei\u00df, Abf\u00e4llen und Essensresten beseitigt wird.","_seopress_robots_index":"","inline_featured_image":false,"footnotes":""},"class_list":["post-35849","page","type-page","status-publish","hentry"],"acf":[],"_links":{"self":[{"href":"https:\/\/ozonetech.com\/de\/wp-json\/wp\/v2\/pages\/35849","targetHints":{"allow":["GET"]}}],"collection":[{"href":"https:\/\/ozonetech.com\/de\/wp-json\/wp\/v2\/pages"}],"about":[{"href":"https:\/\/ozonetech.com\/de\/wp-json\/wp\/v2\/types\/page"}],"author":[{"embeddable":true,"href":"https:\/\/ozonetech.com\/de\/wp-json\/wp\/v2\/users\/21"}],"replies":[{"embeddable":true,"href":"https:\/\/ozonetech.com\/de\/wp-json\/wp\/v2\/comments?post=35849"}],"version-history":[{"count":13,"href":"https:\/\/ozonetech.com\/de\/wp-json\/wp\/v2\/pages\/35849\/revisions"}],"predecessor-version":[{"id":41708,"href":"https:\/\/ozonetech.com\/de\/wp-json\/wp\/v2\/pages\/35849\/revisions\/41708"}],"up":[{"embeddable":true,"href":"https:\/\/ozonetech.com\/de\/wp-json\/wp\/v2\/pages\/35737"}],"wp:attachment":[{"href":"https:\/\/ozonetech.com\/de\/wp-json\/wp\/v2\/media?parent=35849"}],"curies":[{"name":"wp","href":"https:\/\/api.w.org\/{rel}","templated":true}]}}