{"id":35845,"date":"2021-07-08T08:15:20","date_gmt":"2021-07-08T07:15:20","guid":{"rendered":"https:\/\/ozonetech.com\/?page_id=35845"},"modified":"2024-10-10T10:44:38","modified_gmt":"2024-10-10T08:44:38","slug":"abhilfe-in-der-lebensmittelproduktion","status":"publish","type":"page","link":"https:\/\/ozonetech.com\/de\/anwendungen\/geruch-und-hygiene\/abhilfe-in-der-lebensmittelproduktion\/","title":{"rendered":"Abhilfe in der Lebensmittelproduktion"},"content":{"rendered":"\n<section\n    class=\"block hero hero--regular\"\n    style=\"background-image: url('https:\/\/ozonetech.com\/wp-content\/uploads\/2021\/02\/remediation-in-food-production-1600x484.jpg'); --hero-opacity: 0.3\"\n>\n\n    <div class=\"container-fluid\">\n\n        <div class=\"content editor_content\">\n                         \n                <h2 class='h2'>Bakterien und Viren \u2013 Abhilfe in der Lebensmittelproduktion<\/h2>            \n                    <\/div>\n\n            <\/div>\n<\/section>\n\n\n<section class=\"component component_breadcrumbs\">\n\t<div class=\"container-fluid\">\n  \t<\/div>\n<\/section>\n\n\n<section\n    id=\"\"\n    class=\"block content-block\"\n\tstyle=\"--cb-bg: white; --cb-content: #000; padding-top: 30px; padding-bottom: 30px;\"\n>\n    \n\n<div class=\"container-fluid editor_content content content--narrow\">\n    <div class=\"row\">\n        <div class=\"col-12 editor_content\">\n            <h1>Mikroorganismen m\u00fcssen beseitigt werden, um die Haltbarkeit von Lebensmitteln zu verl\u00e4ngern<\/h1>\n<p class=\"preamble\">Zwei Gebiete, auf denen Ozon h\u00f6chst n\u00fctzlich sein kann, sind die Vorverpackung bei der Herstellung von Produkten wie Fleisch und Gefl\u00fcgel und f\u00fcr die Lagerung von direkt geernteten Produkten wie etwa Kartoffeln. Durch eine Ozonbehandlung der Produkte bevor sie verpackt werden, nimmt die Bakterienzahl drastisch ab und Listerien und andere Krankheitserreger k\u00f6nnen unter Kontrolle gehalten werden, was die Haltbarkeit der Produkte verl\u00e4ngert.<\/p>\n<p>Zus\u00e4tzlich zur Behandlung der Produkte k\u00f6nnen auch die im Produktionsprozess verwendeten Ger\u00e4te gleichzeitig behandelt werden, wodurch die Effizienz des Prozesses erh\u00f6ht wird. Eine Ozonbehandlung ist auch f\u00fcr Produkte sicher, die essfertig sind, sowie f\u00fcr Produkte, die fortgesetztes Kochen erfordern. Bei der Lagerung von geernteten Produkten wie etwa Kartoffeln bedeutet eine Ozonbehandlung, dass Probleme mit verdorbenen Produkten durch die F\u00e4higkeit des Ozons, sch\u00e4dliche Bakterien wie etwa Erwinia, die Kartoffelf\u00e4ule verursacht, deutlich reduziert werden.<\/p>\n<p>Mit einer Ozonbehandlung k\u00f6nnen Bakterien, Schimmel, Pilze und Viren in allen Stadien von Produktion, Lagerung und Verpackung beseitigt werden. Ozon kann eingesetzt werden, um biologische Ablagerungen zu verhindern und um in der Luft befindliche Sporen, Viren und Bakterien zu eliminieren. Die Sanierung von Bakterien und Viren kann in mehreren Phasen der Lagerung von Lebensmitteln angewendet werden, beispielsweise in Lagerh\u00e4usern, K\u00fchlanlagen, Transportfahrzeugen und Silos.<\/p>\n        <\/div>\n    <\/div>\n<\/div>\n\n<\/section>\n\n\n\n<section class=\"block product-block\" style=\"--bg: white; --tc: #000000; --button-bg: #299f23; --button-tc: #ffffff; --button-hover-bg: transparent; --button-hover-tc: #299f23;\" >\n    <div class=\"container-fluid\">\n        <div class=\"row justify-content-center top\">\n            <div class=\"col-md-12 editor_content\">\n                                            <\/div>\n        <\/div>\n        <div class=\"row justify-content-center bottom\">\n            <div class=\"col-md-6 editor_content\">\n                <h3>Ozonreinigung mit ACT-3000<\/h3>\n<p>Wie viel Ozon erforderlich ist und f\u00fcr wie lange die Produktion laufen sollte, h\u00e4ngt vom Raumvolumen und davon ab, wie viele Bakterien und Viren beseitigt werden m\u00fcssen. Die Behandlungszeit kann von einer Stunde zu \u00fcber 10 Stunden variieren. Eine wiederholte Behandlung ist hervorragend, wenn das Problem noch weiter besteht. ACT-3000 ist einfach in der Verwendung und die Betriebskosten sind minimal. In R\u00e4umen mit einem st\u00e4ndigen Risiko eines Wachstums von Viren und Bakterien kann die Behandlung rund um die Uhr stattfinden.<\/p>\n<p>ACT-3000 wurde in Schweden von Ozonetech entwickelt und hergestellt. Unsere gro\u00dfen kundenspezifischen Systeml\u00f6sungen zur Luft- und Wasserreinigung findet man weltweit in Industrien, Kl\u00e4ranlagen, Hefefabriken, der Arzneimittelindustrie, in Brauereien, Gew\u00e4chsh\u00e4usern und Einkaufszentren. Wir sind wachstumsstark und wurden mehrfach ausgezeichnet.<\/p>\n<p>Der ACT-3000 \/ 3000P wurde zur professionellen Reinigung und Desinfektion in der Industrie, dem Dienstleistungssektor und in Kommunalbetrieben entwickelt.<\/p>\n<p>&nbsp;<\/p>\n\n                            <\/div>\n            <div class=\"col-md-6 text-center\">\n                                    <img loading=\"lazy\" decoding=\"async\" width=\"1153\" height=\"1132\" src=\"https:\/\/ozonetech.com\/wp-content\/uploads\/2021\/02\/Ozonetech-ACT-3000-13.png\" class=\"attachment-full size-full\" alt=\"ACT-3000\" srcset=\"https:\/\/ozonetech.com\/wp-content\/uploads\/2021\/02\/Ozonetech-ACT-3000-13.png 1153w, https:\/\/ozonetech.com\/wp-content\/uploads\/2021\/02\/Ozonetech-ACT-3000-13-300x295.png 300w, https:\/\/ozonetech.com\/wp-content\/uploads\/2021\/02\/Ozonetech-ACT-3000-13-1024x1005.png 1024w, https:\/\/ozonetech.com\/wp-content\/uploads\/2021\/02\/Ozonetech-ACT-3000-13-768x754.png 768w\" sizes=\"auto, (max-width: 1153px) 100vw, 1153px\" \/>                \n                <a href='https:\/\/ozonetech.com\/de\/produkte\/ozongeneratoren\/act-serie\/' class='btn' target=''>Angebot anfordern<\/a>            <\/div>\n        <\/div>\n    <\/div>\n<\/section>\n\n\n\n<section\n    id=\"\"\n    class=\"block content-block\"\n\tstyle=\"--cb-bg: #e6e6e6; --cb-content: #000; padding-top: 30px; padding-bottom: 30px;\"\n>\n    \n\n<div class=\"container-fluid editor_content content content--narrow\">\n    <div class=\"row\">\n        <div class=\"col-12 editor_content\">\n            <h4>Einfache Behandlung, gehen Sie wie folgt vor<\/h4>\n<p>1. Stellen Sie den ACT-3000 im Raum auf, vorzugsweise h\u00f6her (in einer erh\u00f6hten Position)<br \/>\n2. Schlie\u00dfen Sie T\u00fcren und Fenster<br \/>\n3. Den ACT-3000 an den Strom anschlie\u00dfen<br \/>\n4. W\u00e4hlen Sie eine Ozonproduktion zwischen 1-100 %<br \/>\n5. Verlassen Sie den Raum und schlie\u00dfen Sie die T\u00fcr<br \/>\n6. Sie entscheiden selbst wie lange die Behandlung dauern soll<br \/>\n7. Wenn Sie die Behandlung beenden m\u00f6chten, gehen Sie in den Raum und schalten Sie den Ozongenerator aus. \u00d6ffnen Sie das Fenster, um \u00fcbersch\u00fcssiges Ozon schneller zu entfernen. Gehen Sie aus dem Raum und schlie\u00dfen Sie die T\u00fcr, um den Rest des Ozons oxidieren zu lassen.<br \/>\n8. Tipp: Es ist vorteilhaft, die Behandlung mit Hilfe eines am Stecker montierten Timers zu steuern.<\/p>\n        <\/div>\n    <\/div>\n<\/div>\n\n<\/section>\n","protected":false},"excerpt":{"rendered":"","protected":false},"author":21,"featured_media":0,"parent":35737,"menu_order":0,"comment_status":"closed","ping_status":"closed","template":"","meta":{"_acf_changed":false,"_seopress_robots_primary_cat":"","_seopress_titles_title":"","_seopress_titles_desc":"Durch Ozonbehandlung von Produkten bei der Vorverpackung werden Bakterien vollkommen entfernt, Krankheitserreger unter Kontrolle gehalten und die Haltbarkeit verl\u00e4ngert.","_seopress_robots_index":"","inline_featured_image":false,"footnotes":""},"class_list":["post-35845","page","type-page","status-publish","hentry"],"acf":[],"_links":{"self":[{"href":"https:\/\/ozonetech.com\/de\/wp-json\/wp\/v2\/pages\/35845","targetHints":{"allow":["GET"]}}],"collection":[{"href":"https:\/\/ozonetech.com\/de\/wp-json\/wp\/v2\/pages"}],"about":[{"href":"https:\/\/ozonetech.com\/de\/wp-json\/wp\/v2\/types\/page"}],"author":[{"embeddable":true,"href":"https:\/\/ozonetech.com\/de\/wp-json\/wp\/v2\/users\/21"}],"replies":[{"embeddable":true,"href":"https:\/\/ozonetech.com\/de\/wp-json\/wp\/v2\/comments?post=35845"}],"version-history":[{"count":8,"href":"https:\/\/ozonetech.com\/de\/wp-json\/wp\/v2\/pages\/35845\/revisions"}],"predecessor-version":[{"id":40707,"href":"https:\/\/ozonetech.com\/de\/wp-json\/wp\/v2\/pages\/35845\/revisions\/40707"}],"up":[{"embeddable":true,"href":"https:\/\/ozonetech.com\/de\/wp-json\/wp\/v2\/pages\/35737"}],"wp:attachment":[{"href":"https:\/\/ozonetech.com\/de\/wp-json\/wp\/v2\/media?parent=35845"}],"curies":[{"name":"wp","href":"https:\/\/api.w.org\/{rel}","templated":true}]}}