{"id":35838,"date":"2021-07-08T08:06:58","date_gmt":"2021-07-08T07:06:58","guid":{"rendered":"https:\/\/ozonetech.com\/?page_id=35838"},"modified":"2024-10-10T10:33:27","modified_gmt":"2024-10-10T08:33:27","slug":"pumpensumpfe","status":"publish","type":"page","link":"https:\/\/ozonetech.com\/de\/anwendungen\/geruch-und-hygiene\/pumpensumpfe\/","title":{"rendered":"Pumpens\u00fcmpfe"},"content":{"rendered":"\n<section\n    class=\"block hero hero--regular\"\n    style=\"background-image: url('https:\/\/ozonetech.com\/wp-content\/uploads\/2021\/02\/pump-station-1600x484.jpg'); --hero-opacity: 0.3\"\n>\n\n    <div class=\"container-fluid\">\n\n        <div class=\"content editor_content\">\n                         \n                <h2 class='h2'>Pumpens\u00fcmpfe \u2013 Geruchsprobleme<\/h2>            \n                    <\/div>\n\n            <\/div>\n<\/section>\n\n\n<section class=\"component component_breadcrumbs\">\n\t<div class=\"container-fluid\">\n  \t<\/div>\n<\/section>\n\n\n<section\n    id=\"\"\n    class=\"block content-block\"\n\tstyle=\"--cb-bg: #ffffff; --cb-content: #000; padding-top: 30px; padding-bottom: 30px;\"\n>\n    \n\n<div class=\"container-fluid editor_content content content--narrow\">\n    <div class=\"row\">\n        <div class=\"col-12 editor_content\">\n            <h1>Die wirksamste Weise, Geruchsprobleme in Pumpwerken zu behandeln, ist direkt an der Quelle<\/h1>\n<p class=\"preamble\">Pumpens\u00fcmpfe und Pumpensode riechen von Natur aus. Das Grundwasser, das zur sp\u00e4teren Ableitung in die Kanalisation gesammelt wird, steht oft lange und wird eventuell stinken. Wenn der Gestank die Umgebung st\u00f6rt, kann Ozon das Problem minimieren. Das Ozon wird in der N\u00e4he der Pumpengrube erzeugt und wird dann st\u00e4ndig in den Pumpensumpf hinunter geleitet.<\/p>\n        <\/div>\n    <\/div>\n<\/div>\n\n<\/section>\n\n\n\n<section class=\"block product-block\" style=\"--bg: white; --tc: #000000; --button-bg: #299f23; --button-tc: #ffffff; --button-hover-bg: transparent; --button-hover-tc: #299f23;\" >\n    <div class=\"container-fluid\">\n        <div class=\"row justify-content-center top\">\n            <div class=\"col-md-12 editor_content\">\n                                            <\/div>\n        <\/div>\n        <div class=\"row justify-content-center bottom\">\n            <div class=\"col-md-6 editor_content\">\n                <h3>Ozonreinigung mit ACT-3000<\/h3>\n<p>Wie viel Ozon erforderlich ist und f\u00fcr wie lange die Produktion laufen sollte, h\u00e4ngt vom Raumvolumen und dem Grad des Geruchsproblems ab. Die Behandlungszeit kann von einer Stunde zu \u00fcber 10 Stunden variieren. Die Behandlung kann so oft wie n\u00f6tig wiederholt werden. ACT-3000 ist einfach in der Verwendung und die Betriebskosten sind minimal.<\/p>\n<p>ACT-3000 wurde in Schweden von Ozonetech entwickelt und hergestellt. Unsere gro\u00dfen kundenspezifischen Systeml\u00f6sungen zur Luft- und Wasserreinigung k\u00f6nnen weltweit in Industrien, Kl\u00e4ranlagen, Hefefabriken, der Arzneimittelindustrie, in Brauereien, Gew\u00e4chsh\u00e4usern und Einkaufszentren gefunden werden. Wir sind wachstumsstark und wurden mehrfach ausgezeichnet.<\/p>\n<p><em>Der ACT-3000 \/ 3000P wurde zur professionellen Reinigung und Desinfektion in der Industrie, dem Dienstleistungssektor und Kommunalbetriebe entwickelt.<\/em><\/p>\n\n                            <\/div>\n            <div class=\"col-md-6 text-center\">\n                                    <img loading=\"lazy\" decoding=\"async\" width=\"1153\" height=\"1132\" src=\"https:\/\/ozonetech.com\/wp-content\/uploads\/2021\/01\/Ozonetech-ACT-3000P.png\" class=\"attachment-full size-full\" alt=\"\" srcset=\"https:\/\/ozonetech.com\/wp-content\/uploads\/2021\/01\/Ozonetech-ACT-3000P.png 1153w, https:\/\/ozonetech.com\/wp-content\/uploads\/2021\/01\/Ozonetech-ACT-3000P-300x295.png 300w, https:\/\/ozonetech.com\/wp-content\/uploads\/2021\/01\/Ozonetech-ACT-3000P-1024x1005.png 1024w, https:\/\/ozonetech.com\/wp-content\/uploads\/2021\/01\/Ozonetech-ACT-3000P-768x754.png 768w\" sizes=\"auto, (max-width: 1153px) 100vw, 1153px\" \/>                \n                <a href='https:\/\/ozonetech.com\/de\/produkte\/ozongeneratoren\/act-serie\/' class='btn' target=''>Angebot anfordern<\/a>            <\/div>\n        <\/div>\n    <\/div>\n<\/section>\n\n\n\n<section\n    id=\"\"\n    class=\"block content-block\"\n\tstyle=\"--cb-bg: #e6e6e6; --cb-content: #000; padding-top: 30px; padding-bottom: 30px;\"\n>\n    \n\n<div class=\"container-fluid editor_content content content--narrow\">\n    <div class=\"row\">\n        <div class=\"col-12 editor_content\">\n            <h4>Einfache Behandlung, gehen Sie wie folgt vor<\/h4>\n<p>1. Befestigen Sie den ACT-3000P in der Wandhalterung<br \/>\n2. Schlie\u00dfen Sie die Membranpumpe und den Ozoninjektor an<br \/>\n3. F\u00fchren Sie den Ozoninjektor in das L\u00fcftungsrohr ein<br \/>\n4. W\u00e4hlen Sie eine Ozonproduktion zwischen 1-100 %<br \/>\n5. Die Produktion l\u00e4uft f\u00fcr Gew\u00f6hnlich durchgehend<br \/>\n6. Passen Sie bei Bedarf die Ozonproduktion an<\/p>\n        <\/div>\n    <\/div>\n<\/div>\n\n<\/section>\n","protected":false},"excerpt":{"rendered":"","protected":false},"author":21,"featured_media":0,"parent":35737,"menu_order":0,"comment_status":"closed","ping_status":"closed","template":"","meta":{"_acf_changed":false,"_seopress_robots_primary_cat":"","_seopress_titles_title":"","_seopress_titles_desc":"Pumpens\u00fcmpfe und Pumpensode riechen aus nat\u00fcrlichen Gr\u00fcnden, aber Ozon kann die Ursache behandeln, indem es st\u00e4ndig in den Pumpensumpf hinunter geleitet wird.","_seopress_robots_index":"","inline_featured_image":false,"footnotes":""},"class_list":["post-35838","page","type-page","status-publish","hentry"],"acf":[],"_links":{"self":[{"href":"https:\/\/ozonetech.com\/de\/wp-json\/wp\/v2\/pages\/35838","targetHints":{"allow":["GET"]}}],"collection":[{"href":"https:\/\/ozonetech.com\/de\/wp-json\/wp\/v2\/pages"}],"about":[{"href":"https:\/\/ozonetech.com\/de\/wp-json\/wp\/v2\/types\/page"}],"author":[{"embeddable":true,"href":"https:\/\/ozonetech.com\/de\/wp-json\/wp\/v2\/users\/21"}],"replies":[{"embeddable":true,"href":"https:\/\/ozonetech.com\/de\/wp-json\/wp\/v2\/comments?post=35838"}],"version-history":[{"count":10,"href":"https:\/\/ozonetech.com\/de\/wp-json\/wp\/v2\/pages\/35838\/revisions"}],"predecessor-version":[{"id":40643,"href":"https:\/\/ozonetech.com\/de\/wp-json\/wp\/v2\/pages\/35838\/revisions\/40643"}],"up":[{"embeddable":true,"href":"https:\/\/ozonetech.com\/de\/wp-json\/wp\/v2\/pages\/35737"}],"wp:attachment":[{"href":"https:\/\/ozonetech.com\/de\/wp-json\/wp\/v2\/media?parent=35838"}],"curies":[{"name":"wp","href":"https:\/\/api.w.org\/{rel}","templated":true}]}}