{"id":35817,"date":"2020-06-24T13:52:16","date_gmt":"2020-06-24T13:52:16","guid":{"rendered":"https:\/\/ozonetech.com\/anwendungen\/odor-sanitation\/schimmelsanierung\/"},"modified":"2024-10-10T10:30:51","modified_gmt":"2024-10-10T08:30:51","slug":"schimmelsanierung","status":"publish","type":"page","link":"https:\/\/ozonetech.com\/de\/anwendungen\/geruch-und-hygiene\/schimmelsanierung\/","title":{"rendered":"Schimmelsanierung"},"content":{"rendered":"\n<section\n    class=\"block hero hero--regular\"\n    style=\"background-image: url('https:\/\/ozonetech.com\/wp-content\/uploads\/2021\/02\/mold-sanitation-1600x484.jpg'); --hero-opacity: 0.3\"\n>\n\n    <div class=\"container-fluid\">\n\n        <div class=\"content editor_content\">\n                         \n                <h2 class='h2'>Schimmelsanierung<\/h2>            \n                    <\/div>\n\n            <\/div>\n<\/section>\n\n\n<section class=\"component component_breadcrumbs\">\n\t<div class=\"container-fluid\">\n  \t<\/div>\n<\/section>\n\n\n<section\n    id=\"\"\n    class=\"block content-block\"\n\tstyle=\"--cb-bg: white; --cb-content: #000; padding-top: 30px; padding-bottom: 30px;\"\n>\n    \n\n<div class=\"container-fluid editor_content content content--narrow\">\n    <div class=\"row\">\n        <div class=\"col-12 editor_content\">\n            <h1>Effiziente Schimmelsanierung von Luft und Oberfl\u00e4chen<\/h1>\n<p class=\"preamble\">Schimmelsporen befinden sich \u00fcberall und wachsen unter den richtigen Bedingungen schnell. Schimmelsporen sind auch eine der Hauptursachen f\u00fcr allergische Symptome. Die einzige herk\u00f6mmliche Art, Schimmel loszuwerden, ist den sichtbaren Schimmel zu entfernen, die Oberfl\u00e4chen zu desinfizieren und die Feuchtigkeit zu reduzieren. Wenn Schimmel unkontrolliert w\u00e4chst, kann er Oberfl\u00e4chen zerst\u00f6ren indem er sie unbenutzbar werden l\u00e4sst, was bedeutet, dass die einzige M\u00f6glichkeit ist, die Oberfl\u00e4che zu entfernen.<\/p>\n<p>Ozon kann Schimmel sowohl in der Luft als auch auf Oberfl\u00e4chen wie Teppichen, B\u00f6den und W\u00e4nden beseitigen. Ozon kann Schimmel auch an schwer zug\u00e4nglichen Stellen wie der D\u00e4mmung, bei Fliesen, Holz und Mauerwerken behandeln.<\/p>\n<p>Ger\u00fcche, die nicht von Abfall stammen, sind oft das erste Anzeichen von Schimmel und Feuchtigkeitssch\u00e4den. Die Sanierung von Schimmel und Ger\u00fcchen kann zum Beispiel in Geb\u00e4uden, Kellern, H\u00e4usern, Lagern, Garagen, H\u00fctten, Abstellr\u00e4umen, Feuchtr\u00e4umen und Toiletten eingesetzt werden.<\/p>\n<p>Die Verwendung von Ozon ist ein gut erprobter Weg, Schimmel vorzubeugen. Das hohe Oxidationspotenzial von Ozon bedeutet, dass es Schimmelsporen, die sich in der Luft befinden, aktiv abt\u00f6tet statt nur deren Geruch zu \u00fcberdecken. Es ist au\u00dferdem 3.000 Mal schnelleres Bakterizid als Chlor und sicher f\u00fcr die Umwelt. Zudem erreicht das Ozon Ecken und Spalten, die schwer zug\u00e4nglich sind, und kann befallene Stoffe durchdringen. Es ist gut dokumentiert, dass Ozon eine rasche, gr\u00fcndliche und umweltfreundliche L\u00f6sung f\u00fcr Schimmelprobleme bietet.<\/p>\n<p>Lesen Sie mehr \u00fcber Probleme mit Schimmel in Verbindung mit Wassersch\u00e4den.<\/p>\n        <\/div>\n    <\/div>\n<\/div>\n\n<\/section>\n\n\n\n<section class=\"block product-block\" style=\"--bg: white; --tc: #000000; --button-bg: #299f23; --button-tc: #ffffff; --button-hover-bg: transparent; --button-hover-tc: #299f23;\" >\n    <div class=\"container-fluid\">\n        <div class=\"row justify-content-center top\">\n            <div class=\"col-md-12 editor_content\">\n                                            <\/div>\n        <\/div>\n        <div class=\"row justify-content-center bottom\">\n            <div class=\"col-md-6 editor_content\">\n                <h3>Ozonreinigung mit ACT-3000<\/h3>\n<p>Wie viel Ozon erforderlich ist und f\u00fcr wie lange die Produktion laufen sollte, h\u00e4ngt vom Raumvolumen und dem Grad des Geruchsproblems ab. Die Behandlungszeit kann von einer Stunde bis zu \u00fcber 10 Stunden variieren. Die Behandlung kann so oft wie n\u00f6tig wiederholt werden. ACT-3000 ist einfach in der Verwendung und die Betriebskosten sind minimal.<\/p>\n<p>ACT-3000 wurde in Schweden von Ozonetech entwickelt und hergestellt. Unsere gro\u00dfen kundenspezifischen Systeml\u00f6sungen zur Luft- und Wasserreinigung findet man weltweit in Industrien, Kl\u00e4ranlagen, Hefefabriken, der Arzneimittelindustrie, in Brauereien, Gew\u00e4chsh\u00e4usern und Einkaufszentren. Wir sind wachstumsstark und wurden mehrfach ausgezeichnet.<\/p>\n<p>Der ACT-3000 \/ 3000P wurde zur professionellen Reinigung und Desinfektion in der Industrie, dem Dienstleistungssektor und in Kommunalbetrieben entwickelt.<\/p>\n\n                            <\/div>\n            <div class=\"col-md-6 text-center\">\n                                    <img loading=\"lazy\" decoding=\"async\" width=\"1153\" height=\"1132\" src=\"https:\/\/ozonetech.com\/wp-content\/uploads\/2021\/02\/Ozonetech-ACT-3000-13.png\" class=\"attachment-full size-full\" alt=\"ACT-3000\" srcset=\"https:\/\/ozonetech.com\/wp-content\/uploads\/2021\/02\/Ozonetech-ACT-3000-13.png 1153w, https:\/\/ozonetech.com\/wp-content\/uploads\/2021\/02\/Ozonetech-ACT-3000-13-300x295.png 300w, https:\/\/ozonetech.com\/wp-content\/uploads\/2021\/02\/Ozonetech-ACT-3000-13-1024x1005.png 1024w, https:\/\/ozonetech.com\/wp-content\/uploads\/2021\/02\/Ozonetech-ACT-3000-13-768x754.png 768w\" sizes=\"auto, (max-width: 1153px) 100vw, 1153px\" \/>                \n                <a href='https:\/\/ozonetech.com\/de\/produkte\/ozongeneratoren\/act-serie\/' class='btn' target=''>Angebot anfordern<\/a>            <\/div>\n        <\/div>\n    <\/div>\n<\/section>\n\n\n\n<section\n    id=\"\"\n    class=\"block content-block\"\n\tstyle=\"--cb-bg: #e6e6e6; --cb-content: #000; padding-top: 30px; padding-bottom: 30px;\"\n>\n    \n\n<div class=\"container-fluid editor_content content content--narrow\">\n    <div class=\"row\">\n        <div class=\"col-12 editor_content\">\n            <h4>Einfache Behandlung, gehen Sie wie folgt vor<\/h4>\n<p>1. Stellen Sie den ACT-3000 im Raum auf, vorzugsweise h\u00f6her (in einer erh\u00f6hten Position)<br \/>\n2. Schlie\u00dfen Sie T\u00fcren und Fenster<br \/>\n3. Den ACT-3000 an den Strom anschlie\u00dfen<br \/>\n4. W\u00e4hlen Sie eine Ozonproduktion zwischen 1-100 %<br \/>\n5. Verlassen Sie den Raum und schlie\u00dfen Sie die T\u00fcr<br \/>\n6. Sie entscheiden selbst wie lange die Behandlung dauern soll<br \/>\n7. Wenn Sie die Behandlung beenden m\u00f6chten, gehen Sie in den Raum und schalten Sie den Ozongenerator aus. \u00d6ffnen Sie das Fenster, um \u00fcbersch\u00fcssiges Ozon schneller zu entfernen. Gehen Sie aus dem Raum und schlie\u00dfen Sie die T\u00fcr, um den Rest des Ozons oxidieren zu lassen.<br \/>\n8. Tipp: Es ist vorteilhaft, die Behandlung mit Hilfe eines am Stecker montierten Timers zu steuern.<\/p>\n        <\/div>\n    <\/div>\n<\/div>\n\n<\/section>\n","protected":false},"excerpt":{"rendered":"","protected":false},"author":21,"featured_media":0,"parent":35737,"menu_order":0,"comment_status":"closed","ping_status":"closed","template":"","meta":{"_acf_changed":false,"_seopress_robots_primary_cat":"","_seopress_titles_title":"","_seopress_titles_desc":"Ozon beseitigt Schimmel auf Fl\u00e4chen wie Teppichen, Bodenbel\u00e4gen und W\u00e4nden, dies auch an schwer zug\u00e4nglichen Stellen wie Isolation, Ziegeln, Holz usw.","_seopress_robots_index":"","inline_featured_image":false,"footnotes":""},"class_list":["post-35817","page","type-page","status-publish","hentry"],"acf":[],"_links":{"self":[{"href":"https:\/\/ozonetech.com\/de\/wp-json\/wp\/v2\/pages\/35817","targetHints":{"allow":["GET"]}}],"collection":[{"href":"https:\/\/ozonetech.com\/de\/wp-json\/wp\/v2\/pages"}],"about":[{"href":"https:\/\/ozonetech.com\/de\/wp-json\/wp\/v2\/types\/page"}],"author":[{"embeddable":true,"href":"https:\/\/ozonetech.com\/de\/wp-json\/wp\/v2\/users\/21"}],"replies":[{"embeddable":true,"href":"https:\/\/ozonetech.com\/de\/wp-json\/wp\/v2\/comments?post=35817"}],"version-history":[{"count":12,"href":"https:\/\/ozonetech.com\/de\/wp-json\/wp\/v2\/pages\/35817\/revisions"}],"predecessor-version":[{"id":40627,"href":"https:\/\/ozonetech.com\/de\/wp-json\/wp\/v2\/pages\/35817\/revisions\/40627"}],"up":[{"embeddable":true,"href":"https:\/\/ozonetech.com\/de\/wp-json\/wp\/v2\/pages\/35737"}],"wp:attachment":[{"href":"https:\/\/ozonetech.com\/de\/wp-json\/wp\/v2\/media?parent=35817"}],"curies":[{"name":"wp","href":"https:\/\/api.w.org\/{rel}","templated":true}]}}