{"id":35777,"date":"2020-06-26T09:29:42","date_gmt":"2020-06-26T09:29:42","guid":{"rendered":"https:\/\/ozonetech.com\/anwendungen\/odor-sanitation\/reinigung-von-geruchen-verursacht-durch-brande\/"},"modified":"2024-10-10T10:18:46","modified_gmt":"2024-10-10T08:18:46","slug":"reinigung-von-geruchen-verursacht-durch-brande","status":"publish","type":"page","link":"https:\/\/ozonetech.com\/de\/anwendungen\/geruch-und-hygiene\/reinigung-von-geruchen-verursacht-durch-brande\/","title":{"rendered":"Reinigung von Ger\u00fcchen verursacht durch Br\u00e4nde"},"content":{"rendered":"\n<section\n    class=\"block hero hero--regular\"\n    style=\"background-image: url('https:\/\/ozonetech.com\/wp-content\/uploads\/2021\/02\/fire-sanitation-2-1600x484.jpg'); --hero-opacity: 0.3\"\n>\n\n    <div class=\"container-fluid\">\n\n        <div class=\"content editor_content\">\n                         \n                <h2 class='h2'>Reinigung von Ger\u00fcchen verursacht durch Br\u00e4nde<\/h2>            \n                    <\/div>\n\n            <\/div>\n<\/section>\n\n\n<section class=\"component component_breadcrumbs\">\n\t<div class=\"container-fluid\">\n  \t<\/div>\n<\/section>\n\n\n<section\n    id=\"\"\n    class=\"block content-block\"\n\tstyle=\"--cb-bg: white; --cb-content: #000; padding-top: 30px; padding-bottom: 30px;\"\n>\n    \n\n<div class=\"container-fluid editor_content content content--narrow\">\n    <div class=\"row\">\n        <div class=\"col-12 editor_content\">\n            <h1>Effiziente Reinigung von Rauch und Ger\u00fcchen nach einem Brand<\/h1>\n<p class=\"preamble\">Im Fall eines Geb\u00e4ude- und Hausbrands betrifft der Rauch und der Rauchgeruch auch umliegende Liegenschaften. Der Rauchgeruch durchdringt die M\u00f6bel und die Innenausstattung und gibt einen f\u00fcr eine lange Zeit einen beunruhigenden Geruch ab. Ozon kann den Rauchgeruch einfach, schnell und effizient minimieren.<\/p>\n<p>Die Reinigung von Rauch und Ger\u00fcchen kann zum Beispiel in Gro\u00dfk\u00fcchen, Bars, Restaurants, Schulk\u00fcchen, Werkst\u00e4tten, Lagerr\u00e4umen, Garagen und anderen Geb\u00e4uden durchgef\u00fchrt werden.<\/p>\n<p>Lesen Sie mehr zur Reinigung von Rauchger\u00fcchen.<\/p>\n        <\/div>\n    <\/div>\n<\/div>\n\n<\/section>\n\n\n\n<section class=\"block product-block\" style=\"--bg: white; --tc: #000000; --button-bg: #299f23; --button-tc: #ffffff; --button-hover-bg: transparent; --button-hover-tc: #299f23;\" >\n    <div class=\"container-fluid\">\n        <div class=\"row justify-content-center top\">\n            <div class=\"col-md-12 editor_content\">\n                                            <\/div>\n        <\/div>\n        <div class=\"row justify-content-center bottom\">\n            <div class=\"col-md-6 editor_content\">\n                <h3>Ozonreinigung mit ACT-3000<\/h3>\n<p>Wie viel Ozon erforderlich ist und f\u00fcr wie lange die Produktion laufen sollte, h\u00e4ngt von dem Raumvolumen und den Geruchsproblemen, die aus dem Brand entstanden sind, ab. Die Behandlungszeit kann von einer Stunde zu \u00fcber 10 Stunden variieren. Wiederholen Sie einfach die Behandlung, wenn der Brandgeruch nach der Sanierung weiterhin besteht. ACT-3000 ist einfach in der Verwendung und die Betriebskosten sind minimal.<\/p>\n<p>ACT-3000 wurde in Schweden von Ozonetech entwickelt und hergestellt. Unsere gro\u00dfen kundenspezifischen Systeml\u00f6sungen zur Luft- und Wasserreinigung k\u00f6nnen weltweit in Industrien, Kl\u00e4ranlagen, Hefefabriken, der Arzneimittelindustrie, in Brauereien, Gew\u00e4chsh\u00e4usern und Einkaufszentren gefunden werden. Wir sind wachstumsstark und wurden mehrfach ausgezeichnet.<\/p>\n<p><em>Der ACT-3000 \/ 3000P wurde zur professionellen Reinigung und Desinfektion in der Industrie, dem Dienstleistungssektor und Kommunalbetriebe entwickelt.<\/em><\/p>\n<p>&nbsp;<\/p>\n\n                            <\/div>\n            <div class=\"col-md-6 text-center\">\n                                    <img loading=\"lazy\" decoding=\"async\" width=\"1153\" height=\"1132\" src=\"https:\/\/ozonetech.com\/wp-content\/uploads\/2021\/02\/Ozonetech-ACT-3000-13.png\" class=\"attachment-full size-full\" alt=\"ACT-3000\" srcset=\"https:\/\/ozonetech.com\/wp-content\/uploads\/2021\/02\/Ozonetech-ACT-3000-13.png 1153w, https:\/\/ozonetech.com\/wp-content\/uploads\/2021\/02\/Ozonetech-ACT-3000-13-300x295.png 300w, https:\/\/ozonetech.com\/wp-content\/uploads\/2021\/02\/Ozonetech-ACT-3000-13-1024x1005.png 1024w, https:\/\/ozonetech.com\/wp-content\/uploads\/2021\/02\/Ozonetech-ACT-3000-13-768x754.png 768w\" sizes=\"auto, (max-width: 1153px) 100vw, 1153px\" \/>                \n                <a href='https:\/\/ozonetech.com\/de\/produkte\/ozongeneratoren\/act-serie\/' class='btn' target=''>Angebot anfordern<\/a>            <\/div>\n        <\/div>\n    <\/div>\n<\/section>\n\n\n\n<section\n    id=\"\"\n    class=\"block content-block\"\n\tstyle=\"--cb-bg: #e6e6e6; --cb-content: #000; padding-top: 30px; padding-bottom: 30px;\"\n>\n    \n\n<div class=\"container-fluid editor_content content content--narrow\">\n    <div class=\"row\">\n        <div class=\"col-12 editor_content\">\n            <h4>Einfache Behandlung, gehen Sie wie folgt vor<\/h4>\n<p>1. Stellen Sie den ACT-3000 im Raum auf, vorzugsweise h\u00f6her (in einer erh\u00f6hten Position)<br \/>\n2. Schlie\u00dfen Sie T\u00fcren und Fenster<br \/>\n3. Das ACT-3000 an den Strom anschlie\u00dfen<br \/>\n4. W\u00e4hlen Sie eine Ozonproduktion zwischen 1-100 %<br \/>\n5. Verlassen Sie den Raum und schlie\u00dfen Sie die T\u00fcr<br \/>\n6. Sie entscheiden selbst wie lange die Behandlung andauert<br \/>\n7. Wenn Sie die Behandlung beenden m\u00f6chten, gehen Sie in den Raum und schalten Sie den Ozongenerator ab. \u00d6ffnen Sie das Fenster und entfernen Sie \u00fcbersch\u00fcssiges Ozon schneller. Gehen Sie aus dem Raum und schlie\u00dfen Sie die T\u00fcr, um den Rest des Ozons oxidieren zu lassen.<br \/>\n8. Tipp: Es ist vorteilhaft, die Behandlung mit Hilfe eines am Stecker montierten Timers zu steuern.<\/p>\n        <\/div>\n    <\/div>\n<\/div>\n\n<\/section>\n","protected":false},"excerpt":{"rendered":"","protected":false},"author":21,"featured_media":0,"parent":35737,"menu_order":0,"comment_status":"closed","ping_status":"closed","template":"","meta":{"_acf_changed":false,"_seopress_robots_primary_cat":"","_seopress_titles_title":"","_seopress_titles_desc":"Ozon behandelt die Folgen eines Brands in Geb\u00e4uden schnell und effizient, in dem es den unangenehmen Geruch, der W\u00e4nde und M\u00f6bel durchdringt, angeht.","_seopress_robots_index":"","inline_featured_image":false,"footnotes":""},"class_list":["post-35777","page","type-page","status-publish","hentry"],"acf":[],"_links":{"self":[{"href":"https:\/\/ozonetech.com\/de\/wp-json\/wp\/v2\/pages\/35777","targetHints":{"allow":["GET"]}}],"collection":[{"href":"https:\/\/ozonetech.com\/de\/wp-json\/wp\/v2\/pages"}],"about":[{"href":"https:\/\/ozonetech.com\/de\/wp-json\/wp\/v2\/types\/page"}],"author":[{"embeddable":true,"href":"https:\/\/ozonetech.com\/de\/wp-json\/wp\/v2\/users\/21"}],"replies":[{"embeddable":true,"href":"https:\/\/ozonetech.com\/de\/wp-json\/wp\/v2\/comments?post=35777"}],"version-history":[{"count":5,"href":"https:\/\/ozonetech.com\/de\/wp-json\/wp\/v2\/pages\/35777\/revisions"}],"predecessor-version":[{"id":40579,"href":"https:\/\/ozonetech.com\/de\/wp-json\/wp\/v2\/pages\/35777\/revisions\/40579"}],"up":[{"embeddable":true,"href":"https:\/\/ozonetech.com\/de\/wp-json\/wp\/v2\/pages\/35737"}],"wp:attachment":[{"href":"https:\/\/ozonetech.com\/de\/wp-json\/wp\/v2\/media?parent=35777"}],"curies":[{"name":"wp","href":"https:\/\/api.w.org\/{rel}","templated":true}]}}