{"id":35776,"date":"2020-06-24T12:50:10","date_gmt":"2020-06-24T12:50:10","guid":{"rendered":"https:\/\/ozonetech.com\/anwendungen\/odor-sanitation\/abfallraume-geruchsprobleme\/"},"modified":"2024-10-22T09:11:54","modified_gmt":"2024-10-22T07:11:54","slug":"abfallraume-geruchsprobleme","status":"publish","type":"page","link":"https:\/\/ozonetech.com\/de\/anwendungen\/geruch-und-hygiene\/abfallraume-geruchsprobleme\/","title":{"rendered":"Abfallr\u00e4ume \u2013 Geruchsprobleme"},"content":{"rendered":"\n<section\n    class=\"block hero hero--regular\"\n    style=\"background-image: url('https:\/\/ozonetech.com\/wp-content\/uploads\/2024\/10\/garbage-rooms-1.png'); --hero-opacity: 0.3\"\n>\n\n    <div class=\"container-fluid\">\n\n        <div class=\"content editor_content\">\n                         \n                <h2 class='h2'>Abfallr\u00e4ume \u2013 Geruchsprobleme<\/h2>            \n                    <\/div>\n\n            <\/div>\n<\/section>\n\n\n<section class=\"component component_breadcrumbs\">\n\t<div class=\"container-fluid\">\n  \t<\/div>\n<\/section>\n\n\n<section\n    id=\"\"\n    class=\"block content-block\"\n\tstyle=\"--cb-bg: light-gray; --cb-content: #000; padding-top: 30px; padding-bottom: 30px;\"\n>\n    \n\n<div class=\"container-fluid editor_content content content--narrow\">\n    <div class=\"row\">\n        <div class=\"col-12 editor_content\">\n            <h1>Nachhaltige und kosteneffektive L\u00f6sung gegen Geruchsprobleme in Abfallr\u00e4umen<\/h1>\n<p class=\"preamble\">Abfallr\u00e4ume, M\u00fclltrennungsr\u00e4ume, Recyclingr\u00e4ume und \u00f6rtliche M\u00fcllsammelstellen haben meist Probleme mit st\u00f6renden Ger\u00fcchen. Die zunehmend strengen Anforderungen f\u00fcr die M\u00fclltrennung bedeutet, dass Anwohner diese R\u00e4umlichkeiten \u00f6fter betreten m\u00fcssen als vorher. Gleichzeitig erfolgt die Abfall- und M\u00fcllabfuhr unregelm\u00e4\u00dfiger als zuvor und in l\u00e4ngeren Abst\u00e4nden, was au\u00dferdem das Hygienerisiko erh\u00f6ht und die Geruchsprobleme verst\u00e4rkt.<\/p>\n<p>In Schweden wurde die Anforderung K\u00fchlungen in Abfallr\u00e4umen einzusetzen, um den Geruch und das Wachstum von Viren und Bakterien gering zu halten, im Jahr 2009 aufgehoben. Seit dem haben wir Hunderten von Immobilienbesitzern, Wohnungseigent\u00fcmergemeinschaften und Branchen geholfen, Bereiche, in denen M\u00fcll und Abfall gesammelt, getrennt und behandelt wird, sauber zu halten. Wir haben mit dem Umstieg auf die Ozonbehandlung auch dabei geholfen, tausende Euros an Stromkosten zu sparen.<\/p>\n<p>Der ACT-3000 behandelt die Luft mit Ozon. Er wird mit oben an der Wand mit einer ma\u00dfgefertigten Halterung montiert. Das Ozon spaltet Viren und Bakterien auf und minimiert den Geruch in der Abfallentsorgung. Der Betrieb ist automatisch und die Wartung minimal. Das Ozon wird f\u00fcr gew\u00f6hnlich durchgehend produziert. Die Ozonmenge ist sehr gering und hat keine \u201aAuswirkung auf Menschen und Tiere.<\/p>\n        <\/div>\n    <\/div>\n<\/div>\n\n<\/section>\n\n\n\n<section class=\"block product-block\" style=\"--bg: #ffffff; --tc: #000000; --button-bg: #299f23; --button-tc: #ffffff; --button-hover-bg: transparent; --button-hover-tc: #299f23;\" >\n    <div class=\"container-fluid\">\n        <div class=\"row justify-content-center top\">\n            <div class=\"col-md-12 editor_content\">\n                                            <\/div>\n        <\/div>\n        <div class=\"row justify-content-center bottom\">\n            <div class=\"col-md-6 editor_content\">\n                <h3>Ozonreinigung mit ACT-3000<\/h3>\n<p>Wie viel Ozon erforderlich ist und f\u00fcr wie lange die Produktion laufen sollte, h\u00e4ngt von dem Raumvolumen und den Geruchsproblemen, die aus dem Brand entstanden sind, ab. Die Behandlungszeit kann von einer Stunde zu \u00fcber 10 Stunden variieren. Wiederholen Sie einfach die Behandlung, wenn der Brandgeruch nach der Sanierung weiterhin besteht. ACT-3000 ist einfach in der Verwendung und die Betriebskosten sind minimal.<\/p>\n<p>ACT-3000 wurde in Schweden von Ozonetech entwickelt und hergestellt. Unsere gro\u00dfen kundenspezifischen Systeml\u00f6sungen zur Luft- und Wasserreinigung k\u00f6nnen weltweit in Industrien, Kl\u00e4ranlagen, Hefefabriken, der Arzneimittelindustrie, in Brauereien, Gew\u00e4chsh\u00e4usern und Einkaufszentren gefunden werden. Wir sind wachstumsstark und wurden mehrfach ausgezeichnet.<\/p>\n<p><em>Der ACT-3000 \/ 3000P wurde zur professionellen Reinigung und Desinfektion in der Industrie, dem Dienstleistungssektor und Kommunalbetriebe entwickelt.<\/em><\/p>\n\n                            <\/div>\n            <div class=\"col-md-6 text-center\">\n                                    <img loading=\"lazy\" decoding=\"async\" width=\"1153\" height=\"1132\" src=\"https:\/\/ozonetech.com\/wp-content\/uploads\/2021\/02\/Ozonetech-ACT-3000-13.png\" class=\"attachment-full size-full\" alt=\"ACT-3000\" srcset=\"https:\/\/ozonetech.com\/wp-content\/uploads\/2021\/02\/Ozonetech-ACT-3000-13.png 1153w, https:\/\/ozonetech.com\/wp-content\/uploads\/2021\/02\/Ozonetech-ACT-3000-13-300x295.png 300w, https:\/\/ozonetech.com\/wp-content\/uploads\/2021\/02\/Ozonetech-ACT-3000-13-1024x1005.png 1024w, https:\/\/ozonetech.com\/wp-content\/uploads\/2021\/02\/Ozonetech-ACT-3000-13-768x754.png 768w\" sizes=\"auto, (max-width: 1153px) 100vw, 1153px\" \/>                \n                <a href='https:\/\/ozonetech.com\/de\/produkte\/ozongeneratoren\/act-serie\/' class='btn' target=''>Angebot anfordern<\/a>            <\/div>\n        <\/div>\n    <\/div>\n<\/section>\n\n\n\n<section\n    id=\"\"\n    class=\"block content-block\"\n\tstyle=\"--cb-bg: #e6e6e6; --cb-content: #000; padding-top: 30px; padding-bottom: 30px;\"\n>\n    \n\n<div class=\"container-fluid editor_content content content--narrow\">\n    <div class=\"row\">\n        <div class=\"col-12 editor_content\">\n            <h4>Einfache Behandlung, gehen Sie wie folgt vor<\/h4>\n<p>1. Stellen Sie den ACT-3000 im Raum auf, vorzugsweise h\u00f6her (in einer erh\u00f6hten Position)<br \/>\n2. Schlie\u00dfen Sie T\u00fcren und Fenster<br \/>\n3. Das ACT-3000 an den Strom anschlie\u00dfen<br \/>\n4. W\u00e4hlen Sie eine Ozonproduktion zwischen 1-100 %<br \/>\n5. Verlassen Sie den Raum und schlie\u00dfen Sie die T\u00fcr<br \/>\n6. Sie entscheiden selbst wie lange die Behandlung andauert<br \/>\n7. Wenn Sie die Behandlung beenden m\u00f6chten, gehen Sie in den Raum und schalten Sie den Ozongenerator ab. \u00d6ffnen Sie das Fenster und entfernen Sie \u00fcbersch\u00fcssiges Ozon schneller. Gehen Sie aus dem Raum und schlie\u00dfen Sie die T\u00fcr, um den Rest des Ozons oxidieren zu lassen.<br \/>\n8. Tipp: Es ist vorteilhaft, die Behandlung mit Hilfe eines am Stecker montierten Timers zu steuern.<\/p>\n        <\/div>\n    <\/div>\n<\/div>\n\n<\/section>\n","protected":false},"excerpt":{"rendered":"","protected":false},"author":21,"featured_media":0,"parent":35737,"menu_order":0,"comment_status":"closed","ping_status":"closed","template":"","meta":{"_acf_changed":false,"_seopress_robots_primary_cat":"","_seopress_titles_title":"","_seopress_titles_desc":"Wir haben Hunderten von Immobilienbesitzern, Wohnungseigent\u00fcmergemeinschaften und Branchen geholfen, den Geruch bei der M\u00fcllabfuhr- und Trennung zu minimieren.","_seopress_robots_index":"","inline_featured_image":false,"footnotes":""},"class_list":["post-35776","page","type-page","status-publish","hentry"],"acf":[],"_links":{"self":[{"href":"https:\/\/ozonetech.com\/de\/wp-json\/wp\/v2\/pages\/35776","targetHints":{"allow":["GET"]}}],"collection":[{"href":"https:\/\/ozonetech.com\/de\/wp-json\/wp\/v2\/pages"}],"about":[{"href":"https:\/\/ozonetech.com\/de\/wp-json\/wp\/v2\/types\/page"}],"author":[{"embeddable":true,"href":"https:\/\/ozonetech.com\/de\/wp-json\/wp\/v2\/users\/21"}],"replies":[{"embeddable":true,"href":"https:\/\/ozonetech.com\/de\/wp-json\/wp\/v2\/comments?post=35776"}],"version-history":[{"count":7,"href":"https:\/\/ozonetech.com\/de\/wp-json\/wp\/v2\/pages\/35776\/revisions"}],"predecessor-version":[{"id":41678,"href":"https:\/\/ozonetech.com\/de\/wp-json\/wp\/v2\/pages\/35776\/revisions\/41678"}],"up":[{"embeddable":true,"href":"https:\/\/ozonetech.com\/de\/wp-json\/wp\/v2\/pages\/35737"}],"wp:attachment":[{"href":"https:\/\/ozonetech.com\/de\/wp-json\/wp\/v2\/media?parent=35776"}],"curies":[{"name":"wp","href":"https:\/\/api.w.org\/{rel}","templated":true}]}}