{"id":35774,"date":"2020-06-24T13:43:29","date_gmt":"2020-06-24T13:43:29","guid":{"rendered":"https:\/\/ozonetech.com\/anwendungen\/odor-sanitation\/hotel-rooms\/"},"modified":"2024-10-22T09:04:39","modified_gmt":"2024-10-22T07:04:39","slug":"hotelzimmer","status":"publish","type":"page","link":"https:\/\/ozonetech.com\/de\/anwendungen\/geruch-und-hygiene\/hotelzimmer\/","title":{"rendered":"Hotelzimmer"},"content":{"rendered":"\n<section\n    class=\"block hero hero--regular\"\n    style=\"background-image: url('https:\/\/ozonetech.com\/wp-content\/uploads\/2024\/10\/masaaki-komori-iMbXscxYIFE-unsplash.jpg'); --hero-opacity: 0.2\"\n>\n\n    <div class=\"container-fluid\">\n\n        <div class=\"content editor_content\">\n                         \n                <h2 class='h2'>Hotelzimmer<\/h2>            \n                    <\/div>\n\n            <\/div>\n<\/section>\n\n\n<section class=\"component component_breadcrumbs\">\n\t<div class=\"container-fluid\">\n  \t<\/div>\n<\/section>\n\n\n<section\n    id=\"\"\n    class=\"block content-block\"\n\tstyle=\"--cb-bg: white; --cb-content: #000; padding-top: 30px; padding-bottom: 30px;\"\n>\n    \n\n<div class=\"container-fluid editor_content content content--narrow\">\n    <div class=\"row\">\n        <div class=\"col-12 editor_content\">\n            <h1><strong>Einfache und effiziente Desinfektion und Auffrischung von Hotelzimmern<\/strong><\/h1>\n<p class=\"preamble\">Es gibt nichts, was einem neu angekommenen Hotelgast einen schlechteren Eindruck macht, als ein Zimmer, das muffig riecht oder sonstwie einen unerw\u00fcnschten Geruch hat. Der Gast wird sich fragen, ob das Zimmer tats\u00e4chlich gereinigt wurde. Es k\u00f6nnte sogar den hart erarbeiteten Ruf des Hotels besch\u00e4digen.<\/p>\n<p>Die Ozonbehandlung ist eine umweltfreundliche und sehr effiziente Methode zur Beseitigung von \u00fcblem Geruch aus Schimmelpilzen, Tabakrauch, Schwei\u00df, M\u00fcll, Lebensmitteln usw.<\/p>\n<p>Erfahren Sie mehr \u00fcber die Ausbreitung von Viren und Bakterien.<\/p>\n<p>Die kraftvollen reinigenden Eigenschaften des Ozons werden bereits nach einer kurzen Behandlung unerw\u00fcnschte Ger\u00fcche entfernen. Es ist wichtig, die Ozonbehandlung nicht mit anderen Methoden zu vergleichen, die den Geruch nur mit anderen &#8222;Parf\u00fcms&#8220; \u00fcberdecken &#8211; sie eliminiert die Quelle des Geruchs. Die Luft wird rein sein und der Raum kann kurz darauf von neuen G\u00e4sten genutzt werden.<\/p>\n<p>Lesen Sie mehr \u00fcber Geruchsprobleme und andere Arten von R\u00e4umen und Grundst\u00fccken.<\/p>\n        <\/div>\n    <\/div>\n<\/div>\n\n<\/section>\n\n\n\n<section class=\"block product-block\" style=\"--bg: white; --tc: #000000; --button-bg: #299f23; --button-tc: #ffffff; --button-hover-bg: transparent; --button-hover-tc: #299f23;\" >\n    <div class=\"container-fluid\">\n        <div class=\"row justify-content-center top\">\n            <div class=\"col-md-12 editor_content\">\n                                            <\/div>\n        <\/div>\n        <div class=\"row justify-content-center bottom\">\n            <div class=\"col-md-6 editor_content\">\n                <h3>Ozonreinigung mit ACT-3000<\/h3>\n<p>Wie viel Ozon erforderlich ist und f\u00fcr wie lange die Produktion laufen sollte, h\u00e4ngt von dem Raumvolumen und dem Grad des Geruchsproblems ab. Die Behandlungszeit kann von einer Stunde zu \u00fcber 10 Stunden variieren.<\/p>\n<p>Die Behandlung kann so oft wie n\u00f6tig wiederholt werden. ACT-3000 ist einfach in der Verwendung und die Betriebskosten sind minimal.<\/p>\n<p>ACT-3000 wurde in Schweden von Ozonetech entwickelt und hergestellt. Unsere gro\u00dfen kundenspezifischen Systeml\u00f6sungen zur Luft- und Wasserreinigung k\u00f6nnen weltweit in Industrien, Kl\u00e4ranlagen, Hefefabriken, der Arzneimittelindustrie, in Brauereien, Gew\u00e4chsh\u00e4usern und Einkaufszentren gefunden werden. Wir sind wachstumsstark und wurden mehrfach ausgezeichnet.<\/p>\n<p><em>Der ACT-3000 \/ 3000P wurde zur professionellen Reinigung und Desinfektion in der Industrie, dem Dienstleistungssektor und Kommunalbetriebe entwickelt.<\/em><\/p>\n\n                            <\/div>\n            <div class=\"col-md-6 text-center\">\n                                    <img loading=\"lazy\" decoding=\"async\" width=\"1153\" height=\"1132\" src=\"https:\/\/ozonetech.com\/wp-content\/uploads\/2021\/02\/Ozonetech-ACT-3000-13.png\" class=\"attachment-full size-full\" alt=\"ACT-3000\" srcset=\"https:\/\/ozonetech.com\/wp-content\/uploads\/2021\/02\/Ozonetech-ACT-3000-13.png 1153w, https:\/\/ozonetech.com\/wp-content\/uploads\/2021\/02\/Ozonetech-ACT-3000-13-300x295.png 300w, https:\/\/ozonetech.com\/wp-content\/uploads\/2021\/02\/Ozonetech-ACT-3000-13-1024x1005.png 1024w, https:\/\/ozonetech.com\/wp-content\/uploads\/2021\/02\/Ozonetech-ACT-3000-13-768x754.png 768w\" sizes=\"auto, (max-width: 1153px) 100vw, 1153px\" \/>                \n                <a href='https:\/\/ozonetech.com\/de\/produkte\/ozongeneratoren\/act-serie\/' class='btn' target=''>Angebot anfordern<\/a>            <\/div>\n        <\/div>\n    <\/div>\n<\/section>\n\n\n\n<section\n    id=\"\"\n    class=\"block content-block\"\n\tstyle=\"--cb-bg: #e6e6e6; --cb-content: #000; padding-top: 30px; padding-bottom: 30px;\"\n>\n    \n\n<div class=\"container-fluid editor_content content content--narrow\">\n    <div class=\"row\">\n        <div class=\"col-12 editor_content\">\n            <h4>Einfache Behandlung, gehen Sie wie folgt vor<\/h4>\n<p>1. Stellen Sie den ACT-3000 im Raum auf, vorzugsweise h\u00f6her (in einer erh\u00f6hten Position)<br \/>\n2. Schlie\u00dfen Sie T\u00fcren und Fenster<br \/>\n3. Das ACT-3000 an den Strom anschlie\u00dfen<br \/>\n4. W\u00e4hlen Sie eine Ozonproduktion zwischen 1-100 %<br \/>\n5. Verlassen Sie den Raum und schlie\u00dfen Sie die T\u00fcr<br \/>\n6. Sie entscheiden selbst wie lange die Behandlung andauert<br \/>\n7. Wenn Sie die Behandlung beenden m\u00f6chten, gehen Sie in den Raum und schalten Sie den Ozongenerator ab. \u00d6ffnen Sie das Fenster und entfernen Sie \u00fcbersch\u00fcssiges Ozon schneller. Gehen Sie aus dem Raum und schlie\u00dfen Sie die T\u00fcr, um den Rest des Ozons oxidieren zu lassen.<br \/>\n8. Tipp: Es ist vorteilhaft, die Behandlung mit Hilfe eines am Stecker montierten Timers zu steuern.<\/p>\n        <\/div>\n    <\/div>\n<\/div>\n\n<\/section>\n","protected":false},"excerpt":{"rendered":"","protected":false},"author":21,"featured_media":0,"parent":35737,"menu_order":0,"comment_status":"closed","ping_status":"closed","template":"","meta":{"_acf_changed":false,"_seopress_robots_primary_cat":"","_seopress_titles_title":"","_seopress_titles_desc":"Ozon beseitigt die Geruchsursache in Hotelzimmern und reduziert dabei den Bedarf Teppiche, Vorh\u00e4nge und andere Textilien zu reinigen und zu desinfizieren.","_seopress_robots_index":"","inline_featured_image":false,"footnotes":""},"class_list":["post-35774","page","type-page","status-publish","hentry"],"acf":[],"_links":{"self":[{"href":"https:\/\/ozonetech.com\/de\/wp-json\/wp\/v2\/pages\/35774","targetHints":{"allow":["GET"]}}],"collection":[{"href":"https:\/\/ozonetech.com\/de\/wp-json\/wp\/v2\/pages"}],"about":[{"href":"https:\/\/ozonetech.com\/de\/wp-json\/wp\/v2\/types\/page"}],"author":[{"embeddable":true,"href":"https:\/\/ozonetech.com\/de\/wp-json\/wp\/v2\/users\/21"}],"replies":[{"embeddable":true,"href":"https:\/\/ozonetech.com\/de\/wp-json\/wp\/v2\/comments?post=35774"}],"version-history":[{"count":16,"href":"https:\/\/ozonetech.com\/de\/wp-json\/wp\/v2\/pages\/35774\/revisions"}],"predecessor-version":[{"id":41636,"href":"https:\/\/ozonetech.com\/de\/wp-json\/wp\/v2\/pages\/35774\/revisions\/41636"}],"up":[{"embeddable":true,"href":"https:\/\/ozonetech.com\/de\/wp-json\/wp\/v2\/pages\/35737"}],"wp:attachment":[{"href":"https:\/\/ozonetech.com\/de\/wp-json\/wp\/v2\/media?parent=35774"}],"curies":[{"name":"wp","href":"https:\/\/api.w.org\/{rel}","templated":true}]}}