{"id":35752,"date":"2020-06-26T14:09:19","date_gmt":"2020-06-26T14:09:19","guid":{"rendered":"https:\/\/ozonetech.com\/anwendungen\/odor-sanitation\/digester-chamber\/"},"modified":"2025-01-03T14:45:51","modified_gmt":"2025-01-03T13:45:51","slug":"faulbehalter-geruchsprobleme","status":"publish","type":"page","link":"https:\/\/ozonetech.com\/de\/anwendungen\/geruch-und-hygiene\/faulbehalter-geruchsprobleme\/","title":{"rendered":""},"content":{"rendered":"\n<section\n    class=\"block hero hero--regular\"\n    style=\"background-image: url('https:\/\/ozonetech.com\/wp-content\/uploads\/2021\/02\/digester-chamber-1-1600x484.jpg'); --hero-opacity: 0.3\"\n>\n\n    <div class=\"container-fluid\">\n\n        <div class=\"content editor_content\">\n                         \n                <h1 class='h2'>Faulbeh\u00e4lter \u2013 Geruchsprobleme<\/h1>            \n                    <\/div>\n\n            <\/div>\n<\/section>\n\n\n<section class=\"component component_breadcrumbs\">\n\t<div class=\"container-fluid\">\n  \t<\/div>\n<\/section>\n\n\n<section\n    id=\"\"\n    class=\"block content-block\"\n\tstyle=\"--cb-bg: white; --cb-content: #000; padding-top: 30px; padding-bottom: 30px;\"\n>\n    \n\n<div class=\"container-fluid editor_content content content--narrow\">\n    <div class=\"row\">\n        <div class=\"col-12 editor_content\">\n            <h1>Effiziente Geruchskontrolle in Faulbeh\u00e4ltern<\/h1>\n<p class=\"preamble\">In einem Faulbeh\u00e4lter wird Schlamm von Mikroorganismen aufgespaltet (verdaut) und w\u00e4hrend dem Zerfall wird Biogas gebildet, aber auch H<sub>2<\/sub>S, Schwefelwasserstoff, der intensiv und unangenehm riecht.<\/p>\n<p>Der ACT-3000 kann in kleinen Faulbeh\u00e4ltern zum Beispiel auf Bauernh\u00f6fen eingesetzt werden, um die Ger\u00fcche, die sich im Raum befinden aufzuspalten. ACT-3000P kann eingesetzt werden, um das Ozon direkt w\u00e4hrend des Zersetzungsvorgangs in den Beh\u00e4lter zu leiten. F\u00fcr gewerbliche Biogasanlagen empfehlen wir unser leistungsstarkes Ozonsystem RENA Pro.<\/p>\n        <\/div>\n    <\/div>\n<\/div>\n\n<\/section>\n\n\n\n\n\n\n<section class=\"block product-block\" style=\"--bg: white; --tc: #000000; --button-bg: #299f23; --button-tc: #ffffff; --button-hover-bg: transparent; --button-hover-tc: #299f23;\" >\n    <div class=\"container-fluid\">\n        <div class=\"row justify-content-center top\">\n            <div class=\"col-md-12 editor_content\">\n                                            <\/div>\n        <\/div>\n        <div class=\"row justify-content-center bottom\">\n            <div class=\"col-md-6 editor_content\">\n                <h3>Ozonreinigung mit ACT-3000\/ ACT-3000P<\/h3>\n<p>Wie viel Ozon erforderlich ist und f\u00fcr wie lange die Produktion laufen sollte h\u00e4ngt von dem Volumen des Faulbeh\u00e4lters und des Grads an gebildetem H<sub>2<\/sub>S ab. Die Behandlung kann nach Bedarf eingeleitet werden oder rund um die Uhr laufen, abh\u00e4ngig vom Umfang des Geruchproblems. Der Ozongenerator ist einfach in der Verwendung und die Betriebskosten sind minimal.<\/p>\n<p>Der ACT-3000 und der ACT-3000P wurden in Schweden von Ozonetech entwickelt und hergestellt. Unsere gro\u00dfen kundenspezifischen Systeml\u00f6sungen zur Luft- und Wasserreinigung k\u00f6nnen weltweit in Industrien, Kl\u00e4ranlagen, Hefefabriken, der Arzneimittelindustrie, in Brauereien, Gew\u00e4chsh\u00e4usern und Einkaufszentren gefunden werden. Wir sind wachstumsstark und wurden mehrfach ausgezeichnet.<\/p>\n<p><em>Der ACT-3000 und der ACT-3000P wurden zur professionellen Reinigung und Desinfektion in der Industrie, dem Dienstleistungssektor und Kommunalbetriebe entwickelt.<\/em><\/p>\n\n                            <\/div>\n            <div class=\"col-md-6 text-center\">\n                                    <img loading=\"lazy\" decoding=\"async\" width=\"1153\" height=\"1132\" src=\"https:\/\/ozonetech.com\/wp-content\/uploads\/2021\/02\/Ozonetech-ACT-3000-13.png\" class=\"attachment-full size-full\" alt=\"ACT-3000\" srcset=\"https:\/\/ozonetech.com\/wp-content\/uploads\/2021\/02\/Ozonetech-ACT-3000-13.png 1153w, https:\/\/ozonetech.com\/wp-content\/uploads\/2021\/02\/Ozonetech-ACT-3000-13-300x295.png 300w, https:\/\/ozonetech.com\/wp-content\/uploads\/2021\/02\/Ozonetech-ACT-3000-13-1024x1005.png 1024w, https:\/\/ozonetech.com\/wp-content\/uploads\/2021\/02\/Ozonetech-ACT-3000-13-768x754.png 768w\" sizes=\"auto, (max-width: 1153px) 100vw, 1153px\" \/>                \n                <a href='https:\/\/ozonetech.com\/de\/produkte\/ozongeneratoren\/act-serie\/' class='btn' target=''>Angebot anfordern<\/a>            <\/div>\n        <\/div>\n    <\/div>\n<\/section>\n\n\n\n<section\n    id=\"\"\n    class=\"block content-block\"\n\tstyle=\"--cb-bg: #e6e6e6; --cb-content: #000; padding-top: 30px; padding-bottom: 30px;\"\n>\n    \n\n<div class=\"container-fluid editor_content content content--narrow\">\n    <div class=\"row\">\n        <div class=\"col-12 editor_content\">\n            <h4>Einfache Behandlung, gehen Sie wie folgt vor<\/h4>\n<p>1. Befestigen Sie den ACT-3000\/ACT-3000P in der Wandhalterung<br \/>\n2. Schlie\u00dfen Sie T\u00fcren und Fenster und f\u00fchren Sie das Ozonrohr in den Faulbeh\u00e4lter ein<br \/>\n3. W\u00e4hlen Sie eine Ozonproduktion zwischen 1-100 %<br \/>\n4. Die Produktion l\u00e4uft f\u00fcr Gew\u00f6hnlich durchgehend<br \/>\n5. Passen Sie bei Bedarf die Ozonproduktion an<\/p>\n        <\/div>\n    <\/div>\n<\/div>\n\n<\/section>\n","protected":false},"excerpt":{"rendered":"","protected":false},"author":21,"featured_media":0,"parent":35737,"menu_order":0,"comment_status":"closed","ping_status":"closed","template":"","meta":{"_acf_changed":false,"_seopress_robots_primary_cat":"","_seopress_titles_title":"","_seopress_titles_desc":"Der ACT-3000 Ozongenerator kann eingesetzt werden, um Schwefelwasserstoff, welcher intensiv und unangenehm riecht, aufzuspalten.","_seopress_robots_index":"","inline_featured_image":false,"footnotes":""},"class_list":["post-35752","page","type-page","status-publish","hentry"],"acf":[],"_links":{"self":[{"href":"https:\/\/ozonetech.com\/de\/wp-json\/wp\/v2\/pages\/35752","targetHints":{"allow":["GET"]}}],"collection":[{"href":"https:\/\/ozonetech.com\/de\/wp-json\/wp\/v2\/pages"}],"about":[{"href":"https:\/\/ozonetech.com\/de\/wp-json\/wp\/v2\/types\/page"}],"author":[{"embeddable":true,"href":"https:\/\/ozonetech.com\/de\/wp-json\/wp\/v2\/users\/21"}],"replies":[{"embeddable":true,"href":"https:\/\/ozonetech.com\/de\/wp-json\/wp\/v2\/comments?post=35752"}],"version-history":[{"count":12,"href":"https:\/\/ozonetech.com\/de\/wp-json\/wp\/v2\/pages\/35752\/revisions"}],"predecessor-version":[{"id":42138,"href":"https:\/\/ozonetech.com\/de\/wp-json\/wp\/v2\/pages\/35752\/revisions\/42138"}],"up":[{"embeddable":true,"href":"https:\/\/ozonetech.com\/de\/wp-json\/wp\/v2\/pages\/35737"}],"wp:attachment":[{"href":"https:\/\/ozonetech.com\/de\/wp-json\/wp\/v2\/media?parent=35752"}],"curies":[{"name":"wp","href":"https:\/\/api.w.org\/{rel}","templated":true}]}}