{"id":35742,"date":"2020-06-24T12:19:24","date_gmt":"2020-06-24T12:19:24","guid":{"rendered":"https:\/\/ozonetech.com\/anwendungen\/odor-sanitation\/air-conditioning\/"},"modified":"2024-10-22T09:07:59","modified_gmt":"2024-10-22T07:07:59","slug":"klimatisierung","status":"publish","type":"page","link":"https:\/\/ozonetech.com\/de\/anwendungen\/geruch-und-hygiene\/klimatisierung\/","title":{"rendered":"Klimatisierung"},"content":{"rendered":"\n<section\n    class=\"block hero hero--regular\"\n    style=\"background-image: url('https:\/\/ozonetech.com\/wp-content\/uploads\/2024\/10\/Edited-air-condition.jpg'); --hero-opacity: 0.5\"\n>\n\n    <div class=\"container-fluid\">\n\n        <div class=\"content editor_content\">\n                         \n                <h2 class='h2'>Klimatisierung \u2013 Bakterien und Pilze<\/h2>            \n                    <\/div>\n\n            <\/div>\n<\/section>\n\n\n<section class=\"component component_breadcrumbs\">\n\t<div class=\"container-fluid\">\n  \t<\/div>\n<\/section>\n\n\n<section\n    id=\"\"\n    class=\"block content-block\"\n\tstyle=\"--cb-bg: white; --cb-content: #000; padding-top: 30px; padding-bottom: 30px;\"\n>\n    \n\n<div class=\"container-fluid editor_content content content--narrow\">\n    <div class=\"row\">\n        <div class=\"col-12 editor_content\">\n            <h1>Verhindern Sie biologische Ablagerungen im Klimaanlagensystem und neutralisieren Sie Sporen und Krankheitserreger, die sich in der Luft befinden<\/h1>\n<p class=\"preamble\">In der Luft befindliche Bakterien und Pilze stellen ein Gesundheitsrisiko dar und sind die Quelle f\u00fcr schlechte Ger\u00fcche in Klimaanlagen.<\/p>\n<p>Die Anh\u00e4ufung von organischen Partikeln und die Kondensation von Feuchtigkeit, die bei Abtropfschalen, Kondensationsrohren und Leitungen in der Klimaanlage auftritt, schafft die perfekte Umgebung f\u00fcr das Wachstum von biologischen Ablagerungen. Das f\u00fchrt nicht nur zu hohen Werten von Pilzen und Bakterien, die in die Luft gelangen und im Geb\u00e4ude durch die Luftumw\u00e4lzung verteilt werden, sondern verringert auch die W\u00e4rme\u00fcbertragungsleistung des Systems. Bakterien und Pilze, die sich in der Luft befinden, stellen nicht nur ein Gesundheitsrisiko dar, sondern verursachen auch unangenehme Ger\u00fcche.<\/p>\n<p>Durch Behandlung der Klimaanlage mit Ozon k\u00f6nnen biologische Ablagerungen verhindert werden.<\/p>\n<p>Dies entfernt unangenehme Ger\u00fcche und verringert Gesundheitsprobleme wie Allergien, Ausschl\u00e4ge, Erk\u00e4ltungen, Viren und Legionellose. Ozon ist nicht nur die wirksamste erh\u00e4ltliche Oxidationsbehandlung, die Ausr\u00fcstung hat sehr geringe Wartungskosten, was bedeutet, dass Ozon nicht nur die effektivste Behandlungsoption ist sondern auch die einfachste.<\/p>\n<p>Ozon kann eingesetzt werden, um biologische Ablagerungen zu verhindern und um sich in der Luft befindliche Sporen, Viren und Bakterien zu minimieren. Die Reinigung der Klimaanlage kann zum Beispiel in Hotelzimmern, H\u00e4usern, Bars, Flugzeugen, Restaurants, Schulen, B\u00fcros, Konferenzeinrichtungen und anderen Geb\u00e4uden durchgef\u00fchrt werden.<\/p>\n        <\/div>\n    <\/div>\n<\/div>\n\n<\/section>\n\n\n\n<section class=\"block product-block\" style=\"--bg: white; --tc: #000000; --button-bg: #299f23; --button-tc: #ffffff; --button-hover-bg: transparent; --button-hover-tc: #299f23;\" >\n    <div class=\"container-fluid\">\n        <div class=\"row justify-content-center top\">\n            <div class=\"col-md-12 editor_content\">\n                                            <\/div>\n        <\/div>\n        <div class=\"row justify-content-center bottom\">\n            <div class=\"col-md-6 editor_content\">\n                <h3>Ozonreinigung mit ACT-3000<\/h3>\n<p>Die Ozonmenge und die Behandlungsdauer h\u00e4ngen vom Luftstrom im Bel\u00fcftungssystem und der Viren- und Bakterienlast ab. Der Behandlungszeitpunkt kann unterschiedlich sein, die Behandlung kann \u00fcber Nacht, oder wenn der Betrieb geschlossen ist durchgef\u00fchrt werden. Wenn das L\u00fcftungssystem lang genug ist, dass sich das Ozon aufspaltet bevor es den Auslass im Raum erreicht, kann die Behandlung rund um die Uhr erfolgen.<\/p>\n<p>ACT-3000 wurde in Schweden von Ozonetech entwickelt und hergestellt. Unsere gro\u00dfen kundenspezifischen Systeml\u00f6sungen zur Luft- und Wasserreinigung k\u00f6nnen weltweit in Industrien, Kl\u00e4ranlagen, Hefefabriken, der Arzneimittelindustrie, in Brauereien, Gew\u00e4chsh\u00e4usern und Einkaufszentren gefunden werden. Wir sind wachstumsstark und wurden mehrfach ausgezeichnet.<\/p>\n<p><em>Der ACT-3000 \/ 3000P wurde zur professionellen Reinigung und Desinfektion in der Industrie, dem Dienstleistungssektor und Kommunalbetriebe entwickelt.<\/em><\/p>\n\n                            <\/div>\n            <div class=\"col-md-6 text-center\">\n                                    <img loading=\"lazy\" decoding=\"async\" width=\"1153\" height=\"1132\" src=\"https:\/\/ozonetech.com\/wp-content\/uploads\/2021\/02\/Ozonetech-ACT-3000-1.png\" class=\"attachment-full size-full\" alt=\"\" srcset=\"https:\/\/ozonetech.com\/wp-content\/uploads\/2021\/02\/Ozonetech-ACT-3000-1.png 1153w, https:\/\/ozonetech.com\/wp-content\/uploads\/2021\/02\/Ozonetech-ACT-3000-1-300x295.png 300w, https:\/\/ozonetech.com\/wp-content\/uploads\/2021\/02\/Ozonetech-ACT-3000-1-1024x1005.png 1024w, https:\/\/ozonetech.com\/wp-content\/uploads\/2021\/02\/Ozonetech-ACT-3000-1-768x754.png 768w\" sizes=\"auto, (max-width: 1153px) 100vw, 1153px\" \/>                \n                <a href='https:\/\/ozonetech.com\/de\/produkte\/ozongeneratoren\/act-serie\/' class='btn' target=''>Angebot anfordern<\/a>            <\/div>\n        <\/div>\n    <\/div>\n<\/section>\n\n\n\n\n\n\n<section\n    id=\"\"\n    class=\"block content-block\"\n\tstyle=\"--cb-bg: #e6e6e6; --cb-content: #000; padding-top: 30px; padding-bottom: 30px;\"\n>\n    \n\n<div class=\"container-fluid editor_content content content--narrow\">\n    <div class=\"row\">\n        <div class=\"col-12 editor_content\">\n            <h4>Einfache Behandlung, gehen Sie wie folgt vor<\/h4>\n<p>1. Stellen Sie den ACT-3000 im Raum auf, vorzugsweise h\u00f6her (in einer erh\u00f6hten Position)<br \/>\n2. Schlie\u00dfen Sie T\u00fcren und Fenster<br \/>\n3. Das ACT-3000 an den Strom anschlie\u00dfen<br \/>\n4. W\u00e4hlen Sie eine Ozonproduktion zwischen 1-100 %<br \/>\n5. Verlassen Sie den Raum und schlie\u00dfen Sie die T\u00fcr<br \/>\n6. Sie entscheiden selbst wie lange die Behandlung andauert<br \/>\n7. Wenn Sie die Behandlung beenden m\u00f6chten, gehen Sie in den Raum und schalten Sie den Ozongenerator ab. \u00d6ffnen Sie das Fenster und entfernen Sie \u00fcbersch\u00fcssiges Ozon schneller. Gehen Sie aus dem Raum und schlie\u00dfen Sie die T\u00fcr, um den Rest des Ozons oxidieren zu lassen.<br \/>\n8. Tipp: Es ist vorteilhaft, die Behandlung mit Hilfe eines am Stecker montierten Timers zu steuern.<\/p>\n        <\/div>\n    <\/div>\n<\/div>\n\n<\/section>\n","protected":false},"excerpt":{"rendered":"","protected":false},"author":21,"featured_media":0,"parent":35737,"menu_order":0,"comment_status":"closed","ping_status":"closed","template":"","meta":{"_acf_changed":false,"_seopress_robots_primary_cat":"","_seopress_titles_title":"","_seopress_titles_desc":"Durch Behandlung der Klimaanlage mit Ozon k\u00f6nnen biologische Ablagerungen verhindert und sich in der Luft befindlichen Sporen, Viren und Bakterien minimiert werden.","_seopress_robots_index":"","inline_featured_image":false,"footnotes":""},"class_list":["post-35742","page","type-page","status-publish","hentry"],"acf":[],"_links":{"self":[{"href":"https:\/\/ozonetech.com\/de\/wp-json\/wp\/v2\/pages\/35742","targetHints":{"allow":["GET"]}}],"collection":[{"href":"https:\/\/ozonetech.com\/de\/wp-json\/wp\/v2\/pages"}],"about":[{"href":"https:\/\/ozonetech.com\/de\/wp-json\/wp\/v2\/types\/page"}],"author":[{"embeddable":true,"href":"https:\/\/ozonetech.com\/de\/wp-json\/wp\/v2\/users\/21"}],"replies":[{"embeddable":true,"href":"https:\/\/ozonetech.com\/de\/wp-json\/wp\/v2\/comments?post=35742"}],"version-history":[{"count":13,"href":"https:\/\/ozonetech.com\/de\/wp-json\/wp\/v2\/pages\/35742\/revisions"}],"predecessor-version":[{"id":41659,"href":"https:\/\/ozonetech.com\/de\/wp-json\/wp\/v2\/pages\/35742\/revisions\/41659"}],"up":[{"embeddable":true,"href":"https:\/\/ozonetech.com\/de\/wp-json\/wp\/v2\/pages\/35737"}],"wp:attachment":[{"href":"https:\/\/ozonetech.com\/de\/wp-json\/wp\/v2\/media?parent=35742"}],"curies":[{"name":"wp","href":"https:\/\/api.w.org\/{rel}","templated":true}]}}