{"id":35708,"date":"2021-01-08T15:15:15","date_gmt":"2021-01-08T14:15:15","guid":{"rendered":"https:\/\/ozonetech.com\/anwendungen\/kitchen-exhaust\/"},"modified":"2024-10-09T16:56:11","modified_gmt":"2024-10-09T14:56:11","slug":"kuchenabluft","status":"publish","type":"page","link":"https:\/\/ozonetech.com\/de\/anwendungen\/kuchenabluft\/","title":{"rendered":"K\u00fcchenabluft"},"content":{"rendered":"\n<section\n    class=\"block hero hero--regular\"\n    style=\"background-image: url('https:\/\/ozonetech.com\/wp-content\/uploads\/2021\/03\/kitchen-1600x484.jpg'); --hero-opacity: 0.3\"\n>\n\n    <div class=\"container-fluid\">\n\n        <div class=\"content editor_content\">\n                         \n                <h2 class='h2'>K\u00fcchenabluft<\/h2>            \n                    <\/div>\n\n            <\/div>\n<\/section>\n\n\n<section class=\"component component_breadcrumbs\">\n\t<div class=\"container-fluid\">\n  \t<\/div>\n<\/section>\n\n\n<section\n    id=\"\"\n    class=\"block content-block\"\n\tstyle=\"--cb-bg: #fff; --cb-content: #000; \"\n>\n    \n\n<div class=\"container-fluid editor_content content content--narrow\">\n    <div class=\"row\">\n        <div class=\"col-12 editor_content\">\n            <h1>Ein breites Spektrum von Anwendungen bei der K\u00fcchenabluft<\/h1>\n<p class=\"preamble\" style=\"text-align: left;\">Restaurants und gewerbliche K\u00fcchen ausgestattet mit Fritteuse, Grill, Wok oder einer Bratplatte ben\u00f6tigen ein au\u00dferordentlich funktionales Luftaufbereitungssystem. Die K\u00fcche muss feuerfest sowie hinsichtlich der Reinigung und den Kosten effizient sein.<\/p>\n<p style=\"text-align: left;\">Zum Beseitigen von Fett und Kochger\u00fcchen aus der Abluft wird eine hohe Reinigungskapazit\u00e4t ben\u00f6tigt. Unserer Erfahrung nach erfordern fettige Luftstr\u00f6me ein hochleistungsf\u00e4higes Ozonetech RENA K\u00fcchensystem, um diese Aufgabe zu bew\u00e4ltigen. Diese Systeme standen bisher nur f\u00fcr den industriellen Markt zur Verf\u00fcgung, aber wir sind jetzt auch in der Lage, die einzigartigen Vorteile dieser Technologie Restaurants und gewerblichen K\u00fcchen anbieten zu k\u00f6nnen.<\/p>\n<p style=\"text-align: left;\">Die Behandlung der Abluft von Gro\u00dfk\u00fcchen hat viele Vorteile, wie die deutliche Verringerung des Brandrisikos, die Minimierung von Geruchsproblemen, die Optimierung der W\u00e4rmer\u00fcckgewinnung, die Verringerung der Gesamtbetriebskosten und die Reduzierung der Belastung der K\u00fcche auf die Umwelt.<\/p>\n<p style=\"text-align: left;\">Unzureichend gereinigte Abluft aus Restaurants und Gro\u00dfk\u00fcchenverursachen oft Geruchsprobleme, welche die Nachbarn beeintr\u00e4chtigen. Das kann zu Mahnungen von Beh\u00f6rden und sogar der Schlie\u00dfung des gesamten Gesch\u00e4fts f\u00fchren, wenn sich nicht umgehend mit dem Problem befasst wird. Die Ozonetech RENA K\u00fcchenl\u00f6sungen stellen sicher, dass diese Art von Problemen vollst\u00e4ndig beseitigt werden.<\/p>\n<p style=\"text-align: left;\">Zus\u00e4tzlich zu den offensichtlichen Vorteilen der Reinigung der Abluft von K\u00fcchen und Restaurants, ist es wesentlich Industriestandards und Empfehlungen zu ber\u00fccksichtigen, um ein sichereres und angenehmeres Arbeitsumfeld zu schaffen. Die Ozonetech-L\u00f6sungen sind mit den neusten EU-Normen zu L\u00fcftungen in Gro\u00dfk\u00fcchen vollst\u00e4ndig konform. Klicken Sie zum Nachlesen und Herunterladen hier.<\/p>\n<p style=\"text-align: left;\">Ozonetech bietet eine breites Sortiment von nachhaltigen und effektiven L\u00f6sungen f\u00fcr Gro\u00dfk\u00fcchen mit einer hohen Behandlungskapazit\u00e4t f\u00fcr gro\u00dfe Luftstr\u00f6me und anspruchsvollen Fettanreicherungen in der Abluft. Unsere L\u00f6sungen unterst\u00fctzen eine oder mehrere Abzugshauben und L\u00fcftungsger\u00e4te (AHU) bei niedrigen Betriebskosten und geringem Wartungsbedarf.<\/p>\n<p style=\"text-align: left;\">Lesen Sie mehr \u00fcber unsere L\u00f6sungen zur Behandlung von K\u00fcchenabluft:<\/p>\n        <\/div>\n    <\/div>\n<\/div>\n\n<\/section>\n\n\n\n<section class=\"block landing-page-grid\" style=\"--grid-bg: #fff; --grid-link: #5f5f5f; --grid-content: #000;\">\n\n    <div class=\"container-fluid grid\">\n\n                \n                    <div class=\"grid__list\">\n                                    <a class=\"item\" href=\"https:\/\/ozonetech.com\/de\/anwendungen\/kuchenabluft\/die-behandlung-von-abluft-in-grosskuchen\/\" target=\"\">\n                        <span class=\"item__overlay\"><\/span>\n                        <span\n                            class=\"item__background-image\"\n                            style=\"background-image: url('https:\/\/ozonetech.com\/wp-content\/uploads\/2021\/02\/treating-kitchcen-exhaust-air-1.jpg');\"\n                        ><\/span>\n                        \n                        <span class=\"item__content\">\n                            <figure class=\"item__content--icon\">\n                                                            <\/figure>\n\n                            <span class=\"item__content--link\">\n                                <span>Behandlung von K\u00fcchenabluft<\/span><svg version=\"1.1\" id=\"Layer_1\" xmlns=\"http:\/\/www.w3.org\/2000\/svg\" x=\"0\" y=\"0\" viewBox=\"0 0 25 21.76\" xml:space=\"preserve\"><path fill=\"#FF691C\" d=\"M12.17 1.45l1.11-1.1c.46-.47 1.22-.47 1.68 0l9.69 9.68c.47.46.47 1.22 0 1.68l-9.69 9.69c-.46.47-1.22.47-1.68 0l-1.11-1.11c-.47-.47-.46-1.23.01-1.7l.01-.01 6-5.72h-17c-.66 0-1.2-.53-1.2-1.19v-1.6c0-.66.53-1.2 1.19-1.2h17.01l-6-5.72c-.48-.45-.5-1.2-.05-1.68.01 0 .02-.01.03-.02z\"\/><\/svg>                            <\/span>\n                        <\/span>\n                    <\/a>\n                                    <a class=\"item\" href=\"https:\/\/ozonetech.com\/de\/anwendungen\/kuchenabluft\/standards-und-bestimmungen\/\" target=\"\">\n                        <span class=\"item__overlay\"><\/span>\n                        <span\n                            class=\"item__background-image\"\n                            style=\"background-image: url('https:\/\/ozonetech.com\/wp-content\/uploads\/2021\/02\/Standards-and-regulations.jpg');\"\n                        ><\/span>\n                        \n                        <span class=\"item__content\">\n                            <figure class=\"item__content--icon\">\n                                                            <\/figure>\n\n                            <span class=\"item__content--link\">\n                                <span>Standards und Bestimmungen<\/span><svg version=\"1.1\" id=\"Layer_1\" xmlns=\"http:\/\/www.w3.org\/2000\/svg\" x=\"0\" y=\"0\" viewBox=\"0 0 25 21.76\" xml:space=\"preserve\"><path fill=\"#FF691C\" d=\"M12.17 1.45l1.11-1.1c.46-.47 1.22-.47 1.68 0l9.69 9.68c.47.46.47 1.22 0 1.68l-9.69 9.69c-.46.47-1.22.47-1.68 0l-1.11-1.11c-.47-.47-.46-1.23.01-1.7l.01-.01 6-5.72h-17c-.66 0-1.2-.53-1.2-1.19v-1.6c0-.66.53-1.2 1.19-1.2h17.01l-6-5.72c-.48-.45-.5-1.2-.05-1.68.01 0 .02-.01.03-.02z\"\/><\/svg>                            <\/span>\n                        <\/span>\n                    <\/a>\n                            <\/div>\n            <\/div>\n\n<\/section>","protected":false},"excerpt":{"rendered":"","protected":false},"author":42,"featured_media":0,"parent":35623,"menu_order":0,"comment_status":"closed","ping_status":"closed","template":"","meta":{"_acf_changed":false,"_seopress_robots_primary_cat":"","_seopress_titles_title":"","_seopress_titles_desc":"Die Behandlung der Luft in Gro\u00dfk\u00fcchen mit Ozon reduziert das Brandrisiko, minimiert Ger\u00fcche sowie die Umweltauswirkungen und verringert die Betriebskosten.","_seopress_robots_index":"","inline_featured_image":false,"footnotes":""},"class_list":["post-35708","page","type-page","status-publish","hentry"],"acf":[],"_links":{"self":[{"href":"https:\/\/ozonetech.com\/de\/wp-json\/wp\/v2\/pages\/35708","targetHints":{"allow":["GET"]}}],"collection":[{"href":"https:\/\/ozonetech.com\/de\/wp-json\/wp\/v2\/pages"}],"about":[{"href":"https:\/\/ozonetech.com\/de\/wp-json\/wp\/v2\/types\/page"}],"author":[{"embeddable":true,"href":"https:\/\/ozonetech.com\/de\/wp-json\/wp\/v2\/users\/42"}],"replies":[{"embeddable":true,"href":"https:\/\/ozonetech.com\/de\/wp-json\/wp\/v2\/comments?post=35708"}],"version-history":[{"count":8,"href":"https:\/\/ozonetech.com\/de\/wp-json\/wp\/v2\/pages\/35708\/revisions"}],"predecessor-version":[{"id":40236,"href":"https:\/\/ozonetech.com\/de\/wp-json\/wp\/v2\/pages\/35708\/revisions\/40236"}],"up":[{"embeddable":true,"href":"https:\/\/ozonetech.com\/de\/wp-json\/wp\/v2\/pages\/35623"}],"wp:attachment":[{"href":"https:\/\/ozonetech.com\/de\/wp-json\/wp\/v2\/media?parent=35708"}],"curies":[{"name":"wp","href":"https:\/\/api.w.org\/{rel}","templated":true}]}}