{"id":35697,"date":"2020-06-23T10:56:08","date_gmt":"2020-06-23T10:56:08","guid":{"rendered":"https:\/\/ozonetech.com\/anwendungen\/luftbehandlung\/voc-removal\/"},"modified":"2024-10-09T16:50:55","modified_gmt":"2024-10-09T14:50:55","slug":"voc-entfernung","status":"publish","type":"page","link":"https:\/\/ozonetech.com\/de\/anwendungen\/luftbehandlung\/voc-entfernung\/","title":{"rendered":"VOC-Entfernung"},"content":{"rendered":"\n<section\n    class=\"block hero hero--regular\"\n    style=\"background-image: url('https:\/\/ozonetech.com\/wp-content\/uploads\/2021\/02\/VOC-removal-2-1600x484.jpg'); --hero-opacity: 0\"\n>\n\n    <div class=\"container-fluid\">\n\n        <div class=\"content editor_content\">\n                         \n                <h2 class='h2'>VOC-Entfernung<\/h2>            \n                    <\/div>\n\n            <\/div>\n<\/section>\n\n\n<section class=\"component component_breadcrumbs\">\n\t<div class=\"container-fluid\">\n  \t<\/div>\n<\/section>\n\n\n<section\n    id=\"\"\n    class=\"block content-block\"\n\tstyle=\"--cb-bg: white; --cb-content: #000; padding-top: 30px; padding-bottom: 30px;\"\n>\n    \n\n<div class=\"container-fluid editor_content content content--narrow\">\n    <div class=\"row\">\n        <div class=\"col-12 editor_content\">\n            <h1>Effiziente und nachhaltige VOC-Entfernung mit Ozon und AOP<\/h1>\n<p class=\"preamble\">Der Begriff VOC (Volatile Organic Compounds) bezieht sich auf eine breite Palette verschiedener chemischer Verbindungen. Alle VOC sind organische Chemikalien (d.h. kohlenstoffhaltig) mit hohem Dampfdruck bei normaler Raumtemperatur. Diese Gruppe von Verbindungen wird in Kategorien wie Aromaten, Aldehyde oder Kohlenwasserstoffe unterteilt. Jede Kategorie hat unterschiedliche chemische Eigenschaften, die zu verschiedenen Umweltproblemen f\u00fchren k\u00f6nnen.<\/p>\n<h3>Emissionsquellen<\/h3>\n<p>Die VOC werden von verschiedenen Quellen im gesamten europ\u00e4ischen Raum emittiert. Die h\u00e4ufigsten sind die &#8222;industriellen Prozesse&#8220; und der &#8222;gewerbliche, institutionelle und private Kraftstoffverbrauch&#8220;. Nur diese beiden Quellen zusammen emittieren zwei Drittel der gesamten europ\u00e4ischen Emissionen, so dass sie im Mittelpunkt dieser Seite stehen werden.<\/p>\n<h4><\/h4>\n<p>&nbsp;<\/p>\n<h4 style=\"text-align: center;\">VOC-Emissionsquellen<\/h4>\n<p><img loading=\"lazy\" decoding=\"async\" class=\"aligncenter wp-image-37909 size-large\" src=\"https:\/\/ozonetech.com\/wp-content\/uploads\/2021\/08\/VOC-emission-sources-DE-1024x683.png\" alt=\"\" width=\"1024\" height=\"683\" srcset=\"https:\/\/ozonetech.com\/wp-content\/uploads\/2021\/08\/VOC-emission-sources-DE-1024x683.png 1024w, https:\/\/ozonetech.com\/wp-content\/uploads\/2021\/08\/VOC-emission-sources-DE-300x200.png 300w, https:\/\/ozonetech.com\/wp-content\/uploads\/2021\/08\/VOC-emission-sources-DE-768x512.png 768w, https:\/\/ozonetech.com\/wp-content\/uploads\/2021\/08\/VOC-emission-sources-DE.png 1501w\" sizes=\"auto, (max-width: 1024px) 100vw, 1024px\" \/><\/p>\n<p>&nbsp;<\/p>\n<h4>Umweltprobleme<\/h4>\n<p>Die Emission von VOC in die Atmosph\u00e4re verursacht Umweltprobleme. Einige VOC k\u00f6nnen aufgrund ihrer hohen Geruchsintensit\u00e4t zu Geruchsproblemen f\u00fchren. Solche F\u00e4lle treten h\u00e4ufig in der Lebensmittelindustrie und in Kl\u00e4ranlagen auf. Toxizit\u00e4t ist ein weiteres Thema im Zusammenhang mit VOC. Auch wenn die Verwendung der giftigsten Verbindungen streng limitiert wurde, k\u00f6nnen die Emissionen hoher Konzentrationen zu einer toxischen Umgebung beitragen. Aus diesem Grund gibt es Regelungen, um diese Gefahr zu verringern. Ein typisches Beispiel ist die L\u00f6semittelemission aus der Pharma-, Textil, Lack- und Beschichtungsindustrie.<\/p>\n        <\/div>\n    <\/div>\n<\/div>\n\n<\/section>\n\n\n\n\n\n\n\n\n\n<section\n    id=\"\"\n    class=\"block content-block\"\n\tstyle=\"--cb-bg: #e6e6e6; --cb-content: #000; padding-top: 30px; padding-bottom: 30px;\"\n>\n    \n\n<div class=\"container-fluid editor_content content content--narrow\">\n    <div class=\"row\">\n        <div class=\"col-12 editor_content\">\n            <h3>Beispiele f\u00fcr VOC, die h\u00e4ufig in industriellen und kommerziellen Anwendungen zu finden sind, werden im Folgenden vorgestellt.<\/h3>\n        <\/div>\n    <\/div>\n<\/div>\n\n\n<div class=\"container-fluid editor_content content content--narrow\">\n    <div class=\"row\">\n        <div class=\"col-md-6\">\n            <h4><img loading=\"lazy\" decoding=\"async\" class=\"aligncenter wp-image-15166 size-full\" src=\"https:\/\/ozonetech.com\/wp-content\/uploads\/2021\/01\/Acetaldehyde-2.png\" alt=\"\" width=\"396\" height=\"201\" srcset=\"https:\/\/ozonetech.com\/wp-content\/uploads\/2021\/01\/Acetaldehyde-2.png 396w, https:\/\/ozonetech.com\/wp-content\/uploads\/2021\/01\/Acetaldehyde-2-300x152.png 300w\" sizes=\"auto, (max-width: 396px) 100vw, 396px\" \/>Acetaldehyd (Aldehyde)<\/h4>\n<p>Acetaldehyd geh\u00f6rt zur Kategorie der Aldehyde. Es kommt nat\u00fcrlich in Kaffee, Brot und reifen Fr\u00fcchten vor.<\/p>\n<p>Acetaldehyd ist einer der wichtigsten Luftschadstoffe, da er giftig, reizend und krebserregend ist. Acetaldehyd-Emissionen k\u00f6nnen auch zu Geruchsproblemen f\u00fchren, insbesondere in Gro\u00dfk\u00fcchen und in der Lebensmittelindustrie.<\/p>\n        <\/div>\n        <div class=\"col-md-6\">\n            <h4><strong><img loading=\"lazy\" decoding=\"async\" class=\"aligncenter wp-image-15186 size-full\" src=\"https:\/\/ozonetech.com\/wp-content\/uploads\/2021\/01\/Benzene-2.png\" alt=\"\" width=\"396\" height=\"201\" srcset=\"https:\/\/ozonetech.com\/wp-content\/uploads\/2021\/01\/Benzene-2.png 396w, https:\/\/ozonetech.com\/wp-content\/uploads\/2021\/01\/Benzene-2-300x152.png 300w\" sizes=\"auto, (max-width: 396px) 100vw, 396px\" \/><\/strong>Benzol (Aromaten)<\/h4>\n<p>Benzol ist eine der bekanntesten aromatischen Verbindungen. Es wird seit langem als L\u00f6sungsmittel verwendet und ist derzeit ein wichtiges Zwischenprodukt in der chemischen Industrie.<\/p>\n<p>Aufgrund der bekannten Karzinogenit\u00e4t wurde die Verwendung von Benzol als L\u00f6sungsmittel weitgehend ersetzt. Die industriellen Emissionen von Industrien wie der Petrochemie und der chemischen Produktion m\u00fcssen sorgf\u00e4ltig \u00fcberwacht werden.<\/p>\n        <\/div>\n    <\/div>\n<\/div>\n<div class=\"container-fluid editor_content content content--narrow\">\n    <div class=\"row\">\n        <div class=\"col-md-6\">\n            <h4><img loading=\"lazy\" decoding=\"async\" class=\"aligncenter wp-image-15200 size-full\" src=\"https:\/\/ozonetech.com\/wp-content\/uploads\/2021\/01\/Acetone.png\" alt=\"\" width=\"396\" height=\"201\" srcset=\"https:\/\/ozonetech.com\/wp-content\/uploads\/2021\/01\/Acetone.png 396w, https:\/\/ozonetech.com\/wp-content\/uploads\/2021\/01\/Acetone-300x152.png 300w\" sizes=\"auto, (max-width: 396px) 100vw, 396px\" \/>Aceton (Ketone)<\/h4>\n<p>Aceton geh\u00f6rt zur Kategorie der Ketone. Es wird in vielen industriellen Prozessen als L\u00f6sungsmittel verwendet.<\/p>\n<p>Auch wenn Aceton keine hohe Toxizit\u00e4t aufweist, sind Emissionen mit hoher Konzentration streng geregelt. Aceton findet man in der Pharma-, Textil- und Lackindustrie.<\/p>\n        <\/div>\n        <div class=\"col-md-6\">\n            <h4><img loading=\"lazy\" decoding=\"async\" class=\"aligncenter wp-image-15207 size-full\" src=\"https:\/\/ozonetech.com\/wp-content\/uploads\/2021\/01\/Skatole-3.png\" alt=\"\" width=\"396\" height=\"201\" srcset=\"https:\/\/ozonetech.com\/wp-content\/uploads\/2021\/01\/Skatole-3.png 396w, https:\/\/ozonetech.com\/wp-content\/uploads\/2021\/01\/Skatole-3-300x152.png 300w\" sizes=\"auto, (max-width: 396px) 100vw, 396px\" \/>Skatol (Aromaten)<\/h4>\n<p>Skatol ist der Kategorie der Aromaten zugeordnet. Es wird auf nat\u00fcrliche Weise bei der Verdauung von Proteinen produziert. In geringen Konzentrationen wird es als Duftstoff verwendet.<\/p>\n<p>W\u00e4hrend es bei niedrigen Konzentrationen angenehm ist, ist Skatol bei h\u00f6heren Konzentrationen \u00fcbel riechend. Es ist h\u00e4ufig mit Geruchsproblemen in Kl\u00e4ranlagen verbunden.<\/p>\n        <\/div>\n    <\/div>\n<\/div>\n<div class=\"container-fluid editor_content content content--narrow\">\n    <div class=\"row\">\n        <div class=\"col-md-6\">\n            <h4><img loading=\"lazy\" decoding=\"async\" class=\"aligncenter wp-image-15144 size-full\" src=\"https:\/\/ozonetech.com\/wp-content\/uploads\/2021\/01\/Xylenes-2.png\" alt=\"\" width=\"396\" height=\"201\" srcset=\"https:\/\/ozonetech.com\/wp-content\/uploads\/2021\/01\/Xylenes-2.png 396w, https:\/\/ozonetech.com\/wp-content\/uploads\/2021\/01\/Xylenes-2-300x152.png 300w\" sizes=\"auto, (max-width: 396px) 100vw, 396px\" \/><\/h4>\n<h4>Xylole (Aromaten)<\/h4>\n<p>Xylole geh\u00f6ren zur Kategorie der Aromaten. Sie sind wichtige chemische Zwischenprodukte bei der Herstellung von Kunststoff-PET-Flaschen.<\/p>\n<p>Die Luftemission von Xylolen ist aufgrund der niedrigen Geruchsschwelle h\u00e4ufig mit Geruchsproblemen verbunden. Sie sind auch giftig, wenn sie in hohen Konzentrationen emittiert werden. Xylole werden von Biogasanlagen jeglicher chemischer Industrie emittiert.<\/p>\n        <\/div>\n        <div class=\"col-md-6\">\n            <p><img loading=\"lazy\" decoding=\"async\" class=\"aligncenter wp-image-15154 size-full\" src=\"https:\/\/ozonetech.com\/wp-content\/uploads\/2021\/01\/Limonene-3.png\" alt=\"\" width=\"396\" height=\"201\" srcset=\"https:\/\/ozonetech.com\/wp-content\/uploads\/2021\/01\/Limonene-3.png 396w, https:\/\/ozonetech.com\/wp-content\/uploads\/2021\/01\/Limonene-3-300x152.png 300w\" sizes=\"auto, (max-width: 396px) 100vw, 396px\" \/><\/p>\n<p><strong style=\"font-family: Poppins, sans-serif; font-size: 22px;\">Limonen (Terpene)<\/strong><\/p>\n<p>Limonen ist eines der h\u00e4ufigsten Terpene. Es ist der Hauptbestandteil im \u00d6l von Zitrusfruchtschalen und hat seinen Namen vom Wort &#8222;Limone&#8220;.<\/p>\n<p>Die Emissionen von Limonen sind aufgrund der niedrigen Geruchsschwelle und der hohen Konzentration in vielen Pflanzenarten mit Geruchsproblemen verbunden. Limonen wird aus der Lebensmittel- und Biogasindustrie emittiert.<\/p>\n        <\/div>\n    <\/div>\n<\/div>\n\n<div class=\"container-fluid editor_content content content--narrow\">\n    <div class=\"row\">\n        <div class=\"col-12 editor_content\">\n            <p><em>Wir sind Spezialisten in der Analyse der Art und Konzentration von VOC f\u00fcr Ihren Fall. Lesen Sie hier mehr.<\/em><\/p>\n        <\/div>\n    <\/div>\n<\/div>\n\n<\/section>\n\n\n\n<section\n    id=\"\"\n    class=\"block content-block\"\n\tstyle=\"--cb-bg: white; --cb-content: #000; padding-top: 30px; padding-bottom: 30px;\"\n>\n    \n\n<div class=\"container-fluid editor_content content content--narrow\">\n    <div class=\"row\">\n        <div class=\"col-12 editor_content\">\n            <h3>Richtlinien und Vorschriften zur VOC-Emission<\/h3>\n<p>Aufgrund der durch VOC verursachten Umweltprobleme wurden mehrere Richtlinien und Verordnungen sowohl auf europ\u00e4ischer als auch auf nationaler Ebene durchgesetzt. Im Hinblick auf die europ\u00e4ischen Richtlinien wurden mit der 2001\/81\/EG und der 2016\/2284 zwei wichtige Meilensteine gesetzt. Die erste Richtlinie legt nationale Emissionsh\u00f6chstmengen f\u00fcr die VOC-Emissionen aus allen Quellen fest, die bis zum Jahr 2010 erreicht werden sollen. Die zweite Richtlinie legt die prozentuale Reduzierung der VOC-Emissionen sowohl f\u00fcr die einzelnen L\u00e4nder als auch f\u00fcr den gesamten EU-Raum fest. Seit dem Jahr 2001 ist die EU sehr aktiv bei der Reduzierung der VOC-Emissionen und hat sich hohe Reduktionsziele gesetzt, wie die folgende Abbildung zeigt.<\/p>\n<h4><\/h4>\n<p><img loading=\"lazy\" decoding=\"async\" class=\"aligncenter wp-image-37919 size-large\" src=\"https:\/\/ozonetech.com\/wp-content\/uploads\/2021\/08\/Reduction-of-VOC-emissions-DE-1024x741.png\" alt=\"\" width=\"1024\" height=\"741\" srcset=\"https:\/\/ozonetech.com\/wp-content\/uploads\/2021\/08\/Reduction-of-VOC-emissions-DE-1024x741.png 1024w, https:\/\/ozonetech.com\/wp-content\/uploads\/2021\/08\/Reduction-of-VOC-emissions-DE-300x217.png 300w, https:\/\/ozonetech.com\/wp-content\/uploads\/2021\/08\/Reduction-of-VOC-emissions-DE-768x556.png 768w, https:\/\/ozonetech.com\/wp-content\/uploads\/2021\/08\/Reduction-of-VOC-emissions-DE.png 1501w\" sizes=\"auto, (max-width: 1024px) 100vw, 1024px\" \/><\/p>\n<div class=\"mceTemp\"><\/div>\n<p>&nbsp;<\/p>\n<p>Die EU-Richtlinie 2016\/2284 wurde in Schweden vom schwedischen Parlament mit der Verordnung SFS 2017:418 umgesetzt.<\/p>\n        <\/div>\n    <\/div>\n<\/div>\n\n\n\n<div class=\"container-fluid editor_content content content--narrow\">\n    <div class=\"row\">\n        <div class=\"col-12 editor_content\">\n            <h4>VOC-Entfernung f\u00fcr bestimmte Branchen<\/h4>\n<p>Neben den Richtlinien zur allgemeinen VOC-Reduzierung wurden spezifische Ma\u00dfnahmen zur Begrenzung der Emissionen aus bestimmten Branchen und Sektoren ergriffen. Ein Beispiel ist die Richtlinie 2010\/75\/EG zur Regelung von Feuerungsanlagen, Verbrennungsanlagen, der Produktion von Titandioxid und der Verwendung organischer L\u00f6sungsmittel. F\u00fcr diesen letzten Bereich wurden viele Grenzwerte f\u00fcr die Emissionskonzentrationen in Abgasen festgelegt, je nach Art und Gr\u00f6\u00dfe der Industrie, die L\u00f6sungsmittel verwendet. Die meisten dieser Grenzwerte liegen zwischen 20 und 100 mg C\/Nm<sup>3<\/sup>. Wie alle EU-Richtlinien wurde auch die 2010\/75\/EG in Schweden mit den Verordnungen SFS 2013:254 und SFS 2014:20 umgesetzt.<\/p>\n<h3>Ozon und AOP zur VOC-Entfernung<\/h3>\n<p>Unabh\u00e4ngig vom Zweck der Luftaufbereitung bieten wir viele L\u00f6sungen zur Entfernung von VOC aus vielen Branchen an. Ein Beispiel f\u00fcr die VOC-Reduzierung mit den Technologien von Ozonetech ist unten aufgef\u00fchrt.<\/p>\n<p><img loading=\"lazy\" decoding=\"async\" class=\"aligncenter wp-image-37914 size-large\" src=\"https:\/\/ozonetech.com\/wp-content\/uploads\/2021\/08\/VOC-reduction-with-OTS-solutions-DE-1024x741.png\" alt=\"\" width=\"1024\" height=\"741\" srcset=\"https:\/\/ozonetech.com\/wp-content\/uploads\/2021\/08\/VOC-reduction-with-OTS-solutions-DE-1024x741.png 1024w, https:\/\/ozonetech.com\/wp-content\/uploads\/2021\/08\/VOC-reduction-with-OTS-solutions-DE-300x217.png 300w, https:\/\/ozonetech.com\/wp-content\/uploads\/2021\/08\/VOC-reduction-with-OTS-solutions-DE-768x556.png 768w, https:\/\/ozonetech.com\/wp-content\/uploads\/2021\/08\/VOC-reduction-with-OTS-solutions-DE.png 1501w\" sizes=\"auto, (max-width: 1024px) 100vw, 1024px\" \/><\/p>\n<p>Auch bei hohen VOC-Konzentrationen bieten wir Technologien an, die die strengen Umweltauflagen hinsichtlich der VOC-Reduktion erf\u00fcllen.<\/p>\n        <\/div>\n    <\/div>\n<\/div>\n\n<\/section>\n\n\n\n\n\n\n<section\n    id=\"\"\n    class=\"block content-block\"\n\tstyle=\"--cb-bg: white; --cb-content: #000; padding-top: 30px; padding-bottom: 30px;\"\n>\n    \n\n<div class=\"container-fluid editor_content content content--narrow\">\n    <div class=\"row\">\n        <div class=\"col-12 editor_content\">\n            <h3>Systeme und L\u00f6sungen<\/h3>\n        <\/div>\n    <\/div>\n<\/div>\n\n\n<div class=\"container-fluid editor_content content content--narrow\">\n    <div class=\"row\">\n        <div class=\"col-md-6\">\n            <h4><img loading=\"lazy\" decoding=\"async\" class=\"aligncenter wp-image-15287 size-medium\" src=\"https:\/\/ozonetech.com\/wp-content\/uploads\/2021\/01\/RENA-Pro-C-1-228x300.png\" alt=\"\" width=\"228\" height=\"300\" srcset=\"https:\/\/ozonetech.com\/wp-content\/uploads\/2021\/01\/RENA-Pro-C-1-228x300.png 228w, https:\/\/ozonetech.com\/wp-content\/uploads\/2021\/01\/RENA-Pro-C-1.png 300w\" sizes=\"auto, (max-width: 228px) 100vw, 228px\" \/>RENA Pro<\/h4>\n<p>Das RENA Pro bietet eine hochwertige Ozonbehandlung f\u00fcr den Prozessstrom. Ozon reagiert schnell mit den emittierten VOC und oxidiert diese ohne sch\u00e4dliche Nebenprodukte. Dies f\u00fchrt zu einer hervorragenden VOC-Behandlung mit einer Austrittskonzentration unterhalb der strengsten Umweltgrenzwerte. Wir bieten unsere RENA Pro L\u00f6sungen immer mit einem ma\u00dfgeschneiderten Design an, das speziell f\u00fcr jeden Fall entwickelt wurde. Wir ber\u00fccksichtigen relevante Einlassparameter wie Luftstrom und VOC-Konzentration und dosieren die richtige Ozonmenge entsprechend dem zu erreichenden Ziel. Eine solche ma\u00dfgeschneiderte L\u00f6sung f\u00fchrt zu gro\u00dfen Energieeinsparungen und hoher Prozesseffizienz und senkt die Betriebskosten f\u00fcr die Ozonbehandlung.<\/p>\n<p>Lesen Sie hier mehr \u00fcber unsere RENA Pro Systeme oder laden Sie unsere Brosch\u00fcre herunter.<\/p>\n        <\/div>\n        <div class=\"col-md-6\">\n            <h4><img loading=\"lazy\" decoding=\"async\" class=\"aligncenter wp-image-38832 size-medium\" src=\"https:\/\/ozonetech.com\/wp-content\/uploads\/2021\/10\/uv-reactor-300x199.png\" alt=\"\" width=\"300\" height=\"199\" srcset=\"https:\/\/ozonetech.com\/wp-content\/uploads\/2021\/10\/uv-reactor-300x199.png 300w, https:\/\/ozonetech.com\/wp-content\/uploads\/2021\/10\/uv-reactor-1024x680.png 1024w, https:\/\/ozonetech.com\/wp-content\/uploads\/2021\/10\/uv-reactor-768x510.png 768w, https:\/\/ozonetech.com\/wp-content\/uploads\/2021\/10\/uv-reactor.png 1500w\" sizes=\"auto, (max-width: 300px) 100vw, 300px\" \/>RENA Pro kombiniert mit UV-Systemen<\/h4>\n<p>F\u00fcr besonders hohe VOC-Belastungen oder sehr strenge gesetzliche Grenzwerte k\u00f6nnen wir die RENA Pro-L\u00f6sung mit unseren <a href=\"https:\/\/mellifiq.com\/brands\/saniray\/systems\/#a-series\" target=\"_blank\" rel=\"noopener\">UV-Systemen<\/a> <em>(external site)<\/em> kombinieren, was zu einer AOP-L\u00f6sung f\u00fchrt. Der Begriff AOP steht f\u00fcr Advanced Oxidation Processes und bezieht sich auf eine Technologie, die in der Lage ist, eine chemische Spezies namens Hydroxylradikal herzustellen. In unserem System wird Ozon in Hydroxylradikale umgewandelt, sobald es vom UV-Licht bestrahlt wird. Diese chemische Spezies ist noch aggressiver als Ozon zur Entfernung von VOC. Die VOC-Behandlung wird dann durch den UV-Reaktor verst\u00e4rkt, was zu einem kompakteren System mit hoher Leistung f\u00fchrt. Unsere UV-Systeme verwenden ausschlie\u00dflich Hochleistungs-UV-Lampen f\u00fcr die effektivste Behandlung auf kleinstem Raum.<\/p>\n<p>Lesen Sie <a href=\"https:\/\/mellifiq.com\/brands\/saniray\/\" target=\"_blank\" rel=\"noopener\">hier<\/a> mehr \u00fcber unsere UV-Systeml\u00f6sungen.<\/p>\n        <\/div>\n    <\/div>\n<\/div>\n<div class=\"container-fluid editor_content content content--narrow\">\n    <div class=\"row\">\n        <div class=\"col-md-6\">\n            <h4><img loading=\"lazy\" decoding=\"async\" class=\"aligncenter wp-image-15301 size-medium\" src=\"https:\/\/ozonetech.com\/wp-content\/uploads\/2021\/01\/nodora-by-Mellifiq-1-227x300.png\" alt=\"\" width=\"227\" height=\"300\" srcset=\"https:\/\/ozonetech.com\/wp-content\/uploads\/2021\/01\/nodora-by-Mellifiq-1-227x300.png 227w, https:\/\/ozonetech.com\/wp-content\/uploads\/2021\/01\/nodora-by-Mellifiq-1.png 300w\" sizes=\"auto, (max-width: 227px) 100vw, 227px\" \/>Kombination der AOP-Phase und Nodora<\/h4>\n<p>F\u00fcr eine optimale Leistung bei der VOC-Behandlung empfehlen wir unsere Komplettl\u00f6sung, die die AOP-Stufe und die Nodora-Filter kombiniert. Die Erg\u00e4nzung des bisherigen Systems mit Nodora erm\u00f6glicht ein abschlie\u00dfendes Aufreinigen des behandelten Stroms, wodurch VOC-Emissionen nahe Null entstehen. Bei dieser Stufe handelt es sich um einen katalytischen Mischbettfilter, der aus mehreren ma\u00dfgeschneiderten Materialien zur Maximierung der VOC-Behandlung besteht. Die Nodora-Filter werden in den anspruchsvollsten F\u00e4llen eingesetzt, wenn der Platz begrenzt ist, aber dennoch eine sehr effektive VOC-Behandlung ben\u00f6tigt wird. Dar\u00fcber hinaus haben die Nodora-Filter ein spezielles Design zur Minimierung der Druckverluste, mit gro\u00dfen Einsparungen beim Energieverbrauch und den Betriebskosten.<\/p>\n<p>Lesen Sie hier mehr \u00fcber unsere Nodora-Systeme oder laden Sie unsere Brosch\u00fcre herunter.<\/p>\n<p>VOC-Probleme k\u00f6nnen auch mit Geruchsproblemen zusammenh\u00e4ngen. Lesen Sie hier mehr \u00fcber die Geruchsbeseitigung.<\/p>\n        <\/div>\n        <div class=\"col-md-6\">\n                    <\/div>\n    <\/div>\n<\/div><\/section>\n","protected":false},"excerpt":{"rendered":"","protected":false},"author":21,"featured_media":0,"parent":35646,"menu_order":0,"comment_status":"closed","ping_status":"closed","template":"","meta":{"_acf_changed":false,"_seopress_robots_primary_cat":"","_seopress_titles_title":"","_seopress_titles_desc":"Unabh\u00e4ngig vom Zweck der Luftaufbereitung bietet Mellifiq viele L\u00f6sungen zur Entfernung von VOC in vielen Branchen.","_seopress_robots_index":"","inline_featured_image":false,"footnotes":""},"class_list":["post-35697","page","type-page","status-publish","hentry"],"acf":[],"_links":{"self":[{"href":"https:\/\/ozonetech.com\/de\/wp-json\/wp\/v2\/pages\/35697","targetHints":{"allow":["GET"]}}],"collection":[{"href":"https:\/\/ozonetech.com\/de\/wp-json\/wp\/v2\/pages"}],"about":[{"href":"https:\/\/ozonetech.com\/de\/wp-json\/wp\/v2\/types\/page"}],"author":[{"embeddable":true,"href":"https:\/\/ozonetech.com\/de\/wp-json\/wp\/v2\/users\/21"}],"replies":[{"embeddable":true,"href":"https:\/\/ozonetech.com\/de\/wp-json\/wp\/v2\/comments?post=35697"}],"version-history":[{"count":17,"href":"https:\/\/ozonetech.com\/de\/wp-json\/wp\/v2\/pages\/35697\/revisions"}],"predecessor-version":[{"id":40220,"href":"https:\/\/ozonetech.com\/de\/wp-json\/wp\/v2\/pages\/35697\/revisions\/40220"}],"up":[{"embeddable":true,"href":"https:\/\/ozonetech.com\/de\/wp-json\/wp\/v2\/pages\/35646"}],"wp:attachment":[{"href":"https:\/\/ozonetech.com\/de\/wp-json\/wp\/v2\/media?parent=35697"}],"curies":[{"name":"wp","href":"https:\/\/api.w.org\/{rel}","templated":true}]}}