{"id":35683,"date":"2020-06-23T09:16:32","date_gmt":"2020-06-23T08:16:32","guid":{"rendered":"https:\/\/ozonetech.com\/anwendungen\/luftbehandlung\/odor-control\/"},"modified":"2024-10-09T16:48:57","modified_gmt":"2024-10-09T14:48:57","slug":"geruchsbeseitigung","status":"publish","type":"page","link":"https:\/\/ozonetech.com\/de\/anwendungen\/luftbehandlung\/geruchsbeseitigung\/","title":{"rendered":"Geruchsbeseitigung"},"content":{"rendered":"\n<section\n    class=\"block hero hero--regular\"\n    style=\"background-image: url('https:\/\/ozonetech.com\/wp-content\/uploads\/2021\/02\/odor-control-1-1600x484.jpg'); --hero-opacity: 0.3\"\n>\n\n    <div class=\"container-fluid\">\n\n        <div class=\"content editor_content\">\n                         \n                <h2 class='h2'>Geruchsbeseitigung<\/h2>            \n                    <\/div>\n\n            <\/div>\n<\/section>\n\n\n<section class=\"component component_breadcrumbs\">\n\t<div class=\"container-fluid\">\n  \t<\/div>\n<\/section>\n\n\n\n\n\n<section\n    id=\"\"\n    class=\"block content-block\"\n\tstyle=\"--cb-bg: white; --cb-content: #000; padding-top: 30px; padding-bottom: 30px;\"\n>\n    \n\n<div class=\"container-fluid editor_content content content--narrow\">\n    <div class=\"row\">\n        <div class=\"col-12 editor_content\">\n            <h1>Energieeffiziente Behandlung von Geruchsverbindungen<\/h1>\n<p class=\"preamble\">Geruchsstoffe wie <a href=\"https:\/\/ozonetech.com\/de\/anwendungen\/luftbehandlung\/voc-entfernung\/\">VOCs (Volatile Organic Compounds)<\/a>, H<sub>2<\/sub>S und fl\u00fcchtige Fetts\u00e4uren(VFAs) finden sich in der K\u00fcchenl\u00fcftung und einer Vielzahl von Industriezweigen. Obwohl die Ger\u00fcche nicht notwendigerweise physische Gesundheitsprobleme verursachen, st\u00f6ren sie die Umgebung und f\u00fchren zu Beschwerden gegen ihren Ursprung.<\/p>\n<p>Geruchsintensive VOCs k\u00f6nnen durch mikrobielle oder thermische Zersetzung organischer Stoffe entstehen, was in Brauereien, Kl\u00e4ranlagen, <a href=\"https:\/\/ozonetech.com\/de\/anwendungen\/kuchenabluft\/\">Koch- und Lebensmittelindustrie \u00fcblich ist.<\/a><\/p>\n<p>Die Quellen der H<sub>2<\/sub>S-Emission sind \u00e4hnlich denen der VOCs, mit dem Hauptunterschied der Anwesenheit von Schwefelverbindungen im Quellsubstrat. So enth\u00e4lt das organische Material in der Lebensmittelindustrie und in Kl\u00e4ranlagen eine signifikante Konzentration an Schwefelverbindungen, die zu H<sub>2<\/sub>S-Emissionen f\u00fchrt. H<sub>2<\/sub>S ist auch in Brauereien und Biogasanlagen weit verbreitet, wegen der anaeroben Reduktion von Schwefelverbindungen in den Bioreaktoren oder Fermentern.<\/p>\n        <\/div>\n    <\/div>\n<\/div>\n\n\n\n<div class=\"container-fluid editor_content content content--narrow\">\n    <div class=\"row\">\n        <div class=\"col-12 editor_content\">\n            <h3>Die menschliche Nase und Geruchswahrnehmung<\/h3>\n<p>Die menschliche Nase hat sich im Laufe der Jahrtausende weiterentwickelt und unterschiedliche Empfindlichkeiten f\u00fcr verschiedene Verbindungen entwickelt. So hat die Nase eine sehr hohe Empfindlichkeit gegen\u00fcber Verbindungen, die durch die Zersetzung organischer Stoffe entstehen. Auf diese Weise konnte im Laufe der Geschichte die Aufnahme von verrottenden Lebensmitteln vermieden und die damit verbundenen Krankheiten verhindert werden. Verrottende Lebensmittel emittieren Schwefelverbindungen wie H<sub>2<\/sub>S und VOCs wie Aldehyde und Hexylacetat. Daher ist es nicht verwunderlich, dass die menschliche Nase Spurenkonzentrationen dieser Verbindungen wahrnehmen kann, wie in der folgenden Tabelle dargestellt. Andererseits ist die Nase weniger empfindlich gegen\u00fcber nicht nat\u00fcrlich emittierten Verbindungen wie Toluol.<\/p>\n<p style=\"text-align: center;\">Beispiele f\u00fcr Geruchsverbindungen, Charakter und Geruchsschwelle in ppm<\/p>\n        <\/div>\n    <\/div>\n<\/div>\n\n<div class=\"container-fluid editor_content\">\n    <div class=\"row\">\n        <div class=\"col-12 editor_content table-wrapper \" style=\"--table-text-color-header: #FFFFFF; --table-text-color-rows: #000000; --table-background-color-header: #5f5f5f; --table-background-color-rows-even: #efefef; --table-background-color-rows-odd: #dfdfdf; \">\n                            \n<table id=\"tablepress-224\" class=\"tablepress tablepress-id-224\">\n<thead>\n<tr class=\"row-1\">\n\t<th class=\"column-1\">Verbindung<\/th><th class=\"column-2\">Charakter<\/th><th class=\"column-3\">Geruchsschwelle [ppm]<\/th>\n<\/tr>\n<\/thead>\n<tbody class=\"row-striping\">\n<tr class=\"row-2\">\n\t<td class=\"column-1\">Methanthiol<\/td><td class=\"column-2\">Verrotteter Kohl, Knoblauch<\/td><td class=\"column-3\">0.002<\/td>\n<\/tr>\n<tr class=\"row-3\">\n\t<td class=\"column-1\">H2S<\/td><td class=\"column-2\">Verfaultes Ei<\/td><td class=\"column-3\">0.01<\/td>\n<\/tr>\n<tr class=\"row-4\">\n\t<td class=\"column-1\">Acetaldehyd<\/td><td class=\"column-2\">Fruchtig<\/td><td class=\"column-3\">0.05<\/td>\n<\/tr>\n<tr class=\"row-5\">\n\t<td class=\"column-1\">Hexylacetat<\/td><td class=\"column-2\">Fruchtig gr\u00fcner Apfel oder bananens\u00fc\u00df<\/td><td class=\"column-3\">0.12<\/td>\n<\/tr>\n<tr class=\"row-6\">\n\t<td class=\"column-1\">Formaldehyd<\/td><td class=\"column-2\">Bei\u00dfend, erstickend<\/td><td class=\"column-3\">0.80<\/td>\n<\/tr>\n<tr class=\"row-7\">\n\t<td class=\"column-1\">Toluol<\/td><td class=\"column-2\">S\u00fc\u00df, scharf<\/td><td class=\"column-3\">2.90<\/td>\n<\/tr>\n<\/tbody>\n<\/table>\n<!-- #tablepress-224 from cache -->                                <\/div>\n    <\/div>\n<\/div>\n\n\n<div class=\"container-fluid editor_content content content--narrow\">\n    <div class=\"row\">\n        <div class=\"col-12 editor_content\">\n            <p>Wie die obige Tabelle zeigt, liegt die Konzentration, bei der Ger\u00fcche ein Problem darstellen, in der Gr\u00f6\u00dfenordnung von Teilen pro Million (ppm), in einigen F\u00e4llen sogar darunter. Daher sind Geruchsemissionen besonders schwierig zu behandeln, da das Reinigungssystem eine sehr hohe Leistung haben muss. Dar\u00fcber hinaus ist das Problem, wenn der Geruch in einem offenen Bereich emittiert wird, komplexer, da die Geruchswerte durch \u00e4u\u00dfere Einfl\u00fcsse wie z.B. atmosph\u00e4rische Bedingungen beeinflusst werden.<\/p>\n<p>Wir bieten viele Arten von Luftanalysen zur Ermittlung der Geruchsbelastung an. <a href=\"https:\/\/ozonetech.com\/de\/systeme-dienstleistungen\/luftaufbereitung\/luft-und-geruchsanalyse\/\">Lesen Sie hier mehr.<\/a><\/p>\n        <\/div>\n    <\/div>\n<\/div>\n\n\n\n<div class=\"container-fluid editor_content content content--narrow\">\n    <div class=\"row\">\n        <div class=\"col-12 editor_content\">\n            <h3>Ozonetechs L\u00f6sungen zur Geruchsbeseitigung<\/h3>\n<p>Ozonetech hat verschiedene L\u00f6sungen zur L\u00f6sung von Geruchsproblemen in vielen Anwendungen entwickelt. Ausgehend von der Fallsituation und den Anforderungen der Kunden w\u00e4hlen und konzipieren wir die effizienteste L\u00f6sung zur Beseitigung unangenehmer Ger\u00fcche. Jede L\u00f6sung kann entweder aus einer einzigen Ozonstufe oder aus einem mehrstufigen System bestehen. Eine \u00dcbersicht \u00fcber die Leistungsf\u00e4higkeit der Ozonetech-L\u00f6sungen zur Geruchsbeseitigung ist in der folgenden Abbildung dargestellt.<\/p>\n<div id=\"attachment_21233\" style=\"width: 1034px\" class=\"wp-caption aligncenter\"><img loading=\"lazy\" decoding=\"async\" aria-describedby=\"caption-attachment-21233\" class=\"wp-image-21233 size-large\" src=\"https:\/\/ozonetech.com\/wp-content\/uploads\/2021\/02\/odor-removal-odor-control-1024x743.png\" alt=\"\" width=\"1024\" height=\"743\" srcset=\"https:\/\/ozonetech.com\/wp-content\/uploads\/2021\/02\/odor-removal-odor-control-1024x743.png 1024w, https:\/\/ozonetech.com\/wp-content\/uploads\/2021\/02\/odor-removal-odor-control-300x218.png 300w, https:\/\/ozonetech.com\/wp-content\/uploads\/2021\/02\/odor-removal-odor-control-768x557.png 768w, https:\/\/ozonetech.com\/wp-content\/uploads\/2021\/02\/odor-removal-odor-control.png 1501w\" sizes=\"auto, (max-width: 1024px) 100vw, 1024px\" \/><p id=\"caption-attachment-21233\" class=\"wp-caption-text\">Vergleich der Systeme von Ozonetech zur Geruchsbeseitigung<\/p><\/div>\n        <\/div>\n    <\/div>\n<\/div>\n\n<\/section>\n\n\n\n<section\n    id=\"\"\n    class=\"block content-block\"\n\tstyle=\"--cb-bg: #e6e6e6; --cb-content: #000; padding-top: 30px; padding-bottom: 30px;\"\n>\n    \n\n<div class=\"container-fluid editor_content content content--narrow\">\n    <div class=\"row\">\n        <div class=\"col-12 editor_content\">\n                    <\/div>\n    <\/div>\n<\/div>\n\n\n<div class=\"container-fluid editor_content content content--narrow\">\n    <div class=\"row\">\n        <div class=\"col-md-6\">\n            <h3>Einstufige Ozonl\u00f6sung &#8211; RENA Pro<\/h3>\n<p>In vielen F\u00e4llen sorgt eine einstufige Ozonl\u00f6sung bereits f\u00fcr eine starke Reduzierung der Geruchsemissionen, wie die RENA <a href=\"https:\/\/ozonetech.com\/de\/systeme-dienstleistungen\/luftaufbereitung\/rena-pro-ozonsysteme\/\"><strong>RENA Pro<\/strong><\/a> in der obigen Abbildung zeigt. Da Ozon ein starkes Oxidationsmedium ist, reagiert es schnell mit den Geruchsmolek\u00fclen. Diese Molek\u00fcle werden effizient oxidiert und f\u00fchren zur Bildung von Kohlendioxid und Wasser, v\u00f6llig geruchlosen und harmlosen Verbindungen. Dieser Oxidationsmechanismus gilt sowohl f\u00fcr Ger\u00fcche von organischen Verbindungen wie VOCs als auch von Schwefelverbindungen wie H<sub>2<\/sub>S, wie unten gezeigt.<\/p>\n<p><img loading=\"lazy\" decoding=\"async\" class=\"aligncenter wp-image-17055 size-full\" src=\"https:\/\/ozonetech.com\/wp-content\/uploads\/2021\/01\/reaction-ozone.png\" alt=\"\" width=\"485\" height=\"192\" srcset=\"https:\/\/ozonetech.com\/wp-content\/uploads\/2021\/01\/reaction-ozone.png 485w, https:\/\/ozonetech.com\/wp-content\/uploads\/2021\/01\/reaction-ozone-300x119.png 300w\" sizes=\"auto, (max-width: 485px) 100vw, 485px\" \/><\/p>\n<p>Der einzige Unterschied ist die Bildung von Schwefeldioxid (SO<sub>2<\/sub>) anstelle von Kohlendioxid (CO<sub>2<\/sub>) bei der Entfernung von H<sub>2<\/sub>S. Das Endergebnis in Bezug auf die Geruchsbeseitigung ist jedoch das gleiche, da die Geruchsschwelle von SO<sub>2<\/sub> um 1000 h\u00f6her ist als die von H<sub>2<\/sub>S. Dies bedeutet, dass der Geruch von SO<sub>2<\/sub> im Vergleich zu H<sub>2<\/sub>S nicht signifikant ist.<\/p>\n<p>Lesen Sie hier mehr \u00fcber RENA Pro oder laden Sie unsere Brosch\u00fcre herunter.<\/p>\n        <\/div>\n        <div class=\"col-md-6\">\n            <h3>Zweistufige L\u00f6sung \u2013 AOP<\/h3>\n<p>Sind die Anforderungen an die Geruchsbeseitigung besonders hoch, kann eine zus\u00e4tzliche Stufe mit der RENA Pro kombiniert werden, wodurch eine AOP-L\u00f6sung (Advanced Oxidation Process) entsteht. Als zus\u00e4tzliche Stufe wird h\u00e4ufig ein UV-Reaktor eingesetzt, da das UV-Licht mit Ozon reagiert und Hydroxylradikale bildet. Diese Radikale reagieren noch st\u00e4rker als Ozon und greifen die Geruchsstoffe aggressiver an. Die Beteiligung von Radikalen am Reaktionsmechanismus f\u00fchrt zu einem Kettenreaktionsmechanismus, so dass ein einzelnes Radikal eine hohe Anzahl von Odoriermitteln oxidieren kann.<\/p>\n<p>Solche Reaktionsbedingungen sind typisch f\u00fcr die hohen Temperaturen in thermischen Verbrennungsanlagen. Durch die Synergie zwischen Ozon und UV k\u00f6nnen wir jedoch die gleiche Reaktivit\u00e4t bei Raumtemperatur nachahmen und so die Betriebskosten f\u00fcr die Geruchsbehandlung deutlich senken.<\/p>\n<p><em>Lesen Sie hier mehr \u00fcber unsere <a href=\"https:\/\/mellifiq.com\/en\/saniray\/\"><strong>UV systems<\/strong><\/a> (external site)<\/em><\/p>\n        <\/div>\n    <\/div>\n<\/div><\/section>\n\n\n\n<section\n    id=\"\"\n    class=\"block content-block\"\n\tstyle=\"--cb-bg: light-gray; --cb-content: #000; padding-top: 30px; padding-bottom: 30px;\"\n>\n    \n\n<div class=\"container-fluid editor_content content content--narrow\">\n    <div class=\"row\">\n        <div class=\"col-12 editor_content\">\n            <h3>Komplettl\u00f6sung<\/h3>\n<p>F\u00fcr hervorragende Ergebnisse bei der Geruchsbeseitigung empfehlen wir unsere Komplettl\u00f6sung, die die AOP-Stufe und unsere Nodora-Filter beinhaltet. Die Komplettl\u00f6sung vereint alle Vorteile und Synergien der bisherigen L\u00f6sungen mit Verbesserungen durch die Nodora-Stufe. Diese Stufe ist ein katalytischer Mischbettfilter, der sich aus mehreren ma\u00dfgeschneiderten Materialien zusammensetzt, um die Geruchsbeseitigung aus jeder einzelnen Quelle zu maximieren.<\/p>\n<p>Die Erg\u00e4nzung der Nodora-Stufe hat zwei wesentliche Auswirkungen. Zun\u00e4chst wird die Geruchsbeseitigung noch weiter gesteigert und erreicht Werte, die der vollst\u00e4ndigen Geruchsbeseitigung sehr nahe kommen. Zudem sind die Anlagengr\u00f6\u00dfen kompakter, da die gezielte Geruchsbehandlung mit einer k\u00fcrzeren Reaktionszeit erreicht wird. Das bedeutet, dass eine Komplettl\u00f6sung modular und flexibel ist, mit der M\u00f6glichkeit, sie auch dort zu installieren, wo der Platz begrenzt ist.<\/p>\n<p><em>Weitere Informationen zu unseren Komplettl\u00f6sungen finden Sie in unserer<\/em> <em><strong><a href=\"https:\/\/mellifiq.com\/en\/nodora\/\" target=\"_blank\" rel=\"noopener\">Nodora Odor Control Solution <\/a><\/strong><\/em><em>\u00a0(external site)<\/em><\/p>\n        <\/div>\n    <\/div>\n<\/div>\n\n<\/section>\n","protected":false},"excerpt":{"rendered":"","protected":false},"author":21,"featured_media":0,"parent":35646,"menu_order":0,"comment_status":"closed","ping_status":"closed","template":"","meta":{"_acf_changed":false,"_seopress_robots_primary_cat":"","_seopress_titles_title":"","_seopress_titles_desc":"Geruchsverbindungen wie VOCs, H2S und fl\u00fcchtige Fetts\u00e4uren (VFAs) k\u00f6nnen einfach mit Einzel-Sauerstoffphasen- oder Mehrfachphasensystemen behandelt werden.","_seopress_robots_index":"","inline_featured_image":false,"footnotes":""},"class_list":["post-35683","page","type-page","status-publish","hentry"],"acf":[],"_links":{"self":[{"href":"https:\/\/ozonetech.com\/de\/wp-json\/wp\/v2\/pages\/35683","targetHints":{"allow":["GET"]}}],"collection":[{"href":"https:\/\/ozonetech.com\/de\/wp-json\/wp\/v2\/pages"}],"about":[{"href":"https:\/\/ozonetech.com\/de\/wp-json\/wp\/v2\/types\/page"}],"author":[{"embeddable":true,"href":"https:\/\/ozonetech.com\/de\/wp-json\/wp\/v2\/users\/21"}],"replies":[{"embeddable":true,"href":"https:\/\/ozonetech.com\/de\/wp-json\/wp\/v2\/comments?post=35683"}],"version-history":[{"count":14,"href":"https:\/\/ozonetech.com\/de\/wp-json\/wp\/v2\/pages\/35683\/revisions"}],"predecessor-version":[{"id":40205,"href":"https:\/\/ozonetech.com\/de\/wp-json\/wp\/v2\/pages\/35683\/revisions\/40205"}],"up":[{"embeddable":true,"href":"https:\/\/ozonetech.com\/de\/wp-json\/wp\/v2\/pages\/35646"}],"wp:attachment":[{"href":"https:\/\/ozonetech.com\/de\/wp-json\/wp\/v2\/media?parent=35683"}],"curies":[{"name":"wp","href":"https:\/\/api.w.org\/{rel}","templated":true}]}}