{"id":35678,"date":"2020-06-24T13:26:33","date_gmt":"2020-06-24T12:26:33","guid":{"rendered":"https:\/\/ozonetech.com\/anwendungen\/luftbehandlung\/grease-traps-odor-problem\/"},"modified":"2024-10-09T16:46:25","modified_gmt":"2024-10-09T14:46:25","slug":"fettabscheider-geruchsprobleme","status":"publish","type":"page","link":"https:\/\/ozonetech.com\/de\/anwendungen\/luftbehandlung\/fettabscheider-geruchsprobleme\/","title":{"rendered":"Fettabscheider"},"content":{"rendered":"\n<section\n    class=\"block hero hero--regular\"\n    style=\"background-image: url('https:\/\/ozonetech.com\/wp-content\/uploads\/2021\/02\/grease-trap-1600x484.jpg'); --hero-opacity: 0.3\"\n>\n\n    <div class=\"container-fluid\">\n\n        <div class=\"content editor_content\">\n                         \n                <h2 class='h2'>Fettabscheider \u2013 Geruchsprobleme<\/h2>            \n                    <\/div>\n\n            <\/div>\n<\/section>\n\n\n<section class=\"component component_breadcrumbs\">\n\t<div class=\"container-fluid\">\n  \t<\/div>\n<\/section>\n\n\n<section\n    id=\"\"\n    class=\"block content-block\"\n\tstyle=\"--cb-bg: white; --cb-content: #000; padding-top: 30px; padding-bottom: 30px;\"\n>\n    \n\n<div class=\"container-fluid editor_content content content--narrow\">\n    <div class=\"row\">\n        <div class=\"col-12 editor_content\">\n            <h1>L\u00f6sen Sie die Geruchsprobleme bei Ihrem Fettabscheider mit einer kompakten und nachhaltigen L\u00f6sung<\/h1>\n<p class=\"preamble\">Fettabscheider erzielen starke Leistungen f\u00fcr die Umwelt. Weniger Fett im Abwasser verringert Probleme in Abwasserrohren, Pumpenlagen und Abwasseranlagen.<\/p>\n<p>Aber der Fettabscheider verbreitet ebenso \u00fcber L\u00fcftungssch\u00e4chte, L\u00fcftungsrohre und meist auch direkt vom Raum aus, in dem sich der Fettabschneider befindet, Ger\u00fcche in der Umgebung. Das kann f\u00fcr Personen, die in der unmittelbaren Umgebung wohnen, Probleme verursachen.<\/p>\n<p>Das Geruchsproblem kann mit einer durchgehenden Ozonzufuhr leicht behoben werden. Zus\u00e4tzlich zum Geruch werden Mikroorganismen, Bakterien und Viren ebenso schnell und effektiv verringert, ohne dass chemische Nebenprodukte zur\u00fcckbleiben. Die Zufuhr von Ozon kann die Verbreitung dieser Ger\u00fcche stark verringern und gleichzeitig die Hygiene des Bereichs signifikant verbessern.<\/p>\n<p>Gem\u00e4\u00df EN1825-1 m\u00fcssen Fettabscheider installiert werden, wenn ein Risiko vorhanden ist, dass mehr als unerhebliche Mengen an Fett in den Kanal gesp\u00fclt werden. In den meisten F\u00e4llen ist die Installation von Fettabscheidern als P\u00e4chter bei Liegenschaften mit Restaurants und gro\u00dfen K\u00fcchen vorgeschrieben.<\/p>\n        <\/div>\n    <\/div>\n<\/div>\n\n<\/section>\n\n\n\n<section class=\"block product-block\" style=\"--bg: white; --tc: #000000; --button-bg: #299f23; --button-tc: #ffffff; --button-hover-bg: transparent; --button-hover-tc: #299f23;\" >\n    <div class=\"container-fluid\">\n        <div class=\"row justify-content-center top\">\n            <div class=\"col-md-12 editor_content\">\n                                            <\/div>\n        <\/div>\n        <div class=\"row justify-content-center bottom\">\n            <div class=\"col-md-6 editor_content\">\n                <h3>Ozonreinigung mit ACT-3000P<\/h3>\n<p>Die Ozonproduktion wird an den Umfang des Geruchsproblems angepasst und das Ozon wird durchgehend hinzugef\u00fcgt, um den Geruch zu minimieren. ACT-3000P ist einfach in der Verwendung und die Betriebskosten sind minimal.<\/p>\n<p>ACT-3000P wurde in Schweden von Ozonetech entwickelt und hergestellt. Unsere gro\u00dfen kundenspezifischen Systeml\u00f6sungen zur Luft- und Wasserreinigung k\u00f6nnen weltweit in Industrien, Kl\u00e4ranlagen, Hefefabriken, der Arzneimittelindustrie, in Brauereien, Gew\u00e4chsh\u00e4usern und Einkaufszentren gefunden werden. Wir sind wachstumsstark und wurden mehrfach ausgezeichnet.<\/p>\n<p><em>ACT-3000P wurde zur professionellen Reinigung und Desinfektion in der Industrie, dem Dienstleistungssektor und Kommunalbetriebe entwickelt.<\/em><\/p>\n\n                            <\/div>\n            <div class=\"col-md-6 text-center\">\n                                    <img loading=\"lazy\" decoding=\"async\" width=\"425\" height=\"417\" src=\"https:\/\/ozonetech.com\/wp-content\/uploads\/2021\/02\/Ozonetech-ACT-3000P-425.png\" class=\"attachment-full size-full\" alt=\"\" srcset=\"https:\/\/ozonetech.com\/wp-content\/uploads\/2021\/02\/Ozonetech-ACT-3000P-425.png 425w, https:\/\/ozonetech.com\/wp-content\/uploads\/2021\/02\/Ozonetech-ACT-3000P-425-300x294.png 300w\" sizes=\"auto, (max-width: 425px) 100vw, 425px\" \/>                \n                <a href='https:\/\/ozonetech.com\/de\/produkte\/ozongeneratoren\/act-serie\/' class='btn' target=''>Angebot anfordern<\/a>            <\/div>\n        <\/div>\n    <\/div>\n<\/section>\n\n\n\n<section\n    id=\"\"\n    class=\"block content-block\"\n\tstyle=\"--cb-bg: #e6e6e6; --cb-content: #000; padding-top: 30px; padding-bottom: 30px;\"\n>\n    \n\n<div class=\"container-fluid editor_content content content--narrow\">\n    <div class=\"row\">\n        <div class=\"col-12 editor_content\">\n            <h4>Einfache Behandlung, gehen Sie wie folgt vor<\/h4>\n<p>1. Befestigen Sie den ACT-3000P in der Wandhalterung<br \/>\n2. Schlie\u00dfen Sie die Membranpumpe und den Ozoninjektor an<br \/>\n3. F\u00fchren Sie den Ozoninjektor in das L\u00fcftungsrohr ein<br \/>\n4. W\u00e4hlen Sie eine Ozonproduktion zwischen 1-100 %<br \/>\n5. Die Produktion l\u00e4uft f\u00fcr Gew\u00f6hnlich durchgehend<br \/>\n6. Passen Sie bei Bedarf die Ozonproduktion an<\/p>\n        <\/div>\n    <\/div>\n<\/div>\n\n<\/section>\n","protected":false},"excerpt":{"rendered":"","protected":false},"author":21,"featured_media":0,"parent":35646,"menu_order":0,"comment_status":"closed","ping_status":"closed","template":"","meta":{"_acf_changed":false,"_seopress_robots_primary_cat":"","_seopress_titles_title":"","_seopress_titles_desc":"Die Ozonbehandlung kann die Ausbreitung von Ger\u00fcchen von Fettabscheidern stark Verringern und gleichzeitig wird die Hygiene im Bereich signifikant verbessert.","_seopress_robots_index":"","inline_featured_image":false,"footnotes":""},"class_list":["post-35678","page","type-page","status-publish","hentry"],"acf":[],"_links":{"self":[{"href":"https:\/\/ozonetech.com\/de\/wp-json\/wp\/v2\/pages\/35678","targetHints":{"allow":["GET"]}}],"collection":[{"href":"https:\/\/ozonetech.com\/de\/wp-json\/wp\/v2\/pages"}],"about":[{"href":"https:\/\/ozonetech.com\/de\/wp-json\/wp\/v2\/types\/page"}],"author":[{"embeddable":true,"href":"https:\/\/ozonetech.com\/de\/wp-json\/wp\/v2\/users\/21"}],"replies":[{"embeddable":true,"href":"https:\/\/ozonetech.com\/de\/wp-json\/wp\/v2\/comments?post=35678"}],"version-history":[{"count":7,"href":"https:\/\/ozonetech.com\/de\/wp-json\/wp\/v2\/pages\/35678\/revisions"}],"predecessor-version":[{"id":40192,"href":"https:\/\/ozonetech.com\/de\/wp-json\/wp\/v2\/pages\/35678\/revisions\/40192"}],"up":[{"embeddable":true,"href":"https:\/\/ozonetech.com\/de\/wp-json\/wp\/v2\/pages\/35646"}],"wp:attachment":[{"href":"https:\/\/ozonetech.com\/de\/wp-json\/wp\/v2\/media?parent=35678"}],"curies":[{"name":"wp","href":"https:\/\/api.w.org\/{rel}","templated":true}]}}